{"id":25904,"date":"2025-01-03T03:35:30","date_gmt":"2025-01-03T03:35:30","guid":{"rendered":"https:\/\/www.aimycomfort.com\/store\/product\/neck-pillow-hot-selling-memory-foam\/"},"modified":"2025-01-03T08:00:43","modified_gmt":"2025-01-03T08:00:43","slug":"neck-pillow-hot-selling-memory-foam","status":"publish","type":"product","link":"https:\/\/www.aimycomfort.com\/store\/de\/produkt\/neck-pillow-hot-selling-memory-foam\/","title":{"rendered":"Bestseller-Nackenst\u00fctzkissen aus Memory-Schaum"},"content":{"rendered":"<p>Das Bestseller-Nackenst\u00fctzkissen aus Memory-Schaum wurde entwickelt, um optimalen Halt und Komfort f\u00fcr Kopf, Nacken und Schultern zu bieten. Sein ergonomisches Design passt sich der nat\u00fcrlichen Halswirbels\u00e4ulenkr\u00fcmmung an, lindert Druck und f\u00f6rdert einen gesunden Schlaf. Der temperaturempfindliche Memory-Schaumkern bietet eine langsame R\u00fcckfederung, w\u00e4hrend der atmungsaktive, antibakterielle Stoff eine saubere und komfortable Schlafumgebung gew\u00e4hrleistet.<\/p>\n<h2><strong>Hauptmerkmale des Nackenst\u00fctzkissens:<\/strong><\/h2>\n<ul>\n<li>\n<p class=\"first:mt-1.5\"><strong>Ergonomisches Design<\/strong><br \/>\nPasst sich der Nackenkr\u00fcmmung an, bietet vollst\u00e4ndige Unterst\u00fctzung und lindert Druck auf Kopf, Nacken und Schultern.<\/p>\n<\/li>\n<li>\n<p class=\"first:mt-1.5\"><strong>Memory-Schaumkern<\/strong><br \/>\nTemperaturempfindlicher Schaum verteilt den Druck und bietet langsame R\u00fcckfederung f\u00fcr die Pflege der Halswirbels\u00e4ule.<\/p>\n<\/li>\n<li>\n<p class=\"first:mt-1.5\"><strong>Verstellbare H\u00f6he<\/strong><br \/>\nEntwickelt, um sich der nat\u00fcrlichen Halswirbels\u00e4ulenkr\u00fcmmung anzupassen, beruhigt und st\u00fctzt den Nacken.<\/p>\n<\/li>\n<li>\n<p class=\"first:mt-1.5\"><strong>Atmungsaktiver und antibakterieller Stoff<\/strong><br \/>\nHautfreundlicher Air-Layer-Stoff absorbiert Feuchtigkeit, ist atmungsaktiv und widersteht bakteriellen Angriffen f\u00fcr einen gesunden Schlaf.<\/p>\n<\/li>\n<li>\n<p class=\"first:mt-1.5\"><strong>Langlebig und stilvoll<\/strong><br \/>\nVerf\u00fcgt \u00fcber einen versteckten Rei\u00dfverschluss und eine exquisite Stickerei f\u00fcr ein modernes, elegantes Design.<\/p>\n<\/li>\n<\/ul>\n<hr \/>\n<p class=\"first:mt-1.5\">Das Bestseller-Nackenst\u00fctzkissen aus Memory-Schaum kombiniert fortschrittliche Materialien und ergonomisches Design, um \u00fcberlegenen Komfort, Unterst\u00fctzung und Pflege der Halswirbels\u00e4ule zu bieten und so eine erholsame und gesunde Schlafumgebung zu gew\u00e4hrleisten.<\/p>\n","protected":false},"excerpt":{"rendered":"<p>Das Bestseller-Nackenst\u00fctzkissen aus Memory-Schaum verf\u00fcgt \u00fcber ein ergonomisches Design, das Kopf, Nacken und Schultern st\u00fctzt und gleichzeitig Druck entlastet. Der temperaturempfindliche Memory-Schaumkern bietet eine langsame R\u00fcckfederung, und der atmungsaktive, antibakterielle Stoff sorgt f\u00fcr einen sauberen und komfortablen Schlaf. Perfekt, um eine gesunde Halswirbels\u00e4ulenausrichtung und erholsamen Schlaf zu f\u00f6rdern.<\/p>\n","protected":false},"featured_media":25807,"comment_status":"open","ping_status":"closed","template":"","meta":{"site-sidebar-layout":"default","site-content-layout":"","ast-site-content-layout":"default","site-content-style":"default","site-sidebar-style":"default","ast-global-header-display":"","ast-banner-title-visibility":"","ast-main-header-display":"","ast-hfb-above-header-display":"","ast-hfb-below-header-display":"","ast-hfb-mobile-header-display":"","site-post-title":"","ast-breadcrumbs-content":"","ast-featured-img":"","footer-sml-layout":"","theme-transparent-header-meta":"default","adv-header-id-meta":"","stick-header-meta":"","header-above-stick-meta":"","header-main-stick-meta":"","header-below-stick-meta":"","astra-migrate-meta-layouts":"set","ast-page-background-enabled":"default","ast-page-background-meta":{"desktop":{"background-color":"var(--ast-global-color-4)","background-image":"","background-repeat":"repeat","background-position":"center center","background-size":"auto","background-attachment":"scroll","background-type":"","background-media":"","overlay-type":"","overlay-color":"","overlay-opacity":"","overlay-gradient":""},"tablet":{"background-color":"","background-image":"","background-repeat":"repeat","background-position":"center center","background-size":"auto","background-attachment":"scroll","background-type":"","background-media":"","overlay-type":"","overlay-color":"","overlay-opacity":"","overlay-gradient":""},"mobile":{"background-color":"","background-image":"","background-repeat":"repeat","background-position":"center center","background-size":"auto","background-attachment":"scroll","background-type":"","background-media":"","overlay-type":"","overlay-color":"","overlay-opacity":"","overlay-gradient":""}},"ast-content-background-meta":{"desktop":{"background-color":"var(--ast-global-color-5)","background-image":"","background-repeat":"repeat","background-position":"center center","background-size":"auto","background-attachment":"scroll","background-type":"","background-media":"","overlay-type":"","overlay-color":"","overlay-opacity":"","overlay-gradient":""},"tablet":{"background-color":"var(--ast-global-color-5)","background-image":"","background-repeat":"repeat","background-position":"center center","background-size":"auto","background-attachment":"scroll","background-type":"","background-media":"","overlay-type":"","overlay-color":"","overlay-opacity":"","overlay-gradient":""},"mobile":{"background-color":"var(--ast-global-color-5)","background-image":"","background-repeat":"repeat","background-position":"center center","background-size":"auto","background-attachment":"scroll","background-type":"","background-media":"","overlay-type":"","overlay-color":"","overlay-opacity":"","overlay-gradient":""}}},"product_brand":[],"product_cat":[840,205,894,858],"product_tag":[1084,1085,562,494],"class_list":{"0":"post-25904","1":"product","2":"type-product","3":"status-publish","4":"has-post-thumbnail","6":"product_cat-bettkissen","7":"product_cat-kissenkollektion","8":"product_cat-nackenstuetzkissen","9":"product_cat-zervikalkissen","10":"product_tag-relief-of-pressure-de","11":"product_tag-pillow-de","12":"product_tag-neck-protect-de","13":"product_tag-pain-relief-de","14":"desktop-align-left","15":"tablet-align-left","16":"mobile-align-left","17":"ast-product-gallery-layout-horizontal-slider","18":"ast-product-single-variable","19":"ast-product-tabs-layout-horizontal","20":"ast-qv-on-image","22":"first","23":"instock","24":"shipping-taxable","25":"purchasable","26":"product-type-variable"},"aioseo_notices":[],"_links":{"self":[{"href":"https:\/\/www.aimycomfort.com\/store\/de\/wp-json\/wp\/v2\/product\/25904","targetHints":{"allow":["GET"]}}],"collection":[{"href":"https:\/\/www.aimycomfort.com\/store\/de\/wp-json\/wp\/v2\/product"}],"about":[{"href":"https:\/\/www.aimycomfort.com\/store\/de\/wp-json\/wp\/v2\/types\/product"}],"replies":[{"embeddable":true,"href":"https:\/\/www.aimycomfort.com\/store\/de\/wp-json\/wp\/v2\/comments?post=25904"}],"wp:featuredmedia":[{"embeddable":true,"href":"https:\/\/www.aimycomfort.com\/store\/de\/wp-json\/wp\/v2\/media\/25807"}],"wp:attachment":[{"href":"https:\/\/www.aimycomfort.com\/store\/de\/wp-json\/wp\/v2\/media?parent=25904"}],"wp:term":[{"taxonomy":"product_brand","embeddable":true,"href":"https:\/\/www.aimycomfort.com\/store\/de\/wp-json\/wp\/v2\/product_brand?post=25904"},{"taxonomy":"product_cat","embeddable":true,"href":"https:\/\/www.aimycomfort.com\/store\/de\/wp-json\/wp\/v2\/product_cat?post=25904"},{"taxonomy":"product_tag","embeddable":true,"href":"https:\/\/www.aimycomfort.com\/store\/de\/wp-json\/wp\/v2\/product_tag?post=25904"}],"curies":[{"name":"wp","href":"https:\/\/api.w.org\/{rel}","templated":true}]}}