{"id":25414,"date":"2024-12-30T07:13:14","date_gmt":"2024-12-30T07:13:14","guid":{"rendered":"https:\/\/www.aimycomfort.com\/store\/product\/crescent-pillow-ice-silk-fabric-shredded-foam-pillow\/"},"modified":"2024-12-30T07:34:08","modified_gmt":"2024-12-30T07:34:08","slug":"crescent-pillow-ice-silk-fabric-shredded-foam-pillow","status":"publish","type":"product","link":"https:\/\/www.aimycomfort.com\/store\/de\/produkt\/crescent-pillow-ice-silk-fabric-shredded-foam-pillow\/","title":{"rendered":"Halbmondkissen aus Zerkleinertem Schaumstoff mit Eisseidenstoff"},"content":{"rendered":"<p class=\"first:mt-1.5\">Das <strong>Halbmondkissen aus zerkleinertem Schaumstoff mit Eisseidenstoff<\/strong> kombiniert innovative Materialien und ergonomisches Design f\u00fcr einen k\u00fchlen und komfortablen Schlaf. Hergestellt aus einer Mischung aus Bambusfaser und Polyester, verf\u00fcgt es \u00fcber einen doppelseitigen Stoff: eine Seite k\u00fchlend und die andere aus Bambusfaser, f\u00fcr Komfort das ganze Jahr \u00fcber. Der Kern aus zerkleinertem Memory-Schaum bietet weiche, langsam zur\u00fcckfedernde Unterst\u00fctzung, w\u00e4hrend der abnehmbare, waschbare Bezug eine einfache Pflege gew\u00e4hrleistet.<\/p>\n<h2><strong>Hauptmerkmale des Halbmondkissens:<\/strong><\/h2>\n<ul>\n<li>\n<p class=\"first:mt-1.5\"><strong>Doppelseitiger Stoff<\/strong><br \/>\nEine Seite besteht aus k\u00fchlender Eisseide, die andere aus weicher Bambusfaser und bietet Vielseitigkeit f\u00fcr alle Jahreszeiten.<\/p>\n<\/li>\n<li>\n<p class=\"first:mt-1.5\"><strong>Kern aus zerkleinertem Memory-Schaum<\/strong><br \/>\nBietet langsam zur\u00fcckfedernde Unterst\u00fctzung f\u00fcr optimalen Komfort und Druckentlastung.<\/p>\n<\/li>\n<li>\n<p class=\"first:mt-1.5\"><strong>Abnehmbarer und waschbarer Bezug<\/strong><br \/>\nMit einem unsichtbaren Rei\u00dfverschluss f\u00fcr einfache Demontage und Reinigung.<\/p>\n<\/li>\n<li>\n<p class=\"first:mt-1.5\"><strong>Anpassbares Design<\/strong><br \/>\nAnti-Pilling-behandelter Stoff mit Anpassungsoptionen, um individuellen Bed\u00fcrfnissen gerecht zu werden.<\/p>\n<\/li>\n<\/ul>\n<p class=\"first:mt-1.5\">Das <strong>Halbmondkissen aus zerkleinertem Schaumstoff mit Eisseidenstoff<\/strong> ist perfekt f\u00fcr alle, die ein k\u00fchles, st\u00fctzendes und pflegeleichtes Kissen suchen. Seine innovativen Materialien und das durchdachte Design sorgen f\u00fcr ein erfrischendes und erholsames Schlaferlebnis.<\/p>\n","protected":false},"excerpt":{"rendered":"<p>L&#8216;<strong>Oreiller Croissant en Mousse D\u00e9chiquet\u00e9e avec Tissu en Soie Glac\u00e9e<\/strong> dispose d&#8217;un tissu double face : un c\u00f4t\u00e9 en soie glac\u00e9e rafra\u00eechissante et l&#8217;autre en fibre de bambou douce, parfait pour un confort tout au long de l&#8217;ann\u00e9e. Son noyau en mousse m\u00e9moire d\u00e9chiquet\u00e9e offre un soutien \u00e0 rebond lent, tandis que la housse amovible et lavable avec une fermeture \u00e9clair invisible garantit un entretien facile. Confortable, polyvalent et rafra\u00eechissant pour un sommeil r\u00e9parateur.<\/p>\n","protected":false},"featured_media":25332,"comment_status":"open","ping_status":"closed","template":"","meta":{"site-sidebar-layout":"default","site-content-layout":"","ast-site-content-layout":"default","site-content-style":"default","site-sidebar-style":"default","ast-global-header-display":"","ast-banner-title-visibility":"","ast-main-header-display":"","ast-hfb-above-header-display":"","ast-hfb-below-header-display":"","ast-hfb-mobile-header-display":"","site-post-title":"","ast-breadcrumbs-content":"","ast-featured-img":"","footer-sml-layout":"","theme-transparent-header-meta":"default","adv-header-id-meta":"","stick-header-meta":"","header-above-stick-meta":"","header-main-stick-meta":"","header-below-stick-meta":"","astra-migrate-meta-layouts":"set","ast-page-background-enabled":"default","ast-page-background-meta":{"desktop":{"background-color":"var(--ast-global-color-4)","background-image":"","background-repeat":"repeat","background-position":"center center","background-size":"auto","background-attachment":"scroll","background-type":"","background-media":"","overlay-type":"","overlay-color":"","overlay-opacity":"","overlay-gradient":""},"tablet":{"background-color":"","background-image":"","background-repeat":"repeat","background-position":"center center","background-size":"auto","background-attachment":"scroll","background-type":"","background-media":"","overlay-type":"","overlay-color":"","overlay-opacity":"","overlay-gradient":""},"mobile":{"background-color":"","background-image":"","background-repeat":"repeat","background-position":"center center","background-size":"auto","background-attachment":"scroll","background-type":"","background-media":"","overlay-type":"","overlay-color":"","overlay-opacity":"","overlay-gradient":""}},"ast-content-background-meta":{"desktop":{"background-color":"var(--ast-global-color-5)","background-image":"","background-repeat":"repeat","background-position":"center center","background-size":"auto","background-attachment":"scroll","background-type":"","background-media":"","overlay-type":"","overlay-color":"","overlay-opacity":"","overlay-gradient":""},"tablet":{"background-color":"var(--ast-global-color-5)","background-image":"","background-repeat":"repeat","background-position":"center center","background-size":"auto","background-attachment":"scroll","background-type":"","background-media":"","overlay-type":"","overlay-color":"","overlay-opacity":"","overlay-gradient":""},"mobile":{"background-color":"var(--ast-global-color-5)","background-image":"","background-repeat":"repeat","background-position":"center center","background-size":"auto","background-attachment":"scroll","background-type":"","background-media":"","overlay-type":"","overlay-color":"","overlay-opacity":"","overlay-gradient":""}}},"product_brand":[],"product_cat":[832,840,205,867],"product_tag":[1084,1086,1085],"class_list":{"0":"post-25414","1":"product","2":"type-product","3":"status-publish","4":"has-post-thumbnail","6":"product_cat-bambusfaser-kissen-de","7":"product_cat-bettkissen","8":"product_cat-kissenkollektion","9":"product_cat-kuehlkissen","10":"product_tag-relief-of-pressure-de","11":"product_tag-memory-foam-de-3","12":"product_tag-pillow-de","13":"desktop-align-left","14":"tablet-align-left","15":"mobile-align-left","16":"ast-product-gallery-layout-horizontal-slider","17":"ast-product-single-variable","18":"ast-product-tabs-layout-horizontal","19":"ast-qv-on-image","21":"first","22":"instock","23":"shipping-taxable","24":"purchasable","25":"product-type-variable"},"aioseo_notices":[],"_links":{"self":[{"href":"https:\/\/www.aimycomfort.com\/store\/de\/wp-json\/wp\/v2\/product\/25414","targetHints":{"allow":["GET"]}}],"collection":[{"href":"https:\/\/www.aimycomfort.com\/store\/de\/wp-json\/wp\/v2\/product"}],"about":[{"href":"https:\/\/www.aimycomfort.com\/store\/de\/wp-json\/wp\/v2\/types\/product"}],"replies":[{"embeddable":true,"href":"https:\/\/www.aimycomfort.com\/store\/de\/wp-json\/wp\/v2\/comments?post=25414"}],"wp:featuredmedia":[{"embeddable":true,"href":"https:\/\/www.aimycomfort.com\/store\/de\/wp-json\/wp\/v2\/media\/25332"}],"wp:attachment":[{"href":"https:\/\/www.aimycomfort.com\/store\/de\/wp-json\/wp\/v2\/media?parent=25414"}],"wp:term":[{"taxonomy":"product_brand","embeddable":true,"href":"https:\/\/www.aimycomfort.com\/store\/de\/wp-json\/wp\/v2\/product_brand?post=25414"},{"taxonomy":"product_cat","embeddable":true,"href":"https:\/\/www.aimycomfort.com\/store\/de\/wp-json\/wp\/v2\/product_cat?post=25414"},{"taxonomy":"product_tag","embeddable":true,"href":"https:\/\/www.aimycomfort.com\/store\/de\/wp-json\/wp\/v2\/product_tag?post=25414"}],"curies":[{"name":"wp","href":"https:\/\/api.w.org\/{rel}","templated":true}]}}