{"id":25080,"date":"2024-12-26T03:06:23","date_gmt":"2024-12-26T03:06:23","guid":{"rendered":"https:\/\/www.aimycomfort.com\/store\/product\/single-pillow-amazon-hot-selling-cotton-hotel-pillow\/"},"modified":"2024-12-30T05:39:38","modified_gmt":"2024-12-30T05:39:38","slug":"single-pillow-amazon-hot-selling-cotton-hotel-pillow","status":"publish","type":"product","link":"https:\/\/www.aimycomfort.com\/store\/de\/produkt\/single-pillow-amazon-hot-selling-cotton-hotel-pillow\/","title":{"rendered":"Einzelkissen aus Baumwolle f\u00fcr Hotels \u2013 Bestseller auf Amazon"},"content":{"rendered":"<p>Das Einzelkissen kombiniert Luxus und Komfort und verf\u00fcgt \u00fcber einen seidigen Satinbezug und k\u00fchlende Gelfasern f\u00fcr ein erholsames Schlaferlebnis. Seine R\u00fccksprungkonstruktion sorgt f\u00fcr langanhaltende Unterst\u00fctzung ohne Verformung, w\u00e4hrend das elegante Streifendesign und die weiche 250-Faden-Zahl einen Hauch von Raffinesse verleihen. Perfekt f\u00fcr alle Schlafpositionen h\u00e4lt dieses Kissen Sie das ganze Jahr \u00fcber k\u00fchl, gest\u00fctzt und bequem.<\/p>\n<h2><strong>Hauptmerkmale des Einzelkissens:<\/strong><\/h2>\n<ul>\n<li>\n<p class=\"first:mt-1.5\"><strong>K\u00fchlende Gelfasern<\/strong><br \/>\nRegulieren die Temperatur, um Sie die ganze Nacht k\u00fchl und bequem zu halten.<\/p>\n<\/li>\n<li>\n<p class=\"first:mt-1.5\"><strong>R\u00fccksprungkonstruktion<\/strong><br \/>\nBietet langlebige Unterst\u00fctzung, die sich nicht verformt, und sorgt f\u00fcr ungest\u00f6rten Schlaf.<\/p>\n<\/li>\n<li>\n<p class=\"first:mt-1.5\"><strong>Elegantes Design<\/strong><br \/>\nMit einem seidigen Satin-Streifenbezug und einer weichen 250-Faden-Zahl f\u00fcr ein luxuri\u00f6ses Aussehen und Gef\u00fchl.<\/p>\n<\/li>\n<li>\n<p class=\"first:mt-1.5\"><strong>Unterst\u00fctzung f\u00fcr alle Schlafpositionen<\/strong><br \/>\nIdeal f\u00fcr Bauch-, R\u00fccken- oder Seitenschl\u00e4fer und reduziert n\u00e4chtliches Hin- und Herw\u00e4lzen.<\/p>\n<\/li>\n<li>\n<p class=\"first:mt-1.5\"><strong>Langlebig und hygienisch<\/strong><br \/>\nLichtbest\u00e4ndig, fleckenresistent und frei von reizenden Materialien f\u00fcr eine lange Lebensdauer.<\/p>\n<\/li>\n<\/ul>\n<hr \/>\n<p class=\"first:mt-1.5\">Das Einzelkissen ist die perfekte Kombination aus Stil, Komfort und Haltbarkeit und bietet Hotelqualit\u00e4t-Luxus f\u00fcr Ihr Zuhause. Bleiben Sie das ganze Jahr \u00fcber k\u00fchl, gest\u00fctzt und bequem mit diesem Premium-Kissen.<\/p>\n","protected":false},"excerpt":{"rendered":"<p>Das Einzelkissen bietet Komfort in Hotelqualit\u00e4t mit einem seidigen Satinbezug und k\u00fchlenden Gelfasern zur Temperaturregulierung. Seine R\u00fccksprungkonstruktion sorgt f\u00fcr langlebige Unterst\u00fctzung ohne Verformung und ist perfekt f\u00fcr alle Schlafpositionen geeignet. Lichtbest\u00e4ndig, fleckenresistent und luxuri\u00f6s gestaltet, garantiert es das ganze Jahr \u00fcber einen k\u00fchlen, erholsamen Schlaf.<\/p>\n","protected":false},"featured_media":24978,"comment_status":"open","ping_status":"closed","template":"","meta":{"site-sidebar-layout":"default","site-content-layout":"","ast-site-content-layout":"default","site-content-style":"default","site-sidebar-style":"default","ast-global-header-display":"","ast-banner-title-visibility":"","ast-main-header-display":"","ast-hfb-above-header-display":"","ast-hfb-below-header-display":"","ast-hfb-mobile-header-display":"","site-post-title":"","ast-breadcrumbs-content":"","ast-featured-img":"","footer-sml-layout":"","theme-transparent-header-meta":"default","adv-header-id-meta":"","stick-header-meta":"","header-above-stick-meta":"","header-main-stick-meta":"","header-below-stick-meta":"","astra-migrate-meta-layouts":"set","ast-page-background-enabled":"default","ast-page-background-meta":{"desktop":{"background-color":"var(--ast-global-color-4)","background-image":"","background-repeat":"repeat","background-position":"center center","background-size":"auto","background-attachment":"scroll","background-type":"","background-media":"","overlay-type":"","overlay-color":"","overlay-opacity":"","overlay-gradient":""},"tablet":{"background-color":"","background-image":"","background-repeat":"repeat","background-position":"center center","background-size":"auto","background-attachment":"scroll","background-type":"","background-media":"","overlay-type":"","overlay-color":"","overlay-opacity":"","overlay-gradient":""},"mobile":{"background-color":"","background-image":"","background-repeat":"repeat","background-position":"center center","background-size":"auto","background-attachment":"scroll","background-type":"","background-media":"","overlay-type":"","overlay-color":"","overlay-opacity":"","overlay-gradient":""}},"ast-content-background-meta":{"desktop":{"background-color":"var(--ast-global-color-5)","background-image":"","background-repeat":"repeat","background-position":"center center","background-size":"auto","background-attachment":"scroll","background-type":"","background-media":"","overlay-type":"","overlay-color":"","overlay-opacity":"","overlay-gradient":""},"tablet":{"background-color":"var(--ast-global-color-5)","background-image":"","background-repeat":"repeat","background-position":"center center","background-size":"auto","background-attachment":"scroll","background-type":"","background-media":"","overlay-type":"","overlay-color":"","overlay-opacity":"","overlay-gradient":""},"mobile":{"background-color":"var(--ast-global-color-5)","background-image":"","background-repeat":"repeat","background-position":"center center","background-size":"auto","background-attachment":"scroll","background-type":"","background-media":"","overlay-type":"","overlay-color":"","overlay-opacity":"","overlay-gradient":""}}},"product_brand":[],"product_cat":[840,205,867],"product_tag":[207],"class_list":{"0":"post-25080","1":"product","2":"type-product","3":"status-publish","4":"has-post-thumbnail","6":"product_cat-bettkissen","7":"product_cat-kissenkollektion","8":"product_cat-kuehlkissen","9":"product_tag-kissen","10":"desktop-align-left","11":"tablet-align-left","12":"mobile-align-left","13":"ast-product-gallery-layout-horizontal-slider","14":"ast-product-single-variable","15":"ast-product-tabs-layout-horizontal","16":"ast-qv-on-image","18":"first","19":"instock","20":"shipping-taxable","21":"purchasable","22":"product-type-variable"},"aioseo_notices":[],"_links":{"self":[{"href":"https:\/\/www.aimycomfort.com\/store\/de\/wp-json\/wp\/v2\/product\/25080","targetHints":{"allow":["GET"]}}],"collection":[{"href":"https:\/\/www.aimycomfort.com\/store\/de\/wp-json\/wp\/v2\/product"}],"about":[{"href":"https:\/\/www.aimycomfort.com\/store\/de\/wp-json\/wp\/v2\/types\/product"}],"replies":[{"embeddable":true,"href":"https:\/\/www.aimycomfort.com\/store\/de\/wp-json\/wp\/v2\/comments?post=25080"}],"wp:featuredmedia":[{"embeddable":true,"href":"https:\/\/www.aimycomfort.com\/store\/de\/wp-json\/wp\/v2\/media\/24978"}],"wp:attachment":[{"href":"https:\/\/www.aimycomfort.com\/store\/de\/wp-json\/wp\/v2\/media?parent=25080"}],"wp:term":[{"taxonomy":"product_brand","embeddable":true,"href":"https:\/\/www.aimycomfort.com\/store\/de\/wp-json\/wp\/v2\/product_brand?post=25080"},{"taxonomy":"product_cat","embeddable":true,"href":"https:\/\/www.aimycomfort.com\/store\/de\/wp-json\/wp\/v2\/product_cat?post=25080"},{"taxonomy":"product_tag","embeddable":true,"href":"https:\/\/www.aimycomfort.com\/store\/de\/wp-json\/wp\/v2\/product_tag?post=25080"}],"curies":[{"name":"wp","href":"https:\/\/api.w.org\/{rel}","templated":true}]}}