{"id":24931,"date":"2024-12-25T02:44:04","date_gmt":"2024-12-25T02:44:04","guid":{"rendered":"https:\/\/www.aimycomfort.com\/store\/product\/bathtub-pillow-soft-anti-slip-bathtub-pillow\/"},"modified":"2024-12-30T03:48:23","modified_gmt":"2024-12-30T03:48:23","slug":"bathtub-pillow-soft-anti-slip-bathtub-pillow","status":"publish","type":"product","link":"https:\/\/www.aimycomfort.com\/store\/de\/produkt\/bathtub-pillow-soft-anti-slip-bathtub-pillow\/","title":{"rendered":"Weiches Antirutsch-Badewannenkissen"},"content":{"rendered":"<p>Das Weiche Antirutsch-Badewannenkissen wurde entwickelt, um Ihr Badeerlebnis mit ergonomischer Unterst\u00fctzung und weichem, elastischem Material zu verbessern. Mit starken Saugn\u00e4pfen ausgestattet, bleibt es fest an Ort und Stelle und bietet Nacken- und Schultersupport, um Erm\u00fcdung zu lindern. Hergestellt aus umweltfreundlichem PVC, ist es wasserdicht, antibakteriell und schnelltrocknend, was Hygiene und Langlebigkeit gew\u00e4hrleistet.<\/p>\n<h2><strong>Hauptmerkmale des Badewannenkissens:<\/strong><\/h2>\n<ul>\n<li>\n<p class=\"first:mt-1.5\"><strong>Ergonomisches Design<\/strong><br \/>\nUnterst\u00fctzt Kopf, Nacken und Schultern, lindert Druck und f\u00f6rdert Entspannung.<\/p>\n<\/li>\n<li>\n<p class=\"first:mt-1.5\"><strong>Starke Saugn\u00e4pfe<\/strong><br \/>\nEinfach zu installieren und zu entfernen, mit starker Haftung, um ein Verrutschen oder Abl\u00f6sen zu verhindern.<\/p>\n<\/li>\n<li>\n<p class=\"first:mt-1.5\"><strong>Weiches und elastisches Material<\/strong><br \/>\n3D-R\u00fcckprall, geruchlos und sicher f\u00fcr den direkten Kontakt mit Babyhaut.<\/p>\n<\/li>\n<li>\n<p class=\"first:mt-1.5\"><strong>Hohles Drainage-Design<\/strong><br \/>\nVerhindert Schimmel- und Bakterienwachstum und h\u00e4lt das Kissen sauber und hygienisch.<\/p>\n<\/li>\n<li>\n<p class=\"first:mt-1.5\"><strong>Langlebig und leicht zu reinigen<\/strong><br \/>\nWasserdicht, schimmelresistent und schnelltrocknend f\u00fcr eine lange Lebensdauer.<\/p>\n<\/li>\n<\/ul>\n<hr \/>\n<p class=\"first:mt-1.5\">Das Weiche Antirutsch-Badewannenkissen vereint Komfort, Sicherheit und Langlebigkeit, um ein luxuri\u00f6ses Badeerlebnis zu schaffen. Perfekt f\u00fcr entspannende B\u00e4der mit ergonomischer Unterst\u00fctzung und einfacher Pflege.<\/p>\n","protected":false},"excerpt":{"rendered":"<p>Das Weiche Antirutsch-Badewannenkissen bietet ergonomische Unterst\u00fctzung f\u00fcr Nacken und Schultern und sorgt f\u00fcr ein entspannendes Badeerlebnis. Hergestellt aus weichem, elastischem und umweltfreundlichem PVC, verf\u00fcgt es \u00fcber starke Saugn\u00e4pfe f\u00fcr einen sicheren Halt und ein hohles Drainage-Design, das Schimmel und Bakterien verhindert. Wasserdicht, schnelltrocknend und leicht zu reinigen, sorgt es bei jeder Nutzung f\u00fcr Komfort und Hygiene.<\/p>\n","protected":false},"featured_media":24807,"comment_status":"open","ping_status":"closed","template":"","meta":{"site-sidebar-layout":"default","site-content-layout":"","ast-site-content-layout":"default","site-content-style":"default","site-sidebar-style":"default","ast-global-header-display":"","ast-banner-title-visibility":"","ast-main-header-display":"","ast-hfb-above-header-display":"","ast-hfb-below-header-display":"","ast-hfb-mobile-header-display":"","site-post-title":"","ast-breadcrumbs-content":"","ast-featured-img":"","footer-sml-layout":"","theme-transparent-header-meta":"default","adv-header-id-meta":"","stick-header-meta":"","header-above-stick-meta":"","header-main-stick-meta":"","header-below-stick-meta":"","astra-migrate-meta-layouts":"set","ast-page-background-enabled":"default","ast-page-background-meta":{"desktop":{"background-color":"var(--ast-global-color-4)","background-image":"","background-repeat":"repeat","background-position":"center center","background-size":"auto","background-attachment":"scroll","background-type":"","background-media":"","overlay-type":"","overlay-color":"","overlay-opacity":"","overlay-gradient":""},"tablet":{"background-color":"","background-image":"","background-repeat":"repeat","background-position":"center center","background-size":"auto","background-attachment":"scroll","background-type":"","background-media":"","overlay-type":"","overlay-color":"","overlay-opacity":"","overlay-gradient":""},"mobile":{"background-color":"","background-image":"","background-repeat":"repeat","background-position":"center center","background-size":"auto","background-attachment":"scroll","background-type":"","background-media":"","overlay-type":"","overlay-color":"","overlay-opacity":"","overlay-gradient":""}},"ast-content-background-meta":{"desktop":{"background-color":"var(--ast-global-color-5)","background-image":"","background-repeat":"repeat","background-position":"center center","background-size":"auto","background-attachment":"scroll","background-type":"","background-media":"","overlay-type":"","overlay-color":"","overlay-opacity":"","overlay-gradient":""},"tablet":{"background-color":"var(--ast-global-color-5)","background-image":"","background-repeat":"repeat","background-position":"center center","background-size":"auto","background-attachment":"scroll","background-type":"","background-media":"","overlay-type":"","overlay-color":"","overlay-opacity":"","overlay-gradient":""},"mobile":{"background-color":"var(--ast-global-color-5)","background-image":"","background-repeat":"repeat","background-position":"center center","background-size":"auto","background-attachment":"scroll","background-type":"","background-media":"","overlay-type":"","overlay-color":"","overlay-opacity":"","overlay-gradient":""}}},"product_brand":[],"product_cat":[1068,205,858],"product_tag":[1058,207],"class_list":{"0":"post-24931","1":"product","2":"type-product","3":"status-publish","4":"has-post-thumbnail","6":"product_cat-bathtub-pillow-de","7":"product_cat-kissenkollektion","8":"product_cat-zervikalkissen","9":"product_tag-bathtub-pillow-de","10":"product_tag-kissen","11":"desktop-align-left","12":"tablet-align-left","13":"mobile-align-left","14":"ast-product-gallery-layout-horizontal-slider","15":"ast-product-single-variable","16":"ast-product-tabs-layout-horizontal","17":"ast-qv-on-image","19":"first","20":"instock","21":"shipping-taxable","22":"purchasable","23":"product-type-variable"},"aioseo_notices":[],"_links":{"self":[{"href":"https:\/\/www.aimycomfort.com\/store\/de\/wp-json\/wp\/v2\/product\/24931","targetHints":{"allow":["GET"]}}],"collection":[{"href":"https:\/\/www.aimycomfort.com\/store\/de\/wp-json\/wp\/v2\/product"}],"about":[{"href":"https:\/\/www.aimycomfort.com\/store\/de\/wp-json\/wp\/v2\/types\/product"}],"replies":[{"embeddable":true,"href":"https:\/\/www.aimycomfort.com\/store\/de\/wp-json\/wp\/v2\/comments?post=24931"}],"wp:featuredmedia":[{"embeddable":true,"href":"https:\/\/www.aimycomfort.com\/store\/de\/wp-json\/wp\/v2\/media\/24807"}],"wp:attachment":[{"href":"https:\/\/www.aimycomfort.com\/store\/de\/wp-json\/wp\/v2\/media?parent=24931"}],"wp:term":[{"taxonomy":"product_brand","embeddable":true,"href":"https:\/\/www.aimycomfort.com\/store\/de\/wp-json\/wp\/v2\/product_brand?post=24931"},{"taxonomy":"product_cat","embeddable":true,"href":"https:\/\/www.aimycomfort.com\/store\/de\/wp-json\/wp\/v2\/product_cat?post=24931"},{"taxonomy":"product_tag","embeddable":true,"href":"https:\/\/www.aimycomfort.com\/store\/de\/wp-json\/wp\/v2\/product_tag?post=24931"}],"curies":[{"name":"wp","href":"https:\/\/api.w.org\/{rel}","templated":true}]}}