{"id":24626,"date":"2024-12-24T03:21:52","date_gmt":"2024-12-24T03:21:52","guid":{"rendered":"https:\/\/www.aimycomfort.com\/store\/product\/latex-pillow-a-class-childrens-all-cotton\/"},"modified":"2024-12-24T21:02:41","modified_gmt":"2024-12-24T21:02:41","slug":"memory-foam-pillow-a-class-childrens-all-cotton-pillow","status":"publish","type":"product","link":"https:\/\/www.aimycomfort.com\/store\/de\/produkt\/memory-foam-pillow-a-class-childrens-all-cotton-pillow\/","title":{"rendered":"Memory-Schaum-Kissen Klasse A f\u00fcr Kinder, Ganz aus Baumwolle"},"content":{"rendered":"<p class=\"first:mt-1.5\">Das A-Klasse Kinderkissen aus Baumwolle mit Memory-Schaum wurde entwickelt, um Ihrem Kind ultimativen Komfort und Unterst\u00fctzung zu bieten. Es verwendet langsam r\u00fcckfedernden Memory-Schaum und weichen Baumwollstoff. Sein ergonomisches Design st\u00fctzt Kopf, Nacken und Schultern, f\u00f6rdert eine gesunde Ausrichtung der Halswirbels\u00e4ule und verhindert Kopfverformungen. Mit atmungsaktivem 3D-Waben-Mesh und einer feuchtigkeitsabsorbierenden Baumwollh\u00fclle sorgt es f\u00fcr eine k\u00fchle, komfortable und hygienische Schlafumgebung.<\/p>\n<h2><strong>Hauptmerkmale des Memory-Schaum-Kissens:<\/strong><\/h2>\n<ul>\n<li>\n<p class=\"first:mt-1.5\"><strong>Langsam R\u00fcckfedernder Memory-Schaum-Kern<\/strong><br \/>\nWeicher, langsam r\u00fcckfedernder Memory-Schaum bietet druckfreien Halt und sch\u00fctzt den Kopf und Nacken des Babys.<\/p>\n<\/li>\n<li>\n<p class=\"first:mt-1.5\"><strong>Ergonomisches Design<\/strong><br \/>\nPasst sich der K\u00f6rperkurve des Kindes an, bietet vollst\u00e4ndige Unterst\u00fctzung f\u00fcr Kopf, Schultern und Nacken und f\u00f6rdert eine nat\u00fcrliche Dehnung.<\/p>\n<\/li>\n<li>\n<p class=\"first:mt-1.5\"><strong>Atmungsaktives 3D-Waben-Mesh<\/strong><br \/>\nVerbessert die Luftzirkulation, leitet W\u00e4rme ab und h\u00e4lt das Kissen trocken und bequem.<\/p>\n<\/li>\n<li>\n<p class=\"first:mt-1.5\"><strong>Hochwertiger Baumwollstoff<\/strong><br \/>\nWeich, feuchtigkeitsabsorbierend und atmungsaktiv, mit gek\u00e4mmter Baumwolle f\u00fcr ein zartes, hautfreundliches Gef\u00fchl.<\/p>\n<\/li>\n<li>\n<p class=\"first:mt-1.5\"><strong>Sicher und Langlebig<\/strong><br \/>\nMit aktiver Druck- und F\u00e4rbetechnik, frei von Formaldehyd, mit leuchtenden, farbechten Farben und einem versteckten Metallrei\u00dfverschluss f\u00fcr einfaches Waschen.<\/p>\n<\/li>\n<\/ul>\n<hr \/>\n<p class=\"first:mt-1.5\">Das A-Klasse Kinderkissen aus Baumwolle mit Memory-Schaum kombiniert nat\u00fcrliche Materialien, durchdachtes Design und hochwertige Handwerkskunst, um Ihrem Kind ein sicheres, komfortables und unterst\u00fctzendes Schlaferlebnis zu bieten. Perfekt f\u00fcr erholsame N\u00e4chte und gesundes Wachstum.<\/p>\n","protected":false},"excerpt":{"rendered":"<div class=\"relative ml-[2px]\">\n<div class=\"relative border-[1px] border-transparent\">Das A-Class Kinderkissen aus Baumwolle mit Memory-Schaum verf\u00fcgt \u00fcber einen Memory-Schaum-Kern und einen weichen Baumwollstoff f\u00fcr ultimativen Komfort und Unterst\u00fctzung. Sein ergonomisches Design richtet Kopf, Nacken und Schultern aus und f\u00f6rdert eine gesunde Entwicklung der Halswirbels\u00e4ule. Mit atmungsaktivem 3D-Waben-Mesh und einem waschbaren, hautfreundlichen Bezug sorgt es f\u00fcr einen k\u00fchlen, hygienischen und erholsamen Schlaf f\u00fcr Ihr Kind.<\/div>\n<\/div>\n","protected":false},"featured_media":24690,"comment_status":"open","ping_status":"closed","template":"","meta":{"site-sidebar-layout":"default","site-content-layout":"","ast-site-content-layout":"default","site-content-style":"default","site-sidebar-style":"default","ast-global-header-display":"","ast-banner-title-visibility":"","ast-main-header-display":"","ast-hfb-above-header-display":"","ast-hfb-below-header-display":"","ast-hfb-mobile-header-display":"","site-post-title":"","ast-breadcrumbs-content":"","ast-featured-img":"","footer-sml-layout":"","theme-transparent-header-meta":"default","adv-header-id-meta":"","stick-header-meta":"","header-above-stick-meta":"","header-main-stick-meta":"","header-below-stick-meta":"","astra-migrate-meta-layouts":"set","ast-page-background-enabled":"default","ast-page-background-meta":{"desktop":{"background-color":"var(--ast-global-color-4)","background-image":"","background-repeat":"repeat","background-position":"center center","background-size":"auto","background-attachment":"scroll","background-type":"","background-media":"","overlay-type":"","overlay-color":"","overlay-opacity":"","overlay-gradient":""},"tablet":{"background-color":"","background-image":"","background-repeat":"repeat","background-position":"center center","background-size":"auto","background-attachment":"scroll","background-type":"","background-media":"","overlay-type":"","overlay-color":"","overlay-opacity":"","overlay-gradient":""},"mobile":{"background-color":"","background-image":"","background-repeat":"repeat","background-position":"center center","background-size":"auto","background-attachment":"scroll","background-type":"","background-media":"","overlay-type":"","overlay-color":"","overlay-opacity":"","overlay-gradient":""}},"ast-content-background-meta":{"desktop":{"background-color":"var(--ast-global-color-5)","background-image":"","background-repeat":"repeat","background-position":"center center","background-size":"auto","background-attachment":"scroll","background-type":"","background-media":"","overlay-type":"","overlay-color":"","overlay-opacity":"","overlay-gradient":""},"tablet":{"background-color":"var(--ast-global-color-5)","background-image":"","background-repeat":"repeat","background-position":"center center","background-size":"auto","background-attachment":"scroll","background-type":"","background-media":"","overlay-type":"","overlay-color":"","overlay-opacity":"","overlay-gradient":""},"mobile":{"background-color":"var(--ast-global-color-5)","background-image":"","background-repeat":"repeat","background-position":"center center","background-size":"auto","background-attachment":"scroll","background-type":"","background-media":"","overlay-type":"","overlay-color":"","overlay-opacity":"","overlay-gradient":""}}},"product_brand":[],"product_cat":[840,912,205,885],"product_tag":[207,560],"class_list":{"0":"post-24626","1":"product","2":"type-product","3":"status-publish","4":"has-post-thumbnail","6":"product_cat-bettkissen","7":"product_cat-kissen-fuer-kinder","8":"product_cat-kissenkollektion","9":"product_cat-nickerchen-kissen","10":"product_tag-kissen","11":"product_tag-baby-pillow-de","12":"desktop-align-left","13":"tablet-align-left","14":"mobile-align-left","15":"ast-product-gallery-layout-horizontal-slider","16":"ast-product-single-variable","17":"ast-product-tabs-layout-horizontal","18":"ast-qv-on-image","20":"first","21":"instock","22":"shipping-taxable","23":"purchasable","24":"product-type-variable"},"aioseo_notices":[],"_links":{"self":[{"href":"https:\/\/www.aimycomfort.com\/store\/de\/wp-json\/wp\/v2\/product\/24626","targetHints":{"allow":["GET"]}}],"collection":[{"href":"https:\/\/www.aimycomfort.com\/store\/de\/wp-json\/wp\/v2\/product"}],"about":[{"href":"https:\/\/www.aimycomfort.com\/store\/de\/wp-json\/wp\/v2\/types\/product"}],"replies":[{"embeddable":true,"href":"https:\/\/www.aimycomfort.com\/store\/de\/wp-json\/wp\/v2\/comments?post=24626"}],"wp:featuredmedia":[{"embeddable":true,"href":"https:\/\/www.aimycomfort.com\/store\/de\/wp-json\/wp\/v2\/media\/24690"}],"wp:attachment":[{"href":"https:\/\/www.aimycomfort.com\/store\/de\/wp-json\/wp\/v2\/media?parent=24626"}],"wp:term":[{"taxonomy":"product_brand","embeddable":true,"href":"https:\/\/www.aimycomfort.com\/store\/de\/wp-json\/wp\/v2\/product_brand?post=24626"},{"taxonomy":"product_cat","embeddable":true,"href":"https:\/\/www.aimycomfort.com\/store\/de\/wp-json\/wp\/v2\/product_cat?post=24626"},{"taxonomy":"product_tag","embeddable":true,"href":"https:\/\/www.aimycomfort.com\/store\/de\/wp-json\/wp\/v2\/product_tag?post=24626"}],"curies":[{"name":"wp","href":"https:\/\/api.w.org\/{rel}","templated":true}]}}