{"id":24281,"date":"2024-12-13T09:27:34","date_gmt":"2024-12-13T09:27:34","guid":{"rendered":"https:\/\/www.aimycomfort.com\/store\/product\/baby-pillow-slope-anti-vomiting\/"},"modified":"2024-12-19T18:04:00","modified_gmt":"2024-12-19T18:04:00","slug":"baby-pillow-slope-anti-vomiting","status":"publish","type":"product","link":"https:\/\/www.aimycomfort.com\/store\/de\/produkt\/baby-pillow-slope-anti-vomiting\/","title":{"rendered":"Baby-Kissen mit Neigung gegen Erbrechen"},"content":{"rendered":"<p>Der Baby Pillow Slope Anti-Vomiting ist eine durchdacht gestaltete L\u00f6sung, um Babys komfortabel schlafen zu lassen, Bl\u00e4hungen zu lindern und das Spucken zu reduzieren. Mit einer 15\u00b0 geneigten Bauchlage simuliert er die beruhigende Umarmung einer Flugzeughaltung, unterst\u00fctzt die Verdauung und beruhigt Ihr Baby. Mit f\u00fcnf Kernzonen und fortschrittlichen Funktionen bietet dieses Kissen umfassende Unterst\u00fctzung f\u00fcr die Gesundheit und das Wohlbefinden Ihres Babys.<\/p>\n<h2><strong>Hauptmerkmale des Baby Pillow:<\/strong><\/h2>\n<ul>\n<li><strong>15\u00b0 geneigtes Design<\/strong><br \/>\nHilft, Bl\u00e4hungen, Darmbeschwerden und Spucken zu lindern, indem es eine bequeme Kopf-hoch-Position f\u00f6rdert.<\/li>\n<li><strong>F\u00fcnf Kernzonen<\/strong><br \/>\nBeinhaltet Anti-Umkippen-, atmungsaktive, Bauchdruck- und Sicherheitszonen, um Sicherheit und Komfort zu gew\u00e4hrleisten.<\/li>\n<li><strong>Bauchdruckmassage<\/strong><br \/>\nDas umgekehrte Massagedesign stimuliert den Bauch des Babys, um Darmgase auszutreiben und Beschwerden zu reduzieren.<\/li>\n<li><strong>3D atmungsaktives Mesh-Gewebe<\/strong><br \/>\nDer anti-Erstickungsbereich sorgt f\u00fcr einen reibungslosen Luftstrom und reduziert das Erstickungsrisiko.<\/li>\n<li><strong>Beruhigendes Samtmaterial<\/strong><br \/>\nWeiches, temperaturkonstantes Gewebe imitiert die Ber\u00fchrung einer Mutter und beruhigt das Baby zum Schlafen.<\/li>\n<li><strong>Vielseitige Verwendung<\/strong><br \/>\nFunktioniert als Anti-Spuck-Kissen, Kopf-hoch-\u00dcbungskissen, Anti-Schreck-Beruhigungskissen und tragbares Bett-im-Bett.<\/li>\n<li><strong>Praktisch und hygienisch<\/strong><br \/>\nVerf\u00fcgt \u00fcber einen abnehmbaren, waschbaren Bezug mit verstecktem Rei\u00dfverschluss f\u00fcr einfache Reinigung und einen verstellbaren Klettverschluss f\u00fcr sicheren Halt.<\/li>\n<\/ul>\n<hr \/>\n<p>Der Baby Pillow Slope Anti-Vomiting kombiniert innovatives Design und hochwertige Materialien, um eine sichere, beruhigende und unterst\u00fctzende Umgebung f\u00fcr Ihr Baby zu schaffen. Perfekt, um Beschwerden zu lindern, die Verdauung zu unterst\u00fctzen und einen erholsamen Schlaf zu gew\u00e4hrleisten.<\/p>\n","protected":false},"excerpt":{"rendered":"<p>Das Baby Pillow Slope Anti-Vomiting verf\u00fcgt \u00fcber ein 15\u00b0 geneigtes Design, um Bl\u00e4hungen zu lindern, Spucken zu reduzieren und die Verdauung zu unterst\u00fctzen. Mit f\u00fcnf Kernzonen, atmungsaktivem 3D-Mesh-Gewebe und weichem Samtmaterial sorgt es f\u00fcr Komfort, Sicherheit und beruhigenden Halt. Der abnehmbare, waschbare Bezug und die verstellbaren Gurte machen es praktisch und hygienisch f\u00fcr den t\u00e4glichen Gebrauch.<\/p>\n","protected":false},"featured_media":24186,"comment_status":"open","ping_status":"closed","template":"","meta":{"site-sidebar-layout":"default","site-content-layout":"","ast-site-content-layout":"default","site-content-style":"default","site-sidebar-style":"default","ast-global-header-display":"","ast-banner-title-visibility":"","ast-main-header-display":"","ast-hfb-above-header-display":"","ast-hfb-below-header-display":"","ast-hfb-mobile-header-display":"","site-post-title":"","ast-breadcrumbs-content":"","ast-featured-img":"","footer-sml-layout":"","theme-transparent-header-meta":"default","adv-header-id-meta":"","stick-header-meta":"","header-above-stick-meta":"","header-main-stick-meta":"","header-below-stick-meta":"","astra-migrate-meta-layouts":"set","ast-page-background-enabled":"default","ast-page-background-meta":{"desktop":{"background-color":"var(--ast-global-color-4)","background-image":"","background-repeat":"repeat","background-position":"center center","background-size":"auto","background-attachment":"scroll","background-type":"","background-media":"","overlay-type":"","overlay-color":"","overlay-opacity":"","overlay-gradient":""},"tablet":{"background-color":"","background-image":"","background-repeat":"repeat","background-position":"center center","background-size":"auto","background-attachment":"scroll","background-type":"","background-media":"","overlay-type":"","overlay-color":"","overlay-opacity":"","overlay-gradient":""},"mobile":{"background-color":"","background-image":"","background-repeat":"repeat","background-position":"center center","background-size":"auto","background-attachment":"scroll","background-type":"","background-media":"","overlay-type":"","overlay-color":"","overlay-opacity":"","overlay-gradient":""}},"ast-content-background-meta":{"desktop":{"background-color":"var(--ast-global-color-5)","background-image":"","background-repeat":"repeat","background-position":"center center","background-size":"auto","background-attachment":"scroll","background-type":"","background-media":"","overlay-type":"","overlay-color":"","overlay-opacity":"","overlay-gradient":""},"tablet":{"background-color":"var(--ast-global-color-5)","background-image":"","background-repeat":"repeat","background-position":"center center","background-size":"auto","background-attachment":"scroll","background-type":"","background-media":"","overlay-type":"","overlay-color":"","overlay-opacity":"","overlay-gradient":""},"mobile":{"background-color":"var(--ast-global-color-5)","background-image":"","background-repeat":"repeat","background-position":"center center","background-size":"auto","background-attachment":"scroll","background-type":"","background-media":"","overlay-type":"","overlay-color":"","overlay-opacity":"","overlay-gradient":""}}},"product_brand":[],"product_cat":[894],"product_tag":[207,562,560],"class_list":{"0":"post-24281","1":"product","2":"type-product","3":"status-publish","4":"has-post-thumbnail","6":"product_cat-nackenstuetzkissen","7":"product_tag-kissen","8":"product_tag-neck-protect-de","9":"product_tag-baby-pillow-de","10":"desktop-align-left","11":"tablet-align-left","12":"mobile-align-left","13":"ast-product-gallery-layout-horizontal-slider","14":"ast-product-single-variable","15":"ast-product-tabs-layout-horizontal","16":"ast-qv-on-image","18":"first","19":"instock","20":"shipping-taxable","21":"purchasable","22":"product-type-variable"},"aioseo_notices":[],"_links":{"self":[{"href":"https:\/\/www.aimycomfort.com\/store\/de\/wp-json\/wp\/v2\/product\/24281","targetHints":{"allow":["GET"]}}],"collection":[{"href":"https:\/\/www.aimycomfort.com\/store\/de\/wp-json\/wp\/v2\/product"}],"about":[{"href":"https:\/\/www.aimycomfort.com\/store\/de\/wp-json\/wp\/v2\/types\/product"}],"replies":[{"embeddable":true,"href":"https:\/\/www.aimycomfort.com\/store\/de\/wp-json\/wp\/v2\/comments?post=24281"}],"wp:featuredmedia":[{"embeddable":true,"href":"https:\/\/www.aimycomfort.com\/store\/de\/wp-json\/wp\/v2\/media\/24186"}],"wp:attachment":[{"href":"https:\/\/www.aimycomfort.com\/store\/de\/wp-json\/wp\/v2\/media?parent=24281"}],"wp:term":[{"taxonomy":"product_brand","embeddable":true,"href":"https:\/\/www.aimycomfort.com\/store\/de\/wp-json\/wp\/v2\/product_brand?post=24281"},{"taxonomy":"product_cat","embeddable":true,"href":"https:\/\/www.aimycomfort.com\/store\/de\/wp-json\/wp\/v2\/product_cat?post=24281"},{"taxonomy":"product_tag","embeddable":true,"href":"https:\/\/www.aimycomfort.com\/store\/de\/wp-json\/wp\/v2\/product_tag?post=24281"}],"curies":[{"name":"wp","href":"https:\/\/api.w.org\/{rel}","templated":true}]}}