{"id":24030,"date":"2024-12-12T03:56:30","date_gmt":"2024-12-12T03:56:30","guid":{"rendered":"https:\/\/www.aimycomfort.com\/store\/product\/reading-pillow-bed-memory-foam-game-pillow\/"},"modified":"2024-12-20T07:12:58","modified_gmt":"2024-12-20T07:12:58","slug":"reading-pillow-bed-memory-foam-game-pillow","status":"publish","type":"product","link":"https:\/\/www.aimycomfort.com\/store\/de\/produkt\/reading-pillow-bed-memory-foam-game-pillow\/","title":{"rendered":"Lesekissen mit Memory-Schaum f\u00fcr Bett und Spiele"},"content":{"rendered":"<p>Das Lesekissen mit Memory-Schaum f\u00fcr das Bett wurde f\u00fcr vielseitige Anwendungen entwickelt und bietet ergonomische Unterst\u00fctzung beim Lesen, Spielen oder Entspannen im Bett. Hergestellt aus langsam r\u00fcckfederndem Memory-Schaum und einem atmungsaktiven Waben-Nylonstoffbezug, bietet es weichen, langanhaltenden Komfort und Unterst\u00fctzung.<\/p>\n<h2><strong>Hauptmerkmale des Lesekissens:<\/strong><\/h2>\n<ul>\n<li><strong>Langsam R\u00fcckfedernder Memory-Schaum<\/strong><br \/>\nBietet weiche, wolken\u00e4hnliche Unterst\u00fctzung mit einer hohen R\u00fcckfederungsrate, die Komfort und Druckentlastung w\u00e4hrend der Nutzung gew\u00e4hrleistet.<\/li>\n<li><strong>Ergonomisches Design<\/strong><br \/>\nUnterst\u00fctzt R\u00fccken und Nacken und macht das Lesen oder Ausruhen vor dem Schlafengehen angenehmer.<\/li>\n<li><strong>Atmungsaktiver und Langlebiger Stoff<\/strong><br \/>\nDer elastische Waben-Nylonstoff ist atmungsaktiv, feuchtigkeitsabsorbierend und verschlei\u00dffest und beh\u00e4lt seine Form und Farbe \u00fcber die Zeit.<\/li>\n<li><strong>Praktische Funktionen<\/strong><br \/>\nEnth\u00e4lt einen <strong>unsichtbaren Rei\u00dfverschluss<\/strong> f\u00fcr einfaches Entfernen des Bezugs und <strong>gro\u00dfe Seitentaschen<\/strong> zur Aufbewahrung von B\u00fcchern oder Ger\u00e4ten.<\/li>\n<\/ul>\n<hr \/>\n<p>Verbessern Sie Ihre Entspannung mit dem Lesekissen mit Memory-Schaum f\u00fcr das Bett. Sein ergonomisches Design und hochwertige Materialien bieten die perfekte Kombination aus Komfort und Unterst\u00fctzung f\u00fcr jede Aktivit\u00e4t.<\/p>\n","protected":false},"excerpt":{"rendered":"<div class=\"flex-1 relative\">\n<div class=\"h-full relative messages-container\">\n<div class=\"px-[0] py-[20px] h-full relative\">\n<div class=\"h-full relative\">\n<div class=\" absolute top-0 left-0 right-0 bottom-0 \" data-convo-content=\"true\">\n<div class=\"ReactVirtualized__Grid ReactVirtualized__List !border-0 !outline-0 \" tabindex=\"0\" role=\"grid\" aria-label=\"grid\" aria-readonly=\"true\">\n<div class=\"ReactVirtualized__Grid__innerScrollContainer\" role=\"rowgroup\">\n<div>\n<div class=\" \">\n<div class=\" text-[16px] text-darkcolor py-[2px] transition-all duration-300 relative sm:pr-[50px] xl:pr-[1px] \">\n<div class=\"ConvoChatOne_chatContent__Sm5jB px-8 [@media(max-width:1250px)]:px-[10px] [@media(max-width:1250px)]:max-w-[700px] max-w-[845px] group relative mx-auto flex gap-[9px] rounded-xl py-[8px]\">\n<div class=\" flex-1 relative \">\n<div class=\"flex-1 relative \">\n<div class=\" relative ml-[2px] -mt-[4px] \">\n<div class=\"prose dark:prose-invert\" dir=\"auto\" data-gramm=\"false\">\n<p>Das Lesekissen mit Memory-Schaum f\u00fcr das Bett bietet ergonomische Unterst\u00fctzung dank seines langsam r\u00fcckfedernden Memory-Schaums, ideal zum Lesen, Spielen oder Entspannen. Der atmungsaktive Waben-Nylonstoff ist weich und langlebig, w\u00e4hrend der unsichtbare Rei\u00dfverschluss und die gro\u00dfen Seitentaschen zus\u00e4tzlichen Komfort bieten. Genie\u00dfen Sie wolken\u00e4hnlichen Komfort und langanhaltende Unterst\u00fctzung in einem eleganten grauen Design.<\/p>\n<\/div>\n<\/div>\n<\/div>\n<\/div>\n<\/div>\n<\/div>\n<\/div>\n<\/div>\n<\/div>\n<\/div>\n<\/div>\n<\/div>\n<\/div>\n<\/div>\n<\/div>\n","protected":false},"featured_media":23952,"comment_status":"open","ping_status":"closed","template":"","meta":{"site-sidebar-layout":"default","site-content-layout":"","ast-site-content-layout":"default","site-content-style":"default","site-sidebar-style":"default","ast-global-header-display":"","ast-banner-title-visibility":"","ast-main-header-display":"","ast-hfb-above-header-display":"","ast-hfb-below-header-display":"","ast-hfb-mobile-header-display":"","site-post-title":"","ast-breadcrumbs-content":"","ast-featured-img":"","footer-sml-layout":"","theme-transparent-header-meta":"default","adv-header-id-meta":"","stick-header-meta":"","header-above-stick-meta":"","header-main-stick-meta":"","header-below-stick-meta":"","astra-migrate-meta-layouts":"set","ast-page-background-enabled":"default","ast-page-background-meta":{"desktop":{"background-color":"var(--ast-global-color-4)","background-image":"","background-repeat":"repeat","background-position":"center center","background-size":"auto","background-attachment":"scroll","background-type":"","background-media":"","overlay-type":"","overlay-color":"","overlay-opacity":"","overlay-gradient":""},"tablet":{"background-color":"","background-image":"","background-repeat":"repeat","background-position":"center center","background-size":"auto","background-attachment":"scroll","background-type":"","background-media":"","overlay-type":"","overlay-color":"","overlay-opacity":"","overlay-gradient":""},"mobile":{"background-color":"","background-image":"","background-repeat":"repeat","background-position":"center center","background-size":"auto","background-attachment":"scroll","background-type":"","background-media":"","overlay-type":"","overlay-color":"","overlay-opacity":"","overlay-gradient":""}},"ast-content-background-meta":{"desktop":{"background-color":"var(--ast-global-color-5)","background-image":"","background-repeat":"repeat","background-position":"center center","background-size":"auto","background-attachment":"scroll","background-type":"","background-media":"","overlay-type":"","overlay-color":"","overlay-opacity":"","overlay-gradient":""},"tablet":{"background-color":"var(--ast-global-color-5)","background-image":"","background-repeat":"repeat","background-position":"center center","background-size":"auto","background-attachment":"scroll","background-type":"","background-media":"","overlay-type":"","overlay-color":"","overlay-opacity":"","overlay-gradient":""},"mobile":{"background-color":"var(--ast-global-color-5)","background-image":"","background-repeat":"repeat","background-position":"center center","background-size":"auto","background-attachment":"scroll","background-type":"","background-media":"","overlay-type":"","overlay-color":"","overlay-opacity":"","overlay-gradient":""}}},"product_brand":[],"product_cat":[840,205,921,944],"product_tag":[207],"class_list":{"0":"post-24030","1":"product","2":"type-product","3":"status-publish","4":"has-post-thumbnail","6":"product_cat-bettkissen","7":"product_cat-kissenkollektion","8":"product_cat-lesekissen","9":"product_cat-sofa-pillow-de","10":"product_tag-kissen","11":"desktop-align-left","12":"tablet-align-left","13":"mobile-align-left","14":"ast-product-gallery-layout-horizontal-slider","15":"ast-product-single-variable","16":"ast-product-tabs-layout-horizontal","17":"ast-qv-on-image","19":"first","20":"instock","21":"shipping-taxable","22":"purchasable","23":"product-type-variable"},"aioseo_notices":[],"_links":{"self":[{"href":"https:\/\/www.aimycomfort.com\/store\/de\/wp-json\/wp\/v2\/product\/24030","targetHints":{"allow":["GET"]}}],"collection":[{"href":"https:\/\/www.aimycomfort.com\/store\/de\/wp-json\/wp\/v2\/product"}],"about":[{"href":"https:\/\/www.aimycomfort.com\/store\/de\/wp-json\/wp\/v2\/types\/product"}],"replies":[{"embeddable":true,"href":"https:\/\/www.aimycomfort.com\/store\/de\/wp-json\/wp\/v2\/comments?post=24030"}],"wp:featuredmedia":[{"embeddable":true,"href":"https:\/\/www.aimycomfort.com\/store\/de\/wp-json\/wp\/v2\/media\/23952"}],"wp:attachment":[{"href":"https:\/\/www.aimycomfort.com\/store\/de\/wp-json\/wp\/v2\/media?parent=24030"}],"wp:term":[{"taxonomy":"product_brand","embeddable":true,"href":"https:\/\/www.aimycomfort.com\/store\/de\/wp-json\/wp\/v2\/product_brand?post=24030"},{"taxonomy":"product_cat","embeddable":true,"href":"https:\/\/www.aimycomfort.com\/store\/de\/wp-json\/wp\/v2\/product_cat?post=24030"},{"taxonomy":"product_tag","embeddable":true,"href":"https:\/\/www.aimycomfort.com\/store\/de\/wp-json\/wp\/v2\/product_tag?post=24030"}],"curies":[{"name":"wp","href":"https:\/\/api.w.org\/{rel}","templated":true}]}}