{"id":23566,"date":"2024-12-10T06:54:58","date_gmt":"2024-12-10T06:54:58","guid":{"rendered":"https:\/\/www.aimycomfort.com\/store\/product\/multi-functional-infant-feeding-pillow\/"},"modified":"2024-12-10T08:59:33","modified_gmt":"2024-12-10T08:59:33","slug":"multi-functional-infant-feeding-pillow","status":"publish","type":"product","link":"https:\/\/www.aimycomfort.com\/store\/de\/produkt\/multi-functional-infant-feeding-pillow\/","title":{"rendered":"Multifunktionales Baby-F\u00fctterungskissen"},"content":{"rendered":"<p>Das Multifunktionale Baby-F\u00fctterungskissen wurde entwickelt, um die F\u00fctterungszeit f\u00fcr Eltern und Babys bequemer und praktischer zu gestalten. Mit seinem automatischen Flaschenfixierungsdesign und der verstellbaren Schnappverschluss-Passform erm\u00f6glicht es Babys, Milch freih\u00e4ndig in einem bequemen Winkel zu trinken, w\u00e4hrend es durch seine weichen, atmungsaktiven Materialien ein Gef\u00fchl von Sicherheit bietet.<\/p>\n<h2><strong>Hauptmerkmale des F\u00fctterungskissens:<\/strong><\/h2>\n<ul>\n<li><strong>Freih\u00e4ndiges F\u00fcttern<\/strong><br \/>\nVerf\u00fcgt \u00fcber einen <strong>festen Flaschenhalter<\/strong>, der sich auf den perfekten Winkel einstellen l\u00e4sst, sodass Babys automatisch Milch trinken k\u00f6nnen, w\u00e4hrend die H\u00e4nde der Eltern frei bleiben.<\/li>\n<li><strong>Verstellbare und sichere Passform<\/strong><br \/>\nDas <strong>Doppelschnappverschluss-Design<\/strong> passt sich dem Kopfumfang des Babys an und sorgt f\u00fcr Komfort und Stabilit\u00e4t w\u00e4hrend des F\u00fctterns.<\/li>\n<li><strong>Komfort und Sicherheit<\/strong><br \/>\nHergestellt aus <strong>Kristall-Samtstoff<\/strong> und <strong>druckfreiem Material ohne fluoreszierende Stoffe<\/strong>, ist es weich, hautfreundlich und sicher f\u00fcr Babys, ohne die empfindliche Haut zu reizen.<\/li>\n<li><strong>Beruhigendes Design<\/strong><br \/>\nEnth\u00e4lt <strong>beidseitige Griffe<\/strong>, die Babys halten k\u00f6nnen, um ein Gef\u00fchl von Sicherheit zu vermitteln und die Emotionen w\u00e4hrend des F\u00fctterns zu beruhigen.<\/li>\n<\/ul>\n<hr \/>\n<p>Vereinfachen Sie die F\u00fctterungszeit mit dem Multifunktionalen Baby-F\u00fctterungskissen. Bequem, sicher und freih\u00e4ndig \u2013 die perfekte L\u00f6sung f\u00fcr stressfreies F\u00fcttern und gl\u00fcckliche Babys.<\/p>\n","protected":false},"excerpt":{"rendered":"<p>L&#8217;Oreiller Multifonctionnel pour l&#8217;Alimentation des B\u00e9b\u00e9s permet une alimentation sans les mains gr\u00e2ce \u00e0 son design ajustable de fixation de biberon, garantissant un angle confortable pour les b\u00e9b\u00e9s. Fabriqu\u00e9 en tissu de velours cristal doux et respectueux de la peau, il est dot\u00e9 de poign\u00e9es bilat\u00e9rales pour une s\u00e9curit\u00e9 accrue et de boutons-pression r\u00e9glables pour un ajustement parfait. S\u00fbr, pratique et apaisant pour le b\u00e9b\u00e9 et les parents.<\/p>\n","protected":false},"featured_media":23440,"comment_status":"open","ping_status":"closed","template":"","meta":{"site-sidebar-layout":"default","site-content-layout":"","ast-site-content-layout":"default","site-content-style":"default","site-sidebar-style":"default","ast-global-header-display":"","ast-banner-title-visibility":"","ast-main-header-display":"","ast-hfb-above-header-display":"","ast-hfb-below-header-display":"","ast-hfb-mobile-header-display":"","site-post-title":"","ast-breadcrumbs-content":"","ast-featured-img":"","footer-sml-layout":"","theme-transparent-header-meta":"default","adv-header-id-meta":"","stick-header-meta":"","header-above-stick-meta":"","header-main-stick-meta":"","header-below-stick-meta":"","astra-migrate-meta-layouts":"set","ast-page-background-enabled":"default","ast-page-background-meta":{"desktop":{"background-color":"var(--ast-global-color-4)","background-image":"","background-repeat":"repeat","background-position":"center center","background-size":"auto","background-attachment":"scroll","background-type":"","background-media":"","overlay-type":"","overlay-color":"","overlay-opacity":"","overlay-gradient":""},"tablet":{"background-color":"","background-image":"","background-repeat":"repeat","background-position":"center center","background-size":"auto","background-attachment":"scroll","background-type":"","background-media":"","overlay-type":"","overlay-color":"","overlay-opacity":"","overlay-gradient":""},"mobile":{"background-color":"","background-image":"","background-repeat":"repeat","background-position":"center center","background-size":"auto","background-attachment":"scroll","background-type":"","background-media":"","overlay-type":"","overlay-color":"","overlay-opacity":"","overlay-gradient":""}},"ast-content-background-meta":{"desktop":{"background-color":"var(--ast-global-color-5)","background-image":"","background-repeat":"repeat","background-position":"center center","background-size":"auto","background-attachment":"scroll","background-type":"","background-media":"","overlay-type":"","overlay-color":"","overlay-opacity":"","overlay-gradient":""},"tablet":{"background-color":"var(--ast-global-color-5)","background-image":"","background-repeat":"repeat","background-position":"center center","background-size":"auto","background-attachment":"scroll","background-type":"","background-media":"","overlay-type":"","overlay-color":"","overlay-opacity":"","overlay-gradient":""},"mobile":{"background-color":"var(--ast-global-color-5)","background-image":"","background-repeat":"repeat","background-position":"center center","background-size":"auto","background-attachment":"scroll","background-type":"","background-media":"","overlay-type":"","overlay-color":"","overlay-opacity":"","overlay-gradient":""}}},"product_brand":[],"product_cat":[912,205],"product_tag":[560],"class_list":{"0":"post-23566","1":"product","2":"type-product","3":"status-publish","4":"has-post-thumbnail","6":"product_cat-kissen-fuer-kinder","7":"product_cat-kissenkollektion","8":"product_tag-baby-pillow-de","9":"desktop-align-left","10":"tablet-align-left","11":"mobile-align-left","12":"ast-product-gallery-layout-horizontal-slider","13":"ast-product-single-variable","14":"ast-product-tabs-layout-horizontal","15":"ast-qv-on-image","17":"first","18":"instock","19":"shipping-taxable","20":"purchasable","21":"product-type-variable"},"aioseo_notices":[],"_links":{"self":[{"href":"https:\/\/www.aimycomfort.com\/store\/de\/wp-json\/wp\/v2\/product\/23566","targetHints":{"allow":["GET"]}}],"collection":[{"href":"https:\/\/www.aimycomfort.com\/store\/de\/wp-json\/wp\/v2\/product"}],"about":[{"href":"https:\/\/www.aimycomfort.com\/store\/de\/wp-json\/wp\/v2\/types\/product"}],"replies":[{"embeddable":true,"href":"https:\/\/www.aimycomfort.com\/store\/de\/wp-json\/wp\/v2\/comments?post=23566"}],"wp:featuredmedia":[{"embeddable":true,"href":"https:\/\/www.aimycomfort.com\/store\/de\/wp-json\/wp\/v2\/media\/23440"}],"wp:attachment":[{"href":"https:\/\/www.aimycomfort.com\/store\/de\/wp-json\/wp\/v2\/media?parent=23566"}],"wp:term":[{"taxonomy":"product_brand","embeddable":true,"href":"https:\/\/www.aimycomfort.com\/store\/de\/wp-json\/wp\/v2\/product_brand?post=23566"},{"taxonomy":"product_cat","embeddable":true,"href":"https:\/\/www.aimycomfort.com\/store\/de\/wp-json\/wp\/v2\/product_cat?post=23566"},{"taxonomy":"product_tag","embeddable":true,"href":"https:\/\/www.aimycomfort.com\/store\/de\/wp-json\/wp\/v2\/product_tag?post=23566"}],"curies":[{"name":"wp","href":"https:\/\/api.w.org\/{rel}","templated":true}]}}