{"id":23521,"date":"2024-12-10T06:05:30","date_gmt":"2024-12-10T06:05:30","guid":{"rendered":"https:\/\/www.aimycomfort.com\/store\/product\/foldable-memory-foam-office-sleeper-pillow\/"},"modified":"2024-12-10T08:39:52","modified_gmt":"2024-12-10T08:39:52","slug":"foldable-memory-foam-office-sleeper-pillow","status":"publish","type":"product","link":"https:\/\/www.aimycomfort.com\/store\/de\/produkt\/foldable-memory-foam-office-sleeper-pillow\/","title":{"rendered":"Oreiller Pliable en Mousse \u00e0 M\u00e9moire de Forme pour Bureau"},"content":{"rendered":"<p>Das Faltbare Memory-Schaum-B\u00fcroschlafkissen wurde entwickelt, um ergonomische Unterst\u00fctzung f\u00fcr Nickerchen, Lendenwirbelschutz und Entspannung zu bieten. Mit seiner zweiten Generation bietet es ein faltbares Design, das nahtlos zwischen einem Nackenkissen und einer Lendenwirbelst\u00fctze wechselt und vielseitigen Komfort f\u00fcr B\u00fcro- oder Heimgebrauch bietet.<\/p>\n<h2><strong>Hauptmerkmale des B\u00fcroschlafkissens:<\/strong><\/h2>\n<ul>\n<li><strong>Ergonomisches Design f\u00fcr optimalen Halt<\/strong><br \/>\nVerf\u00fcgt \u00fcber ein <strong>zentral konkaves Design<\/strong> und einen <strong>40\u00b0-Entspannungswinkel<\/strong>, um Kopf, Nacken und Wirbels\u00e4ule zu st\u00fctzen, eine reibungslose Atmung zu gew\u00e4hrleisten und Schmerzen w\u00e4hrend des Nickerchens zu reduzieren.<\/li>\n<li><strong>Faltbar und vielseitig<\/strong><br \/>\nL\u00e4sst sich leicht in eine <strong>Lendenwirbelst\u00fctze<\/strong> mit einem stabilen Gurt und magnetischer Fixierung verwandeln, bietet sofortigen Schutz und Komfort f\u00fcr den unteren R\u00fccken.<\/li>\n<li><strong>Komfortable und atmungsaktive Materialien<\/strong><br \/>\nHergestellt aus <strong>langsam r\u00fcckfederndem Memory-Schaum<\/strong> zur Druckentlastung und einem <strong>hautfreundlichen elastischen Stoff<\/strong>, der atmungsaktiv, feuchtigkeitsabsorbierend und dank seines unsichtbaren Rei\u00dfverschlussdesigns leicht zu reinigen ist.<\/li>\n<li><strong>Innovative Schlafpositionen<\/strong><br \/>\nUnterst\u00fctzt mehrere Schlafpositionen, einschlie\u00dflich <strong>Bauchschlaf<\/strong> mit einer Gesichtsmulde f\u00fcr reibungslose Atmung und <strong>Seitenschlaf<\/strong>, um Taubheitsgef\u00fchle und Nackenschmerzen zu vermeiden.<\/li>\n<\/ul>\n<hr \/>\n<p>Verbessern Sie Ihre B\u00fcroschl\u00e4fchen mit dem Faltbaren Memory-Schaum-B\u00fcroschlafkissen. Ergonomisch, vielseitig und atmungsaktiv bietet es ultimativen Komfort und Unterst\u00fctzung f\u00fcr Arbeitspausen oder Entspannung.<\/p>\n","protected":false},"excerpt":{"rendered":"<p>Das Faltbare Memory-Schaum-B\u00fcroschlafkissen bietet ergonomische Unterst\u00fctzung f\u00fcr Nickerchen und Lendenwirbelschutz dank seines vielseitigen, faltbaren Designs. Hergestellt aus langsam r\u00fcckfederndem Memory-Schaum und atmungsaktivem elastischem Stoff, sorgt es f\u00fcr Komfort, Druckentlastung und eine reibungslose Atmung in verschiedenen Schlafpositionen. Perfekt f\u00fcr den Einsatz im B\u00fcro oder zu Hause.<\/p>\n","protected":false},"featured_media":23335,"comment_status":"open","ping_status":"closed","template":"","meta":{"site-sidebar-layout":"default","site-content-layout":"","ast-site-content-layout":"default","site-content-style":"default","site-sidebar-style":"default","ast-global-header-display":"","ast-banner-title-visibility":"","ast-main-header-display":"","ast-hfb-above-header-display":"","ast-hfb-below-header-display":"","ast-hfb-mobile-header-display":"","site-post-title":"","ast-breadcrumbs-content":"","ast-featured-img":"","footer-sml-layout":"","theme-transparent-header-meta":"default","adv-header-id-meta":"","stick-header-meta":"","header-above-stick-meta":"","header-main-stick-meta":"","header-below-stick-meta":"","astra-migrate-meta-layouts":"set","ast-page-background-enabled":"default","ast-page-background-meta":{"desktop":{"background-color":"var(--ast-global-color-4)","background-image":"","background-repeat":"repeat","background-position":"center center","background-size":"auto","background-attachment":"scroll","background-type":"","background-media":"","overlay-type":"","overlay-color":"","overlay-opacity":"","overlay-gradient":""},"tablet":{"background-color":"","background-image":"","background-repeat":"repeat","background-position":"center center","background-size":"auto","background-attachment":"scroll","background-type":"","background-media":"","overlay-type":"","overlay-color":"","overlay-opacity":"","overlay-gradient":""},"mobile":{"background-color":"","background-image":"","background-repeat":"repeat","background-position":"center center","background-size":"auto","background-attachment":"scroll","background-type":"","background-media":"","overlay-type":"","overlay-color":"","overlay-opacity":"","overlay-gradient":""}},"ast-content-background-meta":{"desktop":{"background-color":"var(--ast-global-color-5)","background-image":"","background-repeat":"repeat","background-position":"center center","background-size":"auto","background-attachment":"scroll","background-type":"","background-media":"","overlay-type":"","overlay-color":"","overlay-opacity":"","overlay-gradient":""},"tablet":{"background-color":"var(--ast-global-color-5)","background-image":"","background-repeat":"repeat","background-position":"center center","background-size":"auto","background-attachment":"scroll","background-type":"","background-media":"","overlay-type":"","overlay-color":"","overlay-opacity":"","overlay-gradient":""},"mobile":{"background-color":"var(--ast-global-color-5)","background-image":"","background-repeat":"repeat","background-position":"center center","background-size":"auto","background-attachment":"scroll","background-type":"","background-media":"","overlay-type":"","overlay-color":"","overlay-opacity":"","overlay-gradient":""}}},"product_brand":[],"product_cat":[205,885],"product_tag":[207,794,562],"class_list":{"0":"post-23521","1":"product","2":"type-product","3":"status-publish","4":"has-post-thumbnail","6":"product_cat-kissenkollektion","7":"product_cat-nickerchen-kissen","8":"product_tag-kissen","9":"product_tag-memory-foam-de-2","10":"product_tag-neck-protect-de","11":"desktop-align-left","12":"tablet-align-left","13":"mobile-align-left","14":"ast-product-gallery-layout-horizontal-slider","15":"ast-product-single-variable","16":"ast-product-tabs-layout-horizontal","17":"ast-qv-on-image","19":"first","20":"instock","21":"shipping-taxable","22":"purchasable","23":"product-type-variable"},"aioseo_notices":[],"_links":{"self":[{"href":"https:\/\/www.aimycomfort.com\/store\/de\/wp-json\/wp\/v2\/product\/23521","targetHints":{"allow":["GET"]}}],"collection":[{"href":"https:\/\/www.aimycomfort.com\/store\/de\/wp-json\/wp\/v2\/product"}],"about":[{"href":"https:\/\/www.aimycomfort.com\/store\/de\/wp-json\/wp\/v2\/types\/product"}],"replies":[{"embeddable":true,"href":"https:\/\/www.aimycomfort.com\/store\/de\/wp-json\/wp\/v2\/comments?post=23521"}],"wp:featuredmedia":[{"embeddable":true,"href":"https:\/\/www.aimycomfort.com\/store\/de\/wp-json\/wp\/v2\/media\/23335"}],"wp:attachment":[{"href":"https:\/\/www.aimycomfort.com\/store\/de\/wp-json\/wp\/v2\/media?parent=23521"}],"wp:term":[{"taxonomy":"product_brand","embeddable":true,"href":"https:\/\/www.aimycomfort.com\/store\/de\/wp-json\/wp\/v2\/product_brand?post=23521"},{"taxonomy":"product_cat","embeddable":true,"href":"https:\/\/www.aimycomfort.com\/store\/de\/wp-json\/wp\/v2\/product_cat?post=23521"},{"taxonomy":"product_tag","embeddable":true,"href":"https:\/\/www.aimycomfort.com\/store\/de\/wp-json\/wp\/v2\/product_tag?post=23521"}],"curies":[{"name":"wp","href":"https:\/\/api.w.org\/{rel}","templated":true}]}}