{"id":22682,"date":"2024-12-05T07:09:04","date_gmt":"2024-12-05T07:09:04","guid":{"rendered":"https:\/\/www.aimycomfort.com\/store\/product\/folding-yoga-mat-portable-anti-slip\/"},"modified":"2024-12-05T08:56:54","modified_gmt":"2024-12-05T08:56:54","slug":"folding-yoga-mat-portable-anti-slip","status":"publish","type":"product","link":"https:\/\/www.aimycomfort.com\/store\/de\/produkt\/folding-yoga-mat-portable-anti-slip\/","title":{"rendered":"Faltbare Tragbare Rutschfeste Yogamatte"},"content":{"rendered":"<p>Die **Faltbare Yogamatte** kombiniert Tragbarkeit, Funktionalit\u00e4t und Stil und ist damit perfekt f\u00fcr Yoga-Enthusiasten unterwegs. Ihr **leichtes, faltbares Design** sorgt f\u00fcr einfache Lagerung und Transport, w\u00e4hrend das **beidseitige Anti-Rutsch-Muster** einen sicheren Halt auf jeder Oberfl\u00e4che bietet. Hergestellt aus **SGS-zertifiziertem PVC**, ist sie umweltfreundlich, langlebig und sicher f\u00fcr den t\u00e4glichen Gebrauch.<\/p>\n<h2><strong>Hauptmerkmale der Yogamatte:<\/strong><\/h2>\n<ul>\n<li><strong>Tragbar und faltbar<\/strong><br \/>\nDie Matte l\u00e4sst sich leicht zusammenfalten und \u00fcberall bequem verwenden \u2013 zu Hause, im Studio oder auf Reisen.<\/li>\n<li><strong>Stilvolles und funktionales Design<\/strong><br \/>\nMit modischen Drucken, darunter <strong>14 Standard-Yoga-Posen<\/strong> und personalisierten Buchstabendesigns, verleiht sie Ihrer Praxis einen trendigen Touch.<\/li>\n<li><strong>Rutschfest und langlebig<\/strong><br \/>\nDas klare Anti-Rutsch-Muster sorgt f\u00fcr Stabilit\u00e4t auf jeder Oberfl\u00e4che, w\u00e4hrend das <strong>rei\u00dffeste Material<\/strong> ein Einrollen der Kanten und Risse verhindert.<\/li>\n<li><strong>Komfortabel und unterst\u00fctzend<\/strong><br \/>\nMit einer <strong>5 mm Dicke<\/strong> und einer hoch elastischen Polsterung sch\u00fctzt die Matte Ihre Gelenke und bietet eine bequeme Oberfl\u00e4che f\u00fcr alle Posen.<\/li>\n<li><strong>Wasserdicht und leicht zu reinigen<\/strong><br \/>\nDie Matte ist wasserdicht und kann m\u00fchelos mit Seifenwasser gereinigt werden, sodass sie frisch und hygienisch bleibt.<\/li>\n<\/ul>\n<hr \/>\n<p><strong>Bleiben Sie stilvoll und bequem mit der Faltbaren Yogamatte.<\/strong> Ihr tragbares Design, die rutschfeste Oberfl\u00e4che und die trendigen Drucke machen sie zum perfekten Begleiter f\u00fcr Yoga, Fitness oder Meditation \u00fcberall.<\/p>\n","protected":false},"excerpt":{"rendered":"<p>Die Faltbare Yogamatte ist leicht, tragbar und verf\u00fcgt \u00fcber ein faltbares Design f\u00fcr einfachen Transport. Hergestellt aus umweltfreundlichem PVC, bietet sie eine 5 mm dicke, rutschfeste Oberfl\u00e4che mit hoch elastischer Polsterung f\u00fcr Gelenkkomfort. Stilvolle Drucke, langlebiges Material und einfache Reinigung machen sie perfekt f\u00fcr Yoga, Fitness oder Reisen.<\/p>\n","protected":false},"featured_media":22479,"comment_status":"open","ping_status":"closed","template":"","meta":{"site-sidebar-layout":"default","site-content-layout":"","ast-site-content-layout":"default","site-content-style":"default","site-sidebar-style":"default","ast-global-header-display":"","ast-banner-title-visibility":"","ast-main-header-display":"","ast-hfb-above-header-display":"","ast-hfb-below-header-display":"","ast-hfb-mobile-header-display":"","site-post-title":"","ast-breadcrumbs-content":"","ast-featured-img":"","footer-sml-layout":"","theme-transparent-header-meta":"default","adv-header-id-meta":"","stick-header-meta":"","header-above-stick-meta":"","header-main-stick-meta":"","header-below-stick-meta":"","astra-migrate-meta-layouts":"set","ast-page-background-enabled":"default","ast-page-background-meta":{"desktop":{"background-color":"var(--ast-global-color-4)","background-image":"","background-repeat":"repeat","background-position":"center center","background-size":"auto","background-attachment":"scroll","background-type":"","background-media":"","overlay-type":"","overlay-color":"","overlay-opacity":"","overlay-gradient":""},"tablet":{"background-color":"","background-image":"","background-repeat":"repeat","background-position":"center center","background-size":"auto","background-attachment":"scroll","background-type":"","background-media":"","overlay-type":"","overlay-color":"","overlay-opacity":"","overlay-gradient":""},"mobile":{"background-color":"","background-image":"","background-repeat":"repeat","background-position":"center center","background-size":"auto","background-attachment":"scroll","background-type":"","background-media":"","overlay-type":"","overlay-color":"","overlay-opacity":"","overlay-gradient":""}},"ast-content-background-meta":{"desktop":{"background-color":"var(--ast-global-color-5)","background-image":"","background-repeat":"repeat","background-position":"center center","background-size":"auto","background-attachment":"scroll","background-type":"","background-media":"","overlay-type":"","overlay-color":"","overlay-opacity":"","overlay-gradient":""},"tablet":{"background-color":"var(--ast-global-color-5)","background-image":"","background-repeat":"repeat","background-position":"center center","background-size":"auto","background-attachment":"scroll","background-type":"","background-media":"","overlay-type":"","overlay-color":"","overlay-opacity":"","overlay-gradient":""},"mobile":{"background-color":"var(--ast-global-color-5)","background-image":"","background-repeat":"repeat","background-position":"center center","background-size":"auto","background-attachment":"scroll","background-type":"","background-media":"","overlay-type":"","overlay-color":"","overlay-opacity":"","overlay-gradient":""}}},"product_brand":[],"product_cat":[304],"product_tag":[984],"class_list":{"0":"post-22682","1":"product","2":"type-product","3":"status-publish","4":"has-post-thumbnail","6":"product_cat-yogamatte","7":"product_tag-yogamatte","8":"desktop-align-left","9":"tablet-align-left","10":"mobile-align-left","11":"ast-product-gallery-layout-horizontal-slider","12":"ast-product-single-variable","13":"ast-product-tabs-layout-horizontal","14":"ast-qv-on-image","16":"first","17":"instock","18":"shipping-taxable","19":"purchasable","20":"product-type-variable"},"aioseo_notices":[],"_links":{"self":[{"href":"https:\/\/www.aimycomfort.com\/store\/de\/wp-json\/wp\/v2\/product\/22682","targetHints":{"allow":["GET"]}}],"collection":[{"href":"https:\/\/www.aimycomfort.com\/store\/de\/wp-json\/wp\/v2\/product"}],"about":[{"href":"https:\/\/www.aimycomfort.com\/store\/de\/wp-json\/wp\/v2\/types\/product"}],"replies":[{"embeddable":true,"href":"https:\/\/www.aimycomfort.com\/store\/de\/wp-json\/wp\/v2\/comments?post=22682"}],"wp:featuredmedia":[{"embeddable":true,"href":"https:\/\/www.aimycomfort.com\/store\/de\/wp-json\/wp\/v2\/media\/22479"}],"wp:attachment":[{"href":"https:\/\/www.aimycomfort.com\/store\/de\/wp-json\/wp\/v2\/media?parent=22682"}],"wp:term":[{"taxonomy":"product_brand","embeddable":true,"href":"https:\/\/www.aimycomfort.com\/store\/de\/wp-json\/wp\/v2\/product_brand?post=22682"},{"taxonomy":"product_cat","embeddable":true,"href":"https:\/\/www.aimycomfort.com\/store\/de\/wp-json\/wp\/v2\/product_cat?post=22682"},{"taxonomy":"product_tag","embeddable":true,"href":"https:\/\/www.aimycomfort.com\/store\/de\/wp-json\/wp\/v2\/product_tag?post=22682"}],"curies":[{"name":"wp","href":"https:\/\/api.w.org\/{rel}","templated":true}]}}