{"id":22350,"date":"2024-12-04T06:23:45","date_gmt":"2024-12-04T06:23:45","guid":{"rendered":"https:\/\/www.aimycomfort.com\/store\/product\/lumbar-support-bowknot-waist-protection\/"},"modified":"2024-12-04T07:37:58","modified_gmt":"2024-12-04T07:37:58","slug":"lumbar-support-bowknot-waist-protection","status":"publish","type":"product","link":"https:\/\/www.aimycomfort.com\/store\/de\/produkt\/lumbar-support-bowknot-waist-protection\/","title":{"rendered":"Lendenwirbelst\u00fctze mit Schleifenform"},"content":{"rendered":"<p>Lindern Sie R\u00fcckenschmerzen und genie\u00dfen Sie \u00fcberlegenen Komfort mit der **Lendenwirbelst\u00fctze mit Schleifenform**, die entwickelt wurde, um **rundum ergonomische Unterst\u00fctzung** f\u00fcr Ihre Lenden- und R\u00fcckenmuskulatur zu bieten. Das innovative **W-f\u00f6rmige Kurvendesign** und die **Schmetterlingsschleifenstruktur** sorgen f\u00fcr eine bequeme, passgenaue Form, die den Druck gleichm\u00e4\u00dfig verteilt und Erm\u00fcdung bei l\u00e4ngerem Sitzen reduziert.<\/p>\n<h2><strong>Hauptmerkmale der Lendenwirbelst\u00fctze:<\/strong><\/h2>\n<ul>\n<li><strong>Ergonomisches Design f\u00fcr optimalen Halt<\/strong><br \/>\nDas segmentierte Unterst\u00fctzungssystem passt sich der nat\u00fcrlichen Kr\u00fcmmung Ihrer Wirbels\u00e4ule an und bietet eine ausgewogene Druckentlastung f\u00fcr die Lenden- und R\u00fcckenmuskulatur. Die erh\u00f6hten Seiten und der mittige, konvexe Massagebereich zielen auf Schmerzpunkte ab und bieten sanfte Kompression und Unterst\u00fctzung genau dort, wo Sie sie am meisten ben\u00f6tigen.<\/li>\n<li><strong>Komfortabel und atmungsaktiv<\/strong><br \/>\nDas geschwungene Design umschlie\u00dft Ihre Taille und Ihren R\u00fccken und sorgt f\u00fcr eine bequeme Passform ohne ein stickiges Gef\u00fchl. Hergestellt aus <strong>Zhigongni-Stoff<\/strong>, ist das Material weich, atmungsaktiv und erfrischend \u2013 perfekt f\u00fcr l\u00e4ngeren Gebrauch.<\/li>\n<li><strong>Kompakt und vielseitig<\/strong><br \/>\nLeicht und tragbar, ist diese Lendenwirbelst\u00fctze ideal f\u00fcr <strong>B\u00fcrost\u00fchle, Autositze oder den Heimgebrauch<\/strong> und bietet zuverl\u00e4ssige Unterst\u00fctzung in jeder Umgebung. Das <strong>unsichtbare Rei\u00dfverschlussdesign<\/strong> erm\u00f6glicht eine einfache Entfernung und Reinigung und sorgt f\u00fcr Hygiene und Langlebigkeit.<\/li>\n<li><strong>L\u00e4ngeres Sitzen ohne Erm\u00fcdung<\/strong><br \/>\nDas schleifenf\u00f6rmige Design st\u00fctzt die Taille und die Wirbels\u00e4ule, verteilt den Druck und verhindert Unbehagen bei langen Sitzzeiten. Perfekt f\u00fcr Berufst\u00e4tige, Fahrer oder alle, die eine verbesserte Lendenwirbelpflege suchen.<\/li>\n<\/ul>\n<hr \/>\n<p><strong>Verbessern Sie Ihr Sitzerlebnis mit der Lendenwirbelst\u00fctze mit Schleifenform.<\/strong> Entwickelt f\u00fcr Komfort, Unterst\u00fctzung und Langlebigkeit, ist sie die perfekte L\u00f6sung f\u00fcr eine ges\u00fcndere, schmerzfreie Haltung bei langen Arbeits- oder Reisezeiten.<\/p>\n","protected":false},"excerpt":{"rendered":"<p>Die Lendenwirbelst\u00fctze mit Schleifenform ist ergonomisch gestaltet, um umfassende Unterst\u00fctzung und Druckentlastung f\u00fcr Ihre Lenden- und R\u00fcckenmuskulatur zu bieten. Die W-f\u00f6rmige Kurve und das Schmetterlingsschleifen-Design sorgen f\u00fcr eine bequeme Passform und verteilen den Druck, sodass Sie auch bei l\u00e4ngerem Sitzen keine Erm\u00fcdung versp\u00fcren. Perfekt f\u00fcr B\u00fcro, Autofahren oder den Heimgebrauch, verf\u00fcgt sie \u00fcber atmungsaktiven Stoff, einen waschbaren Bezug und ein kompaktes, komfortables Design f\u00fcr eine langanhaltende Lendenwirbelpflege.<\/p>\n","protected":false},"featured_media":22072,"comment_status":"open","ping_status":"closed","template":"","meta":{"site-sidebar-layout":"default","site-content-layout":"","ast-site-content-layout":"default","site-content-style":"default","site-sidebar-style":"default","ast-global-header-display":"","ast-banner-title-visibility":"","ast-main-header-display":"","ast-hfb-above-header-display":"","ast-hfb-below-header-display":"","ast-hfb-mobile-header-display":"","site-post-title":"","ast-breadcrumbs-content":"","ast-featured-img":"","footer-sml-layout":"","theme-transparent-header-meta":"default","adv-header-id-meta":"","stick-header-meta":"","header-above-stick-meta":"","header-main-stick-meta":"","header-below-stick-meta":"","astra-migrate-meta-layouts":"set","ast-page-background-enabled":"default","ast-page-background-meta":{"desktop":{"background-color":"var(--ast-global-color-4)","background-image":"","background-repeat":"repeat","background-position":"center center","background-size":"auto","background-attachment":"scroll","background-type":"","background-media":"","overlay-type":"","overlay-color":"","overlay-opacity":"","overlay-gradient":""},"tablet":{"background-color":"","background-image":"","background-repeat":"repeat","background-position":"center center","background-size":"auto","background-attachment":"scroll","background-type":"","background-media":"","overlay-type":"","overlay-color":"","overlay-opacity":"","overlay-gradient":""},"mobile":{"background-color":"","background-image":"","background-repeat":"repeat","background-position":"center center","background-size":"auto","background-attachment":"scroll","background-type":"","background-media":"","overlay-type":"","overlay-color":"","overlay-opacity":"","overlay-gradient":""}},"ast-content-background-meta":{"desktop":{"background-color":"var(--ast-global-color-5)","background-image":"","background-repeat":"repeat","background-position":"center center","background-size":"auto","background-attachment":"scroll","background-type":"","background-media":"","overlay-type":"","overlay-color":"","overlay-opacity":"","overlay-gradient":""},"tablet":{"background-color":"var(--ast-global-color-5)","background-image":"","background-repeat":"repeat","background-position":"center center","background-size":"auto","background-attachment":"scroll","background-type":"","background-media":"","overlay-type":"","overlay-color":"","overlay-opacity":"","overlay-gradient":""},"mobile":{"background-color":"var(--ast-global-color-5)","background-image":"","background-repeat":"repeat","background-position":"center center","background-size":"auto","background-attachment":"scroll","background-type":"","background-media":"","overlay-type":"","overlay-color":"","overlay-opacity":"","overlay-gradient":""}}},"product_brand":[],"product_cat":[810,799,214],"product_tag":[790,793],"class_list":{"0":"post-22350","1":"product","2":"type-product","3":"status-publish","4":"has-post-thumbnail","6":"product_cat-lendenkissen-fuer-das-buero","7":"product_cat-lendenkissen-fuer-fahrer","8":"product_cat-lendenwirbelstutze","9":"product_tag-ergonomic-support-de","10":"product_tag-lumbar-support-de","11":"desktop-align-left","12":"tablet-align-left","13":"mobile-align-left","14":"ast-product-gallery-layout-horizontal-slider","15":"ast-product-single-variable","16":"ast-product-tabs-layout-horizontal","17":"ast-qv-on-image","19":"first","20":"instock","21":"shipping-taxable","22":"product-type-variable"},"aioseo_notices":[],"_links":{"self":[{"href":"https:\/\/www.aimycomfort.com\/store\/de\/wp-json\/wp\/v2\/product\/22350","targetHints":{"allow":["GET"]}}],"collection":[{"href":"https:\/\/www.aimycomfort.com\/store\/de\/wp-json\/wp\/v2\/product"}],"about":[{"href":"https:\/\/www.aimycomfort.com\/store\/de\/wp-json\/wp\/v2\/types\/product"}],"replies":[{"embeddable":true,"href":"https:\/\/www.aimycomfort.com\/store\/de\/wp-json\/wp\/v2\/comments?post=22350"}],"wp:featuredmedia":[{"embeddable":true,"href":"https:\/\/www.aimycomfort.com\/store\/de\/wp-json\/wp\/v2\/media\/22072"}],"wp:attachment":[{"href":"https:\/\/www.aimycomfort.com\/store\/de\/wp-json\/wp\/v2\/media?parent=22350"}],"wp:term":[{"taxonomy":"product_brand","embeddable":true,"href":"https:\/\/www.aimycomfort.com\/store\/de\/wp-json\/wp\/v2\/product_brand?post=22350"},{"taxonomy":"product_cat","embeddable":true,"href":"https:\/\/www.aimycomfort.com\/store\/de\/wp-json\/wp\/v2\/product_cat?post=22350"},{"taxonomy":"product_tag","embeddable":true,"href":"https:\/\/www.aimycomfort.com\/store\/de\/wp-json\/wp\/v2\/product_tag?post=22350"}],"curies":[{"name":"wp","href":"https:\/\/api.w.org\/{rel}","templated":true}]}}