{"id":22260,"date":"2024-12-04T07:26:23","date_gmt":"2024-12-04T07:26:23","guid":{"rendered":"https:\/\/www.aimycomfort.com\/store\/product\/portable-wrap-around-nap-pillow\/"},"modified":"2024-12-04T08:32:29","modified_gmt":"2024-12-04T08:32:29","slug":"portable-wrap-around-nap-pillow","status":"publish","type":"product","link":"https:\/\/www.aimycomfort.com\/store\/de\/produkt\/portable-wrap-around-nap-pillow\/","title":{"rendered":"Tragbares Rundum-Nickerchenkissen"},"content":{"rendered":"<p>Erleben Sie die ultimative L\u00f6sung f\u00fcr ein Nickerchen mit dem **Tragbaren Rundum-Nickerchenkissen**, das **360\u00b0 ergonomische Unterst\u00fctzung** f\u00fcr Kopf, Nacken und Arme bietet. Hergestellt aus **hautfreundlichem Milchsilk-Stoff** und einem **langsamen R\u00fcckprall-Memory-Schaumkern**, sorgt dieses Kissen f\u00fcr ein weiches, atmungsaktives und komfortables Erlebnis \u2013 perfekt f\u00fcr kurze Nickerchen zu Hause, im B\u00fcro oder unterwegs.<\/p>\n<h2><strong>Hauptmerkmale des Nickerchenkissens:<\/strong><\/h2>\n<ul>\n<li><strong>Innovatives ergonomisches Design<\/strong><br \/>\nMit einem patentierten Design, das <strong>4 Funktionszonen<\/strong> umfasst, bietet das Kissen eine gebogene Unterst\u00fctzung f\u00fcr Kopf, Nacken und Arme, um Entspannung und eine korrekte Ausrichtung zu gew\u00e4hrleisten. Das <strong>goldene H\u00f6hen-Design<\/strong> sch\u00fctzt die Halswirbels\u00e4ule und erh\u00e4lt ihre nat\u00fcrliche Kr\u00fcmmung f\u00fcr ein ges\u00fcnderes Nickerchen.<\/li>\n<li><strong>Bequeme Unterst\u00fctzung f\u00fcr Bauchschl\u00e4fer<\/strong><br \/>\nSpeziell f\u00fcr Bauchschl\u00e4fer entwickelt, verhindert die hohle und atmungsaktive Struktur des Kissens Druck auf Augen, Nase und Mund, erm\u00f6glicht eine reibungslose Atmung und einen bequemen Schlafzustand.<\/li>\n<li><strong>Weiche und hautfreundliche Materialien<\/strong><br \/>\nHergestellt aus <strong>Milchsilk-Stoff<\/strong>, ist das Kissen weich, atmungsaktiv und rutschfest und bietet eine zarte Ber\u00fchrung, die sanft zur Haut ist. Der <strong>Memory-Schaumkern<\/strong> bietet geruchlosen, elastischen Halt f\u00fcr ein luxuri\u00f6ses Nickerchenerlebnis.<\/li>\n<li><strong>Kompakt und vielseitig<\/strong><br \/>\nLeicht und tragbar, ist dieses Kissen perfekt f\u00fcr <strong>B\u00fcro-Nickerchen, Reisen oder den Heimgebrauch<\/strong> und bietet eine stilvolle und funktionale L\u00f6sung f\u00fcr schnelle Erholung \u00fcberall.<\/li>\n<\/ul>\n<hr \/>\n<p><strong>Verbessern Sie Ihr Nickerchen mit dem Tragbaren Rundum-Nickerchenkissen.<\/strong> Dieses Kissen kombiniert \u00c4sthetik und Technologie und bietet unvergleichlichen Komfort und Unterst\u00fctzung, damit Sie sich stilvoll entspannen und neue Energie tanken k\u00f6nnen.<\/p>\n","protected":false},"excerpt":{"rendered":"<p>Das Tragbare Rundum-Nickerchenkissen wurde f\u00fcr ultimativen Komfort entwickelt und bietet eine ergonomische 360\u00b0-Unterst\u00fctzung f\u00fcr Kopf, Nacken und Arme. Hergestellt aus weichem Milchsilk-Stoff und einem langsamen R\u00fcckprall-Memory-Schaumkern, sorgt es f\u00fcr atmungsaktive, hautfreundliche Entspannung. Perfekt f\u00fcr B\u00fcro, Reisen oder Zuhause bietet dieses Kissen ein stilvolles und bequemes Nickerchenerlebnis \u00fcberall.<\/p>\n","protected":false},"featured_media":22143,"comment_status":"open","ping_status":"closed","template":"","meta":{"site-sidebar-layout":"default","site-content-layout":"","ast-site-content-layout":"default","site-content-style":"default","site-sidebar-style":"default","ast-global-header-display":"","ast-banner-title-visibility":"","ast-main-header-display":"","ast-hfb-above-header-display":"","ast-hfb-below-header-display":"","ast-hfb-mobile-header-display":"","site-post-title":"","ast-breadcrumbs-content":"","ast-featured-img":"","footer-sml-layout":"","theme-transparent-header-meta":"default","adv-header-id-meta":"","stick-header-meta":"","header-above-stick-meta":"","header-main-stick-meta":"","header-below-stick-meta":"","astra-migrate-meta-layouts":"set","ast-page-background-enabled":"default","ast-page-background-meta":{"desktop":{"background-color":"var(--ast-global-color-4)","background-image":"","background-repeat":"repeat","background-position":"center center","background-size":"auto","background-attachment":"scroll","background-type":"","background-media":"","overlay-type":"","overlay-color":"","overlay-opacity":"","overlay-gradient":""},"tablet":{"background-color":"","background-image":"","background-repeat":"repeat","background-position":"center center","background-size":"auto","background-attachment":"scroll","background-type":"","background-media":"","overlay-type":"","overlay-color":"","overlay-opacity":"","overlay-gradient":""},"mobile":{"background-color":"","background-image":"","background-repeat":"repeat","background-position":"center center","background-size":"auto","background-attachment":"scroll","background-type":"","background-media":"","overlay-type":"","overlay-color":"","overlay-opacity":"","overlay-gradient":""}},"ast-content-background-meta":{"desktop":{"background-color":"var(--ast-global-color-5)","background-image":"","background-repeat":"repeat","background-position":"center center","background-size":"auto","background-attachment":"scroll","background-type":"","background-media":"","overlay-type":"","overlay-color":"","overlay-opacity":"","overlay-gradient":""},"tablet":{"background-color":"var(--ast-global-color-5)","background-image":"","background-repeat":"repeat","background-position":"center center","background-size":"auto","background-attachment":"scroll","background-type":"","background-media":"","overlay-type":"","overlay-color":"","overlay-opacity":"","overlay-gradient":""},"mobile":{"background-color":"var(--ast-global-color-5)","background-image":"","background-repeat":"repeat","background-position":"center center","background-size":"auto","background-attachment":"scroll","background-type":"","background-media":"","overlay-type":"","overlay-color":"","overlay-opacity":"","overlay-gradient":""}}},"product_brand":[],"product_cat":[912,205,885],"product_tag":[207,562],"class_list":{"0":"post-22260","1":"product","2":"type-product","3":"status-publish","4":"has-post-thumbnail","6":"product_cat-kissen-fuer-kinder","7":"product_cat-kissenkollektion","8":"product_cat-nickerchen-kissen","9":"product_tag-kissen","10":"product_tag-neck-protect-de","11":"desktop-align-left","12":"tablet-align-left","13":"mobile-align-left","14":"ast-product-gallery-layout-horizontal-slider","15":"ast-product-single-variable","16":"ast-product-tabs-layout-horizontal","17":"ast-qv-on-image","19":"first","20":"instock","21":"shipping-taxable","22":"purchasable","23":"product-type-variable"},"aioseo_notices":[],"_links":{"self":[{"href":"https:\/\/www.aimycomfort.com\/store\/de\/wp-json\/wp\/v2\/product\/22260","targetHints":{"allow":["GET"]}}],"collection":[{"href":"https:\/\/www.aimycomfort.com\/store\/de\/wp-json\/wp\/v2\/product"}],"about":[{"href":"https:\/\/www.aimycomfort.com\/store\/de\/wp-json\/wp\/v2\/types\/product"}],"replies":[{"embeddable":true,"href":"https:\/\/www.aimycomfort.com\/store\/de\/wp-json\/wp\/v2\/comments?post=22260"}],"wp:featuredmedia":[{"embeddable":true,"href":"https:\/\/www.aimycomfort.com\/store\/de\/wp-json\/wp\/v2\/media\/22143"}],"wp:attachment":[{"href":"https:\/\/www.aimycomfort.com\/store\/de\/wp-json\/wp\/v2\/media?parent=22260"}],"wp:term":[{"taxonomy":"product_brand","embeddable":true,"href":"https:\/\/www.aimycomfort.com\/store\/de\/wp-json\/wp\/v2\/product_brand?post=22260"},{"taxonomy":"product_cat","embeddable":true,"href":"https:\/\/www.aimycomfort.com\/store\/de\/wp-json\/wp\/v2\/product_cat?post=22260"},{"taxonomy":"product_tag","embeddable":true,"href":"https:\/\/www.aimycomfort.com\/store\/de\/wp-json\/wp\/v2\/product_tag?post=22260"}],"curies":[{"name":"wp","href":"https:\/\/api.w.org\/{rel}","templated":true}]}}