{"id":22038,"date":"2024-12-03T07:30:12","date_gmt":"2024-12-03T07:30:12","guid":{"rendered":"https:\/\/www.aimycomfort.com\/store\/product\/u-shaped-travel-pillow-memory-foam-easy-take\/"},"modified":"2024-12-03T09:01:21","modified_gmt":"2024-12-03T09:01:21","slug":"u-shaped-travel-pillow-memory-foam-easy-take","status":"publish","type":"product","link":"https:\/\/www.aimycomfort.com\/store\/de\/produkt\/u-shaped-travel-pillow-memory-foam-easy-take\/","title":{"rendered":"U-f\u00f6rmiges Reisekissen aus Memory-Schaum Leicht zu Tragen"},"content":{"rendered":"<p>Erleben Sie ultimativen Komfort und Unterst\u00fctzung, wo immer Sie hingehen, mit unserem U-f\u00f6rmigen Reisekissen.** Mit einer funktionalen, wissenschaftlich fundierten Kurve entworfen, bietet dieses Kissen **360\u00b0-Pflege f\u00fcr Ihre Halswirbels\u00e4ule**, sorgt f\u00fcr sp\u00fcrbaren Komfort und effektive Unterst\u00fctzung f\u00fcr Nacken, Schultern und Kopf. Ob auf Reisen, im B\u00fcro oder beim Autofahren \u2013 dieses Kissen ist Ihr perfekter Begleiter f\u00fcr stressfreie Entspannung.<\/p>\n<h2><strong>Hauptmerkmale des Reisekissens:<\/strong><\/h2>\n<ul>\n<li><strong>Ergonomisches Design f\u00fcr maximalen Halt<\/strong><br \/>\nEntworfen, um sich der nat\u00fcrlichen Kr\u00fcmmung des menschlichen Nackens anzupassen, verf\u00fcgt das Kissen \u00fcber eine <strong>doppelte Wangenst\u00fctzkurve<\/strong>, die sich Ihrem Gesicht und Ihren Schultern anpasst und eine bequeme und sichere Passform bietet. Das dicke, gepolsterte Design sorgt f\u00fcr ein weiches, aber festes Gef\u00fchl f\u00fcr langanhaltenden Komfort.<\/li>\n<li><strong>Premium-Memory-Schaum-Kern<\/strong><br \/>\nHergestellt aus hochwertigem Memory-Schaum, passt sich das Kissen sanft Ihrem K\u00f6rper an und bietet <strong>weiche Unterst\u00fctzung und Druckentlastung<\/strong>. Es beh\u00e4lt seine Form bei und bietet aus jedem Winkel starken Halt, wodurch die Belastung von Nacken und Schultern reduziert wird.<\/li>\n<li><strong>Atmungsaktiver Samtstoff<\/strong><br \/>\nEingeh\u00fcllt in <strong>Silver Lake Samtstoff<\/strong>, ist das Kissen weich im Griff, atmungsaktiv und sanft zur Haut. Das temperaturempfindliche Material sorgt f\u00fcr ein gem\u00fctliches Erlebnis in jeder Umgebung.<\/li>\n<li><strong>Verstellbare und anpassbare Passform<\/strong><br \/>\nAusgestattet mit einer <strong>verstellbaren Schnalle<\/strong>, erm\u00f6glicht das Kissen eine individuelle Anpassung von Passform und Elastizit\u00e4t f\u00fcr Ihren Komfort. Das Design sorgt f\u00fcr einen sicheren Halt und verbessert Ihr Schlaferlebnis.<\/li>\n<li><strong>Abnehmbarer und waschbarer Kissenbezug<\/strong><br \/>\nDer Kissenbezug l\u00e4sst sich leicht abnehmen und waschen, sodass Ihr Reisekissen bei jeder Verwendung frisch und hygienisch bleibt.<\/li>\n<\/ul>\n<h4><strong>Vielseitige Verwendung:<\/strong><\/h4>\n<p>Perfekt f\u00fcr <strong>Reisen, B\u00fcroschl\u00e4fchen oder lange Autofahrten<\/strong>, bietet dieses Kissen umfassenden Nackenschutz und verbessert Ihr Entspannungserlebnis, wo immer Sie sind.<\/p>\n<p><strong>Sichere und ungiftige Materialien:<\/strong><br \/>\nDie Rohstoffe entsprechen den nationalen Sicherheitsstandards und gew\u00e4hrleisten ein sicheres und langlebiges Produkt. Der Memory-Schaum ist so konzipiert, dass er seine Form ohne Verformung beibeh\u00e4lt und \u00fcber Jahre hinweg zuverl\u00e4ssige Unterst\u00fctzung bietet.<\/p>\n<hr \/>\n<p><strong>Verbessern Sie Ihr Reise- und Entspannungserlebnis mit dem U-f\u00f6rmigen Memory-Schaum-Reisekissen.<\/strong> Sagen Sie Nackenschmerzen Lebewohl und begr\u00fc\u00dfen Sie stressfreien Komfort, egal wohin das Leben Sie f\u00fchrt!<\/p>\n","protected":false},"excerpt":{"rendered":"<p>Erleben Sie ultimativen Komfort und Unterst\u00fctzung mit dem U-f\u00f6rmigen Reisekissen aus Memory-Schaum, das f\u00fcr eine 360\u00b0-Pflege der Halswirbels\u00e4ule entwickelt wurde. Sein ergonomisches Design, hochwertiger Memory-Schaum und atmungsaktiver Samtstoff sorgen f\u00fcr weiche, druckentlastende Unterst\u00fctzung f\u00fcr Nacken, Schultern und Kopf. Perfekt f\u00fcr Reisen, B\u00fcro oder Autofahren bietet dieses Kissen eine anpassbare Passform und einen waschbaren Bezug f\u00fcr dauerhafte Bequemlichkeit und Hygiene.<\/p>\n","protected":false},"featured_media":21959,"comment_status":"open","ping_status":"closed","template":"","meta":{"site-sidebar-layout":"default","site-content-layout":"","ast-site-content-layout":"default","site-content-style":"default","site-sidebar-style":"default","ast-global-header-display":"","ast-banner-title-visibility":"","ast-main-header-display":"","ast-hfb-above-header-display":"","ast-hfb-below-header-display":"","ast-hfb-mobile-header-display":"","site-post-title":"","ast-breadcrumbs-content":"","ast-featured-img":"","footer-sml-layout":"","theme-transparent-header-meta":"default","adv-header-id-meta":"","stick-header-meta":"","header-above-stick-meta":"","header-main-stick-meta":"","header-below-stick-meta":"","astra-migrate-meta-layouts":"set","ast-page-background-enabled":"default","ast-page-background-meta":{"desktop":{"background-color":"var(--ast-global-color-4)","background-image":"","background-repeat":"repeat","background-position":"center center","background-size":"auto","background-attachment":"scroll","background-type":"","background-media":"","overlay-type":"","overlay-color":"","overlay-opacity":"","overlay-gradient":""},"tablet":{"background-color":"","background-image":"","background-repeat":"repeat","background-position":"center center","background-size":"auto","background-attachment":"scroll","background-type":"","background-media":"","overlay-type":"","overlay-color":"","overlay-opacity":"","overlay-gradient":""},"mobile":{"background-color":"","background-image":"","background-repeat":"repeat","background-position":"center center","background-size":"auto","background-attachment":"scroll","background-type":"","background-media":"","overlay-type":"","overlay-color":"","overlay-opacity":"","overlay-gradient":""}},"ast-content-background-meta":{"desktop":{"background-color":"var(--ast-global-color-5)","background-image":"","background-repeat":"repeat","background-position":"center center","background-size":"auto","background-attachment":"scroll","background-type":"","background-media":"","overlay-type":"","overlay-color":"","overlay-opacity":"","overlay-gradient":""},"tablet":{"background-color":"var(--ast-global-color-5)","background-image":"","background-repeat":"repeat","background-position":"center center","background-size":"auto","background-attachment":"scroll","background-type":"","background-media":"","overlay-type":"","overlay-color":"","overlay-opacity":"","overlay-gradient":""},"mobile":{"background-color":"var(--ast-global-color-5)","background-image":"","background-repeat":"repeat","background-position":"center center","background-size":"auto","background-attachment":"scroll","background-type":"","background-media":"","overlay-type":"","overlay-color":"","overlay-opacity":"","overlay-gradient":""}}},"product_brand":[],"product_cat":[205,894,885,712,858],"product_tag":[207,562,1008],"class_list":{"0":"post-22038","1":"product","2":"type-product","3":"status-publish","4":"has-post-thumbnail","6":"product_cat-kissenkollektion","7":"product_cat-nackenstuetzkissen","8":"product_cat-nickerchen-kissen","9":"product_cat-travel-pillow-de","10":"product_cat-zervikalkissen","11":"product_tag-kissen","12":"product_tag-neck-protect-de","13":"product_tag-travel-pillow-de","14":"desktop-align-left","15":"tablet-align-left","16":"mobile-align-left","17":"ast-product-gallery-layout-horizontal-slider","18":"ast-product-single-variable","19":"ast-product-tabs-layout-horizontal","20":"ast-qv-on-image","22":"first","23":"instock","24":"shipping-taxable","25":"purchasable","26":"product-type-variable"},"aioseo_notices":[],"_links":{"self":[{"href":"https:\/\/www.aimycomfort.com\/store\/de\/wp-json\/wp\/v2\/product\/22038","targetHints":{"allow":["GET"]}}],"collection":[{"href":"https:\/\/www.aimycomfort.com\/store\/de\/wp-json\/wp\/v2\/product"}],"about":[{"href":"https:\/\/www.aimycomfort.com\/store\/de\/wp-json\/wp\/v2\/types\/product"}],"replies":[{"embeddable":true,"href":"https:\/\/www.aimycomfort.com\/store\/de\/wp-json\/wp\/v2\/comments?post=22038"}],"wp:featuredmedia":[{"embeddable":true,"href":"https:\/\/www.aimycomfort.com\/store\/de\/wp-json\/wp\/v2\/media\/21959"}],"wp:attachment":[{"href":"https:\/\/www.aimycomfort.com\/store\/de\/wp-json\/wp\/v2\/media?parent=22038"}],"wp:term":[{"taxonomy":"product_brand","embeddable":true,"href":"https:\/\/www.aimycomfort.com\/store\/de\/wp-json\/wp\/v2\/product_brand?post=22038"},{"taxonomy":"product_cat","embeddable":true,"href":"https:\/\/www.aimycomfort.com\/store\/de\/wp-json\/wp\/v2\/product_cat?post=22038"},{"taxonomy":"product_tag","embeddable":true,"href":"https:\/\/www.aimycomfort.com\/store\/de\/wp-json\/wp\/v2\/product_tag?post=22038"}],"curies":[{"name":"wp","href":"https:\/\/api.w.org\/{rel}","templated":true}]}}