{"id":21712,"date":"2024-11-29T08:01:51","date_gmt":"2024-11-29T08:01:51","guid":{"rendered":"https:\/\/www.aimycomfort.com\/store\/product\/tpe-yoga-mat-widen-thicken-anti-slip\/"},"modified":"2024-11-29T09:24:25","modified_gmt":"2024-11-29T09:24:25","slug":"tpe-yoga-mat-widen-thicken-anti-slip","status":"publish","type":"product","link":"https:\/\/www.aimycomfort.com\/store\/de\/produkt\/tpe-yoga-mat-widen-thicken-anti-slip\/","title":{"rendered":"TPE-Yogamatte Breit, Dick und Rutschfest"},"content":{"rendered":"<p>Erleben Sie ultimativen Komfort und Stabilit\u00e4t mit der TPE-Yogamatte, die f\u00fcr Yoga- und Fitnessbegeisterte entwickelt wurde. Hergestellt aus umweltfreundlichen, geruchsneutralen Materialien, bietet diese Matte eine ger\u00e4umige, langlebige und rutschfeste Oberfl\u00e4che f\u00fcr all Ihre Trainingsbed\u00fcrfnisse.<\/p>\n<h2><strong>Hauptmerkmale der Yogamatte<\/strong>:<\/h2>\n<ul>\n<li><strong>Extra-breites Design<\/strong>: 80 cm Breite bieten uneingeschr\u00e4nkte Bewegungsfreiheit und ausreichend Platz f\u00fcr alle \u00dcbungen.<\/li>\n<li><strong>Dicke f\u00fcr Komfort<\/strong>: 8 mm Dicke bieten hervorragende Polsterung, Gelenkschutz und Sto\u00dfd\u00e4mpfung, ideal f\u00fcr die ganze Familie.<\/li>\n<li><strong>Beidseitige Rutschfestigkeit<\/strong>: Mit einem wissenschaftlichen Anti-Rutsch-Muster auf beiden Seiten f\u00fcr mehr Stabilit\u00e4t w\u00e4hrend des Trainings.<\/li>\n<li><strong>Langlebig und verschlei\u00dffest<\/strong>: Hergestellt aus hochwertigem TPE-Material, das Sch\u00e4den widersteht und eine lange Lebensdauer gew\u00e4hrleistet.<\/li>\n<li><strong>Leicht und tragbar<\/strong>: Wiegt nur 800 g und ist leicht zu transportieren und zu verstauen.<\/li>\n<li><strong>Wasserfest und leicht zu reinigen<\/strong>: Schwei\u00dfresistente Oberfl\u00e4che, die m\u00fchelos abgewischt werden kann.<\/li>\n<li><strong>Umweltfreundliche Materialien<\/strong>: Hergestellt aus nat\u00fcrlichen Extrakten, die eine sichere und beruhigende Praxis gew\u00e4hrleisten.<\/li>\n<\/ul>\n<p>Die TPE-Yogamatte kombiniert Funktionalit\u00e4t, Komfort und Stil mit ihren trendigen Farboptionen und Premium-Funktionen. Perfekt f\u00fcr Yoga, Fitness oder Heimtraining, ist sie ein Muss f\u00fcr alle, die eine zuverl\u00e4ssige und umweltfreundliche Trainingsmatte suchen.<\/p>\n","protected":false},"excerpt":{"rendered":"<p>Diese umweltfreundliche TPE-Yogamatte bietet ein extra breites Design von 80 cm und eine Dicke von 8 mm f\u00fcr ultimativen Komfort, Gelenkschutz und uneingeschr\u00e4nkte Bewegungsfreiheit. Die doppelseitige rutschfeste Oberfl\u00e4che sorgt f\u00fcr Stabilit\u00e4t, w\u00e4hrend das langlebige, wasserdichte Material leicht zu reinigen ist. Perfekt f\u00fcr Yoga, Fitness und Heimtraining.<\/p>\n","protected":false},"featured_media":21608,"comment_status":"open","ping_status":"closed","template":"","meta":{"site-sidebar-layout":"default","site-content-layout":"","ast-site-content-layout":"default","site-content-style":"default","site-sidebar-style":"default","ast-global-header-display":"","ast-banner-title-visibility":"","ast-main-header-display":"","ast-hfb-above-header-display":"","ast-hfb-below-header-display":"","ast-hfb-mobile-header-display":"","site-post-title":"","ast-breadcrumbs-content":"","ast-featured-img":"","footer-sml-layout":"","theme-transparent-header-meta":"default","adv-header-id-meta":"","stick-header-meta":"","header-above-stick-meta":"","header-main-stick-meta":"","header-below-stick-meta":"","astra-migrate-meta-layouts":"set","ast-page-background-enabled":"default","ast-page-background-meta":{"desktop":{"background-color":"var(--ast-global-color-4)","background-image":"","background-repeat":"repeat","background-position":"center center","background-size":"auto","background-attachment":"scroll","background-type":"","background-media":"","overlay-type":"","overlay-color":"","overlay-opacity":"","overlay-gradient":""},"tablet":{"background-color":"","background-image":"","background-repeat":"repeat","background-position":"center center","background-size":"auto","background-attachment":"scroll","background-type":"","background-media":"","overlay-type":"","overlay-color":"","overlay-opacity":"","overlay-gradient":""},"mobile":{"background-color":"","background-image":"","background-repeat":"repeat","background-position":"center center","background-size":"auto","background-attachment":"scroll","background-type":"","background-media":"","overlay-type":"","overlay-color":"","overlay-opacity":"","overlay-gradient":""}},"ast-content-background-meta":{"desktop":{"background-color":"var(--ast-global-color-5)","background-image":"","background-repeat":"repeat","background-position":"center center","background-size":"auto","background-attachment":"scroll","background-type":"","background-media":"","overlay-type":"","overlay-color":"","overlay-opacity":"","overlay-gradient":""},"tablet":{"background-color":"var(--ast-global-color-5)","background-image":"","background-repeat":"repeat","background-position":"center center","background-size":"auto","background-attachment":"scroll","background-type":"","background-media":"","overlay-type":"","overlay-color":"","overlay-opacity":"","overlay-gradient":""},"mobile":{"background-color":"var(--ast-global-color-5)","background-image":"","background-repeat":"repeat","background-position":"center center","background-size":"auto","background-attachment":"scroll","background-type":"","background-media":"","overlay-type":"","overlay-color":"","overlay-opacity":"","overlay-gradient":""}}},"product_brand":[],"product_cat":[304],"product_tag":[975,984],"class_list":{"0":"post-21712","1":"product","2":"type-product","3":"status-publish","4":"has-post-thumbnail","6":"product_cat-yogamatte","7":"product_tag-rutschfest-de","8":"product_tag-yogamatte","9":"desktop-align-left","10":"tablet-align-left","11":"mobile-align-left","12":"ast-product-gallery-layout-horizontal-slider","13":"ast-product-single-variable","14":"ast-product-tabs-layout-horizontal","15":"ast-qv-on-image","17":"first","18":"instock","19":"shipping-taxable","20":"purchasable","21":"product-type-variable"},"aioseo_notices":[],"_links":{"self":[{"href":"https:\/\/www.aimycomfort.com\/store\/de\/wp-json\/wp\/v2\/product\/21712","targetHints":{"allow":["GET"]}}],"collection":[{"href":"https:\/\/www.aimycomfort.com\/store\/de\/wp-json\/wp\/v2\/product"}],"about":[{"href":"https:\/\/www.aimycomfort.com\/store\/de\/wp-json\/wp\/v2\/types\/product"}],"replies":[{"embeddable":true,"href":"https:\/\/www.aimycomfort.com\/store\/de\/wp-json\/wp\/v2\/comments?post=21712"}],"wp:featuredmedia":[{"embeddable":true,"href":"https:\/\/www.aimycomfort.com\/store\/de\/wp-json\/wp\/v2\/media\/21608"}],"wp:attachment":[{"href":"https:\/\/www.aimycomfort.com\/store\/de\/wp-json\/wp\/v2\/media?parent=21712"}],"wp:term":[{"taxonomy":"product_brand","embeddable":true,"href":"https:\/\/www.aimycomfort.com\/store\/de\/wp-json\/wp\/v2\/product_brand?post=21712"},{"taxonomy":"product_cat","embeddable":true,"href":"https:\/\/www.aimycomfort.com\/store\/de\/wp-json\/wp\/v2\/product_cat?post=21712"},{"taxonomy":"product_tag","embeddable":true,"href":"https:\/\/www.aimycomfort.com\/store\/de\/wp-json\/wp\/v2\/product_tag?post=21712"}],"curies":[{"name":"wp","href":"https:\/\/api.w.org\/{rel}","templated":true}]}}