{"id":21267,"date":"2024-11-28T03:24:27","date_gmt":"2024-11-28T03:24:27","guid":{"rendered":"https:\/\/www.aimycomfort.com\/store\/product\/travel-pillow-new-u-shaped-memory-foam-neck-pillow\/"},"modified":"2024-11-28T08:16:13","modified_gmt":"2024-11-28T08:16:13","slug":"travel-pillow-new-u-shaped-memory-foam-neck-pillow","status":"publish","type":"product","link":"https:\/\/www.aimycomfort.com\/store\/de\/produkt\/travel-pillow-new-u-shaped-memory-foam-neck-pillow\/","title":{"rendered":"Reisekissen Neues U-f\u00f6rmiges Memory Foam Nackenkissen"},"content":{"rendered":"<p>Verbessern Sie Ihr Reiseerlebnis mit dem neuen U-f\u00f6rmigen Memory Cotton Nackenkissen, das entwickelt wurde, um \u00fcberlegenen Nackenschutz und Komfort zu bieten. Dieses Reisekissen verf\u00fcgt \u00fcber einen Memory-Schaum-Kern, der dreidimensionale Unterst\u00fctzung bietet, um sicherzustellen, dass Ihre Halswirbels\u00e4ule gut gesch\u00fctzt ist und die Schlafqualit\u00e4t verbessert wird.<\/p>\n<h2><strong>Hauptmerkmale des Reisekissens<\/strong>:<\/h2>\n<ul>\n<li><strong>Ergonomisches Design<\/strong>: Das gebogene Design passt sich eng um Ihren Nacken an und bietet 360\u00b0 drehbare Unterst\u00fctzung f\u00fcr Komfort in jeder Position.<\/li>\n<li><strong>Memory-Schaum-Kern<\/strong>: Bietet langanhaltende, stressfreie Unterst\u00fctzung zur Verbesserung der Schlafqualit\u00e4t w\u00e4hrend der Reise.<\/li>\n<li><strong>Hochwertige Materialien<\/strong>: Hergestellt aus hautfreundlichem Eisseidenstoff, der glatt und angenehm auf der Haut ist.<\/li>\n<li><strong>Exquisite Handwerkskunst<\/strong>: Verf\u00fcgt \u00fcber feine Handwerkskunst mit dreidimensionalem Schnitt f\u00fcr eine professionelle Passform und Verarbeitung.<\/li>\n<li><strong>Unsichtbares Klettdesign<\/strong>: Sorgt f\u00fcr ein elegantes Erscheinungsbild und erm\u00f6glicht eine einfache Anpassung und sicheren Sitz.<\/li>\n<li><strong>Tragbar und Leicht<\/strong>: Kompakte Gr\u00f6\u00dfe und leichtes Design machen es einfach zu tragen und zu verstauen, ideal f\u00fcr Reisen.<\/li>\n<\/ul>\n<p>W\u00e4hlen Sie das neue U-f\u00f6rmige Memory Cotton Nackenkissen f\u00fcr eine Kombination aus Komfort, Unterst\u00fctzung und Stil, um Ihre Reisen erholsamer und angenehmer zu gestalten.<\/p>\n","protected":false},"excerpt":{"rendered":"<p>Dieses Reisekissen bietet weichen, hautfreundlichen Halt mit einem Memory-Schaum-Kern f\u00fcr dreidimensionalen Nackenschutz. Sein gebogenes Design und die 360\u00b0 drehbare Passform sorgen f\u00fcr Komfort und verbessern die Schlafqualit\u00e4t. Es zeichnet sich durch exquisite Handwerkskunst und ein unsichtbares Klettdesign f\u00fcr ein elegantes Aussehen aus.<\/p>\n","protected":false},"featured_media":20869,"comment_status":"open","ping_status":"closed","template":"","meta":{"site-sidebar-layout":"default","site-content-layout":"","ast-site-content-layout":"default","site-content-style":"default","site-sidebar-style":"default","ast-global-header-display":"","ast-banner-title-visibility":"","ast-main-header-display":"","ast-hfb-above-header-display":"","ast-hfb-below-header-display":"","ast-hfb-mobile-header-display":"","site-post-title":"","ast-breadcrumbs-content":"","ast-featured-img":"","footer-sml-layout":"","theme-transparent-header-meta":"default","adv-header-id-meta":"","stick-header-meta":"","header-above-stick-meta":"","header-main-stick-meta":"","header-below-stick-meta":"","astra-migrate-meta-layouts":"set","ast-page-background-enabled":"default","ast-page-background-meta":{"desktop":{"background-color":"var(--ast-global-color-4)","background-image":"","background-repeat":"repeat","background-position":"center center","background-size":"auto","background-attachment":"scroll","background-type":"","background-media":"","overlay-type":"","overlay-color":"","overlay-opacity":"","overlay-gradient":""},"tablet":{"background-color":"","background-image":"","background-repeat":"repeat","background-position":"center center","background-size":"auto","background-attachment":"scroll","background-type":"","background-media":"","overlay-type":"","overlay-color":"","overlay-opacity":"","overlay-gradient":""},"mobile":{"background-color":"","background-image":"","background-repeat":"repeat","background-position":"center center","background-size":"auto","background-attachment":"scroll","background-type":"","background-media":"","overlay-type":"","overlay-color":"","overlay-opacity":"","overlay-gradient":""}},"ast-content-background-meta":{"desktop":{"background-color":"var(--ast-global-color-5)","background-image":"","background-repeat":"repeat","background-position":"center center","background-size":"auto","background-attachment":"scroll","background-type":"","background-media":"","overlay-type":"","overlay-color":"","overlay-opacity":"","overlay-gradient":""},"tablet":{"background-color":"var(--ast-global-color-5)","background-image":"","background-repeat":"repeat","background-position":"center center","background-size":"auto","background-attachment":"scroll","background-type":"","background-media":"","overlay-type":"","overlay-color":"","overlay-opacity":"","overlay-gradient":""},"mobile":{"background-color":"var(--ast-global-color-5)","background-image":"","background-repeat":"repeat","background-position":"center center","background-size":"auto","background-attachment":"scroll","background-type":"","background-media":"","overlay-type":"","overlay-color":"","overlay-opacity":"","overlay-gradient":""}}},"product_brand":[],"product_cat":[205,894,712],"product_tag":[207,794,562],"class_list":{"0":"post-21267","1":"product","2":"type-product","3":"status-publish","4":"has-post-thumbnail","6":"product_cat-kissenkollektion","7":"product_cat-nackenstuetzkissen","8":"product_cat-travel-pillow-de","9":"product_tag-kissen","10":"product_tag-memory-foam-de-2","11":"product_tag-neck-protect-de","12":"desktop-align-left","13":"tablet-align-left","14":"mobile-align-left","15":"ast-product-gallery-layout-horizontal-slider","16":"ast-product-single-variable","17":"ast-product-tabs-layout-horizontal","18":"ast-qv-on-image","20":"first","21":"instock","22":"shipping-taxable","23":"purchasable","24":"product-type-variable"},"aioseo_notices":[],"_links":{"self":[{"href":"https:\/\/www.aimycomfort.com\/store\/de\/wp-json\/wp\/v2\/product\/21267","targetHints":{"allow":["GET"]}}],"collection":[{"href":"https:\/\/www.aimycomfort.com\/store\/de\/wp-json\/wp\/v2\/product"}],"about":[{"href":"https:\/\/www.aimycomfort.com\/store\/de\/wp-json\/wp\/v2\/types\/product"}],"replies":[{"embeddable":true,"href":"https:\/\/www.aimycomfort.com\/store\/de\/wp-json\/wp\/v2\/comments?post=21267"}],"wp:featuredmedia":[{"embeddable":true,"href":"https:\/\/www.aimycomfort.com\/store\/de\/wp-json\/wp\/v2\/media\/20869"}],"wp:attachment":[{"href":"https:\/\/www.aimycomfort.com\/store\/de\/wp-json\/wp\/v2\/media?parent=21267"}],"wp:term":[{"taxonomy":"product_brand","embeddable":true,"href":"https:\/\/www.aimycomfort.com\/store\/de\/wp-json\/wp\/v2\/product_brand?post=21267"},{"taxonomy":"product_cat","embeddable":true,"href":"https:\/\/www.aimycomfort.com\/store\/de\/wp-json\/wp\/v2\/product_cat?post=21267"},{"taxonomy":"product_tag","embeddable":true,"href":"https:\/\/www.aimycomfort.com\/store\/de\/wp-json\/wp\/v2\/product_tag?post=21267"}],"curies":[{"name":"wp","href":"https:\/\/api.w.org\/{rel}","templated":true}]}}