{"id":21234,"date":"2024-11-28T05:59:24","date_gmt":"2024-11-28T05:59:24","guid":{"rendered":"https:\/\/www.aimycomfort.com\/store\/product\/neck-pillow-memory-foam-ergonomic-neck-protection\/"},"modified":"2024-11-28T08:36:19","modified_gmt":"2024-11-28T08:36:19","slug":"neck-pillow-memory-foam-ergonomic-neck-protection","status":"publish","type":"product","link":"https:\/\/www.aimycomfort.com\/store\/de\/produkt\/neck-pillow-memory-foam-ergonomic-neck-protection\/","title":{"rendered":"Nackenkissen aus Memory-Schaum mit Ergonomischem Nackenschutz"},"content":{"rendered":"<p>Speziell f\u00fcr die Gesundheit der Halswirbels\u00e4ule entwickelt, bietet das Nackenkissen umfassende Unterst\u00fctzung und Komfort f\u00fcr Ihren Nacken und Kopf. Dieses Kissen verf\u00fcgt \u00fcber ein goldenes Kr\u00fcmmungsdesign, das die nat\u00fcrliche Ausrichtung der Halswirbel beibeh\u00e4lt und ein erholsames und verj\u00fcngendes Schlaferlebnis bietet.<\/p>\n<h2><strong>Hauptmerkmale des Nackenkissens<\/strong>:<\/h2>\n<ul>\n<li><strong>Ergonomisches Design<\/strong>: Das goldene Kr\u00fcmmungsdesign unterst\u00fctzt die nat\u00fcrliche Kurve des Nackens und sorgt f\u00fcr eine korrekte Ausrichtung und Komfort.<\/li>\n<li><strong>Erweiterte Unterst\u00fctzung<\/strong>: Der Nackenbereich ist f\u00fcr starken Halt verst\u00e4rkt, w\u00e4hrend der vergr\u00f6\u00dferte Kissenbereich umfassende Druckentlastung bietet.<\/li>\n<li><strong>Hochwertiger Memory-Schaum<\/strong>: Hergestellt aus hochdichtem Raum-Memory-Schaum, der bequem und langsam r\u00fcckfedernd ist und sich Ihrer Form f\u00fcr eine individuelle Unterst\u00fctzung anpasst.<\/li>\n<li><strong>Atmungsaktiver Stoff<\/strong>: Der Luftschichtstoff verbessert die Feuchtigkeitsaufnahme und das schnelle Trocknen und bietet eine weiche, atmungsaktive und hautfreundliche Oberfl\u00e4che.<\/li>\n<li><strong>Fokus auf die Gesundheit der Halswirbels\u00e4ule<\/strong>: Entwickelt, um den Druck auf die Halswirbels\u00e4ule zu entlasten, hilft dieses Kissen, M\u00fcdigkeit zu lindern und f\u00f6rdert eine nat\u00fcrliche Halskr\u00fcmmung.<\/li>\n<li><strong>Einfache Pflege<\/strong>: Der Kissenbezug ist abnehmbar und waschbar, was Hygiene und Pflegeleichtigkeit gew\u00e4hrleistet.<\/li>\n<li><strong>Umweltfreundlich<\/strong>: Hergestellt aus gesunden, nicht reizenden Materialien, die das Bakterienwachstum reduzieren und Ihre Haut trocken und komfortabel halten.<\/li>\n<\/ul>\n<p>W\u00e4hlen Sie das Memory Foam Ergonomische Nackenschutzkissen f\u00fcr eine unterst\u00fctzende, komfortable und gesundheitsorientierte Schlafl\u00f6sung, die Ihr Wohlbefinden der Halswirbels\u00e4ule verbessert.<\/p>\n","protected":false},"excerpt":{"rendered":"<p>Dieses ergonomische Nackenkissen unterst\u00fctzt die Gesundheit der Halswirbels\u00e4ule mit einem goldenen Kr\u00fcmmungsdesign f\u00fcr eine nat\u00fcrliche Ausrichtung. Hergestellt aus hochdichtem Memory-Schaum, bietet es starken Nackensupport und Druckentlastung. Der atmungsaktive, waschbare Luftschichtstoff sorgt f\u00fcr Komfort und Hygiene.<\/p>\n","protected":false},"featured_media":20943,"comment_status":"open","ping_status":"closed","template":"","meta":{"site-sidebar-layout":"default","site-content-layout":"","ast-site-content-layout":"default","site-content-style":"default","site-sidebar-style":"default","ast-global-header-display":"","ast-banner-title-visibility":"","ast-main-header-display":"","ast-hfb-above-header-display":"","ast-hfb-below-header-display":"","ast-hfb-mobile-header-display":"","site-post-title":"","ast-breadcrumbs-content":"","ast-featured-img":"","footer-sml-layout":"","theme-transparent-header-meta":"default","adv-header-id-meta":"","stick-header-meta":"","header-above-stick-meta":"","header-main-stick-meta":"","header-below-stick-meta":"","astra-migrate-meta-layouts":"set","ast-page-background-enabled":"default","ast-page-background-meta":{"desktop":{"background-color":"var(--ast-global-color-4)","background-image":"","background-repeat":"repeat","background-position":"center center","background-size":"auto","background-attachment":"scroll","background-type":"","background-media":"","overlay-type":"","overlay-color":"","overlay-opacity":"","overlay-gradient":""},"tablet":{"background-color":"","background-image":"","background-repeat":"repeat","background-position":"center center","background-size":"auto","background-attachment":"scroll","background-type":"","background-media":"","overlay-type":"","overlay-color":"","overlay-opacity":"","overlay-gradient":""},"mobile":{"background-color":"","background-image":"","background-repeat":"repeat","background-position":"center center","background-size":"auto","background-attachment":"scroll","background-type":"","background-media":"","overlay-type":"","overlay-color":"","overlay-opacity":"","overlay-gradient":""}},"ast-content-background-meta":{"desktop":{"background-color":"var(--ast-global-color-5)","background-image":"","background-repeat":"repeat","background-position":"center center","background-size":"auto","background-attachment":"scroll","background-type":"","background-media":"","overlay-type":"","overlay-color":"","overlay-opacity":"","overlay-gradient":""},"tablet":{"background-color":"var(--ast-global-color-5)","background-image":"","background-repeat":"repeat","background-position":"center center","background-size":"auto","background-attachment":"scroll","background-type":"","background-media":"","overlay-type":"","overlay-color":"","overlay-opacity":"","overlay-gradient":""},"mobile":{"background-color":"var(--ast-global-color-5)","background-image":"","background-repeat":"repeat","background-position":"center center","background-size":"auto","background-attachment":"scroll","background-type":"","background-media":"","overlay-type":"","overlay-color":"","overlay-opacity":"","overlay-gradient":""}}},"product_brand":[],"product_cat":[840,205,894,858],"product_tag":[206,790,207,562],"class_list":{"0":"post-21234","1":"product","2":"type-product","3":"status-publish","4":"has-post-thumbnail","6":"product_cat-bettkissen","7":"product_cat-kissenkollektion","8":"product_cat-nackenstuetzkissen","9":"product_cat-zervikalkissen","10":"product_tag-druckentlastung","11":"product_tag-ergonomic-support-de","12":"product_tag-kissen","13":"product_tag-neck-protect-de","14":"desktop-align-left","15":"tablet-align-left","16":"mobile-align-left","17":"ast-product-gallery-layout-horizontal-slider","18":"ast-product-single-variable","19":"ast-product-tabs-layout-horizontal","20":"ast-qv-on-image","22":"first","23":"instock","24":"shipping-taxable","25":"purchasable","26":"product-type-variable"},"aioseo_notices":[],"_links":{"self":[{"href":"https:\/\/www.aimycomfort.com\/store\/de\/wp-json\/wp\/v2\/product\/21234","targetHints":{"allow":["GET"]}}],"collection":[{"href":"https:\/\/www.aimycomfort.com\/store\/de\/wp-json\/wp\/v2\/product"}],"about":[{"href":"https:\/\/www.aimycomfort.com\/store\/de\/wp-json\/wp\/v2\/types\/product"}],"replies":[{"embeddable":true,"href":"https:\/\/www.aimycomfort.com\/store\/de\/wp-json\/wp\/v2\/comments?post=21234"}],"wp:featuredmedia":[{"embeddable":true,"href":"https:\/\/www.aimycomfort.com\/store\/de\/wp-json\/wp\/v2\/media\/20943"}],"wp:attachment":[{"href":"https:\/\/www.aimycomfort.com\/store\/de\/wp-json\/wp\/v2\/media?parent=21234"}],"wp:term":[{"taxonomy":"product_brand","embeddable":true,"href":"https:\/\/www.aimycomfort.com\/store\/de\/wp-json\/wp\/v2\/product_brand?post=21234"},{"taxonomy":"product_cat","embeddable":true,"href":"https:\/\/www.aimycomfort.com\/store\/de\/wp-json\/wp\/v2\/product_cat?post=21234"},{"taxonomy":"product_tag","embeddable":true,"href":"https:\/\/www.aimycomfort.com\/store\/de\/wp-json\/wp\/v2\/product_tag?post=21234"}],"curies":[{"name":"wp","href":"https:\/\/api.w.org\/{rel}","templated":true}]}}