{"id":21153,"date":"2024-11-28T08:00:27","date_gmt":"2024-11-28T08:00:27","guid":{"rendered":"https:\/\/www.aimycomfort.com\/store\/product\/soothing-pillow-for-newborns-to-prevent-head-deviation-during-sleep\/"},"modified":"2024-11-28T09:10:11","modified_gmt":"2024-11-28T09:10:11","slug":"soothing-pillow-for-newborns-to-prevent-head-deviation-during-sleep","status":"publish","type":"product","link":"https:\/\/www.aimycomfort.com\/store\/de\/produkt\/soothing-pillow-for-newborns-to-prevent-head-deviation-during-sleep\/","title":{"rendered":"Beruhigungskissen f\u00fcr Neugeborene zur Verhinderung von Kopfabweichungen w\u00e4hrend des Schlafs"},"content":{"rendered":"<p>Das Beruhigungskissen sorgt daf\u00fcr, dass Ihr Neugeborenes tief und sicher schl\u00e4ft. Es wurde entwickelt, um Kopfabweichungen zu verhindern und eine gesunde Entwicklung zu f\u00f6rdern. Dieses innovative Kissen verf\u00fcgt \u00fcber ein doppelseitiges Design mit einem weichen, hautfreundlichen Stoff f\u00fcr den ganzj\u00e4hrigen Gebrauch und einem atmungsaktiven Netzstoff f\u00fcr den Sommerkomfort.<\/p>\n<h2><strong>Hauptmerkmale des Beruhigungskissens<\/strong>:<\/h2>\n<ul>\n<li><strong>Doppelseitiges Design<\/strong>: Die A-Seite bietet weichen, hautfreundlichen Stoff f\u00fcr alle Jahreszeiten, w\u00e4hrend die B-Seite ein atmungsaktives Wabennetz f\u00fcr den Sommer bietet.<\/li>\n<li><strong>Ergonomische Unterst\u00fctzung<\/strong>: Wissenschaftlich in f\u00fcnf Hauptbereiche unterteilt, um stabilen Schlaf und korrekte Kopfform zu gew\u00e4hrleisten, einschlie\u00dflich hinterer Gehirnunterst\u00fctzung, Nackenunterst\u00fctzung und Armumarmungsbereichen.<\/li>\n<li><strong>Anpassbare Passform<\/strong>: Das dreiseitige Kordeldesign erm\u00f6glicht eine anpassbare Passform und korrigiert wissenschaftlich die Schlafhaltung, um Komfort und Sicherheit zu gew\u00e4hrleisten.<\/li>\n<li><strong>U-f\u00f6rmige Rille<\/strong>: F\u00f6rdert eine sch\u00f6ne Kopfform und sch\u00fctzt die Wirbels\u00e4ulenentwicklung mit nahezu null Kissenh\u00f6he.<\/li>\n<li><strong>Komfort und Sicherheit<\/strong>: Bietet Mikrodrucksicherheit und ein armumwickelndes Design, das die Umarmung einer Mutter nachahmt und beruhigenden Komfort bietet.<\/li>\n<li><strong>Hochwertige Materialien<\/strong>: Hergestellt aus umweltfreundlichem Stofff\u00fcllmaterial, Tencel-Netz f\u00fcr Feuchtigkeitsaufnahme und aktiver Farbdruck f\u00fcr lebendige, sichere Farben.<\/li>\n<li><strong>Einfache Pflege<\/strong>: Das gesamte Kissen ist maschinenwaschbar und beh\u00e4lt seine Form. Der Kissenbezug und die Fixiers\u00e4ule sind abnehmbar f\u00fcr separate W\u00e4sche, um es sauber und frisch zu halten.<\/li>\n<\/ul>\n<p>Das Beruhigungskissen f\u00fcr Neugeborene ist mehr als nur ein Kissen; es ist eine umfassende L\u00f6sung zum Formen, Beruhigen und Unterst\u00fctzen des Schlafs Ihres Babys und sorgt daf\u00fcr, dass es bequem und sicher ruht.<\/p>\n","protected":false},"excerpt":{"rendered":"<p>Dieses Kissen hilft, Kopfabweichungen zu verhindern und unterst\u00fctzt eine gesunde Entwicklung mit seinem ergonomischen, doppelseitigen Design. Es verf\u00fcgt \u00fcber einen weichen Stoff f\u00fcr alle Jahreszeiten und ein atmungsaktives Netz f\u00fcr den Sommer. Die U-f\u00f6rmige Rille und die verstellbaren Kordeln sorgen f\u00fcr eine bequeme Passform, f\u00f6rdern eine sch\u00f6ne Kopfform und den Schutz der Wirbels\u00e4ule.<\/p>\n","protected":false},"featured_media":21074,"comment_status":"open","ping_status":"closed","template":"","meta":{"site-sidebar-layout":"default","site-content-layout":"","ast-site-content-layout":"default","site-content-style":"default","site-sidebar-style":"default","ast-global-header-display":"","ast-banner-title-visibility":"","ast-main-header-display":"","ast-hfb-above-header-display":"","ast-hfb-below-header-display":"","ast-hfb-mobile-header-display":"","site-post-title":"","ast-breadcrumbs-content":"","ast-featured-img":"","footer-sml-layout":"","theme-transparent-header-meta":"default","adv-header-id-meta":"","stick-header-meta":"","header-above-stick-meta":"","header-main-stick-meta":"","header-below-stick-meta":"","astra-migrate-meta-layouts":"set","ast-page-background-enabled":"default","ast-page-background-meta":{"desktop":{"background-color":"var(--ast-global-color-4)","background-image":"","background-repeat":"repeat","background-position":"center center","background-size":"auto","background-attachment":"scroll","background-type":"","background-media":"","overlay-type":"","overlay-color":"","overlay-opacity":"","overlay-gradient":""},"tablet":{"background-color":"","background-image":"","background-repeat":"repeat","background-position":"center center","background-size":"auto","background-attachment":"scroll","background-type":"","background-media":"","overlay-type":"","overlay-color":"","overlay-opacity":"","overlay-gradient":""},"mobile":{"background-color":"","background-image":"","background-repeat":"repeat","background-position":"center center","background-size":"auto","background-attachment":"scroll","background-type":"","background-media":"","overlay-type":"","overlay-color":"","overlay-opacity":"","overlay-gradient":""}},"ast-content-background-meta":{"desktop":{"background-color":"var(--ast-global-color-5)","background-image":"","background-repeat":"repeat","background-position":"center center","background-size":"auto","background-attachment":"scroll","background-type":"","background-media":"","overlay-type":"","overlay-color":"","overlay-opacity":"","overlay-gradient":""},"tablet":{"background-color":"var(--ast-global-color-5)","background-image":"","background-repeat":"repeat","background-position":"center center","background-size":"auto","background-attachment":"scroll","background-type":"","background-media":"","overlay-type":"","overlay-color":"","overlay-opacity":"","overlay-gradient":""},"mobile":{"background-color":"var(--ast-global-color-5)","background-image":"","background-repeat":"repeat","background-position":"center center","background-size":"auto","background-attachment":"scroll","background-type":"","background-media":"","overlay-type":"","overlay-color":"","overlay-opacity":"","overlay-gradient":""}}},"product_brand":[],"product_cat":[912,205],"product_tag":[207,794,562,560],"class_list":{"0":"post-21153","1":"product","2":"type-product","3":"status-publish","4":"has-post-thumbnail","6":"product_cat-kissen-fuer-kinder","7":"product_cat-kissenkollektion","8":"product_tag-kissen","9":"product_tag-memory-foam-de-2","10":"product_tag-neck-protect-de","11":"product_tag-baby-pillow-de","12":"desktop-align-left","13":"tablet-align-left","14":"mobile-align-left","15":"ast-product-gallery-layout-horizontal-slider","16":"ast-product-single-variable","17":"ast-product-tabs-layout-horizontal","18":"ast-qv-on-image","20":"first","21":"instock","22":"shipping-taxable","23":"purchasable","24":"product-type-variable"},"aioseo_notices":[],"_links":{"self":[{"href":"https:\/\/www.aimycomfort.com\/store\/de\/wp-json\/wp\/v2\/product\/21153","targetHints":{"allow":["GET"]}}],"collection":[{"href":"https:\/\/www.aimycomfort.com\/store\/de\/wp-json\/wp\/v2\/product"}],"about":[{"href":"https:\/\/www.aimycomfort.com\/store\/de\/wp-json\/wp\/v2\/types\/product"}],"replies":[{"embeddable":true,"href":"https:\/\/www.aimycomfort.com\/store\/de\/wp-json\/wp\/v2\/comments?post=21153"}],"wp:featuredmedia":[{"embeddable":true,"href":"https:\/\/www.aimycomfort.com\/store\/de\/wp-json\/wp\/v2\/media\/21074"}],"wp:attachment":[{"href":"https:\/\/www.aimycomfort.com\/store\/de\/wp-json\/wp\/v2\/media?parent=21153"}],"wp:term":[{"taxonomy":"product_brand","embeddable":true,"href":"https:\/\/www.aimycomfort.com\/store\/de\/wp-json\/wp\/v2\/product_brand?post=21153"},{"taxonomy":"product_cat","embeddable":true,"href":"https:\/\/www.aimycomfort.com\/store\/de\/wp-json\/wp\/v2\/product_cat?post=21153"},{"taxonomy":"product_tag","embeddable":true,"href":"https:\/\/www.aimycomfort.com\/store\/de\/wp-json\/wp\/v2\/product_tag?post=21153"}],"curies":[{"name":"wp","href":"https:\/\/api.w.org\/{rel}","templated":true}]}}