{"id":20636,"date":"2024-11-26T08:20:05","date_gmt":"2024-11-26T08:20:05","guid":{"rendered":"https:\/\/www.aimycomfort.com\/store\/product\/travel-pillow-u-shaped-sound-insulation-noise-reduction\/"},"modified":"2024-11-26T09:03:47","modified_gmt":"2024-11-26T09:03:47","slug":"travel-pillow-u-shaped-sound-insulation-noise-reduction","status":"publish","type":"product","link":"https:\/\/www.aimycomfort.com\/store\/de\/produkt\/travel-pillow-u-shaped-sound-insulation-noise-reduction\/","title":{"rendered":"U-f\u00f6rmiges Reisekissen mit Schallisolierung und Ger\u00e4uschreduzierung"},"content":{"rendered":"<p>Erleben Sie unvergleichlichen Komfort und Ruhe mit dem U-f\u00f6rmigen Reisekissen mit Schallisolierung und Ger\u00e4uschreduzierung. Dieses Kissen wurde entwickelt, um sowohl Nackenschutz als auch Ger\u00e4uschreduzierung zu bieten, und ist perfekt f\u00fcr Reisende, B\u00fcroschl\u00e4fchen oder Entspannung zu Hause.<\/p>\n<h2><strong>Hauptmerkmale des Reisekissens<\/strong>:<\/h2>\n<ul>\n<li><strong>360\u00b0 Ergonomische Unterst\u00fctzung<\/strong>: Bietet vollst\u00e4ndige Nackenunterst\u00fctzung mit einem U-f\u00f6rmigen Design, das sich eng um den Nacken schmiegt und Stabilit\u00e4t und Komfort bietet.<\/li>\n<li><strong>Ger\u00e4uschreduzierungstechnologie<\/strong>: Verf\u00fcgt \u00fcber eine siebenlagige Materialbarriere und industrietaugliche Ger\u00e4uschreduktionsmodule, um Umgebungsger\u00e4usche erheblich zu reduzieren und die Entspannung zu verbessern.<\/li>\n<li><strong>Doppelte Achsen-Nackenschutz<\/strong>: Dreidimensionale Umh\u00fcllung und doppelte Achsenunterst\u00fctzung sorgen f\u00fcr umfassenden Nackenschutz, der sich an die nat\u00fcrliche Kurve von Kopf und Nacken anpasst.<\/li>\n<li><strong>Verstellbare Passform<\/strong>: Das Klettdesign erm\u00f6glicht eine einfache Anpassung an verschiedene Nackengr\u00f6\u00dfen und sorgt f\u00fcr einen sicheren und bequemen Sitz, der an Ort und Stelle bleibt.<\/li>\n<li><strong>Hochwertige Materialien<\/strong>: Hergestellt aus hautfreundlichem, atmungsaktivem Stoff und einem Nylonkern f\u00fcr starke Unterst\u00fctzung und hohe R\u00fcckfederung. Der Kissenbezug ist abnehmbar und waschbar f\u00fcr einfache Pflege.<\/li>\n<li><strong>Innovatives Design<\/strong>: Beinhaltet Magnetadsorption und Mesh-Stoff-Ohrensch\u00fctzer f\u00fcr zus\u00e4tzlichen Komfort und Haltbarkeit, mit hervorragender Handwerkskunst f\u00fcr ein knitterfreies Finish.<\/li>\n<\/ul>\n<p>Das U-f\u00f6rmige Reisekissen mit Schallisolierung und Ger\u00e4uschreduzierung ist Ihr perfekter Begleiter f\u00fcr eine friedliche und komfortable Ruhe, wo immer Sie sind.<\/p>\n","protected":false},"excerpt":{"rendered":"<p>Dieses innovative Reisekissen kombiniert Nackenschutz mit Ger\u00e4uschreduzierung und bietet ein 360\u00b0 ergonomisches Design f\u00fcr vollst\u00e4ndige Nackenunterst\u00fctzung. Es verwendet eine siebenlagige Materialbarriere f\u00fcr effektive Ger\u00e4uschreduzierung und ist ideal f\u00fcr Reisen, B\u00fcroschl\u00e4fchen oder den Heimgebrauch. Das Kissen ist mit einem Klettverschluss verstellbar f\u00fcr eine enge Passform und besteht aus hautfreundlichem, atmungsaktivem Stoff.<\/p>\n","protected":false},"featured_media":20553,"comment_status":"open","ping_status":"closed","template":"","meta":{"site-sidebar-layout":"default","site-content-layout":"","ast-site-content-layout":"default","site-content-style":"default","site-sidebar-style":"default","ast-global-header-display":"","ast-banner-title-visibility":"","ast-main-header-display":"","ast-hfb-above-header-display":"","ast-hfb-below-header-display":"","ast-hfb-mobile-header-display":"","site-post-title":"","ast-breadcrumbs-content":"","ast-featured-img":"","footer-sml-layout":"","theme-transparent-header-meta":"default","adv-header-id-meta":"","stick-header-meta":"","header-above-stick-meta":"","header-main-stick-meta":"","header-below-stick-meta":"","astra-migrate-meta-layouts":"set","ast-page-background-enabled":"default","ast-page-background-meta":{"desktop":{"background-color":"var(--ast-global-color-4)","background-image":"","background-repeat":"repeat","background-position":"center center","background-size":"auto","background-attachment":"scroll","background-type":"","background-media":"","overlay-type":"","overlay-color":"","overlay-opacity":"","overlay-gradient":""},"tablet":{"background-color":"","background-image":"","background-repeat":"repeat","background-position":"center center","background-size":"auto","background-attachment":"scroll","background-type":"","background-media":"","overlay-type":"","overlay-color":"","overlay-opacity":"","overlay-gradient":""},"mobile":{"background-color":"","background-image":"","background-repeat":"repeat","background-position":"center center","background-size":"auto","background-attachment":"scroll","background-type":"","background-media":"","overlay-type":"","overlay-color":"","overlay-opacity":"","overlay-gradient":""}},"ast-content-background-meta":{"desktop":{"background-color":"var(--ast-global-color-5)","background-image":"","background-repeat":"repeat","background-position":"center center","background-size":"auto","background-attachment":"scroll","background-type":"","background-media":"","overlay-type":"","overlay-color":"","overlay-opacity":"","overlay-gradient":""},"tablet":{"background-color":"var(--ast-global-color-5)","background-image":"","background-repeat":"repeat","background-position":"center center","background-size":"auto","background-attachment":"scroll","background-type":"","background-media":"","overlay-type":"","overlay-color":"","overlay-opacity":"","overlay-gradient":""},"mobile":{"background-color":"var(--ast-global-color-5)","background-image":"","background-repeat":"repeat","background-position":"center center","background-size":"auto","background-attachment":"scroll","background-type":"","background-media":"","overlay-type":"","overlay-color":"","overlay-opacity":"","overlay-gradient":""}}},"product_brand":[],"product_cat":[205,894,712],"product_tag":[790,207,794,562],"class_list":{"0":"post-20636","1":"product","2":"type-product","3":"status-publish","4":"has-post-thumbnail","6":"product_cat-kissenkollektion","7":"product_cat-nackenstuetzkissen","8":"product_cat-travel-pillow-de","9":"product_tag-ergonomic-support-de","10":"product_tag-kissen","11":"product_tag-memory-foam-de-2","12":"product_tag-neck-protect-de","13":"desktop-align-left","14":"tablet-align-left","15":"mobile-align-left","16":"ast-product-gallery-layout-horizontal-slider","17":"ast-product-single-variable","18":"ast-product-tabs-layout-horizontal","19":"ast-qv-on-image","21":"first","22":"instock","23":"shipping-taxable","24":"purchasable","25":"product-type-variable"},"aioseo_notices":[],"_links":{"self":[{"href":"https:\/\/www.aimycomfort.com\/store\/de\/wp-json\/wp\/v2\/product\/20636","targetHints":{"allow":["GET"]}}],"collection":[{"href":"https:\/\/www.aimycomfort.com\/store\/de\/wp-json\/wp\/v2\/product"}],"about":[{"href":"https:\/\/www.aimycomfort.com\/store\/de\/wp-json\/wp\/v2\/types\/product"}],"replies":[{"embeddable":true,"href":"https:\/\/www.aimycomfort.com\/store\/de\/wp-json\/wp\/v2\/comments?post=20636"}],"wp:featuredmedia":[{"embeddable":true,"href":"https:\/\/www.aimycomfort.com\/store\/de\/wp-json\/wp\/v2\/media\/20553"}],"wp:attachment":[{"href":"https:\/\/www.aimycomfort.com\/store\/de\/wp-json\/wp\/v2\/media?parent=20636"}],"wp:term":[{"taxonomy":"product_brand","embeddable":true,"href":"https:\/\/www.aimycomfort.com\/store\/de\/wp-json\/wp\/v2\/product_brand?post=20636"},{"taxonomy":"product_cat","embeddable":true,"href":"https:\/\/www.aimycomfort.com\/store\/de\/wp-json\/wp\/v2\/product_cat?post=20636"},{"taxonomy":"product_tag","embeddable":true,"href":"https:\/\/www.aimycomfort.com\/store\/de\/wp-json\/wp\/v2\/product_tag?post=20636"}],"curies":[{"name":"wp","href":"https:\/\/api.w.org\/{rel}","templated":true}]}}