{"id":20318,"date":"2024-11-25T03:59:36","date_gmt":"2024-11-25T03:59:36","guid":{"rendered":"https:\/\/www.aimycomfort.com\/store\/product\/hot-selling-memory-foam-childrens-pillow\/"},"modified":"2024-11-25T07:38:30","modified_gmt":"2024-11-25T07:38:30","slug":"hot-selling-memory-foam-childrens-pillow","status":"publish","type":"product","link":"https:\/\/www.aimycomfort.com\/store\/de\/produkt\/hot-selling-memory-foam-childrens-pillow\/","title":{"rendered":"Hei\u00df begehrtes Memory Foam Kinderkissen"},"content":{"rendered":"<p>Verbessern Sie die Schlafqualit\u00e4t Ihres Kindes mit unserem hei\u00df begehrten Memory Foam Kinderkissen, das speziell f\u00fcr die Bed\u00fcrfnisse von Kindern im Alter von 1 bis 10 Jahren entwickelt wurde. Dieses Kissen verf\u00fcgt \u00fcber hochwertigen BASF-Memory-Schaum aus Deutschland, bekannt f\u00fcr seine sicheren, langsamen R\u00fcckstell-Eigenschaften, die sanften Nackenschutz und Unterst\u00fctzung bieten. Das Design des Kissens sorgt f\u00fcr eine ausgewogene Druckentlastung des Kopfes und f\u00f6rdert einen erholsamen Schlaf.<\/p>\n<h2><strong>Hauptmerkmale des Kinderkissens<\/strong>:<\/h2>\n<ul>\n<li><strong>Verstellbares Doppelkerndesign<\/strong>: Das einzigartige 1+2-Design erm\u00f6glicht eine H\u00f6henverstellung, die das Wachstum und die Komfortbed\u00fcrfnisse Ihres Kindes ber\u00fccksichtigt.<\/li>\n<li><strong>Atmungsaktiv und Hautfreundlich<\/strong>: Das Kissen enth\u00e4lt einen atmungsaktiven Memory-Schaumkern und einen gek\u00e4mmten Baumwollbezug, der Komfort und Atmungsaktivit\u00e4t in allen Jahreszeiten gew\u00e4hrleistet.<\/li>\n<li><strong>Erweiterte Kissensfl\u00e4che<\/strong>: Mit einer 49 cm breiten Oberfl\u00e4che erm\u00f6glicht das Kissen eine 360\u00b0-Bewegung und unterst\u00fctzt die nat\u00fcrliche Neigung Ihres Kindes, sich im Schlaf zu bewegen, ohne herunterzufallen.<\/li>\n<li><strong>Por\u00f6se Wabenstruktur<\/strong>: Dieses Design verbessert den Luftstrom, reduziert die Stickigkeit und erh\u00e4lt eine komfortable Schlafumgebung, was hilft, das Schwitzen zu minimieren.<\/li>\n<li><strong>Einfache Wartung<\/strong>: Das metallfreie offene Design ist einfach, sch\u00f6n und erm\u00f6glicht eine einfache Demontage und Reinigung, was Hygiene und Bequemlichkeit gew\u00e4hrleistet.<\/li>\n<\/ul>\n<p>W\u00e4hlen Sie unser Memory Foam Kinderkissen, um Ihrem Kind ein sicheres, komfortables und unterst\u00fctzendes Schlaferlebnis zu bieten, damit es erfrischt und bereit f\u00fcr den Tag aufwacht.<\/p>\n","protected":false},"excerpt":{"rendered":"<p>Unser Memory Foam Kinderkissen, entworfen f\u00fcr Kinder im Alter von 1 bis 10 Jahren, verf\u00fcgt \u00fcber deutschen BASF-Memory-Schaum f\u00fcr sanfte Nackenunterst\u00fctzung und Komfort. Das verstellbare Doppelkerndesign und der atmungsaktive gek\u00e4mmte Baumwollbezug sorgen das ganze Jahr \u00fcber f\u00fcr Komfort. Mit einer 49 cm breiten Oberfl\u00e4che erm\u00f6glicht es eine 360\u00b0-Bewegung und f\u00f6rdert einen erholsamen Schlaf.<\/p>\n","protected":false},"featured_media":20018,"comment_status":"open","ping_status":"closed","template":"","meta":{"site-sidebar-layout":"default","site-content-layout":"","ast-site-content-layout":"default","site-content-style":"default","site-sidebar-style":"default","ast-global-header-display":"","ast-banner-title-visibility":"","ast-main-header-display":"","ast-hfb-above-header-display":"","ast-hfb-below-header-display":"","ast-hfb-mobile-header-display":"","site-post-title":"","ast-breadcrumbs-content":"","ast-featured-img":"","footer-sml-layout":"","theme-transparent-header-meta":"default","adv-header-id-meta":"","stick-header-meta":"","header-above-stick-meta":"","header-main-stick-meta":"","header-below-stick-meta":"","astra-migrate-meta-layouts":"set","ast-page-background-enabled":"default","ast-page-background-meta":{"desktop":{"background-color":"var(--ast-global-color-4)","background-image":"","background-repeat":"repeat","background-position":"center center","background-size":"auto","background-attachment":"scroll","background-type":"","background-media":"","overlay-type":"","overlay-color":"","overlay-opacity":"","overlay-gradient":""},"tablet":{"background-color":"","background-image":"","background-repeat":"repeat","background-position":"center center","background-size":"auto","background-attachment":"scroll","background-type":"","background-media":"","overlay-type":"","overlay-color":"","overlay-opacity":"","overlay-gradient":""},"mobile":{"background-color":"","background-image":"","background-repeat":"repeat","background-position":"center center","background-size":"auto","background-attachment":"scroll","background-type":"","background-media":"","overlay-type":"","overlay-color":"","overlay-opacity":"","overlay-gradient":""}},"ast-content-background-meta":{"desktop":{"background-color":"var(--ast-global-color-5)","background-image":"","background-repeat":"repeat","background-position":"center center","background-size":"auto","background-attachment":"scroll","background-type":"","background-media":"","overlay-type":"","overlay-color":"","overlay-opacity":"","overlay-gradient":""},"tablet":{"background-color":"var(--ast-global-color-5)","background-image":"","background-repeat":"repeat","background-position":"center center","background-size":"auto","background-attachment":"scroll","background-type":"","background-media":"","overlay-type":"","overlay-color":"","overlay-opacity":"","overlay-gradient":""},"mobile":{"background-color":"var(--ast-global-color-5)","background-image":"","background-repeat":"repeat","background-position":"center center","background-size":"auto","background-attachment":"scroll","background-type":"","background-media":"","overlay-type":"","overlay-color":"","overlay-opacity":"","overlay-gradient":""}}},"product_brand":[],"product_cat":[840,912,205],"product_tag":[207,794,560],"class_list":{"0":"post-20318","1":"product","2":"type-product","3":"status-publish","4":"has-post-thumbnail","6":"product_cat-bettkissen","7":"product_cat-kissen-fuer-kinder","8":"product_cat-kissenkollektion","9":"product_tag-kissen","10":"product_tag-memory-foam-de-2","11":"product_tag-baby-pillow-de","12":"desktop-align-left","13":"tablet-align-left","14":"mobile-align-left","15":"ast-product-gallery-layout-horizontal-slider","16":"ast-product-single-variable","17":"ast-product-tabs-layout-horizontal","18":"ast-qv-on-image","20":"first","21":"instock","22":"shipping-taxable","23":"purchasable","24":"product-type-variable"},"aioseo_notices":[],"_links":{"self":[{"href":"https:\/\/www.aimycomfort.com\/store\/de\/wp-json\/wp\/v2\/product\/20318","targetHints":{"allow":["GET"]}}],"collection":[{"href":"https:\/\/www.aimycomfort.com\/store\/de\/wp-json\/wp\/v2\/product"}],"about":[{"href":"https:\/\/www.aimycomfort.com\/store\/de\/wp-json\/wp\/v2\/types\/product"}],"replies":[{"embeddable":true,"href":"https:\/\/www.aimycomfort.com\/store\/de\/wp-json\/wp\/v2\/comments?post=20318"}],"wp:featuredmedia":[{"embeddable":true,"href":"https:\/\/www.aimycomfort.com\/store\/de\/wp-json\/wp\/v2\/media\/20018"}],"wp:attachment":[{"href":"https:\/\/www.aimycomfort.com\/store\/de\/wp-json\/wp\/v2\/media?parent=20318"}],"wp:term":[{"taxonomy":"product_brand","embeddable":true,"href":"https:\/\/www.aimycomfort.com\/store\/de\/wp-json\/wp\/v2\/product_brand?post=20318"},{"taxonomy":"product_cat","embeddable":true,"href":"https:\/\/www.aimycomfort.com\/store\/de\/wp-json\/wp\/v2\/product_cat?post=20318"},{"taxonomy":"product_tag","embeddable":true,"href":"https:\/\/www.aimycomfort.com\/store\/de\/wp-json\/wp\/v2\/product_tag?post=20318"}],"curies":[{"name":"wp","href":"https:\/\/api.w.org\/{rel}","templated":true}]}}