{"id":19969,"date":"2024-11-22T03:18:03","date_gmt":"2024-11-22T03:18:03","guid":{"rendered":"https:\/\/www.aimycomfort.com\/store\/product\/memory-foam-mattress-for-newborns\/"},"modified":"2024-11-22T08:22:40","modified_gmt":"2024-11-22T08:22:40","slug":"memory-foam-mattress-for-newborns","status":"publish","type":"product","link":"https:\/\/www.aimycomfort.com\/store\/de\/produkt\/memory-foam-mattress-for-newborns\/","title":{"rendered":"Memory Foam Matratze f\u00fcr Neugeborene"},"content":{"rendered":"<p>Bieten Sie Ihrem Baby die ultimative Schlafumgebung mit unserer Memory Foam Matratze f\u00fcr Neugeborene. Diese Matratze ist so konzipiert, dass sie die Wirbels\u00e4ule Ihres Babys wissenschaftlich unterst\u00fctzt und sch\u00fctzt, um einen gesunden und komfortablen Schlaf zu gew\u00e4hrleisten. Die gleichm\u00e4\u00dfige Verteilung der Unterst\u00fctzung erm\u00f6glicht es der Wirbels\u00e4ule, sich nat\u00fcrlich zu strecken und f\u00f6rdert eine ordnungsgem\u00e4\u00dfe Entwicklung.<\/p>\n<h2><strong>Hauptmerkmale der Matratze f\u00fcr Neugeborene<\/strong>:<\/h2>\n<ul>\n<li><strong>Wirbels\u00e4ulenschutz<\/strong>: Die Matratze bietet gleichm\u00e4\u00dfig verteilte Unterst\u00fctzung, sodass sich die Wirbels\u00e4ule des Babys nat\u00fcrlich strecken kann und eine gesunde Schlafumgebung bietet.<\/li>\n<li><strong>Weicher und Nat\u00fcrlicher Stoff<\/strong>: Hergestellt aus zartem, weichem Baumwollstoff, der nat\u00fcrlich und frei von Druck und F\u00e4rbung ist, ist er sanft zur zarten Haut Ihres Babys und erm\u00f6glicht ihm, friedlich zu schlafen.<\/li>\n<li><strong>Atmungsaktives Design<\/strong>: Der Memory-Schaum ist mit einem atmungsaktiven, hautfreundlichen Stoff \u00fcberzogen, der die Notwendigkeit h\u00e4ufiger Reinigung minimiert und ein Gef\u00fchl der Enge verhindert.<\/li>\n<li><strong>Vielseitige Verwendung<\/strong>: Diese Mehrzweckmatte ist perfekt f\u00fcr verschiedene Umgebungen, einschlie\u00dflich Kinderwagen, Krippen, Einzelbetten, Krabbelmatten, Doppelbetten und Sicherheitssitze, und sorgt f\u00fcr Komfort, wohin Ihr Baby auch geht.<\/li>\n<li><strong>Dreischichtige Konstruktion<\/strong>:\n<ul>\n<li><strong>Oberfl\u00e4chenschicht<\/strong>: Reiner Baumwollstoff, hautfreundlich, nat\u00fcrlich und frei von Druck und F\u00e4rbung.<\/li>\n<li><strong>Mittelschicht<\/strong>: Brustmuster-Schwamm, der weich und bequem ist und sich perfekt an Ihr Baby anpasst.<\/li>\n<li><strong>Untere Schicht<\/strong>: Reiner Baumwollstoff, hautfreundlich, nicht fluoreszierend und sanft.<\/li>\n<\/ul>\n<\/li>\n<li><strong>Atmungsaktiv und Feuchtigkeitsabsorbierend<\/strong>: Die dreischichtige Verbundtechnologie und das atmungsaktive Wellendesign schaffen ein doppelseitiges, dreidimensionales atmungsaktives und feuchtigkeitsabsorbierendes System.<\/li>\n<li><strong>Langlebige Konstruktion<\/strong>: Verf\u00fcgt \u00fcber exquisite reine Baumwollkanten mit abgerundeten Kanten, feinen N\u00e4hten und einer engen Passform, die Verformungen widersteht und Langlebigkeit gew\u00e4hrleistet.<\/li>\n<\/ul>\n<p>W\u00e4hlen Sie unsere Memory Foam Matratze f\u00fcr Neugeborene, um Ihrem Baby eine sichere, komfortable und gesunde Schlafumgebung zu bieten, die den Eltern Sicherheit und Ihrem Kleinen erholsame N\u00e4chte garantiert.<\/p>\n","protected":false},"excerpt":{"rendered":"<p>Unsere Memory Foam Matratze f\u00fcr Neugeborene unterst\u00fctzt die gesunde Entwicklung der Wirbels\u00e4ule durch gleichm\u00e4\u00dfige Gewichtsverteilung. Hergestellt aus weicher, farbstofffreier Baumwolle, ist sie sanft und atmungsaktiv und passt in Krippen und Kinderwagen. Das dreischichtige Design sorgt f\u00fcr Komfort und Haltbarkeit.<\/p>\n","protected":false},"featured_media":19656,"comment_status":"open","ping_status":"closed","template":"","meta":{"site-sidebar-layout":"default","site-content-layout":"","ast-site-content-layout":"default","site-content-style":"default","site-sidebar-style":"default","ast-global-header-display":"","ast-banner-title-visibility":"","ast-main-header-display":"","ast-hfb-above-header-display":"","ast-hfb-below-header-display":"","ast-hfb-mobile-header-display":"","site-post-title":"","ast-breadcrumbs-content":"","ast-featured-img":"","footer-sml-layout":"","theme-transparent-header-meta":"default","adv-header-id-meta":"","stick-header-meta":"","header-above-stick-meta":"","header-main-stick-meta":"","header-below-stick-meta":"","astra-migrate-meta-layouts":"set","ast-page-background-enabled":"default","ast-page-background-meta":{"desktop":{"background-color":"var(--ast-global-color-4)","background-image":"","background-repeat":"repeat","background-position":"center center","background-size":"auto","background-attachment":"scroll","background-type":"","background-media":"","overlay-type":"","overlay-color":"","overlay-opacity":"","overlay-gradient":""},"tablet":{"background-color":"","background-image":"","background-repeat":"repeat","background-position":"center center","background-size":"auto","background-attachment":"scroll","background-type":"","background-media":"","overlay-type":"","overlay-color":"","overlay-opacity":"","overlay-gradient":""},"mobile":{"background-color":"","background-image":"","background-repeat":"repeat","background-position":"center center","background-size":"auto","background-attachment":"scroll","background-type":"","background-media":"","overlay-type":"","overlay-color":"","overlay-opacity":"","overlay-gradient":""}},"ast-content-background-meta":{"desktop":{"background-color":"var(--ast-global-color-5)","background-image":"","background-repeat":"repeat","background-position":"center center","background-size":"auto","background-attachment":"scroll","background-type":"","background-media":"","overlay-type":"","overlay-color":"","overlay-opacity":"","overlay-gradient":""},"tablet":{"background-color":"var(--ast-global-color-5)","background-image":"","background-repeat":"repeat","background-position":"center center","background-size":"auto","background-attachment":"scroll","background-type":"","background-media":"","overlay-type":"","overlay-color":"","overlay-opacity":"","overlay-gradient":""},"mobile":{"background-color":"var(--ast-global-color-5)","background-image":"","background-repeat":"repeat","background-position":"center center","background-size":"auto","background-attachment":"scroll","background-type":"","background-media":"","overlay-type":"","overlay-color":"","overlay-opacity":"","overlay-gradient":""}}},"product_brand":[],"product_cat":[744],"product_tag":[790,735,794],"class_list":{"0":"post-19969","1":"product","2":"type-product","3":"status-publish","4":"has-post-thumbnail","6":"product_cat-memory-form-mattress-de","7":"product_tag-ergonomic-support-de","8":"product_tag-matratze","9":"product_tag-memory-foam-de-2","10":"desktop-align-left","11":"tablet-align-left","12":"mobile-align-left","13":"ast-product-gallery-layout-horizontal-slider","14":"ast-product-single-variable","15":"ast-product-tabs-layout-horizontal","16":"ast-qv-on-image","18":"first","19":"instock","20":"shipping-taxable","21":"purchasable","22":"product-type-variable"},"aioseo_notices":[],"_links":{"self":[{"href":"https:\/\/www.aimycomfort.com\/store\/de\/wp-json\/wp\/v2\/product\/19969","targetHints":{"allow":["GET"]}}],"collection":[{"href":"https:\/\/www.aimycomfort.com\/store\/de\/wp-json\/wp\/v2\/product"}],"about":[{"href":"https:\/\/www.aimycomfort.com\/store\/de\/wp-json\/wp\/v2\/types\/product"}],"replies":[{"embeddable":true,"href":"https:\/\/www.aimycomfort.com\/store\/de\/wp-json\/wp\/v2\/comments?post=19969"}],"wp:featuredmedia":[{"embeddable":true,"href":"https:\/\/www.aimycomfort.com\/store\/de\/wp-json\/wp\/v2\/media\/19656"}],"wp:attachment":[{"href":"https:\/\/www.aimycomfort.com\/store\/de\/wp-json\/wp\/v2\/media?parent=19969"}],"wp:term":[{"taxonomy":"product_brand","embeddable":true,"href":"https:\/\/www.aimycomfort.com\/store\/de\/wp-json\/wp\/v2\/product_brand?post=19969"},{"taxonomy":"product_cat","embeddable":true,"href":"https:\/\/www.aimycomfort.com\/store\/de\/wp-json\/wp\/v2\/product_cat?post=19969"},{"taxonomy":"product_tag","embeddable":true,"href":"https:\/\/www.aimycomfort.com\/store\/de\/wp-json\/wp\/v2\/product_tag?post=19969"}],"curies":[{"name":"wp","href":"https:\/\/api.w.org\/{rel}","templated":true}]}}