{"id":19927,"date":"2024-11-22T05:42:49","date_gmt":"2024-11-22T05:42:49","guid":{"rendered":"https:\/\/www.aimycomfort.com\/store\/product\/healthy-and-comfortable-new-memory-foam-childrens-pillow\/"},"modified":"2024-11-22T08:39:22","modified_gmt":"2024-11-22T08:39:22","slug":"healthy-and-comfortable-new-memory-foam-childrens-pillow","status":"publish","type":"product","link":"https:\/\/www.aimycomfort.com\/store\/de\/produkt\/healthy-and-comfortable-new-memory-foam-childrens-pillow\/","title":{"rendered":"Neues, Gesundes und Bequemes Memory Foam Kinderkissen"},"content":{"rendered":"<p>Schenken Sie Ihrem Kind erholsamen Schlaf mit unserem neuen, gesunden und bequemen Memory Foam Kinderkissen. Dieses Kissen ist mit langsam r\u00fcckfederndem Memory-Schaum gestaltet, der sich an die nat\u00fcrliche Kr\u00fcmmung der Halswirbels\u00e4ule anpasst und wesentliche Unterst\u00fctzung und Druckentlastung bietet. Der Memory-Schaum sorgt f\u00fcr konstanten Temperaturkomfort und beh\u00e4lt seine Form und Elastizit\u00e4t f\u00fcr ein langanhaltendes, verformungsfreies Schlaferlebnis.<\/p>\n<h2><strong>Hauptmerkmale des Kinderkissens<\/strong>:<\/h2>\n<ul>\n<li><strong>Ergonomische Unterst\u00fctzung<\/strong>: Das Design des Kissens passt sich der physiologischen Kr\u00fcmmung der Halswirbels\u00e4ule an und f\u00f6rdert Entspannung und richtige Ausrichtung w\u00e4hrend des Schlafs.<\/li>\n<li><strong>Langsam R\u00fcckfedernder Memory-Schaum<\/strong>: Bietet druckfreie Unterst\u00fctzung mit langlebiger Formbest\u00e4ndigkeit, reduziert Feuchtigkeitsaufnahme und verbessert die Atmungsaktivit\u00e4t.<\/li>\n<li><strong>Komfortabel und Atmungsaktiv<\/strong>: Hergestellt aus weicher Milchseide und Samt, ist das Kissen elastisch, komfortabel und erm\u00f6glicht eine einfache Luftzirkulation.<\/li>\n<li><strong>Langlebig und Pflegeleicht<\/strong>: Verf\u00fcgt \u00fcber ein unsichtbares Rei\u00dfverschlussdesign f\u00fcr einfache Entfernung und Reinigung des Kissenbezugs, was Hygiene und Bequemlichkeit gew\u00e4hrleistet.<\/li>\n<li><strong>Lebendige Farben<\/strong>: Erh\u00e4ltlich in Blau, Rosa, Wei\u00df, Gelb und Rot, f\u00fcgt jedem Kinderzimmer eine fr\u00f6hliche Note hinzu.<\/li>\n<\/ul>\n<p>W\u00e4hlen Sie unser Memory Foam Kinderkissen, um Ihrem Kind den Komfort und die Unterst\u00fctzung zu bieten, die es f\u00fcr einen gesunden, erholsamen Schlaf ben\u00f6tigt.<\/p>\n","protected":false},"excerpt":{"rendered":"<p>Verbessern Sie den Schlaf Ihres Kindes mit unserem Memory Foam Kinderkissen, das \u00fcber langsam resiliente Memory-Schaum f\u00fcr optimalen zervikalen Halt und Druckentlastung verf\u00fcgt. Hergestellt aus weicher Milchseide und Samt, ist es atmungsaktiv und komfortabel, mit einem unsichtbaren Rei\u00dfverschluss f\u00fcr einfache Reinigung.<\/p>\n","protected":false},"featured_media":19723,"comment_status":"open","ping_status":"closed","template":"","meta":{"site-sidebar-layout":"default","site-content-layout":"","ast-site-content-layout":"default","site-content-style":"default","site-sidebar-style":"default","ast-global-header-display":"","ast-banner-title-visibility":"","ast-main-header-display":"","ast-hfb-above-header-display":"","ast-hfb-below-header-display":"","ast-hfb-mobile-header-display":"","site-post-title":"","ast-breadcrumbs-content":"","ast-featured-img":"","footer-sml-layout":"","theme-transparent-header-meta":"default","adv-header-id-meta":"","stick-header-meta":"","header-above-stick-meta":"","header-main-stick-meta":"","header-below-stick-meta":"","astra-migrate-meta-layouts":"set","ast-page-background-enabled":"default","ast-page-background-meta":{"desktop":{"background-color":"var(--ast-global-color-4)","background-image":"","background-repeat":"repeat","background-position":"center center","background-size":"auto","background-attachment":"scroll","background-type":"","background-media":"","overlay-type":"","overlay-color":"","overlay-opacity":"","overlay-gradient":""},"tablet":{"background-color":"","background-image":"","background-repeat":"repeat","background-position":"center center","background-size":"auto","background-attachment":"scroll","background-type":"","background-media":"","overlay-type":"","overlay-color":"","overlay-opacity":"","overlay-gradient":""},"mobile":{"background-color":"","background-image":"","background-repeat":"repeat","background-position":"center center","background-size":"auto","background-attachment":"scroll","background-type":"","background-media":"","overlay-type":"","overlay-color":"","overlay-opacity":"","overlay-gradient":""}},"ast-content-background-meta":{"desktop":{"background-color":"var(--ast-global-color-5)","background-image":"","background-repeat":"repeat","background-position":"center center","background-size":"auto","background-attachment":"scroll","background-type":"","background-media":"","overlay-type":"","overlay-color":"","overlay-opacity":"","overlay-gradient":""},"tablet":{"background-color":"var(--ast-global-color-5)","background-image":"","background-repeat":"repeat","background-position":"center center","background-size":"auto","background-attachment":"scroll","background-type":"","background-media":"","overlay-type":"","overlay-color":"","overlay-opacity":"","overlay-gradient":""},"mobile":{"background-color":"var(--ast-global-color-5)","background-image":"","background-repeat":"repeat","background-position":"center center","background-size":"auto","background-attachment":"scroll","background-type":"","background-media":"","overlay-type":"","overlay-color":"","overlay-opacity":"","overlay-gradient":""}}},"product_brand":[],"product_cat":[840,912,205],"product_tag":[207,794,562,560],"class_list":{"0":"post-19927","1":"product","2":"type-product","3":"status-publish","4":"has-post-thumbnail","6":"product_cat-bettkissen","7":"product_cat-kissen-fuer-kinder","8":"product_cat-kissenkollektion","9":"product_tag-kissen","10":"product_tag-memory-foam-de-2","11":"product_tag-neck-protect-de","12":"product_tag-baby-pillow-de","13":"desktop-align-left","14":"tablet-align-left","15":"mobile-align-left","16":"ast-product-gallery-layout-horizontal-slider","17":"ast-product-single-variable","18":"ast-product-tabs-layout-horizontal","19":"ast-qv-on-image","21":"first","22":"instock","23":"shipping-taxable","24":"purchasable","25":"product-type-variable"},"aioseo_notices":[],"_links":{"self":[{"href":"https:\/\/www.aimycomfort.com\/store\/de\/wp-json\/wp\/v2\/product\/19927","targetHints":{"allow":["GET"]}}],"collection":[{"href":"https:\/\/www.aimycomfort.com\/store\/de\/wp-json\/wp\/v2\/product"}],"about":[{"href":"https:\/\/www.aimycomfort.com\/store\/de\/wp-json\/wp\/v2\/types\/product"}],"replies":[{"embeddable":true,"href":"https:\/\/www.aimycomfort.com\/store\/de\/wp-json\/wp\/v2\/comments?post=19927"}],"wp:featuredmedia":[{"embeddable":true,"href":"https:\/\/www.aimycomfort.com\/store\/de\/wp-json\/wp\/v2\/media\/19723"}],"wp:attachment":[{"href":"https:\/\/www.aimycomfort.com\/store\/de\/wp-json\/wp\/v2\/media?parent=19927"}],"wp:term":[{"taxonomy":"product_brand","embeddable":true,"href":"https:\/\/www.aimycomfort.com\/store\/de\/wp-json\/wp\/v2\/product_brand?post=19927"},{"taxonomy":"product_cat","embeddable":true,"href":"https:\/\/www.aimycomfort.com\/store\/de\/wp-json\/wp\/v2\/product_cat?post=19927"},{"taxonomy":"product_tag","embeddable":true,"href":"https:\/\/www.aimycomfort.com\/store\/de\/wp-json\/wp\/v2\/product_tag?post=19927"}],"curies":[{"name":"wp","href":"https:\/\/api.w.org\/{rel}","templated":true}]}}