{"id":19885,"date":"2024-11-22T08:13:28","date_gmt":"2024-11-22T08:13:28","guid":{"rendered":"https:\/\/www.aimycomfort.com\/store\/product\/four-seasons-universal-shaped-pillow-for-baby\/"},"modified":"2024-11-22T08:57:47","modified_gmt":"2024-11-22T08:57:47","slug":"four-seasons-universal-shaped-pillow-for-baby","status":"publish","type":"product","link":"https:\/\/www.aimycomfort.com\/store\/de\/produkt\/four-seasons-universal-shaped-pillow-for-baby\/","title":{"rendered":"Vier-Jahreszeiten-Universal-Formkissen f\u00fcr Babys"},"content":{"rendered":"<p>Das geformte Kissen kann Ihrem Baby mit unserem Baby Four Seasons Universal ultimativen Komfort und Sicherheit bieten. Dieses Kissen ist so konzipiert, dass es starken Halt mit einem weichen und bequemen Bezug bietet, sodass Ihr Baby das ganze Jahr \u00fcber tief schl\u00e4ft. Das Kissen verf\u00fcgt \u00fcber ein wissenschaftlich entwickeltes Nackenschutzsystem, das hautfreundlich und frei von fluoreszierenden Stoffen ist, was es sicher f\u00fcr die empfindliche Haut Ihres Babys macht.<\/p>\n<h2><strong>Hauptmerkmale des geformten Kissens<\/strong>:<\/h2>\n<ul>\n<li><strong>Unterst\u00fctzend und Bequem<\/strong>: Der Kissenkern bietet starken Halt, w\u00e4hrend der weiche Bezug Komfort gew\u00e4hrleistet. Es ist so konzipiert, dass es den Nacken sicher und effektiv sch\u00fctzt.<\/li>\n<li><strong>Atmungsaktiv und Hautfreundlich<\/strong>: Hergestellt aus Modalstoff, leitet das Kissen Schwei\u00df ab und absorbiert Feuchtigkeit, sodass Ihr Baby trocken und bequem bleibt. Der atmungsaktive Wabenkern verhindert Stauungen und kann mit Wasser gewaschen werden.<\/li>\n<li><strong>Hygienisch und Leicht zu Reinigen<\/strong>: Das gesamte Kissen ist waschbar, sodass Sie Schwei\u00df- und Milchflecken leicht entfernen und Bakterien und Schimmel widerstehen k\u00f6nnen.<\/li>\n<li><strong>Verstellbare Dicke<\/strong>: Mit zwei Dickendesigns passt sich das Kissen verschiedenen Altersstufen an. Die Gesamth\u00f6he betr\u00e4gt weniger als 3,5 cm, um Ohrendruck und Erstickungsgefahr zu vermeiden. Die H\u00f6he des Nackenkissens betr\u00e4gt 1 cm und bietet angemessene Unterst\u00fctzung, ohne die Wirbels\u00e4ulenausrichtung zu beeintr\u00e4chtigen.<\/li>\n<li><strong>Sicheres Design<\/strong>: Die patentierte Theorie der weichen Unterst\u00fctzung des hinteren Nackens stellt sicher, dass das Kissen die Atmung nicht behindert oder die nat\u00fcrliche Kr\u00fcmmung des Hinterkopfes st\u00f6rt.<\/li>\n<\/ul>\n<p>W\u00e4hlen Sie das Baby Four Seasons Universal geformte Kissen f\u00fcr eine sichere, weiche und atmungsaktive Schlafl\u00f6sung, die den Komfort und das Wohlbefinden Ihres Babys das ganze Jahr \u00fcber unterst\u00fctzt.<\/p>\n","protected":false},"excerpt":{"rendered":"<p>Unser Baby Four Seasons Universal geformtes Kissen bietet starken Halt und atmungsaktiven Komfort mit einem weichen, feuchtigkeitsableitenden Modalstoffbezug. Es ist vollst\u00e4ndig waschbar und verf\u00fcgt \u00fcber eine einstellbare Dicke f\u00fcr eine sichere Nackenunterst\u00fctzung.<\/p>\n","protected":false},"featured_media":19797,"comment_status":"open","ping_status":"closed","template":"","meta":{"site-sidebar-layout":"default","site-content-layout":"","ast-site-content-layout":"default","site-content-style":"default","site-sidebar-style":"default","ast-global-header-display":"","ast-banner-title-visibility":"","ast-main-header-display":"","ast-hfb-above-header-display":"","ast-hfb-below-header-display":"","ast-hfb-mobile-header-display":"","site-post-title":"","ast-breadcrumbs-content":"","ast-featured-img":"","footer-sml-layout":"","theme-transparent-header-meta":"default","adv-header-id-meta":"","stick-header-meta":"","header-above-stick-meta":"","header-main-stick-meta":"","header-below-stick-meta":"","astra-migrate-meta-layouts":"set","ast-page-background-enabled":"default","ast-page-background-meta":{"desktop":{"background-color":"var(--ast-global-color-4)","background-image":"","background-repeat":"repeat","background-position":"center center","background-size":"auto","background-attachment":"scroll","background-type":"","background-media":"","overlay-type":"","overlay-color":"","overlay-opacity":"","overlay-gradient":""},"tablet":{"background-color":"","background-image":"","background-repeat":"repeat","background-position":"center center","background-size":"auto","background-attachment":"scroll","background-type":"","background-media":"","overlay-type":"","overlay-color":"","overlay-opacity":"","overlay-gradient":""},"mobile":{"background-color":"","background-image":"","background-repeat":"repeat","background-position":"center center","background-size":"auto","background-attachment":"scroll","background-type":"","background-media":"","overlay-type":"","overlay-color":"","overlay-opacity":"","overlay-gradient":""}},"ast-content-background-meta":{"desktop":{"background-color":"var(--ast-global-color-5)","background-image":"","background-repeat":"repeat","background-position":"center center","background-size":"auto","background-attachment":"scroll","background-type":"","background-media":"","overlay-type":"","overlay-color":"","overlay-opacity":"","overlay-gradient":""},"tablet":{"background-color":"var(--ast-global-color-5)","background-image":"","background-repeat":"repeat","background-position":"center center","background-size":"auto","background-attachment":"scroll","background-type":"","background-media":"","overlay-type":"","overlay-color":"","overlay-opacity":"","overlay-gradient":""},"mobile":{"background-color":"var(--ast-global-color-5)","background-image":"","background-repeat":"repeat","background-position":"center center","background-size":"auto","background-attachment":"scroll","background-type":"","background-media":"","overlay-type":"","overlay-color":"","overlay-opacity":"","overlay-gradient":""}}},"product_brand":[],"product_cat":[840,912,205],"product_tag":[790,207,562,560],"class_list":{"0":"post-19885","1":"product","2":"type-product","3":"status-publish","4":"has-post-thumbnail","6":"product_cat-bettkissen","7":"product_cat-kissen-fuer-kinder","8":"product_cat-kissenkollektion","9":"product_tag-ergonomic-support-de","10":"product_tag-kissen","11":"product_tag-neck-protect-de","12":"product_tag-baby-pillow-de","13":"desktop-align-left","14":"tablet-align-left","15":"mobile-align-left","16":"ast-product-gallery-layout-horizontal-slider","17":"ast-product-single-variable","18":"ast-product-tabs-layout-horizontal","19":"ast-qv-on-image","21":"first","22":"instock","23":"shipping-taxable","24":"purchasable","25":"product-type-variable"},"aioseo_notices":[],"_links":{"self":[{"href":"https:\/\/www.aimycomfort.com\/store\/de\/wp-json\/wp\/v2\/product\/19885","targetHints":{"allow":["GET"]}}],"collection":[{"href":"https:\/\/www.aimycomfort.com\/store\/de\/wp-json\/wp\/v2\/product"}],"about":[{"href":"https:\/\/www.aimycomfort.com\/store\/de\/wp-json\/wp\/v2\/types\/product"}],"replies":[{"embeddable":true,"href":"https:\/\/www.aimycomfort.com\/store\/de\/wp-json\/wp\/v2\/comments?post=19885"}],"wp:featuredmedia":[{"embeddable":true,"href":"https:\/\/www.aimycomfort.com\/store\/de\/wp-json\/wp\/v2\/media\/19797"}],"wp:attachment":[{"href":"https:\/\/www.aimycomfort.com\/store\/de\/wp-json\/wp\/v2\/media?parent=19885"}],"wp:term":[{"taxonomy":"product_brand","embeddable":true,"href":"https:\/\/www.aimycomfort.com\/store\/de\/wp-json\/wp\/v2\/product_brand?post=19885"},{"taxonomy":"product_cat","embeddable":true,"href":"https:\/\/www.aimycomfort.com\/store\/de\/wp-json\/wp\/v2\/product_cat?post=19885"},{"taxonomy":"product_tag","embeddable":true,"href":"https:\/\/www.aimycomfort.com\/store\/de\/wp-json\/wp\/v2\/product_tag?post=19885"}],"curies":[{"name":"wp","href":"https:\/\/api.w.org\/{rel}","templated":true}]}}