{"id":19604,"date":"2024-11-21T03:21:04","date_gmt":"2024-11-21T03:21:04","guid":{"rendered":"https:\/\/www.aimycomfort.com\/store\/product\/upgraded-memory-foam-strong-support-cushion\/"},"modified":"2024-11-21T06:36:45","modified_gmt":"2024-11-21T06:36:45","slug":"upgraded-memory-foam-strong-support-cushion","status":"publish","type":"product","link":"https:\/\/www.aimycomfort.com\/store\/de\/produkt\/upgraded-memory-foam-strong-support-cushion\/","title":{"rendered":"Aufger\u00fcstetes Memory Foam Starken Unterst\u00fctzungskissen"},"content":{"rendered":"<p>Entdecken Sie den ultimativen Sitzkomfort mit unserem Aufger\u00fcsteten Memory Foam Starken Unterst\u00fctzungskissen. Entwickelt, um den Druck auf das Ges\u00e4\u00df zu entlasten und die Lendenwirbels\u00e4ule zu sch\u00fctzen, sorgt dieses Kissen f\u00fcr ein angenehmes Sitzerlebnis und hilft, die Beinform zu korrigieren. Sein ergonomisches Design passt sich dem Stei\u00dfbein an, entlastet den Druck und f\u00f6rdert eine gesunde Haltung.<\/p>\n<h2><strong>Hauptmerkmale des Starken Unterst\u00fctzungskissens<\/strong>:<\/h2>\n<ul>\n<li><strong>Ergonomisches Design<\/strong>: Unterst\u00fctzt lange Sitzphasen ohne Schmerzen, dank seiner menschlichen K\u00f6rpermechanik.<\/li>\n<li><strong>Atmungsaktives Material<\/strong>: Hergestellt aus Polyesterfaser mit einem atmungsaktiven Futter, um Stau und Schwei\u00df zu verhindern.<\/li>\n<li><strong>Memory Foam<\/strong>: Umweltfreundlich, langlebig und mit langsamer R\u00fcckfederung f\u00fcr erh\u00f6hten Komfort.<\/li>\n<li><strong>U-f\u00f6rmiges Hohldesign<\/strong>: Verhindert Stei\u00dfbeinkompression und f\u00f6rdert eine korrekte Haltung.<\/li>\n<li><strong>Rutschfeste Basis<\/strong>: Haftende Textur sorgt f\u00fcr Stabilit\u00e4t auf jeder Oberfl\u00e4che.<\/li>\n<\/ul>\n<p>Verbessern Sie Ihre Sitzgelegenheit mit diesem Kissen, perfekt f\u00fcr Komfort und Unterst\u00fctzung in jeder Umgebung.<\/p>\n","protected":false},"excerpt":{"rendered":"<p>Verbessern Sie Ihren Sitzkomfort mit unserem Aufger\u00fcsteten Memory Foam Starken Unterst\u00fctzungskissen. Entwickelt, um den Druck auf das Ges\u00e4\u00df zu entlasten und die Lendenwirbels\u00e4ule zu sch\u00fctzen, verf\u00fcgt es \u00fcber ein U-f\u00f6rmiges Hohldesign, um Stei\u00dfbeinkompression zu verhindern.<\/p>\n<p>Hergestellt aus atmungsaktiver Polyesterfaser und langlebigem Memory-Schaum, sorgt es f\u00fcr ein komfortables, schwei\u00dffreies Erlebnis. Die rutschfeste Basis h\u00e4lt es sicher an Ort und Stelle, ideal f\u00fcr l\u00e4ngeres Sitzen.<\/p>\n","protected":false},"featured_media":19238,"comment_status":"open","ping_status":"closed","template":"","meta":{"site-sidebar-layout":"default","site-content-layout":"","ast-site-content-layout":"default","site-content-style":"default","site-sidebar-style":"default","ast-global-header-display":"","ast-banner-title-visibility":"","ast-main-header-display":"","ast-hfb-above-header-display":"","ast-hfb-below-header-display":"","ast-hfb-mobile-header-display":"","site-post-title":"","ast-breadcrumbs-content":"","ast-featured-img":"","footer-sml-layout":"","theme-transparent-header-meta":"default","adv-header-id-meta":"","stick-header-meta":"","header-above-stick-meta":"","header-main-stick-meta":"","header-below-stick-meta":"","astra-migrate-meta-layouts":"set","ast-page-background-enabled":"default","ast-page-background-meta":{"desktop":{"background-color":"var(--ast-global-color-4)","background-image":"","background-repeat":"repeat","background-position":"center center","background-size":"auto","background-attachment":"scroll","background-type":"","background-media":"","overlay-type":"","overlay-color":"","overlay-opacity":"","overlay-gradient":""},"tablet":{"background-color":"","background-image":"","background-repeat":"repeat","background-position":"center center","background-size":"auto","background-attachment":"scroll","background-type":"","background-media":"","overlay-type":"","overlay-color":"","overlay-opacity":"","overlay-gradient":""},"mobile":{"background-color":"","background-image":"","background-repeat":"repeat","background-position":"center center","background-size":"auto","background-attachment":"scroll","background-type":"","background-media":"","overlay-type":"","overlay-color":"","overlay-opacity":"","overlay-gradient":""}},"ast-content-background-meta":{"desktop":{"background-color":"var(--ast-global-color-5)","background-image":"","background-repeat":"repeat","background-position":"center center","background-size":"auto","background-attachment":"scroll","background-type":"","background-media":"","overlay-type":"","overlay-color":"","overlay-opacity":"","overlay-gradient":""},"tablet":{"background-color":"var(--ast-global-color-5)","background-image":"","background-repeat":"repeat","background-position":"center center","background-size":"auto","background-attachment":"scroll","background-type":"","background-media":"","overlay-type":"","overlay-color":"","overlay-opacity":"","overlay-gradient":""},"mobile":{"background-color":"var(--ast-global-color-5)","background-image":"","background-repeat":"repeat","background-position":"center center","background-size":"auto","background-attachment":"scroll","background-type":"","background-media":"","overlay-type":"","overlay-color":"","overlay-opacity":"","overlay-gradient":""}}},"product_brand":[],"product_cat":[342],"product_tag":[792,206,790,791,794],"class_list":{"0":"post-19604","1":"product","2":"type-product","3":"status-publish","4":"has-post-thumbnail","6":"product_cat-kissen","7":"product_tag-comfort-seating-de-2","8":"product_tag-druckentlastung","9":"product_tag-ergonomic-support-de","10":"product_tag-cushion-de","11":"product_tag-memory-foam-de-2","12":"desktop-align-left","13":"tablet-align-left","14":"mobile-align-left","15":"ast-product-gallery-layout-horizontal-slider","16":"ast-product-single-variable","17":"ast-product-tabs-layout-horizontal","18":"ast-qv-on-image","20":"first","21":"instock","22":"shipping-taxable","23":"purchasable","24":"product-type-variable"},"aioseo_notices":[],"_links":{"self":[{"href":"https:\/\/www.aimycomfort.com\/store\/de\/wp-json\/wp\/v2\/product\/19604","targetHints":{"allow":["GET"]}}],"collection":[{"href":"https:\/\/www.aimycomfort.com\/store\/de\/wp-json\/wp\/v2\/product"}],"about":[{"href":"https:\/\/www.aimycomfort.com\/store\/de\/wp-json\/wp\/v2\/types\/product"}],"replies":[{"embeddable":true,"href":"https:\/\/www.aimycomfort.com\/store\/de\/wp-json\/wp\/v2\/comments?post=19604"}],"wp:featuredmedia":[{"embeddable":true,"href":"https:\/\/www.aimycomfort.com\/store\/de\/wp-json\/wp\/v2\/media\/19238"}],"wp:attachment":[{"href":"https:\/\/www.aimycomfort.com\/store\/de\/wp-json\/wp\/v2\/media?parent=19604"}],"wp:term":[{"taxonomy":"product_brand","embeddable":true,"href":"https:\/\/www.aimycomfort.com\/store\/de\/wp-json\/wp\/v2\/product_brand?post=19604"},{"taxonomy":"product_cat","embeddable":true,"href":"https:\/\/www.aimycomfort.com\/store\/de\/wp-json\/wp\/v2\/product_cat?post=19604"},{"taxonomy":"product_tag","embeddable":true,"href":"https:\/\/www.aimycomfort.com\/store\/de\/wp-json\/wp\/v2\/product_tag?post=19604"}],"curies":[{"name":"wp","href":"https:\/\/api.w.org\/{rel}","templated":true}]}}