{"id":19093,"date":"2024-11-20T07:38:40","date_gmt":"2024-11-20T07:38:40","guid":{"rendered":"https:\/\/www.aimycomfort.com\/store\/product\/fully-wrapped-memory-foam-office-chair-cushion\/"},"modified":"2024-11-20T08:42:30","modified_gmt":"2024-11-20T08:42:30","slug":"fully-wrapped-memory-foam-office-chair-cushion","status":"publish","type":"product","link":"https:\/\/www.aimycomfort.com\/store\/de\/produkt\/fully-wrapped-memory-foam-office-chair-cushion\/","title":{"rendered":"Vollst\u00e4ndig Umh\u00fclltes Memory Foam B\u00fcrostuhlkissen"},"content":{"rendered":"<p>Erleben Sie unvergleichlichen Komfort und Unterst\u00fctzung mit unserem Vollst\u00e4ndig Umh\u00fcllten Memory Foam B\u00fcrostuhlkissen. Mit Blick auf Ihre Gesundheit und Ihren Komfort entworfen, verf\u00fcgt dieses Kissen \u00fcber ein ergonomisches Design, das sich eng anpasst, um Ihre Wirbels\u00e4ule zu sch\u00fctzen und eine bessere Haltung zu f\u00f6rdern. Das doppelte Fl\u00fcgelpolster bietet umfassenden H\u00fcftschutz und Druckentlastung und sorgt f\u00fcr eine dreidimensionale Umh\u00fcllung Ihrer Ges\u00e4\u00dfmuskulatur.<\/p>\n<h2>Hauptmerkmale des B\u00fcrostuhlkissens:<\/h2>\n<ul>\n<li><strong>Ergonomisches Design<\/strong>: Bietet Komfort und verhindert Schmerzen bei l\u00e4ngerem Sitzen.<\/li>\n<li><strong>Doppeltes Fl\u00fcgelpolster<\/strong>: Bietet verbesserten H\u00fcftschutz und Druckentlastung.<\/li>\n<li><strong>U-f\u00f6rmiges Hohldesign<\/strong>: Lindert Stei\u00dfbeinschmerzen und bietet gezielte Pflege.<\/li>\n<li><strong>Hochdichter Memory Foam<\/strong>: Langsam r\u00fcckfedernder Memory-Schaum sorgt f\u00fcr Haltbarkeit und Formbest\u00e4ndigkeit.<\/li>\n<li><strong>Atmungsaktives Material<\/strong>: Mit Vogelaugenstoff f\u00fcr \u00fcberlegene Atmungsaktivit\u00e4t \u00fcberzogen.<\/li>\n<li><strong>Gesundheitsvorteile<\/strong>: F\u00f6rdert die Durchblutung, entspannt die Beine und unterst\u00fctzt die Wirbels\u00e4ule.<\/li>\n<\/ul>\n<p>Verbessern Sie Ihr Sitzerlebnis mit unserem Memory Foam Kissen, das entwickelt wurde, um dauerhaften Komfort und Unterst\u00fctzung f\u00fcr Ihre t\u00e4glichen Aktivit\u00e4ten zu bieten.<\/p>\n","protected":false},"excerpt":{"rendered":"<p>Erleben Sie verbesserten Komfort und Unterst\u00fctzung mit unserem Vollst\u00e4ndig Umh\u00fcllten Memory Foam B\u00fcrokissen. Mit einem ergonomischen Doppel-Fl\u00fcgelpolster entworfen, bietet es \u00fcberlegenen H\u00fcftschutz und Druckentlastung. Das U-f\u00f6rmige Hohldesign lindert Stei\u00dfbeinschmerzen und ist ideal f\u00fcr lange Sitzphasen. Hergestellt aus hochdichtem Memory-Schaum mit einem atmungsaktiven Vogelaugenstoffbezug, f\u00f6rdert dieses Kissen eine bessere Haltung und Durchblutung.<\/p>\n","protected":false},"featured_media":18992,"comment_status":"open","ping_status":"closed","template":"","meta":{"site-sidebar-layout":"default","site-content-layout":"","ast-site-content-layout":"default","site-content-style":"default","site-sidebar-style":"default","ast-global-header-display":"","ast-banner-title-visibility":"","ast-main-header-display":"","ast-hfb-above-header-display":"","ast-hfb-below-header-display":"","ast-hfb-mobile-header-display":"","site-post-title":"","ast-breadcrumbs-content":"","ast-featured-img":"","footer-sml-layout":"","theme-transparent-header-meta":"default","adv-header-id-meta":"","stick-header-meta":"","header-above-stick-meta":"","header-main-stick-meta":"","header-below-stick-meta":"","astra-migrate-meta-layouts":"set","ast-page-background-enabled":"default","ast-page-background-meta":{"desktop":{"background-color":"var(--ast-global-color-4)","background-image":"","background-repeat":"repeat","background-position":"center center","background-size":"auto","background-attachment":"scroll","background-type":"","background-media":"","overlay-type":"","overlay-color":"","overlay-opacity":"","overlay-gradient":""},"tablet":{"background-color":"","background-image":"","background-repeat":"repeat","background-position":"center center","background-size":"auto","background-attachment":"scroll","background-type":"","background-media":"","overlay-type":"","overlay-color":"","overlay-opacity":"","overlay-gradient":""},"mobile":{"background-color":"","background-image":"","background-repeat":"repeat","background-position":"center center","background-size":"auto","background-attachment":"scroll","background-type":"","background-media":"","overlay-type":"","overlay-color":"","overlay-opacity":"","overlay-gradient":""}},"ast-content-background-meta":{"desktop":{"background-color":"var(--ast-global-color-5)","background-image":"","background-repeat":"repeat","background-position":"center center","background-size":"auto","background-attachment":"scroll","background-type":"","background-media":"","overlay-type":"","overlay-color":"","overlay-opacity":"","overlay-gradient":""},"tablet":{"background-color":"var(--ast-global-color-5)","background-image":"","background-repeat":"repeat","background-position":"center center","background-size":"auto","background-attachment":"scroll","background-type":"","background-media":"","overlay-type":"","overlay-color":"","overlay-opacity":"","overlay-gradient":""},"mobile":{"background-color":"var(--ast-global-color-5)","background-image":"","background-repeat":"repeat","background-position":"center center","background-size":"auto","background-attachment":"scroll","background-type":"","background-media":"","overlay-type":"","overlay-color":"","overlay-opacity":"","overlay-gradient":""}}},"product_brand":[],"product_cat":[342],"product_tag":[792,790,791],"class_list":{"0":"post-19093","1":"product","2":"type-product","3":"status-publish","4":"has-post-thumbnail","6":"product_cat-kissen","7":"product_tag-comfort-seating-de-2","8":"product_tag-ergonomic-support-de","9":"product_tag-cushion-de","10":"desktop-align-left","11":"tablet-align-left","12":"mobile-align-left","13":"ast-product-gallery-layout-horizontal-slider","14":"ast-product-single-variable","15":"ast-product-tabs-layout-horizontal","16":"ast-qv-on-image","18":"first","19":"instock","20":"shipping-taxable","21":"purchasable","22":"product-type-variable"},"aioseo_notices":[],"_links":{"self":[{"href":"https:\/\/www.aimycomfort.com\/store\/de\/wp-json\/wp\/v2\/product\/19093","targetHints":{"allow":["GET"]}}],"collection":[{"href":"https:\/\/www.aimycomfort.com\/store\/de\/wp-json\/wp\/v2\/product"}],"about":[{"href":"https:\/\/www.aimycomfort.com\/store\/de\/wp-json\/wp\/v2\/types\/product"}],"replies":[{"embeddable":true,"href":"https:\/\/www.aimycomfort.com\/store\/de\/wp-json\/wp\/v2\/comments?post=19093"}],"wp:featuredmedia":[{"embeddable":true,"href":"https:\/\/www.aimycomfort.com\/store\/de\/wp-json\/wp\/v2\/media\/18992"}],"wp:attachment":[{"href":"https:\/\/www.aimycomfort.com\/store\/de\/wp-json\/wp\/v2\/media?parent=19093"}],"wp:term":[{"taxonomy":"product_brand","embeddable":true,"href":"https:\/\/www.aimycomfort.com\/store\/de\/wp-json\/wp\/v2\/product_brand?post=19093"},{"taxonomy":"product_cat","embeddable":true,"href":"https:\/\/www.aimycomfort.com\/store\/de\/wp-json\/wp\/v2\/product_cat?post=19093"},{"taxonomy":"product_tag","embeddable":true,"href":"https:\/\/www.aimycomfort.com\/store\/de\/wp-json\/wp\/v2\/product_tag?post=19093"}],"curies":[{"name":"wp","href":"https:\/\/api.w.org\/{rel}","templated":true}]}}