{"id":18640,"date":"2024-11-19T05:46:36","date_gmt":"2024-11-19T05:46:36","guid":{"rendered":"https:\/\/www.aimycomfort.com\/store\/product\/car-driver-waist-protection-integrated-memory-foam-lumbar-support\/"},"modified":"2024-11-19T09:21:39","modified_gmt":"2024-11-19T09:21:39","slug":"car-driver-waist-protection-integrated-memory-foam-lumbar-support","status":"publish","type":"product","link":"https:\/\/www.aimycomfort.com\/store\/de\/produkt\/car-driver-waist-protection-integrated-memory-foam-lumbar-support\/","title":{"rendered":"Integrierte Memory-Schaum-Lendenwirbelst\u00fctze f\u00fcr den Fahrerschutz"},"content":{"rendered":"<p>Die Integrierte Memory-Baumwoll-Lendenwirbelst\u00fctze f\u00fcr den Fahrerschutz ist so konzipiert, dass sie den Komfort und die Unterst\u00fctzung w\u00e4hrend langer Fahrten verbessert und daf\u00fcr sorgt, dass Sie erm\u00fcdungsfrei bleiben. Dieses innovative Unterst\u00fctzungssystem integriert Schutz f\u00fcr Nacken, Schultern, Taille und H\u00fcften, f\u00f6rdert eine gesunde Sitzhaltung und reduziert den Lendenwirbeldruck.<\/p>\n<h3>Hauptmerkmale:<\/h3>\n<ul>\n<li><strong>Integriertes Unterst\u00fctzungsdesign:<\/strong><br \/>\nEntspricht ergonomischen Prinzipien, passt sich dynamisch der Lendenwirbels\u00e4ule an, um die Sitzhaltung zu verbessern und den Lendenwirbeldruck zu entlasten, und bietet umfassende Unterst\u00fctzung f\u00fcr Nacken, Taille und H\u00fcften.<\/li>\n<li><strong>Verbesserter Komfort:<\/strong><br \/>\nVerf\u00fcgt \u00fcber ein neu aufger\u00fcstetes Kissen mit einer H\u00f6he von bis zu 73 cm, das durch enge Anpassung an die nat\u00fcrliche K\u00f6rperkr\u00fcmmung \u00fcberlegenen Komfort bietet.<\/li>\n<li><strong>Ergonomische Kr\u00fcmmung:<\/strong><br \/>\nNutzt Daten von menschlichen Hals- und Lendenwirbeln, um eine G3-Kr\u00fcmmung zu erreichen, die eine reibungslose Verbindung und umfassende Pflege f\u00fcr Nacken und Taille gew\u00e4hrleistet.<\/li>\n<li><strong>Atmungsaktiv und Hautfreundlich:<\/strong><br \/>\nHergestellt aus atmungsaktiver Raum-Memory-Baumwolle und einem weichen, hautfreundlichen Stoff, der ein komfortables, nicht stickiges Erlebnis bietet.<\/li>\n<li><strong>Hochwertige Materialien:<\/strong><br \/>\nDer Jackenstoff kombiniert Polyesterfaser und Spandex f\u00fcr ein weiches, glattes Gef\u00fchl, das das sensorische Erlebnis verbessert.<\/li>\n<li><strong>Memory-Schaum-Technologie:<\/strong><br \/>\nVerf\u00fcgt \u00fcber tr\u00e4gen, langsamen R\u00fcckprall-Memory-Schaum, der festen Halt und eine enge Passform bietet und die nat\u00fcrliche Kr\u00fcmmung des Nackens vollst\u00e4ndig unterst\u00fctzt.<\/li>\n<li><strong>Vielseitige Verwendung:<\/strong><br \/>\nErm\u00f6glicht freie Bewegung und komfortables Dehnen vom Kopf bis zur Taille, ideal zum Sitzen und Liegen.<\/li>\n<li><strong>Perfekte Passform:<\/strong><br \/>\nF\u00fcllt die L\u00fccke in Autositzen und bietet bequemen Halt, der weich, aber widerstandsf\u00e4hig ist, und sorgt f\u00fcr ein angenehmes Fahrerlebnis.<\/li>\n<\/ul>\n<p>Verbessern Sie Ihren Fahrkomfort mit dieser integrierten Memory-Baumwoll-Lendenwirbelst\u00fctze, die entwickelt wurde, um Wirbels\u00e4ulenschmerzen und Fahrerm\u00fcdung zu lindern und jede Reise angenehm zu gestalten.<\/p>\n","protected":false},"excerpt":{"rendered":"<p>Die Integrierte Memory-Baumwoll-Lendenwirbelst\u00fctze f\u00fcr den Fahrerschutz bietet umfassende Unterst\u00fctzung f\u00fcr lange Fahrten, indem sie Schutz f\u00fcr Nacken, Schultern, Taille und H\u00fcften integriert, um Erm\u00fcdung zu reduzieren. Ergonomisch gestaltet, passt sie sich der Lendenwirbels\u00e4ule an und entlastet den Druck, mit atmungsaktivem Memory-Schaum f\u00fcr Komfort. Der weiche, hautfreundliche Stoff verbessert das Fahrerlebnis, w\u00e4hrend die Unterst\u00fctzung die Sitzl\u00fccken f\u00fcr eine enge Passform f\u00fcllt. In mehreren Farben erh\u00e4ltlich, sorgt sie f\u00fcr eine komfortable und angenehme Reise.<\/p>\n","protected":false},"featured_media":18387,"comment_status":"open","ping_status":"closed","template":"","meta":{"site-sidebar-layout":"default","site-content-layout":"","ast-site-content-layout":"default","site-content-style":"default","site-sidebar-style":"default","ast-global-header-display":"","ast-banner-title-visibility":"","ast-main-header-display":"","ast-hfb-above-header-display":"","ast-hfb-below-header-display":"","ast-hfb-mobile-header-display":"","site-post-title":"","ast-breadcrumbs-content":"","ast-featured-img":"","footer-sml-layout":"","theme-transparent-header-meta":"default","adv-header-id-meta":"","stick-header-meta":"","header-above-stick-meta":"","header-main-stick-meta":"","header-below-stick-meta":"","astra-migrate-meta-layouts":"set","ast-page-background-enabled":"default","ast-page-background-meta":{"desktop":{"background-color":"var(--ast-global-color-4)","background-image":"","background-repeat":"repeat","background-position":"center center","background-size":"auto","background-attachment":"scroll","background-type":"","background-media":"","overlay-type":"","overlay-color":"","overlay-opacity":"","overlay-gradient":""},"tablet":{"background-color":"","background-image":"","background-repeat":"repeat","background-position":"center center","background-size":"auto","background-attachment":"scroll","background-type":"","background-media":"","overlay-type":"","overlay-color":"","overlay-opacity":"","overlay-gradient":""},"mobile":{"background-color":"","background-image":"","background-repeat":"repeat","background-position":"center center","background-size":"auto","background-attachment":"scroll","background-type":"","background-media":"","overlay-type":"","overlay-color":"","overlay-opacity":"","overlay-gradient":""}},"ast-content-background-meta":{"desktop":{"background-color":"var(--ast-global-color-5)","background-image":"","background-repeat":"repeat","background-position":"center center","background-size":"auto","background-attachment":"scroll","background-type":"","background-media":"","overlay-type":"","overlay-color":"","overlay-opacity":"","overlay-gradient":""},"tablet":{"background-color":"var(--ast-global-color-5)","background-image":"","background-repeat":"repeat","background-position":"center center","background-size":"auto","background-attachment":"scroll","background-type":"","background-media":"","overlay-type":"","overlay-color":"","overlay-opacity":"","overlay-gradient":""},"mobile":{"background-color":"var(--ast-global-color-5)","background-image":"","background-repeat":"repeat","background-position":"center center","background-size":"auto","background-attachment":"scroll","background-type":"","background-media":"","overlay-type":"","overlay-color":"","overlay-opacity":"","overlay-gradient":""}}},"product_brand":[],"product_cat":[810,799,214],"product_tag":[792,206,790,793],"class_list":{"0":"post-18640","1":"product","2":"type-product","3":"status-publish","4":"has-post-thumbnail","6":"product_cat-lendenkissen-fuer-das-buero","7":"product_cat-lendenkissen-fuer-fahrer","8":"product_cat-lendenwirbelstutze","9":"product_tag-comfort-seating-de-2","10":"product_tag-druckentlastung","11":"product_tag-ergonomic-support-de","12":"product_tag-lumbar-support-de","13":"desktop-align-left","14":"tablet-align-left","15":"mobile-align-left","16":"ast-product-gallery-layout-horizontal-slider","17":"ast-product-single-variable","18":"ast-product-tabs-layout-horizontal","19":"ast-qv-on-image","21":"first","22":"instock","23":"shipping-taxable","24":"purchasable","25":"product-type-variable"},"aioseo_notices":[],"_links":{"self":[{"href":"https:\/\/www.aimycomfort.com\/store\/de\/wp-json\/wp\/v2\/product\/18640","targetHints":{"allow":["GET"]}}],"collection":[{"href":"https:\/\/www.aimycomfort.com\/store\/de\/wp-json\/wp\/v2\/product"}],"about":[{"href":"https:\/\/www.aimycomfort.com\/store\/de\/wp-json\/wp\/v2\/types\/product"}],"replies":[{"embeddable":true,"href":"https:\/\/www.aimycomfort.com\/store\/de\/wp-json\/wp\/v2\/comments?post=18640"}],"wp:featuredmedia":[{"embeddable":true,"href":"https:\/\/www.aimycomfort.com\/store\/de\/wp-json\/wp\/v2\/media\/18387"}],"wp:attachment":[{"href":"https:\/\/www.aimycomfort.com\/store\/de\/wp-json\/wp\/v2\/media?parent=18640"}],"wp:term":[{"taxonomy":"product_brand","embeddable":true,"href":"https:\/\/www.aimycomfort.com\/store\/de\/wp-json\/wp\/v2\/product_brand?post=18640"},{"taxonomy":"product_cat","embeddable":true,"href":"https:\/\/www.aimycomfort.com\/store\/de\/wp-json\/wp\/v2\/product_cat?post=18640"},{"taxonomy":"product_tag","embeddable":true,"href":"https:\/\/www.aimycomfort.com\/store\/de\/wp-json\/wp\/v2\/product_tag?post=18640"}],"curies":[{"name":"wp","href":"https:\/\/api.w.org\/{rel}","templated":true}]}}