{"id":18255,"date":"2024-11-18T05:32:08","date_gmt":"2024-11-18T05:32:08","guid":{"rendered":"https:\/\/www.aimycomfort.com\/store\/product\/three-piece-set-of-triangular-bird-eye-wedge-shaped-pillow-backrest\/"},"modified":"2024-11-18T08:16:36","modified_gmt":"2024-11-18T08:16:36","slug":"three-piece-set-of-triangular-bird-eye-wedge-shaped-pillow-backrest","status":"publish","type":"product","link":"https:\/\/www.aimycomfort.com\/store\/de\/produkt\/three-piece-set-of-triangular-bird-eye-wedge-shaped-pillow-backrest\/","title":{"rendered":"Dreiteiliges Set aus Dreieckigem Vogelaugen-Keilf\u00f6rmigem Kissenr\u00fccken"},"content":{"rendered":"<p>Das Dreiteilige Set aus Dreieckigem Vogelaugen-Keilf\u00f6rmigem Kissenr\u00fccken ist ein vielseitiges Unterst\u00fctzungssystem, das umfassenden Komfort und Erleichterung bietet. Perfekt zur Vorbeugung von saurem Reflux und besonders vorteilhaft f\u00fcr schwangere Frauen, hilft dieses Set, Atembeschwerden und Schnarchen zu verhindern, w\u00e4hrend es Nacken- und R\u00fcckenschmerzen lindert.<\/p>\n<h3>Hauptmerkmale:<\/h3>\n<ul>\n<li><strong>12-in-1 Design:<\/strong><br \/>\nBietet mehrere Konfigurationen, einschlie\u00dflich:<\/p>\n<ul>\n<li>R\u00fcckenlehne zum Sitzen<\/li>\n<li>Kn\u00f6chelst\u00fctze<\/li>\n<li>Lendenwirbelst\u00fctze<\/li>\n<li>Hohe\/mittlere\/niedrige Neigungspositionen<\/li>\n<li>Armst\u00fctze<\/li>\n<li>Hohe\/niedrige Beinunterst\u00fctzung<\/li>\n<li>Neigungspositionen mit Kopfst\u00fctze<\/li>\n<li>Sitzen mit Kopfst\u00fctze<\/li>\n<\/ul>\n<\/li>\n<li><strong>Ganzk\u00f6rperunterst\u00fctzung:<\/strong>\n<ul>\n<li>Unterst\u00fctzt Kopf- und Nackengelenke<\/li>\n<li>Bietet Unterst\u00fctzung f\u00fcr Taille und R\u00fccken<\/li>\n<li>Hilft bei der Ausrichtung von H\u00fcft- und Taillengelenken<\/li>\n<li>Unterst\u00fctzt die nat\u00fcrliche Wirbels\u00e4ulenausdehnung<\/li>\n<\/ul>\n<\/li>\n<li><strong>Schwangerschaftsfreundlich:<\/strong><br \/>\nSpeziell entwickelt, um schwangeren Frauen das Atmen zu erleichtern und das Schnarchen w\u00e4hrend des Schlafs zu reduzieren.<\/li>\n<li><strong>Praktische Merkmale:<\/strong>\n<ul>\n<li>Maschinenwaschbarer Bezug<\/li>\n<li>Tragbares Design<\/li>\n<li>Aufmerksame Detailarbeit f\u00fcr maximalen Komfort<\/li>\n<\/ul>\n<\/li>\n<\/ul>\n<p>Verwandeln Sie Ihr Komforterlebnis mit diesem vielseitigen dreiteiligen Set, das entwickelt wurde, um umfassende Unterst\u00fctzung f\u00fcr verschiedene K\u00f6rperpositionen und Bed\u00fcrfnisse zu bieten.<\/p>\n","protected":false},"excerpt":{"rendered":"<p>Dieses vielseitige dreiteilige Keilkissen-Set bietet eine 12-in-1-Funktionalit\u00e4t, perfekt zur Vorbeugung von saurem Reflux und zur Bereitstellung umfassender K\u00f6rperunterst\u00fctzung. Besonders vorteilhaft f\u00fcr schwangere Frauen, hilft es, Atembeschwerden und Schnarchen zu verhindern, w\u00e4hrend es Nacken- und R\u00fcckenschmerzen lindert. Das Set unterst\u00fctzt die nat\u00fcrliche Wirbels\u00e4ulenausdehnung und bietet mehrere Konfigurationen f\u00fcr Sitz-, Liege- und Ruhepositionen. Mit seinem maschinenwaschbaren Bezug und tragbaren Design kombiniert dieses Kissenset Funktionalit\u00e4t mit Bequemlichkeit und sorgt f\u00fcr Komfort in jeder gew\u00e4hlten Position.<\/p>\n","protected":false},"featured_media":17920,"comment_status":"open","ping_status":"closed","template":"","meta":{"site-sidebar-layout":"default","site-content-layout":"","ast-site-content-layout":"default","site-content-style":"default","site-sidebar-style":"default","ast-global-header-display":"","ast-banner-title-visibility":"","ast-main-header-display":"","ast-hfb-above-header-display":"","ast-hfb-below-header-display":"","ast-hfb-mobile-header-display":"","site-post-title":"","ast-breadcrumbs-content":"","ast-featured-img":"","footer-sml-layout":"","theme-transparent-header-meta":"default","adv-header-id-meta":"","stick-header-meta":"","header-above-stick-meta":"","header-main-stick-meta":"","header-below-stick-meta":"","astra-migrate-meta-layouts":"set","ast-page-background-enabled":"default","ast-page-background-meta":{"desktop":{"background-color":"var(--ast-global-color-4)","background-image":"","background-repeat":"repeat","background-position":"center center","background-size":"auto","background-attachment":"scroll","background-type":"","background-media":"","overlay-type":"","overlay-color":"","overlay-opacity":"","overlay-gradient":""},"tablet":{"background-color":"","background-image":"","background-repeat":"repeat","background-position":"center center","background-size":"auto","background-attachment":"scroll","background-type":"","background-media":"","overlay-type":"","overlay-color":"","overlay-opacity":"","overlay-gradient":""},"mobile":{"background-color":"","background-image":"","background-repeat":"repeat","background-position":"center center","background-size":"auto","background-attachment":"scroll","background-type":"","background-media":"","overlay-type":"","overlay-color":"","overlay-opacity":"","overlay-gradient":""}},"ast-content-background-meta":{"desktop":{"background-color":"var(--ast-global-color-5)","background-image":"","background-repeat":"repeat","background-position":"center center","background-size":"auto","background-attachment":"scroll","background-type":"","background-media":"","overlay-type":"","overlay-color":"","overlay-opacity":"","overlay-gradient":""},"tablet":{"background-color":"var(--ast-global-color-5)","background-image":"","background-repeat":"repeat","background-position":"center center","background-size":"auto","background-attachment":"scroll","background-type":"","background-media":"","overlay-type":"","overlay-color":"","overlay-opacity":"","overlay-gradient":""},"mobile":{"background-color":"var(--ast-global-color-5)","background-image":"","background-repeat":"repeat","background-position":"center center","background-size":"auto","background-attachment":"scroll","background-type":"","background-media":"","overlay-type":"","overlay-color":"","overlay-opacity":"","overlay-gradient":""}}},"product_brand":[],"product_cat":[840,930,849,214,725],"product_tag":[207],"class_list":{"0":"post-18255","1":"product","2":"type-product","3":"status-publish","4":"has-post-thumbnail","6":"product_cat-bettkissen","7":"product_cat-keilkissen","8":"product_cat-koerperkissen","9":"product_cat-lendenwirbelstutze","10":"product_cat-pregnancy-pillow-de","11":"product_tag-kissen","12":"desktop-align-left","13":"tablet-align-left","14":"mobile-align-left","15":"ast-product-gallery-layout-horizontal-slider","16":"ast-product-single-variable","17":"ast-product-tabs-layout-horizontal","18":"ast-qv-on-image","20":"first","21":"instock","22":"shipping-taxable","23":"purchasable","24":"product-type-variable"},"aioseo_notices":[],"_links":{"self":[{"href":"https:\/\/www.aimycomfort.com\/store\/de\/wp-json\/wp\/v2\/product\/18255","targetHints":{"allow":["GET"]}}],"collection":[{"href":"https:\/\/www.aimycomfort.com\/store\/de\/wp-json\/wp\/v2\/product"}],"about":[{"href":"https:\/\/www.aimycomfort.com\/store\/de\/wp-json\/wp\/v2\/types\/product"}],"replies":[{"embeddable":true,"href":"https:\/\/www.aimycomfort.com\/store\/de\/wp-json\/wp\/v2\/comments?post=18255"}],"wp:featuredmedia":[{"embeddable":true,"href":"https:\/\/www.aimycomfort.com\/store\/de\/wp-json\/wp\/v2\/media\/17920"}],"wp:attachment":[{"href":"https:\/\/www.aimycomfort.com\/store\/de\/wp-json\/wp\/v2\/media?parent=18255"}],"wp:term":[{"taxonomy":"product_brand","embeddable":true,"href":"https:\/\/www.aimycomfort.com\/store\/de\/wp-json\/wp\/v2\/product_brand?post=18255"},{"taxonomy":"product_cat","embeddable":true,"href":"https:\/\/www.aimycomfort.com\/store\/de\/wp-json\/wp\/v2\/product_cat?post=18255"},{"taxonomy":"product_tag","embeddable":true,"href":"https:\/\/www.aimycomfort.com\/store\/de\/wp-json\/wp\/v2\/product_tag?post=18255"}],"curies":[{"name":"wp","href":"https:\/\/api.w.org\/{rel}","templated":true}]}}