{"id":17797,"date":"2024-11-15T02:50:43","date_gmt":"2024-11-15T02:50:43","guid":{"rendered":"https:\/\/www.aimycomfort.com\/store\/product\/bed-sleeping-spa-pillow\/"},"modified":"2024-11-15T09:18:24","modified_gmt":"2024-11-15T09:18:24","slug":"bed-sleeping-spa-pillow","status":"publish","type":"product","link":"https:\/\/www.aimycomfort.com\/store\/de\/produkt\/bed-sleeping-spa-pillow\/","title":{"rendered":"Bett-Schlaf-SPA-Kissen"},"content":{"rendered":"<p>Erleben Sie unvergleichlichen Komfort mit dem Bett-Schlaf-SPA-Kissen, das f\u00fcr eine erholsame Nachtruhe mit wissenschaftlich fundierter F\u00fcnf-Zonen-Unterst\u00fctzung entwickelt wurde. Dieses innovative Kissen verf\u00fcgt \u00fcber spezielle Bereiche f\u00fcr Armablage, Kn\u00f6chel-, Waden-, Knie- und Oberschenkelunterst\u00fctzung und gew\u00e4hrleistet eine angenehme Druckverteilung ohne Kompression.<\/p>\n<h2>Hauptmerkmale:<\/h2>\n<ul>\n<li><strong>F\u00fcnf-Zonen-Unterst\u00fctzung:<\/strong><br \/>\nJede Zone ist sorgf\u00e4ltig konzipiert, um Druckpunkte zu entlasten und ein komfortables Schlaferlebnis zu erm\u00f6glichen, das Arm- und Nackenschmerzen sowie Taubheitsgef\u00fchle verhindert.<\/li>\n<li><strong>Vielseitige Verwendung:<\/strong><br \/>\nDieses multifunktionale Kissen kann als Schlafkissen, Kopfteil, Lendenst\u00fctze oder Beinkissen verwendet werden und passt sich Ihren Bed\u00fcrfnissen f\u00fcr maximalen Komfort an.<\/li>\n<li><strong>Ergonomisches Design:<\/strong><br \/>\nDie geschwungenen Oberfl\u00e4chen passen sich wissenschaftlich fundiert dem K\u00f6rper an und f\u00f6rdern die richtige Ausrichtung und Entspannung. Verabschieden Sie sich von unbequemen harten Betten und genie\u00dfen Sie ein entspannendes Schlaferlebnis.<\/li>\n<li><strong>Verstellbare H\u00f6he:<\/strong><br \/>\nDas abnehmbare kleine Kissen kann einfach verbunden oder entfernt werden, sodass Sie die H\u00f6he nach Ihren W\u00fcnschen anpassen k\u00f6nnen. Als Beinkissen verwendet, hilft es, die Beine \u00fcber Herzh\u00f6he zu heben und die Knie leicht gebeugt zu halten, um Druck abzubauen und die Entspannung zu f\u00f6rdern.<\/li>\n<li><strong>Geeignet f\u00fcr nasses Haar:<\/strong><br \/>\nPraktisch konzipiert ist dieses Kissen auch f\u00fcr nasses Haar geeignet, damit Sie sorgenfrei ruhen k\u00f6nnen.<\/li>\n<li><strong>Rutschfeste Unterseite:<\/strong><br \/>\nDie Unterseite ist mit rutschfesten Kunststoffpartikeln versehen, die daf\u00fcr sorgen, dass das Kissen die ganze Nacht \u00fcber sicher an seinem Platz bleibt.<\/li>\n<li><strong>Einfache Pflege:<\/strong><br \/>\nDer abnehmbare Bezug ist erfrischend und leicht zu reinigen, was die Hygiene und den Komfort einfach aufrechth\u00e4lt.<\/li>\n<\/ul>\n<p>Verwandeln Sie Ihr Schlaferlebnis mit dem Bett-Schlaf-SPA-Kissen, bei dem Komfort auf Funktionalit\u00e4t trifft und Sie erfrischt und schmerzfrei aufwachen.<\/p>\n","protected":false},"excerpt":{"rendered":"<p>Das Bett-Schlaf-SPA-Kissen bietet wissenschaftliche Unterst\u00fctzung in f\u00fcnf Zonen und gew\u00e4hrleistet eine komfortable Druckverteilung ohne Kompression. Dieses vielseitige Kissen kann als Schlafkissen, Kopfteil, Lendenst\u00fctze oder Beinkissen verwendet werden und beugt effektiv Arm- und Nackenschmerzen vor. Sein ergonomisches Design verf\u00fcgt \u00fcber geschwungene Oberfl\u00e4chen, die sich bequem an den K\u00f6rper anpassen, w\u00e4hrend ein abnehmbares kleines Kissen eine einfache H\u00f6henverstellung erm\u00f6glicht. Dieses multifunktionale Kissen ist ideal zum Hochlegen der Beine und zur Druckentlastung, perfekt geeignet f\u00fcr nasses Haar und verf\u00fcgt \u00fcber rutschfeste Partikel f\u00fcr Stabilit\u00e4t. Genie\u00dfen Sie ein erholsames Schlaferlebnis mit dieser praktischen und komfortablen L\u00f6sung.<\/p>\n","protected":false},"featured_media":17447,"comment_status":"open","ping_status":"closed","template":"","meta":{"site-sidebar-layout":"default","site-content-layout":"","ast-site-content-layout":"default","site-content-style":"default","site-sidebar-style":"default","ast-global-header-display":"","ast-banner-title-visibility":"","ast-main-header-display":"","ast-hfb-above-header-display":"","ast-hfb-below-header-display":"","ast-hfb-mobile-header-display":"","site-post-title":"","ast-breadcrumbs-content":"","ast-featured-img":"","footer-sml-layout":"","theme-transparent-header-meta":"default","adv-header-id-meta":"","stick-header-meta":"","header-above-stick-meta":"","header-main-stick-meta":"","header-below-stick-meta":"","astra-migrate-meta-layouts":"set","ast-page-background-enabled":"default","ast-page-background-meta":{"desktop":{"background-color":"var(--ast-global-color-4)","background-image":"","background-repeat":"repeat","background-position":"center center","background-size":"auto","background-attachment":"scroll","background-type":"","background-media":"","overlay-type":"","overlay-color":"","overlay-opacity":"","overlay-gradient":""},"tablet":{"background-color":"","background-image":"","background-repeat":"repeat","background-position":"center center","background-size":"auto","background-attachment":"scroll","background-type":"","background-media":"","overlay-type":"","overlay-color":"","overlay-opacity":"","overlay-gradient":""},"mobile":{"background-color":"","background-image":"","background-repeat":"repeat","background-position":"center center","background-size":"auto","background-attachment":"scroll","background-type":"","background-media":"","overlay-type":"","overlay-color":"","overlay-opacity":"","overlay-gradient":""}},"ast-content-background-meta":{"desktop":{"background-color":"var(--ast-global-color-5)","background-image":"","background-repeat":"repeat","background-position":"center center","background-size":"auto","background-attachment":"scroll","background-type":"","background-media":"","overlay-type":"","overlay-color":"","overlay-opacity":"","overlay-gradient":""},"tablet":{"background-color":"var(--ast-global-color-5)","background-image":"","background-repeat":"repeat","background-position":"center center","background-size":"auto","background-attachment":"scroll","background-type":"","background-media":"","overlay-type":"","overlay-color":"","overlay-opacity":"","overlay-gradient":""},"mobile":{"background-color":"var(--ast-global-color-5)","background-image":"","background-repeat":"repeat","background-position":"center center","background-size":"auto","background-attachment":"scroll","background-type":"","background-media":"","overlay-type":"","overlay-color":"","overlay-opacity":"","overlay-gradient":""}}},"product_brand":[],"product_cat":[840,876,821,214],"product_tag":[790,793,794],"class_list":{"0":"post-17797","1":"product","2":"type-product","3":"status-publish","4":"has-post-thumbnail","6":"product_cat-bettkissen","7":"product_cat-fuss-und-beinkissen","8":"product_cat-lendenkissen-zum-schlafen","9":"product_cat-lendenwirbelstutze","10":"product_tag-ergonomic-support-de","11":"product_tag-lumbar-support-de","12":"product_tag-memory-foam-de-2","13":"desktop-align-left","14":"tablet-align-left","15":"mobile-align-left","16":"ast-product-gallery-layout-horizontal-slider","17":"ast-product-single-variable","18":"ast-product-tabs-layout-horizontal","19":"ast-qv-on-image","21":"first","22":"instock","23":"shipping-taxable","24":"purchasable","25":"product-type-variable"},"aioseo_notices":[],"_links":{"self":[{"href":"https:\/\/www.aimycomfort.com\/store\/de\/wp-json\/wp\/v2\/product\/17797","targetHints":{"allow":["GET"]}}],"collection":[{"href":"https:\/\/www.aimycomfort.com\/store\/de\/wp-json\/wp\/v2\/product"}],"about":[{"href":"https:\/\/www.aimycomfort.com\/store\/de\/wp-json\/wp\/v2\/types\/product"}],"replies":[{"embeddable":true,"href":"https:\/\/www.aimycomfort.com\/store\/de\/wp-json\/wp\/v2\/comments?post=17797"}],"wp:featuredmedia":[{"embeddable":true,"href":"https:\/\/www.aimycomfort.com\/store\/de\/wp-json\/wp\/v2\/media\/17447"}],"wp:attachment":[{"href":"https:\/\/www.aimycomfort.com\/store\/de\/wp-json\/wp\/v2\/media?parent=17797"}],"wp:term":[{"taxonomy":"product_brand","embeddable":true,"href":"https:\/\/www.aimycomfort.com\/store\/de\/wp-json\/wp\/v2\/product_brand?post=17797"},{"taxonomy":"product_cat","embeddable":true,"href":"https:\/\/www.aimycomfort.com\/store\/de\/wp-json\/wp\/v2\/product_cat?post=17797"},{"taxonomy":"product_tag","embeddable":true,"href":"https:\/\/www.aimycomfort.com\/store\/de\/wp-json\/wp\/v2\/product_tag?post=17797"}],"curies":[{"name":"wp","href":"https:\/\/api.w.org\/{rel}","templated":true}]}}