{"id":17118,"date":"2024-11-14T03:41:07","date_gmt":"2024-11-14T03:41:07","guid":{"rendered":"https:\/\/www.aimycomfort.com\/store\/product\/baby-anti-slip-and-anti-spitting-wedge-pillow\/"},"modified":"2025-11-27T21:24:47","modified_gmt":"2025-11-27T21:24:47","slug":"baby-anti-slip-and-anti-spitting-wedge-pillow","status":"publish","type":"product","link":"https:\/\/www.aimycomfort.com\/store\/de\/produkt\/baby-anti-slip-and-anti-spitting-wedge-pillow\/","title":{"rendered":"Antirutsch- und Antireflux-Wedge-Kissen f\u00fcr Babys"},"content":{"rendered":"<p><strong>Das Antirutsch- und Antireflux-Wedge-Kissen f\u00fcr Babys<\/strong> wurde entwickelt, um optimalen Halt und Komfort f\u00fcr S\u00e4uglinge zu bieten und hilft, den gastro\u00f6sophagealen Reflux zu verhindern und das Risiko des Erstickens w\u00e4hrend des F\u00fctterns zu verringern. Dieses innovative Kissen verf\u00fcgt \u00fcber ein 15\u00b0-Anti-Reflux-Neigungsdesign, das den Magen des Babys anhebt und eine bessere Verdauung und Komfort f\u00f6rdert.<\/p>\n<h2><strong>Hauptmerkmale:<\/strong><\/h2>\n<ul>\n<li><strong>\u00dcberlaufdesign:<\/strong><br \/>\nHergestellt aus Memory-Schaum bietet dieses Kissen hervorragende Unterst\u00fctzung f\u00fcr das Ges\u00e4\u00df und verhindert \u00dcberlauf, was es ideal f\u00fcr Babys macht, die zum Spucken neigen.<\/li>\n<li><strong>7A Antibakteriell:<\/strong><br \/>\nDas Kissen besteht aus antibakteriellen Materialien und sorgt f\u00fcr eine sichere und hygienische Umgebung f\u00fcr Ihr Baby.<\/li>\n<li><strong>Doppelseitige Funktionalit\u00e4t:<\/strong><br \/>\nDas vielseitige Design umfasst eine Anti-Reflux-Neigung, einen Verbindungsgurt und ein Antirutsch-Kissen, das mehrere Optionen f\u00fcr Komfort und Unterst\u00fctzung bietet.<\/li>\n<li><strong>Verstellbarer Stretch:<\/strong><br \/>\nDie verstellbare Stretch-Funktion erm\u00f6glicht eine individuelle Passform und sorgt daf\u00fcr, dass das Kissen w\u00e4hrend der Benutzung sicher an seinem Platz bleibt.<\/li>\n<li><strong>Weicher Samtstoff:<\/strong><br \/>\nDas Kissen ist mit weichem Samtstoff bezogen, der einen sanften Kontakt mit der Haut Ihres Babys bietet und zus\u00e4tzlichen Komfort bietet.<\/li>\n<\/ul>\n<p>Sichern Sie den Komfort und die Sicherheit Ihres Babys w\u00e4hrend des F\u00fctterns mit dem Antirutsch- und Antireflux-Wedge-Kissen, das entwickelt wurde, um die notwendige Unterst\u00fctzung zu bieten, um eine gesunde Verdauung zu f\u00f6rdern und das Risiko von Reflux zu verringern.<\/p>\n","protected":false},"excerpt":{"rendered":"<p><strong>Das Antirutsch- und Antireflux-Wedge-Kissen f\u00fcr Babys<\/strong> wurde entwickelt, um S\u00e4uglinge zu unterst\u00fctzen und den gastro\u00f6sophagealen Reflux w\u00e4hrend des F\u00fctterns zu verhindern. Mit einer 15\u00b0-Anti-Reflux-Neigung hebt dieses Kissen aus Memory-Cotton den Magen des Babys an, um das Risiko des Erstickens an Milch zu reduzieren. Das doppelseitige Design umfasst eine Antirutschfunktion und einen verstellbaren Stretch f\u00fcr einen sicheren Sitz. Hergestellt aus antibakteriellen Materialien der Stufe 7A und mit weichem Samtstoff bezogen, sorgt dieses Kissen f\u00fcr eine sichere und komfortable Umgebung f\u00fcr Ihr Baby. Erh\u00e4ltlich in Grau, Gelb, Pink und Blau, ist es die perfekte L\u00f6sung zur F\u00f6rderung einer gesunden Verdauung und des Komforts.<\/p>\n","protected":false},"featured_media":16777,"comment_status":"open","ping_status":"closed","template":"","meta":{"site-sidebar-layout":"default","site-content-layout":"","ast-site-content-layout":"default","site-content-style":"default","site-sidebar-style":"default","ast-global-header-display":"","ast-banner-title-visibility":"","ast-main-header-display":"","ast-hfb-above-header-display":"","ast-hfb-below-header-display":"","ast-hfb-mobile-header-display":"","site-post-title":"","ast-breadcrumbs-content":"","ast-featured-img":"","footer-sml-layout":"","theme-transparent-header-meta":"default","adv-header-id-meta":"","stick-header-meta":"","header-above-stick-meta":"","header-main-stick-meta":"","header-below-stick-meta":"","astra-migrate-meta-layouts":"set","ast-page-background-enabled":"default","ast-page-background-meta":{"desktop":{"background-color":"var(--ast-global-color-4)","background-image":"","background-repeat":"repeat","background-position":"center center","background-size":"auto","background-attachment":"scroll","background-type":"","background-media":"","overlay-type":"","overlay-color":"","overlay-opacity":"","overlay-gradient":""},"tablet":{"background-color":"","background-image":"","background-repeat":"repeat","background-position":"center center","background-size":"auto","background-attachment":"scroll","background-type":"","background-media":"","overlay-type":"","overlay-color":"","overlay-opacity":"","overlay-gradient":""},"mobile":{"background-color":"","background-image":"","background-repeat":"repeat","background-position":"center center","background-size":"auto","background-attachment":"scroll","background-type":"","background-media":"","overlay-type":"","overlay-color":"","overlay-opacity":"","overlay-gradient":""}},"ast-content-background-meta":{"desktop":{"background-color":"var(--ast-global-color-5)","background-image":"","background-repeat":"repeat","background-position":"center center","background-size":"auto","background-attachment":"scroll","background-type":"","background-media":"","overlay-type":"","overlay-color":"","overlay-opacity":"","overlay-gradient":""},"tablet":{"background-color":"var(--ast-global-color-5)","background-image":"","background-repeat":"repeat","background-position":"center center","background-size":"auto","background-attachment":"scroll","background-type":"","background-media":"","overlay-type":"","overlay-color":"","overlay-opacity":"","overlay-gradient":""},"mobile":{"background-color":"var(--ast-global-color-5)","background-image":"","background-repeat":"repeat","background-position":"center center","background-size":"auto","background-attachment":"scroll","background-type":"","background-media":"","overlay-type":"","overlay-color":"","overlay-opacity":"","overlay-gradient":""}}},"product_brand":[],"product_cat":[912],"product_tag":[207,794,560],"class_list":{"0":"post-17118","1":"product","2":"type-product","3":"status-publish","4":"has-post-thumbnail","6":"product_cat-kissen-fuer-kinder","7":"product_tag-kissen","8":"product_tag-memory-foam-de-2","9":"product_tag-baby-pillow-de","10":"desktop-align-left","11":"tablet-align-left","12":"mobile-align-left","13":"ast-product-gallery-layout-horizontal-slider","14":"ast-product-single-variable","15":"ast-product-tabs-layout-horizontal","16":"ast-qv-on-image","18":"first","19":"instock","20":"shipping-taxable","21":"purchasable","22":"product-type-variable"},"aioseo_notices":[],"_links":{"self":[{"href":"https:\/\/www.aimycomfort.com\/store\/de\/wp-json\/wp\/v2\/product\/17118","targetHints":{"allow":["GET"]}}],"collection":[{"href":"https:\/\/www.aimycomfort.com\/store\/de\/wp-json\/wp\/v2\/product"}],"about":[{"href":"https:\/\/www.aimycomfort.com\/store\/de\/wp-json\/wp\/v2\/types\/product"}],"replies":[{"embeddable":true,"href":"https:\/\/www.aimycomfort.com\/store\/de\/wp-json\/wp\/v2\/comments?post=17118"}],"wp:featuredmedia":[{"embeddable":true,"href":"https:\/\/www.aimycomfort.com\/store\/de\/wp-json\/wp\/v2\/media\/16777"}],"wp:attachment":[{"href":"https:\/\/www.aimycomfort.com\/store\/de\/wp-json\/wp\/v2\/media?parent=17118"}],"wp:term":[{"taxonomy":"product_brand","embeddable":true,"href":"https:\/\/www.aimycomfort.com\/store\/de\/wp-json\/wp\/v2\/product_brand?post=17118"},{"taxonomy":"product_cat","embeddable":true,"href":"https:\/\/www.aimycomfort.com\/store\/de\/wp-json\/wp\/v2\/product_cat?post=17118"},{"taxonomy":"product_tag","embeddable":true,"href":"https:\/\/www.aimycomfort.com\/store\/de\/wp-json\/wp\/v2\/product_tag?post=17118"}],"curies":[{"name":"wp","href":"https:\/\/api.w.org\/{rel}","templated":true}]}}