{"id":17091,"date":"2024-11-14T05:51:44","date_gmt":"2024-11-14T05:51:44","guid":{"rendered":"https:\/\/www.aimycomfort.com\/store\/product\/hot-selling-gel-memory-foam-bedsore-prevention-cushion\/"},"modified":"2024-11-14T06:43:53","modified_gmt":"2024-11-14T06:43:53","slug":"hot-selling-gel-memory-foam-bedsore-prevention-cushion","status":"publish","type":"product","link":"https:\/\/www.aimycomfort.com\/store\/de\/produkt\/hot-selling-gel-memory-foam-bedsore-prevention-cushion\/","title":{"rendered":"Beliebtes Gel-Memory-Schaum-Kissen zur Vorbeugung von Druckgeschw\u00fcren"},"content":{"rendered":"<p><strong>Das Gel-Memory-Schaum-Kissen zur Vorbeugung von Druckgeschw\u00fcren<\/strong> ist fachm\u00e4nnisch gestaltet, um au\u00dfergew\u00f6hnlichen Komfort und Unterst\u00fctzung f\u00fcr Personen zu bieten, die l\u00e4ngere Zeit sitzen oder liegen. Dieses innovative Kissen verf\u00fcgt \u00fcber ein einzigartiges Gel-Slow-Rebound-Design, das hilft, Druckgeschw\u00fcre, H\u00e4morrhoiden und Stei\u00dfbeinschmerzen zu verhindern, was es ideal f\u00fcr bettl\u00e4gerige \u00e4ltere Menschen oder jeden macht, der l\u00e4ngeres Sitzen ben\u00f6tigt.<\/p>\n<h2><strong>Hauptmerkmale:<\/strong><\/h2>\n<ul>\n<li><strong>Q Bounce Sitzgef\u00fchl:<\/strong><br \/>\nDas Kissen bietet ein komfortables Sitzgef\u00fchl, ohne zu \u00fcberhitzen, und erm\u00f6glicht eine lange Nutzungsdauer ohne Unbehagen.<\/li>\n<li><strong>Abnehmbare und waschbare Abdeckung:<\/strong><br \/>\nDas Rei\u00dfverschlussdesign erm\u00f6glicht eine einfache Entfernung und Reinigung des atmungsaktiven Stoffbezugs, was Hygiene und Bequemlichkeit gew\u00e4hrleistet.<\/li>\n<li><strong>Vielseitige Verwendung:<\/strong><br \/>\nGeeignet f\u00fcr Rollstuhlsitze, Bettlagerung, Sitzen, Stehen, Fu\u00dfst\u00fctzen und Kopfst\u00fctzen, passt sich dieses Kissen verschiedenen Positionen f\u00fcr maximalen Komfort an.<\/li>\n<li><strong>Ergonomisches Design:<\/strong><br \/>\nDas h\u00fcftf\u00f6rmige Hohl-Design verteilt den Druck gleichm\u00e4\u00dfig um Wunden, w\u00e4hrend die schnelle Druckverteilung und der hohle Stei\u00dfbeinbereich helfen, Kompression zu vermeiden und den Komfort zu erh\u00f6hen.<\/li>\n<li><strong>Cool Feeling Technologie:<\/strong><br \/>\nDie Gel-Dichtung sorgt f\u00fcr ein atmungsaktives und k\u00fchles Gef\u00fchl, was es perfekt f\u00fcr den Sommer macht, ohne sich stickig oder hei\u00df anzuf\u00fchlen.<\/li>\n<li><strong>Hochwertige Materialien:<\/strong><br \/>\nHergestellt aus ausgew\u00e4hltem hochwertigem Memory-Cotton, beh\u00e4lt das Kissen im Laufe der Zeit seine Form und Unterst\u00fctzung, was Haltbarkeit und Komfort gew\u00e4hrleistet.<\/li>\n<li><strong>Antirutsch-Funktionen:<\/strong><br \/>\nDie Unterseite des Kissens ist mit Antirutschpartikeln ausgestattet, die es fest an seinem Platz halten und unerw\u00fcnschte Bewegungen w\u00e4hrend der Benutzung verhindern.<\/li>\n<\/ul>\n<p>Verbessern Sie den Komfort und verhindern Sie Druckgeschw\u00fcre mit dem Gel-Memory-Schaum-Kissen zur Vorbeugung von Druckgeschw\u00fcren, das entwickelt wurde, um Linderung und Unterst\u00fctzung f\u00fcr diejenigen zu bieten, die es am meisten ben\u00f6tigen.<\/p>\n","protected":false},"excerpt":{"rendered":"<p><strong>Das Gel-Memory-Schaum-Kissen zur Vorbeugung von Druckgeschw\u00fcren<\/strong> ist f\u00fcr ultimativen Komfort und Unterst\u00fctzung konzipiert und ideal f\u00fcr Personen, die l\u00e4ngere Zeit sitzen oder liegen. Mit einem Gel-Slow-Rebound-Design hilft dieses Kissen, Druckgeschw\u00fcre, H\u00e4morrhoiden und Stei\u00dfbeinschmerzen zu verhindern. Sein ergonomisches, h\u00fcftf\u00f6rmiges Hohl-Design verteilt den Druck gleichm\u00e4\u00dfig, w\u00e4hrend die Cool-Feeling-Technologie Atmungsaktivit\u00e4t und Komfort gew\u00e4hrleistet. Der abnehmbare, waschbare Bezug erleichtert die Pflege, und die rutschfeste Unterseite h\u00e4lt das Kissen sicher an seinem Platz. Leicht und vielseitig einsetzbar, kann es f\u00fcr Rollst\u00fchle, Bettlagerung und mehr verwendet werden und ist somit eine perfekte L\u00f6sung f\u00fcr bettl\u00e4gerige Personen. Erh\u00e4ltlich in Grau, vereint es Funktionalit\u00e4t und Komfort.<\/p>\n","protected":false},"featured_media":16919,"comment_status":"open","ping_status":"closed","template":"","meta":{"site-sidebar-layout":"default","site-content-layout":"","ast-site-content-layout":"default","site-content-style":"default","site-sidebar-style":"default","ast-global-header-display":"","ast-banner-title-visibility":"","ast-main-header-display":"","ast-hfb-above-header-display":"","ast-hfb-below-header-display":"","ast-hfb-mobile-header-display":"","site-post-title":"","ast-breadcrumbs-content":"","ast-featured-img":"","footer-sml-layout":"","theme-transparent-header-meta":"default","adv-header-id-meta":"","stick-header-meta":"","header-above-stick-meta":"","header-main-stick-meta":"","header-below-stick-meta":"","astra-migrate-meta-layouts":"set","ast-page-background-enabled":"default","ast-page-background-meta":{"desktop":{"background-color":"var(--ast-global-color-4)","background-image":"","background-repeat":"repeat","background-position":"center center","background-size":"auto","background-attachment":"scroll","background-type":"","background-media":"","overlay-type":"","overlay-color":"","overlay-opacity":"","overlay-gradient":""},"tablet":{"background-color":"","background-image":"","background-repeat":"repeat","background-position":"center center","background-size":"auto","background-attachment":"scroll","background-type":"","background-media":"","overlay-type":"","overlay-color":"","overlay-opacity":"","overlay-gradient":""},"mobile":{"background-color":"","background-image":"","background-repeat":"repeat","background-position":"center center","background-size":"auto","background-attachment":"scroll","background-type":"","background-media":"","overlay-type":"","overlay-color":"","overlay-opacity":"","overlay-gradient":""}},"ast-content-background-meta":{"desktop":{"background-color":"var(--ast-global-color-5)","background-image":"","background-repeat":"repeat","background-position":"center center","background-size":"auto","background-attachment":"scroll","background-type":"","background-media":"","overlay-type":"","overlay-color":"","overlay-opacity":"","overlay-gradient":""},"tablet":{"background-color":"var(--ast-global-color-5)","background-image":"","background-repeat":"repeat","background-position":"center center","background-size":"auto","background-attachment":"scroll","background-type":"","background-media":"","overlay-type":"","overlay-color":"","overlay-opacity":"","overlay-gradient":""},"mobile":{"background-color":"var(--ast-global-color-5)","background-image":"","background-repeat":"repeat","background-position":"center center","background-size":"auto","background-attachment":"scroll","background-type":"","background-media":"","overlay-type":"","overlay-color":"","overlay-opacity":"","overlay-gradient":""}}},"product_brand":[],"product_cat":[342],"product_tag":[792,791,794],"class_list":{"0":"post-17091","1":"product","2":"type-product","3":"status-publish","4":"has-post-thumbnail","6":"product_cat-kissen","7":"product_tag-comfort-seating-de-2","8":"product_tag-cushion-de","9":"product_tag-memory-foam-de-2","10":"desktop-align-left","11":"tablet-align-left","12":"mobile-align-left","13":"ast-product-gallery-layout-horizontal-slider","14":"ast-product-single-variable","15":"ast-product-tabs-layout-horizontal","16":"ast-qv-on-image","18":"first","19":"instock","20":"shipping-taxable","21":"purchasable","22":"product-type-variable"},"aioseo_notices":[],"_links":{"self":[{"href":"https:\/\/www.aimycomfort.com\/store\/de\/wp-json\/wp\/v2\/product\/17091","targetHints":{"allow":["GET"]}}],"collection":[{"href":"https:\/\/www.aimycomfort.com\/store\/de\/wp-json\/wp\/v2\/product"}],"about":[{"href":"https:\/\/www.aimycomfort.com\/store\/de\/wp-json\/wp\/v2\/types\/product"}],"replies":[{"embeddable":true,"href":"https:\/\/www.aimycomfort.com\/store\/de\/wp-json\/wp\/v2\/comments?post=17091"}],"wp:featuredmedia":[{"embeddable":true,"href":"https:\/\/www.aimycomfort.com\/store\/de\/wp-json\/wp\/v2\/media\/16919"}],"wp:attachment":[{"href":"https:\/\/www.aimycomfort.com\/store\/de\/wp-json\/wp\/v2\/media?parent=17091"}],"wp:term":[{"taxonomy":"product_brand","embeddable":true,"href":"https:\/\/www.aimycomfort.com\/store\/de\/wp-json\/wp\/v2\/product_brand?post=17091"},{"taxonomy":"product_cat","embeddable":true,"href":"https:\/\/www.aimycomfort.com\/store\/de\/wp-json\/wp\/v2\/product_cat?post=17091"},{"taxonomy":"product_tag","embeddable":true,"href":"https:\/\/www.aimycomfort.com\/store\/de\/wp-json\/wp\/v2\/product_tag?post=17091"}],"curies":[{"name":"wp","href":"https:\/\/api.w.org\/{rel}","templated":true}]}}