{"id":16446,"date":"2024-11-12T06:17:12","date_gmt":"2024-11-12T06:17:12","guid":{"rendered":"https:\/\/www.aimycomfort.com\/store\/product\/new-type-a-antibacterial-memory-foam-mattress\/"},"modified":"2024-11-12T06:48:31","modified_gmt":"2024-11-12T06:48:31","slug":"new-type-a-antibacterial-memory-foam-mattress","status":"publish","type":"product","link":"https:\/\/www.aimycomfort.com\/store\/de\/produkt\/new-type-a-antibacterial-memory-foam-mattress\/","title":{"rendered":"Neue Typ A Antibakterielle Memory-Schaum-Matratze"},"content":{"rendered":"<p>Die Neue Typ A Antibakterielle Memory-Schaum-Matratze ist so konzipiert, dass sie Ihren Schlaf mit ihrer nat\u00fcrlichen Kr\u00fcmmung und der Klasse A Tiefschlaftechnologie f\u00f6rdert. Diese innovative Matratze kombiniert fortschrittliche Materialien und durchdachtes Design, um eine komfortable, unterst\u00fctzende und hygienische Schlafumgebung zu bieten.<\/p>\n<h3>Hauptmerkmale:<\/h3>\n<hr \/>\n<ul>\n<li><strong>Antibakteriell und Bakteriostatisch:<\/strong><br \/>\nHergestellt aus Q-elastischem Latex-Memory-Schaum, verf\u00fcgt diese Matratze \u00fcber eine mehrschichtige Struktur, die sowohl antibakteriell als auch antimikrobiell ist. Sie hemmt effektiv das Wachstum von Milben und Bakterien und sorgt f\u00fcr eine saubere und gesunde Schlafoberfl\u00e4che.<\/li>\n<li><strong>Bequemer und Hautfreundlicher Stoff:<\/strong><br \/>\nDer A-Klasse Standard-Strickstoff ist weich und zart, was ihn ideal macht, um nackt zu schlafen, ohne eine Belastung zu empfinden. Das Innenmaterial f\u00fchlt sich so angenehm an wie Unterw\u00e4sche und bietet einen sanften und r\u00fccksichtsvollen Kontakt zur Haut.<\/li>\n<li><strong>Formaldehydfrei:<\/strong><br \/>\nDiese Matratze ist formaldehydfrei und geruchlos, sodass Sie leicht atmen k\u00f6nnen. Sie reduziert die Formaldehyd-Exposition um 0,5 mg pro Tag und f\u00f6rdert ein beruhigendes Schlafumfeld.<\/li>\n<li><strong>Druckentlastung und Unterst\u00fctzung:<\/strong><br \/>\nDie Q-elastische Latexschicht entlastet den Druck und bietet hervorragende Unterst\u00fctzung, was sie perfekt f\u00fcr leichte Schl\u00e4fer macht. Ihre \u00fcberlegene Elastizit\u00e4t und Flexibilit\u00e4t sorgen f\u00fcr ein komfortables Schlaferlebnis, das den K\u00f6rper entspannt.<\/li>\n<li><strong>Nat\u00fcrliche Atmungsaktivit\u00e4t:<\/strong><br \/>\nDas reichhaltige Eichenprotein im Latex hemmt das Wachstum von Milben und Bakterien, w\u00e4hrend die nat\u00fcrlichen Honigwabenporen eine atmungsaktive Umgebung schaffen, die die Schwei\u00dfansammlung verhindert und Sie k\u00fchl und komfortabel h\u00e4lt.<\/li>\n<li><strong>Hohe Antibakterielle Raten:<\/strong><br \/>\nDie Matratze weist eine antibakterielle Rate von \u2265 85% auf, mit spezifischen Raten von 90% gegen Escherichia coli, 92% gegen Staphylococcus aureus und 85% gegen Candida albicans, was einen langanhaltenden Schutz bietet.<\/li>\n<li><strong>F\u00fcnfschichtige Konstruktion:<\/strong><br \/>\nDie Matratze verf\u00fcgt \u00fcber ein f\u00fcnf Schichten umfassendes Design, einschlie\u00dflich einer A-Klasse Strickstoffschicht, einer hochwertigen Latexschicht, einer antibakteriellen, nicht haftenden Baumwollschicht, einer Memory-Schaum-Schicht und einer 4D atmungsaktiven Schicht, die optimalen Komfort und Unterst\u00fctzung gew\u00e4hrleistet.<\/li>\n<li><strong>Bequeme Lagerung und Transport:<\/strong><br \/>\nDie Matratze kann leicht gefaltet werden, um das Volumen zu reduzieren, was die Lagerung und den Transport erleichtert. Ihr leichtes Design erm\u00f6glicht eine einfache Handhabung, ohne viel Platz einzunehmen.<\/li>\n<li><strong>Haltbare Handwerkskunst:<\/strong><br \/>\nExquisite N\u00e4htechniken fixieren das F\u00fcllmaterial effektiv und verhindern Baumwoll- und Brettknoten. Der dreidimensionale Randwickelprozess verbessert die Abriebfestigkeit, wodurch die Matratze weniger anf\u00e4llig f\u00fcr Sch\u00e4den wird.<\/li>\n<\/ul>\n<p>Erleben Sie die perfekte Kombination aus Komfort, Unterst\u00fctzung und Hygiene mit der Neuen Typ A Antibakteriellen Memory-Schaum-Matratze, die darauf ausgelegt ist, eine erholsame und regenerierende Schlaferfahrung zu bieten und gleichzeitig auf Ihre Gesundheit und Ihr Wohlbefinden zu achten.<\/p>\n","protected":false},"excerpt":{"rendered":"<p>Die Neue Typ A Antibakterielle Memory-Schaum-Matratze bietet ein n\u00e4hrendes Schlaferlebnis mit ihrer Klasse A Tiefschlaftechnologie und antibakteriellen Eigenschaften. Hergestellt aus Q-elastischem Latex und einer mehrschichtigen Struktur, bietet sie hervorragende Druckentlastung und Unterst\u00fctzung, w\u00e4hrend sie das Wachstum von Milben und Bakterien hemmt. Der weiche, hautfreundliche Strickstoff ist formaldehydfrei und sorgt f\u00fcr eine sichere und komfortable Umgebung zum Nackt schlafen. Mit einem f\u00fcnf Schichten umfassenden Design, das atmungsaktive Materialien enth\u00e4lt, f\u00f6rdert diese Matratze den Luftstrom und verhindert die Ansammlung von Schwei\u00df. Praktisch faltbar f\u00fcr eine einfache Lagerung und den Transport, kombiniert sie Haltbarkeit mit exquisiter Handwerkskunst und ist somit die ideale Wahl f\u00fcr eine erholsame Nachtruhe.<\/p>\n","protected":false},"featured_media":16371,"comment_status":"open","ping_status":"closed","template":"","meta":{"site-sidebar-layout":"default","site-content-layout":"","ast-site-content-layout":"default","site-content-style":"default","site-sidebar-style":"default","ast-global-header-display":"","ast-banner-title-visibility":"","ast-main-header-display":"","ast-hfb-above-header-display":"","ast-hfb-below-header-display":"","ast-hfb-mobile-header-display":"","site-post-title":"","ast-breadcrumbs-content":"","ast-featured-img":"","footer-sml-layout":"","theme-transparent-header-meta":"default","adv-header-id-meta":"","stick-header-meta":"","header-above-stick-meta":"","header-main-stick-meta":"","header-below-stick-meta":"","astra-migrate-meta-layouts":"set","ast-page-background-enabled":"default","ast-page-background-meta":{"desktop":{"background-color":"var(--ast-global-color-4)","background-image":"","background-repeat":"repeat","background-position":"center center","background-size":"auto","background-attachment":"scroll","background-type":"","background-media":"","overlay-type":"","overlay-color":"","overlay-opacity":"","overlay-gradient":""},"tablet":{"background-color":"","background-image":"","background-repeat":"repeat","background-position":"center center","background-size":"auto","background-attachment":"scroll","background-type":"","background-media":"","overlay-type":"","overlay-color":"","overlay-opacity":"","overlay-gradient":""},"mobile":{"background-color":"","background-image":"","background-repeat":"repeat","background-position":"center center","background-size":"auto","background-attachment":"scroll","background-type":"","background-media":"","overlay-type":"","overlay-color":"","overlay-opacity":"","overlay-gradient":""}},"ast-content-background-meta":{"desktop":{"background-color":"var(--ast-global-color-5)","background-image":"","background-repeat":"repeat","background-position":"center center","background-size":"auto","background-attachment":"scroll","background-type":"","background-media":"","overlay-type":"","overlay-color":"","overlay-opacity":"","overlay-gradient":""},"tablet":{"background-color":"var(--ast-global-color-5)","background-image":"","background-repeat":"repeat","background-position":"center center","background-size":"auto","background-attachment":"scroll","background-type":"","background-media":"","overlay-type":"","overlay-color":"","overlay-opacity":"","overlay-gradient":""},"mobile":{"background-color":"var(--ast-global-color-5)","background-image":"","background-repeat":"repeat","background-position":"center center","background-size":"auto","background-attachment":"scroll","background-type":"","background-media":"","overlay-type":"","overlay-color":"","overlay-opacity":"","overlay-gradient":""}}},"product_brand":[],"product_cat":[744],"product_tag":[206,735,561],"class_list":{"0":"post-16446","1":"product","2":"type-product","3":"status-publish","4":"has-post-thumbnail","6":"product_cat-memory-form-mattress-de","7":"product_tag-druckentlastung","8":"product_tag-matratze","9":"product_tag-memory-foam-de","10":"desktop-align-left","11":"tablet-align-left","12":"mobile-align-left","13":"ast-product-gallery-layout-horizontal-slider","14":"ast-product-single-variable","15":"ast-product-tabs-layout-horizontal","16":"ast-qv-on-image","18":"first","19":"instock","20":"shipping-taxable","21":"purchasable","22":"product-type-variable"},"aioseo_notices":[],"_links":{"self":[{"href":"https:\/\/www.aimycomfort.com\/store\/de\/wp-json\/wp\/v2\/product\/16446","targetHints":{"allow":["GET"]}}],"collection":[{"href":"https:\/\/www.aimycomfort.com\/store\/de\/wp-json\/wp\/v2\/product"}],"about":[{"href":"https:\/\/www.aimycomfort.com\/store\/de\/wp-json\/wp\/v2\/types\/product"}],"replies":[{"embeddable":true,"href":"https:\/\/www.aimycomfort.com\/store\/de\/wp-json\/wp\/v2\/comments?post=16446"}],"wp:featuredmedia":[{"embeddable":true,"href":"https:\/\/www.aimycomfort.com\/store\/de\/wp-json\/wp\/v2\/media\/16371"}],"wp:attachment":[{"href":"https:\/\/www.aimycomfort.com\/store\/de\/wp-json\/wp\/v2\/media?parent=16446"}],"wp:term":[{"taxonomy":"product_brand","embeddable":true,"href":"https:\/\/www.aimycomfort.com\/store\/de\/wp-json\/wp\/v2\/product_brand?post=16446"},{"taxonomy":"product_cat","embeddable":true,"href":"https:\/\/www.aimycomfort.com\/store\/de\/wp-json\/wp\/v2\/product_cat?post=16446"},{"taxonomy":"product_tag","embeddable":true,"href":"https:\/\/www.aimycomfort.com\/store\/de\/wp-json\/wp\/v2\/product_tag?post=16446"}],"curies":[{"name":"wp","href":"https:\/\/api.w.org\/{rel}","templated":true}]}}