{"id":15879,"date":"2024-11-07T07:10:05","date_gmt":"2024-11-07T07:10:05","guid":{"rendered":"https:\/\/www.aimycomfort.com\/store\/product\/memory-foam-slow-rebound-soft-mattress\/"},"modified":"2024-11-07T09:13:17","modified_gmt":"2024-11-07T09:13:17","slug":"memory-foam-slow-rebound-soft-mattress","status":"publish","type":"product","link":"https:\/\/www.aimycomfort.com\/store\/de\/produkt\/memory-foam-slow-rebound-soft-mattress\/","title":{"rendered":"Memory Foam Slow Rebound Soft Matratze"},"content":{"rendered":"<p>Die Memory Foam Slow Rebound Soft Matratze ist f\u00fcr ultimativen Komfort und Unterst\u00fctzung konzipiert und eignet sich ideal f\u00fcr Sterne-Hotels, Unterk\u00fcnfte und Schlafzimmer zu Hause. Diese Matratze verf\u00fcgt \u00fcber ein dickes, langsames R\u00fcckprallschwammkissen, das einen komfortablen Schlaf die ganze Nacht \u00fcber gew\u00e4hrleistet, ohne ein Gef\u00fchl der Enge zu erzeugen, und f\u00f6rdert einen druckfreien Schlaf sowie einen gesunden Schutz der Wirbels\u00e4ule.<\/p>\n<h2><strong>Hauptmerkmale:<\/strong><\/h2>\n<ul>\n<li><strong>Doppelschicht-Design:<\/strong><br \/>\nDie obere Schicht aus weichem Memory Foam bietet ein angenehmes Gef\u00fchl, w\u00e4hrend die untere Schicht aus St\u00fctzbaumwolle die Taille und die Wirbels\u00e4ule sch\u00fctzt und einen leichten Schlaf f\u00f6rdert.<\/li>\n<li><strong>Abnehmbarer und waschbarer Bezug:<\/strong><br \/>\nDie hautfreundliche Luftschicht ist abnehmbar und waschbar, was Hygiene und Gesundheit gew\u00e4hrleistet. Die verstellbare Schicht kann ebenfalls ausgetauscht werden, um zus\u00e4tzlichen Komfort zu bieten.<\/li>\n<li><strong>Langlebige Haltbarkeit:<\/strong><br \/>\nDiese Matratze ist so konzipiert, dass sie bis zu zehn Jahre lang nicht zusammenbricht, erf\u00fcllt die Formaldehydstandards und ist geruchlos.<\/li>\n<li><strong>Druckentlastungssystem:<\/strong><br \/>\nDie Matratze verf\u00fcgt \u00fcber ein wissenschaftlich gestaltetes Druckentlastungssystem, das sich an die unterschiedlichen Kraftbedingungen des K\u00f6rpers anpasst und einen entspannten und gesunden Schlaf erm\u00f6glicht.<\/li>\n<li><strong>Ergonomische Unterst\u00fctzung:<\/strong><br \/>\nHergestellt aus hochdichtem R\u00fcckprallschwamm, passt sich die Matratze Ihrer K\u00f6rperform an und bietet nahtlosen Halt und ein intensives Schlaferlebnis.<\/li>\n<li><strong>Leise und sanft:<\/strong><br \/>\nDas sanfte und leise Design minimiert St\u00f6rungen, w\u00e4hrend die weichen Anti-Kollisions-Ecken versehentliche Verletzungen verhindern.<\/li>\n<\/ul>\n<p>Erleben Sie die perfekte Kombination aus Komfort, Unterst\u00fctzung und Hygiene mit der Memory Foam Slow Rebound Soft Matratze, die darauf ausgelegt ist, Ihre Schlafqualit\u00e4t und Ihr allgemeines Wohlbefinden zu verbessern.<\/p>\n","protected":false},"excerpt":{"rendered":"<p>Die Memory Foam Slow Rebound Soft Matratze bietet au\u00dfergew\u00f6hnlichen Komfort und Unterst\u00fctzung und ist ideal f\u00fcr Hotels, Unterk\u00fcnfte und Schlafzimmer zu Hause. Mit einem Doppelschicht-Design, das eine weiche Memory Foam-Oberfl\u00e4che und eine unterst\u00fctzende Baumwollbasis umfasst, f\u00f6rdert sie eine gesunde Wirbels\u00e4ulen-Ausrichtung und tiefen Schlaf. Der abnehmbare, waschbare Bezug sorgt f\u00fcr Hygiene, w\u00e4hrend die langlebige Haltbarkeit der Matratze bis zu zehn Jahre lang einem Zusammenbruch widersteht. Mit einem wissenschaftlich gestalteten Druckentlastungssystem und ergonomischer Unterst\u00fctzung bietet diese Matratze ein sanftes, leises Schlaferlebnis. Erh\u00e4ltlich in mehreren Farben und anpassbaren Gr\u00f6\u00dfen, ist sie die perfekte Wahl f\u00fcr eine erholsame Nachtruhe.<\/p>\n","protected":false},"featured_media":17299,"comment_status":"open","ping_status":"closed","template":"","meta":{"site-sidebar-layout":"default","site-content-layout":"","ast-site-content-layout":"default","site-content-style":"default","site-sidebar-style":"default","ast-global-header-display":"","ast-banner-title-visibility":"","ast-main-header-display":"","ast-hfb-above-header-display":"","ast-hfb-below-header-display":"","ast-hfb-mobile-header-display":"","site-post-title":"","ast-breadcrumbs-content":"","ast-featured-img":"","footer-sml-layout":"","theme-transparent-header-meta":"default","adv-header-id-meta":"","stick-header-meta":"","header-above-stick-meta":"","header-main-stick-meta":"","header-below-stick-meta":"","astra-migrate-meta-layouts":"set","ast-page-background-enabled":"default","ast-page-background-meta":{"desktop":{"background-color":"var(--ast-global-color-4)","background-image":"","background-repeat":"repeat","background-position":"center center","background-size":"auto","background-attachment":"scroll","background-type":"","background-media":"","overlay-type":"","overlay-color":"","overlay-opacity":"","overlay-gradient":""},"tablet":{"background-color":"","background-image":"","background-repeat":"repeat","background-position":"center center","background-size":"auto","background-attachment":"scroll","background-type":"","background-media":"","overlay-type":"","overlay-color":"","overlay-opacity":"","overlay-gradient":""},"mobile":{"background-color":"","background-image":"","background-repeat":"repeat","background-position":"center center","background-size":"auto","background-attachment":"scroll","background-type":"","background-media":"","overlay-type":"","overlay-color":"","overlay-opacity":"","overlay-gradient":""}},"ast-content-background-meta":{"desktop":{"background-color":"var(--ast-global-color-5)","background-image":"","background-repeat":"repeat","background-position":"center center","background-size":"auto","background-attachment":"scroll","background-type":"","background-media":"","overlay-type":"","overlay-color":"","overlay-opacity":"","overlay-gradient":""},"tablet":{"background-color":"var(--ast-global-color-5)","background-image":"","background-repeat":"repeat","background-position":"center center","background-size":"auto","background-attachment":"scroll","background-type":"","background-media":"","overlay-type":"","overlay-color":"","overlay-opacity":"","overlay-gradient":""},"mobile":{"background-color":"var(--ast-global-color-5)","background-image":"","background-repeat":"repeat","background-position":"center center","background-size":"auto","background-attachment":"scroll","background-type":"","background-media":"","overlay-type":"","overlay-color":"","overlay-opacity":"","overlay-gradient":""}}},"product_brand":[],"product_cat":[744],"product_tag":[206,790,735],"class_list":{"0":"post-15879","1":"product","2":"type-product","3":"status-publish","4":"has-post-thumbnail","6":"product_cat-memory-form-mattress-de","7":"product_tag-druckentlastung","8":"product_tag-ergonomic-support-de","9":"product_tag-matratze","10":"desktop-align-left","11":"tablet-align-left","12":"mobile-align-left","13":"ast-product-gallery-layout-horizontal-slider","14":"ast-product-single-variable","15":"ast-product-tabs-layout-horizontal","16":"ast-qv-on-image","18":"first","19":"instock","20":"shipping-taxable","21":"purchasable","22":"product-type-variable"},"aioseo_notices":[],"_links":{"self":[{"href":"https:\/\/www.aimycomfort.com\/store\/de\/wp-json\/wp\/v2\/product\/15879","targetHints":{"allow":["GET"]}}],"collection":[{"href":"https:\/\/www.aimycomfort.com\/store\/de\/wp-json\/wp\/v2\/product"}],"about":[{"href":"https:\/\/www.aimycomfort.com\/store\/de\/wp-json\/wp\/v2\/types\/product"}],"replies":[{"embeddable":true,"href":"https:\/\/www.aimycomfort.com\/store\/de\/wp-json\/wp\/v2\/comments?post=15879"}],"wp:featuredmedia":[{"embeddable":true,"href":"https:\/\/www.aimycomfort.com\/store\/de\/wp-json\/wp\/v2\/media\/17299"}],"wp:attachment":[{"href":"https:\/\/www.aimycomfort.com\/store\/de\/wp-json\/wp\/v2\/media?parent=15879"}],"wp:term":[{"taxonomy":"product_brand","embeddable":true,"href":"https:\/\/www.aimycomfort.com\/store\/de\/wp-json\/wp\/v2\/product_brand?post=15879"},{"taxonomy":"product_cat","embeddable":true,"href":"https:\/\/www.aimycomfort.com\/store\/de\/wp-json\/wp\/v2\/product_cat?post=15879"},{"taxonomy":"product_tag","embeddable":true,"href":"https:\/\/www.aimycomfort.com\/store\/de\/wp-json\/wp\/v2\/product_tag?post=15879"}],"curies":[{"name":"wp","href":"https:\/\/api.w.org\/{rel}","templated":true}]}}