{"id":15406,"date":"2024-11-06T06:40:43","date_gmt":"2024-11-06T06:40:43","guid":{"rendered":"https:\/\/www.aimycomfort.com\/store\/product\/thermostatic-gel-memory-foam-mattress\/"},"modified":"2024-11-07T01:24:37","modified_gmt":"2024-11-07T01:24:37","slug":"thermostatic-gel-memory-foam-mattress","status":"publish","type":"product","link":"https:\/\/www.aimycomfort.com\/store\/de\/produkt\/thermostatic-gel-memory-foam-mattress\/","title":{"rendered":"Thermostatische Gel-Memory-Schaum-Matratze"},"content":{"rendered":"<p>Die Thermostatische Gel-Memory-Schaum-Matratze ist darauf ausgelegt, ein komfortables und unterst\u00fctzendes Schlaferlebnis zu bieten. Mit einer Kombination aus 2 cm konstant temperaturregulierendem Gel-Cotton und 4 cm hoch elastischem Cotton passt sich diese Matratze Ihrem K\u00f6rper an und sorgt gleichzeitig f\u00fcr optimalen Schutz der Wirbels\u00e4ule und Schlafkomfort.<\/p>\n<h2><strong>Hauptmerkmale:<\/strong><\/h2>\n<ul>\n<li><strong>Gel-infundierter Komfort:<\/strong><br \/>\nDie Matratze enth\u00e4lt Gelpartikel, die helfen, K\u00f6rperw\u00e4rme abzuleiten und ein komfortables und trockenes Schlafumfeld aufrechtzuerhalten, w\u00e4hrend \u00dcberhitzung verhindert wird.<\/li>\n<li><strong>Atmungsaktives Design:<\/strong><br \/>\nOffene atmungsaktive L\u00f6cher f\u00f6rdern die Luftzirkulation und dissipieren schnell W\u00e4rme und Feuchtigkeit f\u00fcr ein erfrischendes Schlaferlebnis.<\/li>\n<li><strong>Gesund und Umweltfreundlich:<\/strong><br \/>\nHergestellt aus umweltfreundlichen Materialien bei hohen Temperaturen, ist diese Matratze darauf ausgelegt, sicher und stressabbauend zu sein, mit einer Milbeninhibitionsrate von 96%.<\/li>\n<li><strong>Ergonomische Unterst\u00fctzung:<\/strong><br \/>\nDer Gel-Memory-Schaum passt sich den Kurven Ihres K\u00f6rpers an und bietet starken Halt, w\u00e4hrend er hilft, Druck auf die Wirbels\u00e4ule zu lindern und eine nat\u00fcrliche Dehnung und Entspannung zu erm\u00f6glichen.<\/li>\n<li><strong>Langlebig und Pflegeleicht:<\/strong><br \/>\nDie Matratze verf\u00fcgt \u00fcber einen abnehmbaren Bezug mit einem langlebigen Metallrei\u00dfverschluss f\u00fcr eine einfache Reinigung. Der rutschfeste Boden sorgt daf\u00fcr, dass sie sicher an ihrem Platz bleibt.<\/li>\n<li><strong>Weicher und Atmungsaktiver Stoff:<\/strong><br \/>\nDer atmungsaktive Strickstoff bietet ein weiches Gef\u00fchl und eine hervorragende Feuchtigkeitsaufnahme, was Ihren allgemeinen Komfort w\u00e4hrend des Schlafs verbessert.<\/li>\n<\/ul>\n<p>Erleben Sie eine friedliche Nachtruhe mit der Thermostatischen Gel-Memory-Schaum-Matratze, die Komfort, Unterst\u00fctzung und ein erfrischendes Schlafumfeld f\u00fcr alle K\u00f6rpertypen bietet.<\/p>\n","protected":false},"excerpt":{"rendered":"<p>Die Thermostatische Gel-Memory-Schaum-Matratze kombiniert 2 cm konstant temperaturregulierendem Gel-Cotton mit 4 cm hoch elastischem Cotton f\u00fcr optimalen Komfort und Unterst\u00fctzung. Sie ist mit Gelpartikeln ausgestattet, die K\u00f6rperw\u00e4rme dissipieren und ein k\u00fchles und trockenes Schlafumfeld aufrechterhalten. Das atmungsaktive Design verf\u00fcgt \u00fcber offene L\u00f6cher zur Luftzirkulation, w\u00e4hrend der ergonomische Gel-Memory-Schaum sich an Ihren K\u00f6rper anpasst, Druck entlastet und die nat\u00fcrliche Ausrichtung der Wirbels\u00e4ule f\u00f6rdert. Mit einer Milbeninhibitionsrate von 96 % und einem abnehmbaren, leicht zu reinigenden Bezug sorgt diese Matratze f\u00fcr ein gesundes und erholsames Schlaferlebnis. Erh\u00e4ltlich in anpassbaren Gr\u00f6\u00dfen und Farben (Wei\u00df, Grau).<\/p>\n","protected":false},"featured_media":15248,"comment_status":"open","ping_status":"closed","template":"","meta":{"site-sidebar-layout":"default","site-content-layout":"","ast-site-content-layout":"default","site-content-style":"default","site-sidebar-style":"default","ast-global-header-display":"","ast-banner-title-visibility":"","ast-main-header-display":"","ast-hfb-above-header-display":"","ast-hfb-below-header-display":"","ast-hfb-mobile-header-display":"","site-post-title":"","ast-breadcrumbs-content":"","ast-featured-img":"","footer-sml-layout":"","theme-transparent-header-meta":"default","adv-header-id-meta":"","stick-header-meta":"","header-above-stick-meta":"","header-main-stick-meta":"","header-below-stick-meta":"","astra-migrate-meta-layouts":"set","ast-page-background-enabled":"default","ast-page-background-meta":{"desktop":{"background-color":"var(--ast-global-color-4)","background-image":"","background-repeat":"repeat","background-position":"center center","background-size":"auto","background-attachment":"scroll","background-type":"","background-media":"","overlay-type":"","overlay-color":"","overlay-opacity":"","overlay-gradient":""},"tablet":{"background-color":"","background-image":"","background-repeat":"repeat","background-position":"center center","background-size":"auto","background-attachment":"scroll","background-type":"","background-media":"","overlay-type":"","overlay-color":"","overlay-opacity":"","overlay-gradient":""},"mobile":{"background-color":"","background-image":"","background-repeat":"repeat","background-position":"center center","background-size":"auto","background-attachment":"scroll","background-type":"","background-media":"","overlay-type":"","overlay-color":"","overlay-opacity":"","overlay-gradient":""}},"ast-content-background-meta":{"desktop":{"background-color":"var(--ast-global-color-5)","background-image":"","background-repeat":"repeat","background-position":"center center","background-size":"auto","background-attachment":"scroll","background-type":"","background-media":"","overlay-type":"","overlay-color":"","overlay-opacity":"","overlay-gradient":""},"tablet":{"background-color":"var(--ast-global-color-5)","background-image":"","background-repeat":"repeat","background-position":"center center","background-size":"auto","background-attachment":"scroll","background-type":"","background-media":"","overlay-type":"","overlay-color":"","overlay-opacity":"","overlay-gradient":""},"mobile":{"background-color":"var(--ast-global-color-5)","background-image":"","background-repeat":"repeat","background-position":"center center","background-size":"auto","background-attachment":"scroll","background-type":"","background-media":"","overlay-type":"","overlay-color":"","overlay-opacity":"","overlay-gradient":""}}},"product_brand":[],"product_cat":[744],"product_tag":[735,561],"class_list":{"0":"post-15406","1":"product","2":"type-product","3":"status-publish","4":"has-post-thumbnail","6":"product_cat-memory-form-mattress-de","7":"product_tag-matratze","8":"product_tag-memory-foam-de","9":"desktop-align-left","10":"tablet-align-left","11":"mobile-align-left","12":"ast-product-gallery-layout-horizontal-slider","13":"ast-product-single-variable","14":"ast-product-tabs-layout-horizontal","15":"ast-qv-on-image","17":"first","18":"instock","19":"shipping-taxable","20":"product-type-variable"},"aioseo_notices":[],"_links":{"self":[{"href":"https:\/\/www.aimycomfort.com\/store\/de\/wp-json\/wp\/v2\/product\/15406","targetHints":{"allow":["GET"]}}],"collection":[{"href":"https:\/\/www.aimycomfort.com\/store\/de\/wp-json\/wp\/v2\/product"}],"about":[{"href":"https:\/\/www.aimycomfort.com\/store\/de\/wp-json\/wp\/v2\/types\/product"}],"replies":[{"embeddable":true,"href":"https:\/\/www.aimycomfort.com\/store\/de\/wp-json\/wp\/v2\/comments?post=15406"}],"wp:featuredmedia":[{"embeddable":true,"href":"https:\/\/www.aimycomfort.com\/store\/de\/wp-json\/wp\/v2\/media\/15248"}],"wp:attachment":[{"href":"https:\/\/www.aimycomfort.com\/store\/de\/wp-json\/wp\/v2\/media?parent=15406"}],"wp:term":[{"taxonomy":"product_brand","embeddable":true,"href":"https:\/\/www.aimycomfort.com\/store\/de\/wp-json\/wp\/v2\/product_brand?post=15406"},{"taxonomy":"product_cat","embeddable":true,"href":"https:\/\/www.aimycomfort.com\/store\/de\/wp-json\/wp\/v2\/product_cat?post=15406"},{"taxonomy":"product_tag","embeddable":true,"href":"https:\/\/www.aimycomfort.com\/store\/de\/wp-json\/wp\/v2\/product_tag?post=15406"}],"curies":[{"name":"wp","href":"https:\/\/api.w.org\/{rel}","templated":true}]}}