{"id":15385,"date":"2024-11-06T05:44:58","date_gmt":"2024-11-06T05:44:58","guid":{"rendered":"https:\/\/www.aimycomfort.com\/store\/product\/constant-temperature-and-zero-pressure-student-memory-foam-mattress\/"},"modified":"2024-11-06T09:02:09","modified_gmt":"2024-11-06T09:02:09","slug":"constant-temperature-and-zero-pressure-student-memory-foam-mattress","status":"publish","type":"product","link":"https:\/\/www.aimycomfort.com\/store\/de\/produkt\/constant-temperature-and-zero-pressure-student-memory-foam-mattress\/","title":{"rendered":"Matratze aus Memory-Schaum f\u00fcr Studenten mit konstanter Temperatur und null Druck"},"content":{"rendered":"<p>Die Constant Temperature and Zero Pressure Student Memory Foam Matratze ist f\u00fcr ultimativen Komfort in Hotel- und Wohnheimumgebungen konzipiert. Dieses weiche Schwammkissen verf\u00fcgt \u00fcber einen hautfreundlichen Stoffboden mit rutschfesten Eigenschaften und einem verstellbaren elastischen Band f\u00fcr eine sichere Platzierung.<\/p>\n<h2><strong>Hauptmerkmale:<\/strong><\/h2>\n<ul>\n<li><strong>Wolkengleicher Komfort:<\/strong><br \/>\nDie Matratze besteht aus einer Schicht von konstant temperaturregulierendem Memory-Cotton, die ein weiches, wolken\u00e4hnliches Gef\u00fchl bietet und ein gem\u00fctliches Schlaferlebnis gew\u00e4hrleistet.<\/li>\n<li><strong>Druckentlastung:<\/strong><br \/>\nMit ihren langsamen R\u00fcckpralleigenschaften gibt diese Matratze sofort Druck ab und umschlie\u00dft deinen K\u00f6rper bequem f\u00fcr optimalen Halt.<\/li>\n<li><strong>Temperaturkontrolle:<\/strong><br \/>\nDer mit Gel durchzogene Memory-Schaum hilft, eine konstante Temperatur aufrechtzuerhalten, verhindert W\u00e4rmeverlust in k\u00e4lteren Monaten und f\u00f6rdert ein angenehmes Schlafumfeld in w\u00e4rmeren Jahreszeiten.<\/li>\n<li><strong>Atmungsaktiv und Resilient:<\/strong><br \/>\nDiese Matratze ist temperaturregulierend und atmungsaktiv und bietet eine komfortable und widerstandsf\u00e4hige Schlafoberfl\u00e4che.<\/li>\n<li><strong>Praktische Lagerung:<\/strong><br \/>\nDie komprimierte Rollverpackung erleichtert die Lagerung und den Transport, perfekt f\u00fcr Studenten und das Leben im Wohnheim.<\/li>\n<\/ul>\n<p>Erlebe erholsamen Schlaf mit der Constant Temperature and Zero Pressure Student Memory Foam Matratze, die Komfort und Unterst\u00fctzung f\u00fcr Studenten und Reisende gleicherma\u00dfen bietet!<\/p>\n","protected":false},"excerpt":{"rendered":"<p>Die Constant Temperature and Zero Pressure Student Memory Foam Matratze bietet au\u00dfergew\u00f6hnlichen Komfort f\u00fcr den Einsatz in Hotels und Wohnheimen. Mit einem weichen Schwammkissen, einem hautfreundlichen, rutschfesten Boden und einem verstellbaren elastischen Band bietet diese Matratze einen sicheren Sitz. Ihre Schicht aus konstant temperaturregulierendem Memory-Cotton bietet wolkenartigen Komfort und Druckentlastung, w\u00e4hrend der mit Gel durchzogene Schaum hilft, das ideale Schlafklima das ganze Jahr \u00fcber aufrechtzuerhalten. In verschiedenen Gr\u00f6\u00dfen erh\u00e4ltlich und bequem verpackt f\u00fcr eine einfache Lagerung, ist diese Matratze perfekt f\u00fcr Studenten, die eine erholsame Nachtruhe suchen.<\/p>\n","protected":false},"featured_media":15157,"comment_status":"open","ping_status":"closed","template":"","meta":{"site-sidebar-layout":"default","site-content-layout":"","ast-site-content-layout":"default","site-content-style":"default","site-sidebar-style":"default","ast-global-header-display":"","ast-banner-title-visibility":"","ast-main-header-display":"","ast-hfb-above-header-display":"","ast-hfb-below-header-display":"","ast-hfb-mobile-header-display":"","site-post-title":"","ast-breadcrumbs-content":"","ast-featured-img":"","footer-sml-layout":"","theme-transparent-header-meta":"default","adv-header-id-meta":"","stick-header-meta":"","header-above-stick-meta":"","header-main-stick-meta":"","header-below-stick-meta":"","astra-migrate-meta-layouts":"set","ast-page-background-enabled":"default","ast-page-background-meta":{"desktop":{"background-color":"var(--ast-global-color-4)","background-image":"","background-repeat":"repeat","background-position":"center center","background-size":"auto","background-attachment":"scroll","background-type":"","background-media":"","overlay-type":"","overlay-color":"","overlay-opacity":"","overlay-gradient":""},"tablet":{"background-color":"","background-image":"","background-repeat":"repeat","background-position":"center center","background-size":"auto","background-attachment":"scroll","background-type":"","background-media":"","overlay-type":"","overlay-color":"","overlay-opacity":"","overlay-gradient":""},"mobile":{"background-color":"","background-image":"","background-repeat":"repeat","background-position":"center center","background-size":"auto","background-attachment":"scroll","background-type":"","background-media":"","overlay-type":"","overlay-color":"","overlay-opacity":"","overlay-gradient":""}},"ast-content-background-meta":{"desktop":{"background-color":"var(--ast-global-color-5)","background-image":"","background-repeat":"repeat","background-position":"center center","background-size":"auto","background-attachment":"scroll","background-type":"","background-media":"","overlay-type":"","overlay-color":"","overlay-opacity":"","overlay-gradient":""},"tablet":{"background-color":"var(--ast-global-color-5)","background-image":"","background-repeat":"repeat","background-position":"center center","background-size":"auto","background-attachment":"scroll","background-type":"","background-media":"","overlay-type":"","overlay-color":"","overlay-opacity":"","overlay-gradient":""},"mobile":{"background-color":"var(--ast-global-color-5)","background-image":"","background-repeat":"repeat","background-position":"center center","background-size":"auto","background-attachment":"scroll","background-type":"","background-media":"","overlay-type":"","overlay-color":"","overlay-opacity":"","overlay-gradient":""}}},"product_brand":[],"product_cat":[744],"product_tag":[735,561],"class_list":{"0":"post-15385","1":"product","2":"type-product","3":"status-publish","4":"has-post-thumbnail","6":"product_cat-memory-form-mattress-de","7":"product_tag-matratze","8":"product_tag-memory-foam-de","9":"desktop-align-left","10":"tablet-align-left","11":"mobile-align-left","12":"ast-product-gallery-layout-horizontal-slider","13":"ast-product-single-variable","14":"ast-product-tabs-layout-horizontal","15":"ast-qv-on-image","17":"first","18":"instock","19":"shipping-taxable","20":"purchasable","21":"product-type-variable"},"aioseo_notices":[],"_links":{"self":[{"href":"https:\/\/www.aimycomfort.com\/store\/de\/wp-json\/wp\/v2\/product\/15385","targetHints":{"allow":["GET"]}}],"collection":[{"href":"https:\/\/www.aimycomfort.com\/store\/de\/wp-json\/wp\/v2\/product"}],"about":[{"href":"https:\/\/www.aimycomfort.com\/store\/de\/wp-json\/wp\/v2\/types\/product"}],"replies":[{"embeddable":true,"href":"https:\/\/www.aimycomfort.com\/store\/de\/wp-json\/wp\/v2\/comments?post=15385"}],"wp:featuredmedia":[{"embeddable":true,"href":"https:\/\/www.aimycomfort.com\/store\/de\/wp-json\/wp\/v2\/media\/15157"}],"wp:attachment":[{"href":"https:\/\/www.aimycomfort.com\/store\/de\/wp-json\/wp\/v2\/media?parent=15385"}],"wp:term":[{"taxonomy":"product_brand","embeddable":true,"href":"https:\/\/www.aimycomfort.com\/store\/de\/wp-json\/wp\/v2\/product_brand?post=15385"},{"taxonomy":"product_cat","embeddable":true,"href":"https:\/\/www.aimycomfort.com\/store\/de\/wp-json\/wp\/v2\/product_cat?post=15385"},{"taxonomy":"product_tag","embeddable":true,"href":"https:\/\/www.aimycomfort.com\/store\/de\/wp-json\/wp\/v2\/product_tag?post=15385"}],"curies":[{"name":"wp","href":"https:\/\/api.w.org\/{rel}","templated":true}]}}