{"id":15367,"date":"2024-11-06T03:54:45","date_gmt":"2024-11-06T03:54:45","guid":{"rendered":"https:\/\/www.aimycomfort.com\/store\/product\/customize-gel-summer-cool-memory-foam-twin-mattress\/"},"modified":"2024-11-06T08:30:13","modified_gmt":"2024-11-06T08:30:13","slug":"customize-gel-summer-cool-memory-foam-twin-mattress","status":"publish","type":"product","link":"https:\/\/www.aimycomfort.com\/store\/de\/produkt\/customize-gel-summer-cool-memory-foam-twin-mattress\/","title":{"rendered":"Ma\u00dfgeschneiderte Gel-Sommer-K\u00fchl-Memory-Schaum-Twin-Matratze"},"content":{"rendered":"<p>Die ma\u00dfgeschneiderte Gel-Sommer-K\u00fchl-Memory-Cotton-Twin-Matratze ist darauf ausgelegt, ein erfrischendes und komfortables Schlaferlebnis in den w\u00e4rmeren Monaten zu bieten. Diese atmungsaktive Matratze verf\u00fcgt \u00fcber hochwertigen Gel-Memory-Schaum, der sich deinem K\u00f6rper anpasst und dich k\u00fchl h\u00e4lt, was sie ideal f\u00fcr verschiedene Schlafpositionen macht.<\/p>\n<h2><strong>Hauptmerkmale:<\/strong><\/h2>\n<ul>\n<li><strong>K\u00fchlende Gel-Schaum:<\/strong><br \/>\nDer mit Gel durchzogene Memory-Schaum hilft, eine k\u00fchle Schlafumgebung aufrechtzuerhalten, sodass du die ganze Nacht \u00fcber bequem bleibst.<\/li>\n<li><strong>Ergonomisches Design:<\/strong><br \/>\nEntwickelt, um verschiedene Schlafpositionen zu unterst\u00fctzen, f\u00f6rdert diese Matratze die richtige Ausrichtung und den Komfort f\u00fcr einen erholsamen Schlaf.<\/li>\n<li><strong>Bel\u00fcftungs\u00f6ffnungen:<\/strong><br \/>\nStrategisch platzierte Bel\u00fcftungs\u00f6ffnungen verbessern den Luftstrom und regulieren die Schlaftemperatur, um \u00dcberhitzung zu verhindern.<\/li>\n<li><strong>Hochwertige Materialien:<\/strong><br \/>\nHergestellt aus strapazierf\u00e4higem Polyestergewebe, ist diese Matratze auf Langlebigkeit und einfache Pflege ausgelegt.<\/li>\n<li><strong>Kompakte Gr\u00f6\u00dfe:<\/strong><br \/>\nMit den Ma\u00dfen 190 x 75 x 5 cm und anpassbar ist sie perfekt f\u00fcr Twin-Betten und kann leicht transportiert oder gelagert werden.<\/li>\n<\/ul>\n<p>Erlebe einen k\u00fchlen und komfortablen Schlaf mit der ma\u00dfgeschneiderten Gel-Sommer-K\u00fchl-Memory-Cotton-Twin-Matratze, die entwickelt wurde, um deine Schlafumgebung zu verbessern und effektive Unterst\u00fctzung zu bieten.<\/p>\n","protected":false},"excerpt":{"rendered":"<p>Die ma\u00dfgeschneiderte Gel-Sommer-K\u00fchl-Memory-Cotton-Twin-Matratze bietet ein erfrischendes Schlaferlebnis mit hochwertigem Gel-Memory-Schaum, der dich die ganze Nacht k\u00fchl h\u00e4lt. Diese atmungsaktive Matratze ist f\u00fcr verschiedene Schlafpositionen ausgelegt und verf\u00fcgt \u00fcber Bel\u00fcftungs\u00f6ffnungen zur Verbesserung des Luftstroms und zur Regulierung der Temperatur. Hergestellt aus strapazierf\u00e4higem Polyester, ist sie perfekt f\u00fcr Twin-Betten. Genie\u00dfe Komfort und Unterst\u00fctzung mit dieser idealen Sommermatratze!<\/p>\n","protected":false},"featured_media":15085,"comment_status":"open","ping_status":"closed","template":"","meta":{"site-sidebar-layout":"default","site-content-layout":"","ast-site-content-layout":"default","site-content-style":"default","site-sidebar-style":"default","ast-global-header-display":"","ast-banner-title-visibility":"","ast-main-header-display":"","ast-hfb-above-header-display":"","ast-hfb-below-header-display":"","ast-hfb-mobile-header-display":"","site-post-title":"","ast-breadcrumbs-content":"","ast-featured-img":"","footer-sml-layout":"","theme-transparent-header-meta":"default","adv-header-id-meta":"","stick-header-meta":"","header-above-stick-meta":"","header-main-stick-meta":"","header-below-stick-meta":"","astra-migrate-meta-layouts":"set","ast-page-background-enabled":"default","ast-page-background-meta":{"desktop":{"background-color":"var(--ast-global-color-4)","background-image":"","background-repeat":"repeat","background-position":"center center","background-size":"auto","background-attachment":"scroll","background-type":"","background-media":"","overlay-type":"","overlay-color":"","overlay-opacity":"","overlay-gradient":""},"tablet":{"background-color":"","background-image":"","background-repeat":"repeat","background-position":"center center","background-size":"auto","background-attachment":"scroll","background-type":"","background-media":"","overlay-type":"","overlay-color":"","overlay-opacity":"","overlay-gradient":""},"mobile":{"background-color":"","background-image":"","background-repeat":"repeat","background-position":"center center","background-size":"auto","background-attachment":"scroll","background-type":"","background-media":"","overlay-type":"","overlay-color":"","overlay-opacity":"","overlay-gradient":""}},"ast-content-background-meta":{"desktop":{"background-color":"var(--ast-global-color-5)","background-image":"","background-repeat":"repeat","background-position":"center center","background-size":"auto","background-attachment":"scroll","background-type":"","background-media":"","overlay-type":"","overlay-color":"","overlay-opacity":"","overlay-gradient":""},"tablet":{"background-color":"var(--ast-global-color-5)","background-image":"","background-repeat":"repeat","background-position":"center center","background-size":"auto","background-attachment":"scroll","background-type":"","background-media":"","overlay-type":"","overlay-color":"","overlay-opacity":"","overlay-gradient":""},"mobile":{"background-color":"var(--ast-global-color-5)","background-image":"","background-repeat":"repeat","background-position":"center center","background-size":"auto","background-attachment":"scroll","background-type":"","background-media":"","overlay-type":"","overlay-color":"","overlay-opacity":"","overlay-gradient":""}}},"product_brand":[],"product_cat":[744],"product_tag":[735,561],"class_list":{"0":"post-15367","1":"product","2":"type-product","3":"status-publish","4":"has-post-thumbnail","6":"product_cat-memory-form-mattress-de","7":"product_tag-matratze","8":"product_tag-memory-foam-de","9":"desktop-align-left","10":"tablet-align-left","11":"mobile-align-left","12":"ast-product-gallery-layout-horizontal-slider","13":"ast-product-single-variable","14":"ast-product-tabs-layout-horizontal","15":"ast-qv-on-image","17":"first","18":"instock","19":"shipping-taxable","20":"purchasable","21":"product-type-variable"},"aioseo_notices":[],"_links":{"self":[{"href":"https:\/\/www.aimycomfort.com\/store\/de\/wp-json\/wp\/v2\/product\/15367","targetHints":{"allow":["GET"]}}],"collection":[{"href":"https:\/\/www.aimycomfort.com\/store\/de\/wp-json\/wp\/v2\/product"}],"about":[{"href":"https:\/\/www.aimycomfort.com\/store\/de\/wp-json\/wp\/v2\/types\/product"}],"replies":[{"embeddable":true,"href":"https:\/\/www.aimycomfort.com\/store\/de\/wp-json\/wp\/v2\/comments?post=15367"}],"wp:featuredmedia":[{"embeddable":true,"href":"https:\/\/www.aimycomfort.com\/store\/de\/wp-json\/wp\/v2\/media\/15085"}],"wp:attachment":[{"href":"https:\/\/www.aimycomfort.com\/store\/de\/wp-json\/wp\/v2\/media?parent=15367"}],"wp:term":[{"taxonomy":"product_brand","embeddable":true,"href":"https:\/\/www.aimycomfort.com\/store\/de\/wp-json\/wp\/v2\/product_brand?post=15367"},{"taxonomy":"product_cat","embeddable":true,"href":"https:\/\/www.aimycomfort.com\/store\/de\/wp-json\/wp\/v2\/product_cat?post=15367"},{"taxonomy":"product_tag","embeddable":true,"href":"https:\/\/www.aimycomfort.com\/store\/de\/wp-json\/wp\/v2\/product_tag?post=15367"}],"curies":[{"name":"wp","href":"https:\/\/api.w.org\/{rel}","templated":true}]}}