{"id":15343,"date":"2024-11-06T03:23:19","date_gmt":"2024-11-06T03:23:19","guid":{"rendered":"https:\/\/www.aimycomfort.com\/store\/product\/customized-10cm-thick-memory-foam-breathable-mattress\/"},"modified":"2024-11-06T07:18:23","modified_gmt":"2024-11-06T07:18:23","slug":"customized-10cm-thick-memory-foam-breathable-mattress","status":"publish","type":"product","link":"https:\/\/www.aimycomfort.com\/store\/de\/produkt\/customized-10cm-thick-memory-foam-breathable-mattress\/","title":{"rendered":"Ma\u00dfgeschneiderte 10 cm dicke Gel-Memory-Schaum-Matratze"},"content":{"rendered":"<p>Die ma\u00dfgeschneiderte 10 cm dicke Gel-Memory-Schaum-Matratze bietet ultimativen Komfort und Vielseitigkeit und ist perfekt f\u00fcr den Einsatz in Studentenwohnheimen. Diese faltbare Schaumstoffmatte verf\u00fcgt \u00fcber eine f\u00fcnflagige Innenkonstruktion, einschlie\u00dflich jacquardgewebtem Stoff, perforiertem Memory-Schaum, hochdichtem Schaumstoff, unterst\u00fctzendem Schaumstoff und 5D atmungsaktivem Mesh-Stoff, der ein erholsames Schlaferlebnis gew\u00e4hrleistet.<\/p>\n<h2><strong>Hauptmerkmale:<\/strong><\/h2>\n<ul>\n<li><strong>F\u00fcnfschichtige Konstruktion:<\/strong><br \/>\nDie Matratze kombiniert mehrere Materialien f\u00fcr optimalen Halt und Komfort, einschlie\u00dflich einer weichen Schicht aus jacquardgewebtem Stoff und atmungsaktivem Memory-Schaum.<\/li>\n<li><strong>Weich und Hautfreundlich:<\/strong><br \/>\nDer gestrickte Stoff ist weich im Griff und eignet sich hervorragend zum direkten Schlafen auf der Matratze, w\u00e4hrend die feuchtigkeitsabsorbierenden Eigenschaften daf\u00fcr sorgen, dass Sie die ganze Nacht \u00fcber bequem bleiben.<\/li>\n<li><strong>Langlebig und Resilient:<\/strong><br \/>\nMit einer Stepptechnologie widersteht diese Matratze Verformungen und Falten, was eine lange Haltbarkeit gew\u00e4hrleistet.<\/li>\n<li><strong>Atmungsaktives Design:<\/strong><br \/>\nDer Waben-Mesh-Stoff verf\u00fcgt \u00fcber atmungsaktive L\u00f6cher, die den Luftstrom f\u00f6rdern und die Matratze trocken und bequem halten, w\u00e4hrend sie gleichzeitig rutschfeste Stabilit\u00e4t bietet.<\/li>\n<li><strong>Vielseitige Gr\u00f6\u00dfen:<\/strong><br \/>\nErh\u00e4ltlich in mehreren Abmessungen (90 x 200 cm, 120 x 200 cm, 150 x 200 cm) ist diese Matratze f\u00fcr verschiedene Bettgr\u00f6\u00dfen geeignet.<\/li>\n<\/ul>\n<p>Erleben Sie einen komfortablen und unterst\u00fctzenden Schlaf mit der ma\u00dfgeschneiderten 10 cm dicken Gel-Memory-Schaum-Matratze, die entwickelt wurde, um Ihre Schlafumgebung zu verbessern und die Flexibilit\u00e4t zu bieten, die Sie f\u00fcr das Leben im Wohnheim ben\u00f6tigen<\/p>\n","protected":false},"excerpt":{"rendered":"<p>Die ma\u00dfgeschneiderte 10 cm dicke Gel-Memory-Schaum-Matratze ist perfekt f\u00fcr den Einsatz in Studentenwohnheimen. Diese faltbare Schaumstoffmatte verf\u00fcgt \u00fcber eine f\u00fcnflagige Konstruktion, einschlie\u00dflich jacquardgewebtem Stoff, perforiertem Memory-Schaum und atmungsaktivem Mesh, die optimalen Komfort und Unterst\u00fctzung gew\u00e4hrleistet. Der weiche, hautfreundliche Stoff absorbiert Feuchtigkeit und ist langlebig, w\u00e4hrend das Waben-Design den Luftstrom und die Stabilit\u00e4t f\u00f6rdert. Erh\u00e4ltlich in mehreren Gr\u00f6\u00dfen (90 x 200 cm, 120 x 200 cm, 150 x 200 cm) und Farben (wei\u00df, grau), bietet diese Matratze eine gem\u00fctliche und vielseitige Schlafl\u00f6sung.<\/p>\n","protected":false},"featured_media":15013,"comment_status":"open","ping_status":"closed","template":"","meta":{"site-sidebar-layout":"default","site-content-layout":"","ast-site-content-layout":"default","site-content-style":"default","site-sidebar-style":"default","ast-global-header-display":"","ast-banner-title-visibility":"","ast-main-header-display":"","ast-hfb-above-header-display":"","ast-hfb-below-header-display":"","ast-hfb-mobile-header-display":"","site-post-title":"","ast-breadcrumbs-content":"","ast-featured-img":"","footer-sml-layout":"","theme-transparent-header-meta":"default","adv-header-id-meta":"","stick-header-meta":"","header-above-stick-meta":"","header-main-stick-meta":"","header-below-stick-meta":"","astra-migrate-meta-layouts":"set","ast-page-background-enabled":"default","ast-page-background-meta":{"desktop":{"background-color":"var(--ast-global-color-4)","background-image":"","background-repeat":"repeat","background-position":"center center","background-size":"auto","background-attachment":"scroll","background-type":"","background-media":"","overlay-type":"","overlay-color":"","overlay-opacity":"","overlay-gradient":""},"tablet":{"background-color":"","background-image":"","background-repeat":"repeat","background-position":"center center","background-size":"auto","background-attachment":"scroll","background-type":"","background-media":"","overlay-type":"","overlay-color":"","overlay-opacity":"","overlay-gradient":""},"mobile":{"background-color":"","background-image":"","background-repeat":"repeat","background-position":"center center","background-size":"auto","background-attachment":"scroll","background-type":"","background-media":"","overlay-type":"","overlay-color":"","overlay-opacity":"","overlay-gradient":""}},"ast-content-background-meta":{"desktop":{"background-color":"var(--ast-global-color-5)","background-image":"","background-repeat":"repeat","background-position":"center center","background-size":"auto","background-attachment":"scroll","background-type":"","background-media":"","overlay-type":"","overlay-color":"","overlay-opacity":"","overlay-gradient":""},"tablet":{"background-color":"var(--ast-global-color-5)","background-image":"","background-repeat":"repeat","background-position":"center center","background-size":"auto","background-attachment":"scroll","background-type":"","background-media":"","overlay-type":"","overlay-color":"","overlay-opacity":"","overlay-gradient":""},"mobile":{"background-color":"var(--ast-global-color-5)","background-image":"","background-repeat":"repeat","background-position":"center center","background-size":"auto","background-attachment":"scroll","background-type":"","background-media":"","overlay-type":"","overlay-color":"","overlay-opacity":"","overlay-gradient":""}}},"product_brand":[],"product_cat":[744],"product_tag":[735,561],"class_list":{"0":"post-15343","1":"product","2":"type-product","3":"status-publish","4":"has-post-thumbnail","6":"product_cat-memory-form-mattress-de","7":"product_tag-matratze","8":"product_tag-memory-foam-de","9":"desktop-align-left","10":"tablet-align-left","11":"mobile-align-left","12":"ast-product-gallery-layout-horizontal-slider","13":"ast-product-single-variable","14":"ast-product-tabs-layout-horizontal","15":"ast-qv-on-image","17":"first","18":"instock","19":"shipping-taxable","20":"purchasable","21":"product-type-variable"},"aioseo_notices":[],"_links":{"self":[{"href":"https:\/\/www.aimycomfort.com\/store\/de\/wp-json\/wp\/v2\/product\/15343","targetHints":{"allow":["GET"]}}],"collection":[{"href":"https:\/\/www.aimycomfort.com\/store\/de\/wp-json\/wp\/v2\/product"}],"about":[{"href":"https:\/\/www.aimycomfort.com\/store\/de\/wp-json\/wp\/v2\/types\/product"}],"replies":[{"embeddable":true,"href":"https:\/\/www.aimycomfort.com\/store\/de\/wp-json\/wp\/v2\/comments?post=15343"}],"wp:featuredmedia":[{"embeddable":true,"href":"https:\/\/www.aimycomfort.com\/store\/de\/wp-json\/wp\/v2\/media\/15013"}],"wp:attachment":[{"href":"https:\/\/www.aimycomfort.com\/store\/de\/wp-json\/wp\/v2\/media?parent=15343"}],"wp:term":[{"taxonomy":"product_brand","embeddable":true,"href":"https:\/\/www.aimycomfort.com\/store\/de\/wp-json\/wp\/v2\/product_brand?post=15343"},{"taxonomy":"product_cat","embeddable":true,"href":"https:\/\/www.aimycomfort.com\/store\/de\/wp-json\/wp\/v2\/product_cat?post=15343"},{"taxonomy":"product_tag","embeddable":true,"href":"https:\/\/www.aimycomfort.com\/store\/de\/wp-json\/wp\/v2\/product_tag?post=15343"}],"curies":[{"name":"wp","href":"https:\/\/api.w.org\/{rel}","templated":true}]}}