{"id":14522,"date":"2024-11-05T02:59:49","date_gmt":"2024-11-05T02:59:49","guid":{"rendered":"https:\/\/www.aimycomfort.com\/store\/product\/2-in-1-lumbar-supportnap-pillow\/"},"modified":"2024-11-05T05:41:29","modified_gmt":"2024-11-05T05:41:29","slug":"2-in-1-lumbar-supportnap-pillow","status":"publish","type":"product","link":"https:\/\/www.aimycomfort.com\/store\/de\/produkt\/2-in-1-lumbar-supportnap-pillow\/","title":{"rendered":"2-in-1-Lendenst\u00fctze- und Nickerchenkissen"},"content":{"rendered":"<p>Das 2-in-1-Lendenst\u00fctze- und Nickerchenkissen ist die ultimative L\u00f6sung f\u00fcr Komfort w\u00e4hrend der Arbeit und der Ruhe. Dieses vielseitige Kissen verwandelt sich mit einem einfachen Falten und einer Schnalle m\u00fchelos von einem Lendenst\u00fctzkissen in ein Nickerchenkissen und ist perfekt f\u00fcr den Einsatz im B\u00fcro oder auf Reisen. Es wurde f\u00fcr Bauchschl\u00e4fer entwickelt und bietet eine bequeme, gebogene Umarmung, die Druck entlastet und eine nat\u00fcrliche Schlafposition unterst\u00fctzt.<\/p>\n<h2><strong>Hauptmerkmale:<\/strong><\/h2>\n<ul>\n<li><strong>Doppelte Funktionalit\u00e4t:<\/strong><br \/>\nWandelt sich sofort von Lendenst\u00fctze zu Nickerchenkissen und erf\u00fcllt Ihre Bed\u00fcrfnisse, egal ob Sie arbeiten oder sich ausruhen.<\/li>\n<li><strong>Ergonomisches Design:<\/strong><br \/>\nDas \u00e4u\u00dfere hohe und innere niedrige Design bietet stabilen Halt f\u00fcr Kopf und Gesicht, verhindert Unbehagen und vermeidet Schlafmarken oder Make-up-Verschmierungen.<\/li>\n<li><strong>Bequem und Unterst\u00fctzend:<\/strong><br \/>\nDas Kissen ist so konzipiert, dass es die Belastung der Halswirbels\u00e4ule reduziert und Armschmerzen w\u00e4hrend des Nickerchens lindert, um ein erholsames Erlebnis zu gew\u00e4hrleisten.<\/li>\n<li><strong>Atmungsaktiver und Feuchtigkeitsabsorbierender Stoff:<\/strong><br \/>\nHergestellt aus hautfreundlichem Stoff, ist dieses Kissen weich, atmungsaktiv und feuchtigkeitsabsorbierend und bietet eine trockene und komfortable Schlafumgebung.<\/li>\n<li><strong>Stylische und Lustige Farben:<\/strong><br \/>\nErh\u00e4ltlich in Marineblau, Himmelblau und Dunkelgrau, verleiht dieses Kissen Ihrem B\u00fcro oder Zuhause einen Hauch von Stil.<\/li>\n<li><strong>Praktisches Design:<\/strong><br \/>\nVerf\u00fcgt \u00fcber einen unsichtbaren Rei\u00dfverschluss f\u00fcr ein elegantes Aussehen und eine robuste Schnappverschluss, die ein L\u00f6sen oder Verrutschen verhindert.<\/li>\n<\/ul>\n<p>Verbessern Sie Ihren Komfort und Ihre Produktivit\u00e4t mit dem 2-in-1-Lendenst\u00fctze- und Nickerchenkissen, das entwickelt wurde, um Ihre Lendenwirbels\u00e4ulengesundheit zu unterst\u00fctzen und gleichzeitig einen gem\u00fctlichen Platz f\u00fcr schnelle Nickerchen zu bieten. Perfekt f\u00fcr vielbesch\u00e4ftigte Fachleute und Studenten!<\/p>\n","protected":false},"excerpt":{"rendered":"<p>Das 2-in-1-Lendenst\u00fctze- und Nickerchenkissen ist eine vielseitige L\u00f6sung f\u00fcr Komfort bei der Arbeit und w\u00e4hrend der Ruhe. Es verwandelt sich mit einem einfachen Falten und einer Schnalle m\u00fchelos von einem Lendenst\u00fctzkissen in ein Nickerchenkissen und ist perfekt f\u00fcr Bauchschl\u00e4fer. Das ergonomische Design bietet stabilen Halt f\u00fcr Kopf und Gesicht, verhindert Unbehagen und Schlafmarken. Hergestellt aus hautfreundlichem, atmungsaktivem Stoff, ist dieses Kissen feuchtigkeitsabsorbierend und stilvoll, es ist ein unverzichtbares Werkzeug zur Verbesserung von Komfort und Produktivit\u00e4t.<\/p>\n","protected":false},"featured_media":14353,"comment_status":"open","ping_status":"closed","template":"","meta":{"site-sidebar-layout":"default","site-content-layout":"","ast-site-content-layout":"default","site-content-style":"default","site-sidebar-style":"default","ast-global-header-display":"","ast-banner-title-visibility":"","ast-main-header-display":"","ast-hfb-above-header-display":"","ast-hfb-below-header-display":"","ast-hfb-mobile-header-display":"","site-post-title":"","ast-breadcrumbs-content":"","ast-featured-img":"","footer-sml-layout":"","theme-transparent-header-meta":"default","adv-header-id-meta":"","stick-header-meta":"","header-above-stick-meta":"","header-main-stick-meta":"","header-below-stick-meta":"","astra-migrate-meta-layouts":"set","ast-page-background-enabled":"default","ast-page-background-meta":{"desktop":{"background-color":"var(--ast-global-color-4)","background-image":"","background-repeat":"repeat","background-position":"center center","background-size":"auto","background-attachment":"scroll","background-type":"","background-media":"","overlay-type":"","overlay-color":"","overlay-opacity":"","overlay-gradient":""},"tablet":{"background-color":"","background-image":"","background-repeat":"repeat","background-position":"center center","background-size":"auto","background-attachment":"scroll","background-type":"","background-media":"","overlay-type":"","overlay-color":"","overlay-opacity":"","overlay-gradient":""},"mobile":{"background-color":"","background-image":"","background-repeat":"repeat","background-position":"center center","background-size":"auto","background-attachment":"scroll","background-type":"","background-media":"","overlay-type":"","overlay-color":"","overlay-opacity":"","overlay-gradient":""}},"ast-content-background-meta":{"desktop":{"background-color":"var(--ast-global-color-5)","background-image":"","background-repeat":"repeat","background-position":"center center","background-size":"auto","background-attachment":"scroll","background-type":"","background-media":"","overlay-type":"","overlay-color":"","overlay-opacity":"","overlay-gradient":""},"tablet":{"background-color":"var(--ast-global-color-5)","background-image":"","background-repeat":"repeat","background-position":"center center","background-size":"auto","background-attachment":"scroll","background-type":"","background-media":"","overlay-type":"","overlay-color":"","overlay-opacity":"","overlay-gradient":""},"mobile":{"background-color":"var(--ast-global-color-5)","background-image":"","background-repeat":"repeat","background-position":"center center","background-size":"auto","background-attachment":"scroll","background-type":"","background-media":"","overlay-type":"","overlay-color":"","overlay-opacity":"","overlay-gradient":""}}},"product_brand":[],"product_cat":[205,214],"product_tag":[207,215,561],"class_list":{"0":"post-14522","1":"product","2":"type-product","3":"status-publish","4":"has-post-thumbnail","6":"product_cat-kissenkollektion","7":"product_cat-lendenwirbelstutze","8":"product_tag-kissen","9":"product_tag-lendenwirbelstutze","10":"product_tag-memory-foam-de","11":"desktop-align-left","12":"tablet-align-left","13":"mobile-align-left","14":"ast-product-gallery-layout-horizontal-slider","15":"ast-product-single-variable","16":"ast-product-tabs-layout-horizontal","17":"ast-qv-on-image","19":"first","20":"instock","21":"shipping-taxable","22":"purchasable","23":"product-type-variable"},"aioseo_notices":[],"_links":{"self":[{"href":"https:\/\/www.aimycomfort.com\/store\/de\/wp-json\/wp\/v2\/product\/14522","targetHints":{"allow":["GET"]}}],"collection":[{"href":"https:\/\/www.aimycomfort.com\/store\/de\/wp-json\/wp\/v2\/product"}],"about":[{"href":"https:\/\/www.aimycomfort.com\/store\/de\/wp-json\/wp\/v2\/types\/product"}],"replies":[{"embeddable":true,"href":"https:\/\/www.aimycomfort.com\/store\/de\/wp-json\/wp\/v2\/comments?post=14522"}],"wp:featuredmedia":[{"embeddable":true,"href":"https:\/\/www.aimycomfort.com\/store\/de\/wp-json\/wp\/v2\/media\/14353"}],"wp:attachment":[{"href":"https:\/\/www.aimycomfort.com\/store\/de\/wp-json\/wp\/v2\/media?parent=14522"}],"wp:term":[{"taxonomy":"product_brand","embeddable":true,"href":"https:\/\/www.aimycomfort.com\/store\/de\/wp-json\/wp\/v2\/product_brand?post=14522"},{"taxonomy":"product_cat","embeddable":true,"href":"https:\/\/www.aimycomfort.com\/store\/de\/wp-json\/wp\/v2\/product_cat?post=14522"},{"taxonomy":"product_tag","embeddable":true,"href":"https:\/\/www.aimycomfort.com\/store\/de\/wp-json\/wp\/v2\/product_tag?post=14522"}],"curies":[{"name":"wp","href":"https:\/\/api.w.org\/{rel}","templated":true}]}}