{"id":14086,"date":"2024-11-01T03:45:24","date_gmt":"2024-11-01T03:45:24","guid":{"rendered":"https:\/\/www.aimycomfort.com\/store\/product\/crescent-shaped-memory-foam-waist-protection-sleep-lumbar-support\/"},"modified":"2024-11-04T09:35:55","modified_gmt":"2024-11-04T09:35:55","slug":"crescent-shaped-memory-foam-waist-protection-sleep-lumbar-support","status":"publish","type":"product","link":"https:\/\/www.aimycomfort.com\/store\/de\/produkt\/crescent-shaped-memory-foam-waist-protection-sleep-lumbar-support\/","title":{"rendered":"Halbmondf\u00f6rmiger Memory-Schaum-Waist-Schutz-Schlaf-Lendenst\u00fctze"},"content":{"rendered":"<p>Der halbmondf\u00f6rmige Memory-Schaum-Waist-Schutz-Schlaf-Lendenst\u00fctze ist so konzipiert, dass er au\u00dfergew\u00f6hnlichen Komfort und Unterst\u00fctzung f\u00fcr den unteren R\u00fccken beim Schlafen oder Sitzen bietet. Ideal f\u00fcr schwangere Frauen und alle, die Linderung von Lendenwirbelbeschwerden suchen, verf\u00fcgt dieses ergonomische Taillenpolster \u00fcber einen weichen, langsam zur\u00fcckprallenden Memory-Schaumkern, der Druck effektiv lindert und die Gesundheit der Wirbels\u00e4ule f\u00f6rdert.<\/p>\n<h2><strong>Hauptmerkmale der Lendenst\u00fctze:<\/strong><\/h2>\n<ul>\n<li><strong>Ergonomisches Design:<\/strong><br \/>\nDie halbmondf\u00f6rmige Form und die 3D-Oberfl\u00e4che passen sich eng an die Taille an und erhalten die nat\u00fcrliche S-f\u00f6rmige Kr\u00fcmmung der Wirbels\u00e4ule f\u00fcr optimalen Halt.<\/li>\n<li><strong>Memory-Schaum-Technologie:<\/strong><br \/>\nHergestellt aus langsam zur\u00fcckprallendem Memory-Cotton, bietet es weiche Elastizit\u00e4t und stellt schnell seine Form wieder her, um die ganze Nacht \u00fcber kontinuierliche Unterst\u00fctzung zu gew\u00e4hrleisten.<\/li>\n<li><strong>Verstellbar und Vielseitig:<\/strong><br \/>\nVerf\u00fcgt \u00fcber ein verstellbares Band f\u00fcr kontrollierte Festigkeit und ein Schnallendesign f\u00fcr eine einfache Handhabung. Es kann als Lendenst\u00fctze im Auto oder als Taillenpolster beim Schlafen verwendet werden.<\/li>\n<li><strong>Atmungsaktiv und Hautfreundlich:<\/strong><br \/>\nHergestellt aus elastischem, feuchtigkeitsabsorbierendem Stoff, ist es weich, bequem und erfrischend, was es f\u00fcr den l\u00e4ngeren Gebrauch geeignet macht.<\/li>\n<li><strong>Praktische Aufbewahrung:<\/strong><br \/>\nDas faltbare Design erm\u00f6glicht eine einfache Aufbewahrung und Tragbarkeit, was es perfekt f\u00fcr Reisen macht.<\/li>\n<\/ul>\n<p>Die halbmondf\u00f6rmige Memory-Schaum-Waist-Schutz-Schlaf-Lendenst\u00fctze ist der perfekte Begleiter f\u00fcr erholsamen Schlaf und komfortables Sitzen und sorgt daf\u00fcr, dass Ihr unterer R\u00fccken gut versorgt ist, egal ob zu Hause oder unterwegs.<\/p>\n","protected":false},"excerpt":{"rendered":"<p>Der halbmondf\u00f6rmige Memory-Schaum-Waist-Schutz-Schlaf-Lendenst\u00fctze bietet au\u00dfergew\u00f6hnlichen Komfort und Linderung f\u00fcr Ihren unteren R\u00fccken. Hergestellt aus langsam zur\u00fcckprallendem Memory-Schaum passt dieses ergonomische Taillenpolster eng an die Wirbels\u00e4ule und f\u00f6rdert die richtige Ausrichtung und lindert Druck. Sein verstellbares Band und das Schnallendesign machen es vielseitig f\u00fcr den Schlaf und die Nutzung im Auto. Hergestellt aus atmungsaktivem, hautfreundlichem Stoff, ist es weich und feuchtigkeitsabsorbierend f\u00fcr Komfort die ganze Nacht, was es zu einem perfekten Begleiter f\u00fcr erholsamen Schlaf und Reisen macht.<\/p>\n","protected":false},"featured_media":13670,"comment_status":"open","ping_status":"closed","template":"","meta":{"site-sidebar-layout":"default","site-content-layout":"","ast-site-content-layout":"default","site-content-style":"default","site-sidebar-style":"default","ast-global-header-display":"","ast-banner-title-visibility":"","ast-main-header-display":"","ast-hfb-above-header-display":"","ast-hfb-below-header-display":"","ast-hfb-mobile-header-display":"","site-post-title":"","ast-breadcrumbs-content":"","ast-featured-img":"","footer-sml-layout":"","theme-transparent-header-meta":"default","adv-header-id-meta":"","stick-header-meta":"","header-above-stick-meta":"","header-main-stick-meta":"","header-below-stick-meta":"","astra-migrate-meta-layouts":"set","ast-page-background-enabled":"default","ast-page-background-meta":{"desktop":{"background-color":"var(--ast-global-color-4)","background-image":"","background-repeat":"repeat","background-position":"center center","background-size":"auto","background-attachment":"scroll","background-type":"","background-media":"","overlay-type":"","overlay-color":"","overlay-opacity":"","overlay-gradient":""},"tablet":{"background-color":"","background-image":"","background-repeat":"repeat","background-position":"center center","background-size":"auto","background-attachment":"scroll","background-type":"","background-media":"","overlay-type":"","overlay-color":"","overlay-opacity":"","overlay-gradient":""},"mobile":{"background-color":"","background-image":"","background-repeat":"repeat","background-position":"center center","background-size":"auto","background-attachment":"scroll","background-type":"","background-media":"","overlay-type":"","overlay-color":"","overlay-opacity":"","overlay-gradient":""}},"ast-content-background-meta":{"desktop":{"background-color":"var(--ast-global-color-5)","background-image":"","background-repeat":"repeat","background-position":"center center","background-size":"auto","background-attachment":"scroll","background-type":"","background-media":"","overlay-type":"","overlay-color":"","overlay-opacity":"","overlay-gradient":""},"tablet":{"background-color":"var(--ast-global-color-5)","background-image":"","background-repeat":"repeat","background-position":"center center","background-size":"auto","background-attachment":"scroll","background-type":"","background-media":"","overlay-type":"","overlay-color":"","overlay-opacity":"","overlay-gradient":""},"mobile":{"background-color":"var(--ast-global-color-5)","background-image":"","background-repeat":"repeat","background-position":"center center","background-size":"auto","background-attachment":"scroll","background-type":"","background-media":"","overlay-type":"","overlay-color":"","overlay-opacity":"","overlay-gradient":""}}},"product_brand":[],"product_cat":[214],"product_tag":[591,215,561],"class_list":{"0":"post-14086","1":"product","2":"type-product","3":"status-publish","4":"has-post-thumbnail","6":"product_cat-lendenwirbelstutze","7":"product_tag-ergonomicsupport-de","8":"product_tag-lendenwirbelstutze","9":"product_tag-memory-foam-de","10":"desktop-align-left","11":"tablet-align-left","12":"mobile-align-left","13":"ast-product-gallery-layout-horizontal-slider","14":"ast-product-single-variable","15":"ast-product-tabs-layout-horizontal","16":"ast-qv-on-image","18":"first","19":"instock","20":"shipping-taxable","21":"purchasable","22":"product-type-variable"},"aioseo_notices":[],"_links":{"self":[{"href":"https:\/\/www.aimycomfort.com\/store\/de\/wp-json\/wp\/v2\/product\/14086","targetHints":{"allow":["GET"]}}],"collection":[{"href":"https:\/\/www.aimycomfort.com\/store\/de\/wp-json\/wp\/v2\/product"}],"about":[{"href":"https:\/\/www.aimycomfort.com\/store\/de\/wp-json\/wp\/v2\/types\/product"}],"replies":[{"embeddable":true,"href":"https:\/\/www.aimycomfort.com\/store\/de\/wp-json\/wp\/v2\/comments?post=14086"}],"wp:featuredmedia":[{"embeddable":true,"href":"https:\/\/www.aimycomfort.com\/store\/de\/wp-json\/wp\/v2\/media\/13670"}],"wp:attachment":[{"href":"https:\/\/www.aimycomfort.com\/store\/de\/wp-json\/wp\/v2\/media?parent=14086"}],"wp:term":[{"taxonomy":"product_brand","embeddable":true,"href":"https:\/\/www.aimycomfort.com\/store\/de\/wp-json\/wp\/v2\/product_brand?post=14086"},{"taxonomy":"product_cat","embeddable":true,"href":"https:\/\/www.aimycomfort.com\/store\/de\/wp-json\/wp\/v2\/product_cat?post=14086"},{"taxonomy":"product_tag","embeddable":true,"href":"https:\/\/www.aimycomfort.com\/store\/de\/wp-json\/wp\/v2\/product_tag?post=14086"}],"curies":[{"name":"wp","href":"https:\/\/api.w.org\/{rel}","templated":true}]}}