{"id":13552,"date":"2024-10-31T08:42:57","date_gmt":"2024-10-31T08:42:57","guid":{"rendered":"https:\/\/www.aimycomfort.com\/store\/product\/slow-rebound-memory-foam-butterfly-shaped-pillow\/"},"modified":"2024-10-31T09:08:54","modified_gmt":"2024-10-31T09:08:54","slug":"slow-rebound-memory-foam-butterfly-shaped-pillow","status":"publish","type":"product","link":"https:\/\/www.aimycomfort.com\/store\/de\/produkt\/slow-rebound-memory-foam-butterfly-shaped-pillow\/","title":{"rendered":"Slow Rebound Memory Foam Schmetterlingskissen"},"content":{"rendered":"<p>Erleben Sie ein neues Schlafniveau mit dem Slow Rebound Memory Foam Butterfly Pillow, das f\u00fcr optimalen Kopf- und Nackensupport entwickelt wurde. Dieses ergonomische Kissen verf\u00fcgt \u00fcber ein einzigartiges 5D-Partitionierungssystem, das sich an verschiedene Schlafpositionen anpasst und einen ges\u00fcnderen und erholsameren Schlaf gew\u00e4hrleistet.<\/p>\n<h2><strong>Hauptmerkmale:<\/strong><\/h2>\n<ul>\n<li><strong>Ergonomisches Design:<\/strong><br \/>\nDer 10 cm hohe Nackenbereich und die konkave Kopfposition schaffen einen perfekten H\u00f6henunterschied, der sich an die nat\u00fcrliche Kr\u00fcmmung der Halswirbels\u00e4ule anpasst und Nackenschmerzen lindert.<\/li>\n<li><strong>5D-Partition-Support:<\/strong><br \/>\nDas Kissen umfasst f\u00fcnf verschiedene Unterst\u00fctzungsbereiche: Gehirnvertiefung, Seitenschl\u00e4fer, Schulter und Nacken, Schultererweiterung und Armsupport, die umfassenden Komfort f\u00fcr alle Schlafstile bieten.<\/li>\n<li><strong>Starker Memory-Rebound:<\/strong><br \/>\nHergestellt aus reinem Baumwollmaterial, bietet das Kissen starken Halt und Memory-Rebound, der sich an die Konturen von Kopf und Nacken anpasst und personalisierten Komfort bietet.<\/li>\n<li><strong>H\u00f6henoptionen:<\/strong><br \/>\nVerf\u00fcgt \u00fcber einen 8 cm niedrigen Kissenbereich f\u00fcr Personen unter 165 cm oder R\u00fcckenschl\u00e4fer und einen 10 cm hohen Kissenbereich f\u00fcr Personen \u00fcber 165 cm oder Seitenschl\u00e4fer.<\/li>\n<\/ul>\n<p>Das Slow Rebound Memory Foam Butterfly Pillow ist die perfekte Wahl f\u00fcr alle, die ein ges\u00fcnderes Schlaferlebnis suchen und ma\u00dfgeschneiderte Unterst\u00fctzung f\u00fcr eine erholsame Nachtruhe bieten.<\/p>\n","protected":false},"excerpt":{"rendered":"<p>Das Slow Rebound Memory Foam Butterfly Pillow bietet ein innovatives 5D-Partitionierungsdesign f\u00fcr optimalen Kopf- und Nackensupport und sorgt f\u00fcr ein ges\u00fcnderes Schlaferlebnis. Mit ergonomischen Konturen, die Nackenschmerzen lindern, und Memory-Schaum, der sich Ihrer Form anpasst, ist dieses Kissen perfekt f\u00fcr alle Schlafpositionen. Es verf\u00fcgt \u00fcber einen 8 cm niedrigen Bereich f\u00fcr R\u00fcckenschl\u00e4fer und einen 10 cm hohen Bereich f\u00fcr Seitenschl\u00e4fer.<\/p>\n","protected":false},"featured_media":13471,"comment_status":"open","ping_status":"closed","template":"","meta":{"site-sidebar-layout":"default","site-content-layout":"","ast-site-content-layout":"default","site-content-style":"default","site-sidebar-style":"default","ast-global-header-display":"","ast-banner-title-visibility":"","ast-main-header-display":"","ast-hfb-above-header-display":"","ast-hfb-below-header-display":"","ast-hfb-mobile-header-display":"","site-post-title":"","ast-breadcrumbs-content":"","ast-featured-img":"","footer-sml-layout":"","theme-transparent-header-meta":"default","adv-header-id-meta":"","stick-header-meta":"","header-above-stick-meta":"","header-main-stick-meta":"","header-below-stick-meta":"","astra-migrate-meta-layouts":"set","ast-page-background-enabled":"default","ast-page-background-meta":{"desktop":{"background-color":"var(--ast-global-color-4)","background-image":"","background-repeat":"repeat","background-position":"center center","background-size":"auto","background-attachment":"scroll","background-type":"","background-media":"","overlay-type":"","overlay-color":"","overlay-opacity":"","overlay-gradient":""},"tablet":{"background-color":"","background-image":"","background-repeat":"repeat","background-position":"center center","background-size":"auto","background-attachment":"scroll","background-type":"","background-media":"","overlay-type":"","overlay-color":"","overlay-opacity":"","overlay-gradient":""},"mobile":{"background-color":"","background-image":"","background-repeat":"repeat","background-position":"center center","background-size":"auto","background-attachment":"scroll","background-type":"","background-media":"","overlay-type":"","overlay-color":"","overlay-opacity":"","overlay-gradient":""}},"ast-content-background-meta":{"desktop":{"background-color":"var(--ast-global-color-5)","background-image":"","background-repeat":"repeat","background-position":"center center","background-size":"auto","background-attachment":"scroll","background-type":"","background-media":"","overlay-type":"","overlay-color":"","overlay-opacity":"","overlay-gradient":""},"tablet":{"background-color":"var(--ast-global-color-5)","background-image":"","background-repeat":"repeat","background-position":"center center","background-size":"auto","background-attachment":"scroll","background-type":"","background-media":"","overlay-type":"","overlay-color":"","overlay-opacity":"","overlay-gradient":""},"mobile":{"background-color":"var(--ast-global-color-5)","background-image":"","background-repeat":"repeat","background-position":"center center","background-size":"auto","background-attachment":"scroll","background-type":"","background-media":"","overlay-type":"","overlay-color":"","overlay-opacity":"","overlay-gradient":""}}},"product_brand":[],"product_cat":[205],"product_tag":[591,561],"class_list":{"0":"post-13552","1":"product","2":"type-product","3":"status-publish","4":"has-post-thumbnail","6":"product_cat-kissenkollektion","7":"product_tag-ergonomicsupport-de","8":"product_tag-memory-foam-de","9":"desktop-align-left","10":"tablet-align-left","11":"mobile-align-left","12":"ast-product-gallery-layout-horizontal-slider","13":"ast-product-single-variable","14":"ast-product-tabs-layout-horizontal","15":"ast-qv-on-image","17":"first","18":"instock","19":"shipping-taxable","20":"purchasable","21":"product-type-variable"},"aioseo_notices":[],"_links":{"self":[{"href":"https:\/\/www.aimycomfort.com\/store\/de\/wp-json\/wp\/v2\/product\/13552","targetHints":{"allow":["GET"]}}],"collection":[{"href":"https:\/\/www.aimycomfort.com\/store\/de\/wp-json\/wp\/v2\/product"}],"about":[{"href":"https:\/\/www.aimycomfort.com\/store\/de\/wp-json\/wp\/v2\/types\/product"}],"replies":[{"embeddable":true,"href":"https:\/\/www.aimycomfort.com\/store\/de\/wp-json\/wp\/v2\/comments?post=13552"}],"wp:featuredmedia":[{"embeddable":true,"href":"https:\/\/www.aimycomfort.com\/store\/de\/wp-json\/wp\/v2\/media\/13471"}],"wp:attachment":[{"href":"https:\/\/www.aimycomfort.com\/store\/de\/wp-json\/wp\/v2\/media?parent=13552"}],"wp:term":[{"taxonomy":"product_brand","embeddable":true,"href":"https:\/\/www.aimycomfort.com\/store\/de\/wp-json\/wp\/v2\/product_brand?post=13552"},{"taxonomy":"product_cat","embeddable":true,"href":"https:\/\/www.aimycomfort.com\/store\/de\/wp-json\/wp\/v2\/product_cat?post=13552"},{"taxonomy":"product_tag","embeddable":true,"href":"https:\/\/www.aimycomfort.com\/store\/de\/wp-json\/wp\/v2\/product_tag?post=13552"}],"curies":[{"name":"wp","href":"https:\/\/api.w.org\/{rel}","templated":true}]}}