{"id":13285,"date":"2024-10-31T04:06:39","date_gmt":"2024-10-31T04:06:39","guid":{"rendered":"https:\/\/www.aimycomfort.com\/store\/product\/ergonomic-waist-protection-lumbar-support\/"},"modified":"2024-10-31T05:32:37","modified_gmt":"2024-10-31T05:32:37","slug":"ergonomischer-lendenwirbelstuetz-fuer-hueftschutz","status":"publish","type":"product","link":"https:\/\/www.aimycomfort.com\/store\/de\/produkt\/ergonomischer-lendenwirbelstuetz-fuer-hueftschutz\/","title":{"rendered":"Ergonomischer Lendenwirbelst\u00fctz f\u00fcr H\u00fcftschutz"},"content":{"rendered":"<p>Der ergonomische Lendenwirbelst\u00fctz f\u00fcr die H\u00fcftschutz ist darauf ausgelegt, optimalen Komfort und Unterst\u00fctzung f\u00fcr den unteren R\u00fccken zu bieten und ist der perfekte Begleiter f\u00fcr lange Stunden im B\u00fcro, zu Hause oder im Auto. Dieses vielseitige Sitzkissen verf\u00fcgt \u00fcber ein C-f\u00f6rmiges Design mit weichen konvexen Punkten, die ergonomisch an die Wirbels\u00e4ule angepasst sind und sowohl Schutz als auch Haltungsverbesserung bieten.<\/p>\n<h2><strong>Hauptmerkmale:<\/strong><\/h2>\n<ul>\n<li><strong>Multifunktionale Verwendung:<\/strong><br \/>\nIdeal f\u00fcr den Einsatz im B\u00fcro, zu Hause und im Auto bietet dieses Kissen umfassenden Schutz und Unterst\u00fctzung f\u00fcr die Taille.<\/li>\n<li><strong>Haltbare Materialien:<\/strong><br \/>\nHergestellt aus knitterfestem Garn und doppellagigen Spandexfasern, stellt das Kissen nach der Kompression schnell seine Form wieder her und gew\u00e4hrleistet eine lange Lebensdauer.<\/li>\n<li><strong>Ergonomisches Design:<\/strong><br \/>\nDas Kissen verf\u00fcgt \u00fcber eine weiche Memory-Cotton-Au\u00dfenschicht, die die Lendenwirbels\u00e4ule unterst\u00fctzt, ohne die Taillenmuskulatur zu komprimieren, w\u00e4hrend die konvexen Punkte gezielte Unterst\u00fctzung f\u00fcr die Lendenmuskeln bieten.<\/li>\n<li><strong>Stabilit\u00e4t und Komfort:<\/strong><br \/>\nDas Design beseitigt die Notwendigkeit fester Riemen und vergr\u00f6\u00dfert die Kontaktfl\u00e4che f\u00fcr Stabilit\u00e4t und Komfort, ohne zu kippen.<\/li>\n<li><strong>Wissenschaftliche Zonierung:<\/strong><br \/>\nIn drei Kernzonen unterteilt, lindert das Kissen effektiv den Druck auf die Lendenwirbels\u00e4ule und passt sich der nat\u00fcrlichen Kurve der Taille an, mit erh\u00f6hten Fl\u00fcgeln f\u00fcr zus\u00e4tzliche Unterst\u00fctzung.<\/li>\n<li><strong>Saisonaler Komfort:<\/strong><br \/>\nGeeignet f\u00fcr alle Jahreszeiten, ist das Kissen atmungsaktiv, abnehmbar und waschbar f\u00fcr eine einfache Pflege.<\/li>\n<\/ul>\n<p>Der ergonomische Lendenwirbelst\u00fctz f\u00fcr die H\u00fcftschutz ist die perfekte L\u00f6sung f\u00fcr alle, die ihre Sitzhaltung verbessern und den Druck auf die Lendenwirbels\u00e4ule lindern m\u00f6chten, und sorgt f\u00fcr ein komfortables und angenehmes Sitzgef\u00fchl.<\/p>\n","protected":false},"excerpt":{"rendered":"<p>Der ergonomische Lendenwirbelst\u00fctz ist darauf ausgelegt, optimalen Komfort und Haltungsverbesserung w\u00e4hrend langer Sitzzeiten zu bieten. Dieses vielseitige Kissen verf\u00fcgt \u00fcber ein C-f\u00f6rmiges Design mit weichen konvexen Punkten, die sich an die Wirbels\u00e4ule anpassen und gezielte Lendenwirbelunterst\u00fctzung bieten. Hergestellt aus strapazierf\u00e4higem, knitterfreiem Spandex, bietet es Stabilit\u00e4t ohne die Notwendigkeit fester Riemen. Das Kissen ist atmungsaktiv, abnehmbar und waschbar, was es f\u00fcr alle Jahreszeiten geeignet macht.<\/p>\n","protected":false},"featured_media":13197,"comment_status":"open","ping_status":"closed","template":"","meta":{"site-sidebar-layout":"default","site-content-layout":"","ast-site-content-layout":"default","site-content-style":"default","site-sidebar-style":"default","ast-global-header-display":"","ast-banner-title-visibility":"","ast-main-header-display":"","ast-hfb-above-header-display":"","ast-hfb-below-header-display":"","ast-hfb-mobile-header-display":"","site-post-title":"","ast-breadcrumbs-content":"","ast-featured-img":"","footer-sml-layout":"","theme-transparent-header-meta":"default","adv-header-id-meta":"","stick-header-meta":"","header-above-stick-meta":"","header-main-stick-meta":"","header-below-stick-meta":"","astra-migrate-meta-layouts":"set","ast-page-background-enabled":"default","ast-page-background-meta":{"desktop":{"background-color":"var(--ast-global-color-4)","background-image":"","background-repeat":"repeat","background-position":"center center","background-size":"auto","background-attachment":"scroll","background-type":"","background-media":"","overlay-type":"","overlay-color":"","overlay-opacity":"","overlay-gradient":""},"tablet":{"background-color":"","background-image":"","background-repeat":"repeat","background-position":"center center","background-size":"auto","background-attachment":"scroll","background-type":"","background-media":"","overlay-type":"","overlay-color":"","overlay-opacity":"","overlay-gradient":""},"mobile":{"background-color":"","background-image":"","background-repeat":"repeat","background-position":"center center","background-size":"auto","background-attachment":"scroll","background-type":"","background-media":"","overlay-type":"","overlay-color":"","overlay-opacity":"","overlay-gradient":""}},"ast-content-background-meta":{"desktop":{"background-color":"var(--ast-global-color-5)","background-image":"","background-repeat":"repeat","background-position":"center center","background-size":"auto","background-attachment":"scroll","background-type":"","background-media":"","overlay-type":"","overlay-color":"","overlay-opacity":"","overlay-gradient":""},"tablet":{"background-color":"var(--ast-global-color-5)","background-image":"","background-repeat":"repeat","background-position":"center center","background-size":"auto","background-attachment":"scroll","background-type":"","background-media":"","overlay-type":"","overlay-color":"","overlay-opacity":"","overlay-gradient":""},"mobile":{"background-color":"var(--ast-global-color-5)","background-image":"","background-repeat":"repeat","background-position":"center center","background-size":"auto","background-attachment":"scroll","background-type":"","background-media":"","overlay-type":"","overlay-color":"","overlay-opacity":"","overlay-gradient":""}}},"product_brand":[],"product_cat":[214],"product_tag":[591,215,561],"class_list":{"0":"post-13285","1":"product","2":"type-product","3":"status-publish","4":"has-post-thumbnail","6":"product_cat-lendenwirbelstutze","7":"product_tag-ergonomicsupport-de","8":"product_tag-lendenwirbelstutze","9":"product_tag-memory-foam-de","10":"desktop-align-left","11":"tablet-align-left","12":"mobile-align-left","13":"ast-product-gallery-layout-horizontal-slider","14":"ast-product-single-variable","15":"ast-product-tabs-layout-horizontal","16":"ast-qv-on-image","18":"first","19":"instock","20":"shipping-taxable","21":"purchasable","22":"product-type-variable"},"aioseo_notices":[],"_links":{"self":[{"href":"https:\/\/www.aimycomfort.com\/store\/de\/wp-json\/wp\/v2\/product\/13285","targetHints":{"allow":["GET"]}}],"collection":[{"href":"https:\/\/www.aimycomfort.com\/store\/de\/wp-json\/wp\/v2\/product"}],"about":[{"href":"https:\/\/www.aimycomfort.com\/store\/de\/wp-json\/wp\/v2\/types\/product"}],"replies":[{"embeddable":true,"href":"https:\/\/www.aimycomfort.com\/store\/de\/wp-json\/wp\/v2\/comments?post=13285"}],"wp:featuredmedia":[{"embeddable":true,"href":"https:\/\/www.aimycomfort.com\/store\/de\/wp-json\/wp\/v2\/media\/13197"}],"wp:attachment":[{"href":"https:\/\/www.aimycomfort.com\/store\/de\/wp-json\/wp\/v2\/media?parent=13285"}],"wp:term":[{"taxonomy":"product_brand","embeddable":true,"href":"https:\/\/www.aimycomfort.com\/store\/de\/wp-json\/wp\/v2\/product_brand?post=13285"},{"taxonomy":"product_cat","embeddable":true,"href":"https:\/\/www.aimycomfort.com\/store\/de\/wp-json\/wp\/v2\/product_cat?post=13285"},{"taxonomy":"product_tag","embeddable":true,"href":"https:\/\/www.aimycomfort.com\/store\/de\/wp-json\/wp\/v2\/product_tag?post=13285"}],"curies":[{"name":"wp","href":"https:\/\/api.w.org\/{rel}","templated":true}]}}