{"id":13051,"date":"2024-10-30T03:18:47","date_gmt":"2024-10-30T03:18:47","guid":{"rendered":"https:\/\/www.aimycomfort.com\/store\/product\/pear-shaped-office-lumbar-support\/"},"modified":"2024-10-30T03:37:20","modified_gmt":"2024-10-30T03:37:20","slug":"pear-shaped-office-lumbar-support","status":"publish","type":"product","link":"https:\/\/www.aimycomfort.com\/store\/de\/produkt\/pear-shaped-office-lumbar-support\/","title":{"rendered":"Birnenf\u00f6rmige B\u00fcrolendenst\u00fctze"},"content":{"rendered":"<p>Der birnenf\u00f6rmige B\u00fcrolendenst\u00fctze ist darauf ausgelegt, den Komfort w\u00e4hrend langer Sitzstunden zu erh\u00f6hen, sei es am Schreibtisch oder im Auto. Dieses s\u00fc\u00dfe und funktionale Sitzkissen besteht aus drucklosem Memory-Schaum, der umfassende Unterst\u00fctzung bietet und effektiv Druck auf R\u00fccken und Taille lindert.<\/p>\n<h2><strong>Hauptmerkmale:<\/strong><\/h2>\n<ul>\n<li><strong>Ergonomisches Design:<\/strong><br \/>\nDie birnenf\u00f6rmige Kurve passt sich perfekt an Taille und R\u00fccken an und umschlie\u00dft Ihre nat\u00fcrlichen Konturen f\u00fcr optimalen Halt und Komfort.<\/li>\n<li><strong>Drucklose Unterst\u00fctzung:<\/strong><br \/>\nHergestellt aus weichem und unterst\u00fctzendem Memory-Schaum, sorgt dieses Kissen f\u00fcr ein komfortables Sitzgef\u00fchl ohne Erm\u00fcdung, selbst nach acht Stunden.<\/li>\n<li><strong>Rundum-Unterst\u00fctzung:<\/strong><br \/>\nDie f\u00fcnf Hauptzonen passen sich den K\u00f6rperkurven an und bieten eine breite Unterst\u00fctzung, die f\u00fcr verschiedene K\u00f6rpertypen geeignet ist und die R\u00fcckenmuskulatur entspannt.<\/li>\n<li><strong>Hochwertige Materialien:<\/strong><br \/>\nHergestellt aus atmungsaktivem Hoodie-Stoff und Schafvelours, ist dieses Kissen feuchtigkeitsabsorbierend und hautfreundlich und sorgt f\u00fcr ein k\u00fchles und angenehmes Erlebnis.<\/li>\n<li><strong>Verstellbare Passform:<\/strong><br \/>\nVerf\u00fcgt \u00fcber eine hoch elastische R\u00fcckenbuckle f\u00fcr flexible Anpassung, die es f\u00fcr verschiedene Stuhltypen geeignet macht, zusammen mit einem glatten Rei\u00dfverschluss f\u00fcr eine einfache Fixierung.<\/li>\n<\/ul>\n<p>Der birnenf\u00f6rmige B\u00fcrolendenst\u00fctze ist der perfekte Begleiter f\u00fcr alle, die Komfort und Unterst\u00fctzung beim Arbeiten oder Reisen suchen und sicherstellen, dass Sie den ganzen Tag entspannt und konzentriert bleiben.<\/p>\n","protected":false},"excerpt":{"rendered":"<p>Der birnenf\u00f6rmige B\u00fcrolendenst\u00fctze ist f\u00fcr ultimativen Komfort w\u00e4hrend langer Sitzstunden konzipiert. Hergestellt aus drucklosem Memory-Schaum, bietet dieses Kissen ein ergonomisches Design in Form einer Birne, das die Taille und den R\u00fccken vollst\u00e4ndig unterst\u00fctzt und Druck und M\u00fcdigkeit lindert. Gefertigt aus atmungsaktivem Hoodie-Stoff und Schafvelours, sorgt es f\u00fcr ein k\u00fchles und hautfreundliches Erlebnis. Mit einer verstellbaren Passform und einem glatten Rei\u00dfverschluss f\u00fcr eine einfache Fixierung ist dieses Kissen perfekt f\u00fcr B\u00fcrotische und Autositze.<\/p>\n","protected":false},"featured_media":12970,"comment_status":"open","ping_status":"closed","template":"","meta":{"site-sidebar-layout":"default","site-content-layout":"","ast-site-content-layout":"default","site-content-style":"default","site-sidebar-style":"default","ast-global-header-display":"","ast-banner-title-visibility":"","ast-main-header-display":"","ast-hfb-above-header-display":"","ast-hfb-below-header-display":"","ast-hfb-mobile-header-display":"","site-post-title":"","ast-breadcrumbs-content":"","ast-featured-img":"","footer-sml-layout":"","theme-transparent-header-meta":"default","adv-header-id-meta":"","stick-header-meta":"","header-above-stick-meta":"","header-main-stick-meta":"","header-below-stick-meta":"","astra-migrate-meta-layouts":"set","ast-page-background-enabled":"default","ast-page-background-meta":{"desktop":{"background-color":"var(--ast-global-color-4)","background-image":"","background-repeat":"repeat","background-position":"center center","background-size":"auto","background-attachment":"scroll","background-type":"","background-media":"","overlay-type":"","overlay-color":"","overlay-opacity":"","overlay-gradient":""},"tablet":{"background-color":"","background-image":"","background-repeat":"repeat","background-position":"center center","background-size":"auto","background-attachment":"scroll","background-type":"","background-media":"","overlay-type":"","overlay-color":"","overlay-opacity":"","overlay-gradient":""},"mobile":{"background-color":"","background-image":"","background-repeat":"repeat","background-position":"center center","background-size":"auto","background-attachment":"scroll","background-type":"","background-media":"","overlay-type":"","overlay-color":"","overlay-opacity":"","overlay-gradient":""}},"ast-content-background-meta":{"desktop":{"background-color":"var(--ast-global-color-5)","background-image":"","background-repeat":"repeat","background-position":"center center","background-size":"auto","background-attachment":"scroll","background-type":"","background-media":"","overlay-type":"","overlay-color":"","overlay-opacity":"","overlay-gradient":""},"tablet":{"background-color":"var(--ast-global-color-5)","background-image":"","background-repeat":"repeat","background-position":"center center","background-size":"auto","background-attachment":"scroll","background-type":"","background-media":"","overlay-type":"","overlay-color":"","overlay-opacity":"","overlay-gradient":""},"mobile":{"background-color":"var(--ast-global-color-5)","background-image":"","background-repeat":"repeat","background-position":"center center","background-size":"auto","background-attachment":"scroll","background-type":"","background-media":"","overlay-type":"","overlay-color":"","overlay-opacity":"","overlay-gradient":""}}},"product_brand":[],"product_cat":[214],"product_tag":[591,215,561],"class_list":{"0":"post-13051","1":"product","2":"type-product","3":"status-publish","4":"has-post-thumbnail","6":"product_cat-lendenwirbelstutze","7":"product_tag-ergonomicsupport-de","8":"product_tag-lendenwirbelstutze","9":"product_tag-memory-foam-de","10":"desktop-align-left","11":"tablet-align-left","12":"mobile-align-left","13":"ast-product-gallery-layout-horizontal-slider","14":"ast-product-single-variable","15":"ast-product-tabs-layout-horizontal","16":"ast-qv-on-image","18":"first","19":"instock","20":"shipping-taxable","21":"purchasable","22":"product-type-variable"},"aioseo_notices":[],"_links":{"self":[{"href":"https:\/\/www.aimycomfort.com\/store\/de\/wp-json\/wp\/v2\/product\/13051","targetHints":{"allow":["GET"]}}],"collection":[{"href":"https:\/\/www.aimycomfort.com\/store\/de\/wp-json\/wp\/v2\/product"}],"about":[{"href":"https:\/\/www.aimycomfort.com\/store\/de\/wp-json\/wp\/v2\/types\/product"}],"replies":[{"embeddable":true,"href":"https:\/\/www.aimycomfort.com\/store\/de\/wp-json\/wp\/v2\/comments?post=13051"}],"wp:featuredmedia":[{"embeddable":true,"href":"https:\/\/www.aimycomfort.com\/store\/de\/wp-json\/wp\/v2\/media\/12970"}],"wp:attachment":[{"href":"https:\/\/www.aimycomfort.com\/store\/de\/wp-json\/wp\/v2\/media?parent=13051"}],"wp:term":[{"taxonomy":"product_brand","embeddable":true,"href":"https:\/\/www.aimycomfort.com\/store\/de\/wp-json\/wp\/v2\/product_brand?post=13051"},{"taxonomy":"product_cat","embeddable":true,"href":"https:\/\/www.aimycomfort.com\/store\/de\/wp-json\/wp\/v2\/product_cat?post=13051"},{"taxonomy":"product_tag","embeddable":true,"href":"https:\/\/www.aimycomfort.com\/store\/de\/wp-json\/wp\/v2\/product_tag?post=13051"}],"curies":[{"name":"wp","href":"https:\/\/api.w.org\/{rel}","templated":true}]}}