{"id":12391,"date":"2024-10-28T01:45:24","date_gmt":"2024-10-28T01:45:24","guid":{"rendered":"https:\/\/www.aimycomfort.com\/store\/product\/new-memory-foam-sleep-lumbar-support\/"},"modified":"2024-10-28T06:17:16","modified_gmt":"2024-10-28T06:17:16","slug":"new-memory-foam-sleep-lumbar-support","status":"publish","type":"product","link":"https:\/\/www.aimycomfort.com\/store\/de\/produkt\/new-memory-foam-sleep-lumbar-support\/","title":{"rendered":"Neuer Memory Foam Schlaf-Lendenst\u00fctze"},"content":{"rendered":"<p>Verbessern Sie Ihr Schlaferlebnis mit der neuen Memory Foam Schlaf-Lendenst\u00fctze, die speziell f\u00fcr optimalen Lendenwirbels\u00e4ulenschutz und Komfort entwickelt wurde. Dieses innovative ergonomische Lendenkissen ist perfekt f\u00fcr Seitenschl\u00e4fer, einschlie\u00dflich schwangeren Frauen, und bietet wesentliche Unterst\u00fctzung f\u00fcr den unteren R\u00fccken.<\/p>\n<h2><strong>Hauptmerkmale der Lendenst\u00fctze:<\/strong><\/h2>\n<ul>\n<li><strong>Ergonomisches Design:<\/strong><br \/>\nAngepasst an die nat\u00fcrliche Kurve der Lendenwirbels\u00e4ule bietet dieses Kissen physische Traktion und Unterst\u00fctzung, um Unbehagen durch l\u00e4ngeres Liegen oder Schlafen zu lindern.<\/li>\n<li><strong>Hautfreundlich und Atmungsaktiv:<\/strong><br \/>\nAus hautfreundlichem Stoff gefertigt, sorgt das Kissen f\u00fcr Komfort und Atmungsaktivit\u00e4t und erm\u00f6glicht einen ungehinderten Luftstrom.<\/li>\n<li><strong>Humanisierte Massagepunkte:<\/strong><br \/>\nStrategisch platzierte Massagepunkte helfen, die Lendenwirbels\u00e4ule und die Wirbels\u00e4ule zu beruhigen und die Entspannung zu f\u00f6rdern.<\/li>\n<li><strong>Material mit geringer R\u00fcckfederung:<\/strong><br \/>\nDer Memory Foam mit geringer R\u00fcckfederung umschlie\u00dft sanft den K\u00f6rper, reduziert den Druck und sorgt f\u00fcr ein entspanntes, schwebendes Gef\u00fchl, w\u00e4hrend er Kopf und Nacken w\u00e4hrend der Bewegung unterst\u00fctzt.<\/li>\n<li><strong>Bequemes Design:<\/strong><br \/>\nDie umschlie\u00dfenden Fl\u00fcgel halten die nat\u00fcrliche 26\u00b0-Kurve der Taille aufrecht und gew\u00e4hrleisten Komfort, egal ob Sie auf dem R\u00fccken oder auf der Seite schlafen.<\/li>\n<li><strong>Memory Foam-Kern:<\/strong><br \/>\nMit einer langsamen R\u00fcckfederung von 5 Sekunden taucht der Memory Foam-Kern Sie in ein beruhigendes Schlaferlebnis ein und bietet sanfte Unterst\u00fctzung und ein wolken\u00e4hnliches Gef\u00fchl.<\/li>\n<\/ul>\n<p>Die neue Memory Foam Schlaf-Lendenst\u00fctze ist Ihr perfekter Begleiter f\u00fcr eine erholsame Nachtruhe und sorgt f\u00fcr Komfort und Unterst\u00fctzung in der Lendenregion, w\u00e4hrend sie eine gesunde Schlafhaltung f\u00f6rdert.<\/p>\n","protected":false},"excerpt":{"rendered":"<p>Erleben Sie ultimativen Komfort mit der neuen Memory Foam Schlaf-Lendenst\u00fctze, die f\u00fcr optimalen Lendenwirbels\u00e4ulenschutz entwickelt wurde. Dieses ergonomische Kissen verf\u00fcgt \u00fcber einen hautfreundlichen, atmungsaktiven Bezug und strategisch platzierte Massagepunkte, um den unteren R\u00fccken zu beruhigen. Hergestellt aus niedrig r\u00fcckfederndem Memory Foam, umschlie\u00dft es sanft Ihren K\u00f6rper und bietet Unterst\u00fctzung, w\u00e4hrend es die nat\u00fcrliche Kurve Ihrer Wirbels\u00e4ule beibeh\u00e4lt. Perfekt f\u00fcr Seitenschl\u00e4fer, einschlie\u00dflich schwangeren Frauen, garantiert dieses Kissen eine erholsame Nachtruhe.<\/p>\n","protected":false},"featured_media":12220,"comment_status":"open","ping_status":"closed","template":"","meta":{"site-sidebar-layout":"default","site-content-layout":"","ast-site-content-layout":"default","site-content-style":"default","site-sidebar-style":"default","ast-global-header-display":"","ast-banner-title-visibility":"","ast-main-header-display":"","ast-hfb-above-header-display":"","ast-hfb-below-header-display":"","ast-hfb-mobile-header-display":"","site-post-title":"","ast-breadcrumbs-content":"","ast-featured-img":"","footer-sml-layout":"","theme-transparent-header-meta":"default","adv-header-id-meta":"","stick-header-meta":"","header-above-stick-meta":"","header-main-stick-meta":"","header-below-stick-meta":"","astra-migrate-meta-layouts":"set","ast-page-background-enabled":"default","ast-page-background-meta":{"desktop":{"background-color":"var(--ast-global-color-4)","background-image":"","background-repeat":"repeat","background-position":"center center","background-size":"auto","background-attachment":"scroll","background-type":"","background-media":"","overlay-type":"","overlay-color":"","overlay-opacity":"","overlay-gradient":""},"tablet":{"background-color":"","background-image":"","background-repeat":"repeat","background-position":"center center","background-size":"auto","background-attachment":"scroll","background-type":"","background-media":"","overlay-type":"","overlay-color":"","overlay-opacity":"","overlay-gradient":""},"mobile":{"background-color":"","background-image":"","background-repeat":"repeat","background-position":"center center","background-size":"auto","background-attachment":"scroll","background-type":"","background-media":"","overlay-type":"","overlay-color":"","overlay-opacity":"","overlay-gradient":""}},"ast-content-background-meta":{"desktop":{"background-color":"var(--ast-global-color-5)","background-image":"","background-repeat":"repeat","background-position":"center center","background-size":"auto","background-attachment":"scroll","background-type":"","background-media":"","overlay-type":"","overlay-color":"","overlay-opacity":"","overlay-gradient":""},"tablet":{"background-color":"var(--ast-global-color-5)","background-image":"","background-repeat":"repeat","background-position":"center center","background-size":"auto","background-attachment":"scroll","background-type":"","background-media":"","overlay-type":"","overlay-color":"","overlay-opacity":"","overlay-gradient":""},"mobile":{"background-color":"var(--ast-global-color-5)","background-image":"","background-repeat":"repeat","background-position":"center center","background-size":"auto","background-attachment":"scroll","background-type":"","background-media":"","overlay-type":"","overlay-color":"","overlay-opacity":"","overlay-gradient":""}}},"product_brand":[],"product_cat":[214],"product_tag":[215,561],"class_list":{"0":"post-12391","1":"product","2":"type-product","3":"status-publish","4":"has-post-thumbnail","6":"product_cat-lendenwirbelstutze","7":"product_tag-lendenwirbelstutze","8":"product_tag-memory-foam-de","9":"desktop-align-left","10":"tablet-align-left","11":"mobile-align-left","12":"ast-product-gallery-layout-horizontal-slider","13":"ast-product-single-variable","14":"ast-product-tabs-layout-horizontal","15":"ast-qv-on-image","17":"first","18":"instock","19":"shipping-taxable","20":"purchasable","21":"product-type-variable"},"aioseo_notices":[],"_links":{"self":[{"href":"https:\/\/www.aimycomfort.com\/store\/de\/wp-json\/wp\/v2\/product\/12391","targetHints":{"allow":["GET"]}}],"collection":[{"href":"https:\/\/www.aimycomfort.com\/store\/de\/wp-json\/wp\/v2\/product"}],"about":[{"href":"https:\/\/www.aimycomfort.com\/store\/de\/wp-json\/wp\/v2\/types\/product"}],"replies":[{"embeddable":true,"href":"https:\/\/www.aimycomfort.com\/store\/de\/wp-json\/wp\/v2\/comments?post=12391"}],"wp:featuredmedia":[{"embeddable":true,"href":"https:\/\/www.aimycomfort.com\/store\/de\/wp-json\/wp\/v2\/media\/12220"}],"wp:attachment":[{"href":"https:\/\/www.aimycomfort.com\/store\/de\/wp-json\/wp\/v2\/media?parent=12391"}],"wp:term":[{"taxonomy":"product_brand","embeddable":true,"href":"https:\/\/www.aimycomfort.com\/store\/de\/wp-json\/wp\/v2\/product_brand?post=12391"},{"taxonomy":"product_cat","embeddable":true,"href":"https:\/\/www.aimycomfort.com\/store\/de\/wp-json\/wp\/v2\/product_cat?post=12391"},{"taxonomy":"product_tag","embeddable":true,"href":"https:\/\/www.aimycomfort.com\/store\/de\/wp-json\/wp\/v2\/product_tag?post=12391"}],"curies":[{"name":"wp","href":"https:\/\/api.w.org\/{rel}","templated":true}]}}