{"id":12018,"date":"2024-10-24T02:49:56","date_gmt":"2024-10-24T02:49:56","guid":{"rendered":"https:\/\/www.aimycomfort.com\/store\/product\/memory-foam-butterfly-shaped-pillow\/"},"modified":"2024-10-25T03:29:40","modified_gmt":"2024-10-25T03:29:40","slug":"schmetterlingsfoermiges-memory-schaum-kissen","status":"publish","type":"product","link":"https:\/\/www.aimycomfort.com\/store\/de\/produkt\/schmetterlingsfoermiges-memory-schaum-kissen\/","title":{"rendered":"Schmetterlingsf\u00f6rmiges Memory-Schaum Kissen"},"content":{"rendered":"<p><strong>Cloud Soft Kissen mit Schwebendem Memory-Schaum:<\/strong> Erleben Sie die perfekte Balance aus Unterst\u00fctzung und Komfort mit unserem innovativen Cloud Soft Kissen. Entwickelt mit fortschrittlicher Memory-Schaum-Technologie bietet dieses Kissen ein einzigartiges &#8222;Einsinken und St\u00fctzen&#8220; Erlebnis, das Ihre Schlafqualit\u00e4t ver\u00e4ndert.<\/p>\n<h2><strong>Hauptmerkmale:<\/strong><\/h2>\n<p><strong>Fortschrittliches Unterst\u00fctzungssystem:<\/strong><br \/>\nDas Druckentlastungsgelballs-System bietet eine t\u00e4gliche Spa-\u00e4hnliche Erfahrung f\u00fcr Schultern und Nacken.<br \/>\nMillionen von AIR-Mikro-Lufts\u00e4cken schaffen flie\u00dfende Luftunterst\u00fctzung.<br \/>\nDezentralisierte Unterst\u00fctzung mit ergonomischer Wellenkurven-Zonierung.<\/p>\n<p><strong>Premium-Materialien:<\/strong><br \/>\nNeue Generation von nahtlosem, schwebendem Baumwollmaterial.<br \/>\nMemory-Schaum (Polyurethan) mit mikropor\u00f6sem, weichem Support.<br \/>\nVollst\u00e4ndig durchl\u00e4ssige, atmungsaktive Struktur.<\/p>\n<p><strong>Komforttechnologie:<\/strong><br \/>\nWeiche Anpassung mit heilender Wirkung.<br \/>\nLangsame Unterst\u00fctzung verhindert Steifheit.<br \/>\nFreies Atmungsdesign verhindert das Gef\u00fchl der Enge.<br \/>\nUngiftig und geruchlos f\u00fcr einen ruhigen Schlaf.<\/p>\n<p><strong>Qualit\u00e4tskonstruktion:<\/strong><br \/>\nVersteckter Rei\u00dfverschluss f\u00fcr nahtloses Aussehen.<br \/>\nSensorloses Logo mit Silikon-Hei\u00dfpr\u00e4gung.<br \/>\nElastischer, hautfreundlicher Kissenbezug.<br \/>\nAtmungsaktive Innenschicht.<\/p>\n<p><strong>Umweltengagement:<\/strong><br \/>\nUmweltfreundlicher Schaumstoffkern mit recycelbarem Verpackungsbox, unterst\u00fctzt Umweltinitiativen.<\/p>\n<p>Erleben Sie den wolken\u00e4hnlichen Komfort und revolution\u00e4ren Support mit unserem Cloud Soft Kissen, wo Komfort auf Technologie trifft f\u00fcr Ihren besten Schlaf aller Zeiten.<\/p>\n","protected":false},"excerpt":{"rendered":"<p>Das Memory-Schaum Schmetterlingskissen bietet individuellen Komfort durch sein dreifach h\u00f6henverstellbares Design und premium Memory-Schaum-Unterst\u00fctzung. Perfekt f\u00fcr Nackenschutz und verbesserte Schlafqualit\u00e4t, verf\u00fcgt dieses Kissen \u00fcber ergonomische Kurven und atmungsaktives Material f\u00fcr h\u00f6chsten Komfort. Sein innovatives Design gew\u00e4hrleistet die richtige Ausrichtung der Halswirbels\u00e4ule und bietet gleichzeitig sanfte, konstante Unterst\u00fctzung w\u00e4hrend der ganzen Nacht.<\/p>\n","protected":false},"featured_media":11770,"comment_status":"open","ping_status":"closed","template":"","meta":{"site-sidebar-layout":"default","site-content-layout":"","ast-site-content-layout":"default","site-content-style":"default","site-sidebar-style":"default","ast-global-header-display":"","ast-banner-title-visibility":"","ast-main-header-display":"","ast-hfb-above-header-display":"","ast-hfb-below-header-display":"","ast-hfb-mobile-header-display":"","site-post-title":"","ast-breadcrumbs-content":"","ast-featured-img":"","footer-sml-layout":"","theme-transparent-header-meta":"default","adv-header-id-meta":"","stick-header-meta":"","header-above-stick-meta":"","header-main-stick-meta":"","header-below-stick-meta":"","astra-migrate-meta-layouts":"set","ast-page-background-enabled":"default","ast-page-background-meta":{"desktop":{"background-color":"var(--ast-global-color-4)","background-image":"","background-repeat":"repeat","background-position":"center center","background-size":"auto","background-attachment":"scroll","background-type":"","background-media":"","overlay-type":"","overlay-color":"","overlay-opacity":"","overlay-gradient":""},"tablet":{"background-color":"","background-image":"","background-repeat":"repeat","background-position":"center center","background-size":"auto","background-attachment":"scroll","background-type":"","background-media":"","overlay-type":"","overlay-color":"","overlay-opacity":"","overlay-gradient":""},"mobile":{"background-color":"","background-image":"","background-repeat":"repeat","background-position":"center center","background-size":"auto","background-attachment":"scroll","background-type":"","background-media":"","overlay-type":"","overlay-color":"","overlay-opacity":"","overlay-gradient":""}},"ast-content-background-meta":{"desktop":{"background-color":"var(--ast-global-color-5)","background-image":"","background-repeat":"repeat","background-position":"center center","background-size":"auto","background-attachment":"scroll","background-type":"","background-media":"","overlay-type":"","overlay-color":"","overlay-opacity":"","overlay-gradient":""},"tablet":{"background-color":"var(--ast-global-color-5)","background-image":"","background-repeat":"repeat","background-position":"center center","background-size":"auto","background-attachment":"scroll","background-type":"","background-media":"","overlay-type":"","overlay-color":"","overlay-opacity":"","overlay-gradient":""},"mobile":{"background-color":"var(--ast-global-color-5)","background-image":"","background-repeat":"repeat","background-position":"center center","background-size":"auto","background-attachment":"scroll","background-type":"","background-media":"","overlay-type":"","overlay-color":"","overlay-opacity":"","overlay-gradient":""}}},"product_brand":[],"product_cat":[205],"product_tag":[591,207,561],"class_list":{"0":"post-12018","1":"product","2":"type-product","3":"status-publish","4":"has-post-thumbnail","6":"product_cat-kissenkollektion","7":"product_tag-ergonomicsupport-de","8":"product_tag-kissen","9":"product_tag-memory-foam-de","10":"desktop-align-left","11":"tablet-align-left","12":"mobile-align-left","13":"ast-product-gallery-layout-horizontal-slider","14":"ast-product-single-variable","15":"ast-product-tabs-layout-horizontal","16":"ast-qv-on-image","18":"first","19":"instock","20":"shipping-taxable","21":"purchasable","22":"product-type-variable"},"aioseo_notices":[],"_links":{"self":[{"href":"https:\/\/www.aimycomfort.com\/store\/de\/wp-json\/wp\/v2\/product\/12018","targetHints":{"allow":["GET"]}}],"collection":[{"href":"https:\/\/www.aimycomfort.com\/store\/de\/wp-json\/wp\/v2\/product"}],"about":[{"href":"https:\/\/www.aimycomfort.com\/store\/de\/wp-json\/wp\/v2\/types\/product"}],"replies":[{"embeddable":true,"href":"https:\/\/www.aimycomfort.com\/store\/de\/wp-json\/wp\/v2\/comments?post=12018"}],"wp:featuredmedia":[{"embeddable":true,"href":"https:\/\/www.aimycomfort.com\/store\/de\/wp-json\/wp\/v2\/media\/11770"}],"wp:attachment":[{"href":"https:\/\/www.aimycomfort.com\/store\/de\/wp-json\/wp\/v2\/media?parent=12018"}],"wp:term":[{"taxonomy":"product_brand","embeddable":true,"href":"https:\/\/www.aimycomfort.com\/store\/de\/wp-json\/wp\/v2\/product_brand?post=12018"},{"taxonomy":"product_cat","embeddable":true,"href":"https:\/\/www.aimycomfort.com\/store\/de\/wp-json\/wp\/v2\/product_cat?post=12018"},{"taxonomy":"product_tag","embeddable":true,"href":"https:\/\/www.aimycomfort.com\/store\/de\/wp-json\/wp\/v2\/product_tag?post=12018"}],"curies":[{"name":"wp","href":"https:\/\/api.w.org\/{rel}","templated":true}]}}