{"id":11949,"date":"2024-10-22T07:11:50","date_gmt":"2024-10-22T07:11:50","guid":{"rendered":"https:\/\/www.aimycomfort.com\/store\/product\/cute-pillow-memory-foam-cat-belly-pillow\/"},"modified":"2024-10-25T06:14:54","modified_gmt":"2024-10-25T06:14:54","slug":"cute-pillow-memory-foam-cat-belly-pillow","status":"publish","type":"product","link":"https:\/\/www.aimycomfort.com\/store\/de\/produkt\/cute-pillow-memory-foam-cat-belly-pillow\/","title":{"rendered":"Kuschelkissen aus Memory-Schaum in Katzenbauchform"},"content":{"rendered":"<p>Kuschelkissen aus Memory-Schaum &#8211; Katzenbauch-Kissen Genie\u00dfen Sie den ultimativen Komfort mit unserem Kuschelkissen aus Memory-Schaum, das so gestaltet ist, dass es das weiche, gem\u00fctliche Gef\u00fchl eines Katzenbauchs nachahmt. Dieses doppelseitige Kissen kombiniert Funktionalit\u00e4t mit einem niedlichen Design und bietet eine perfekte Mischung aus Unterst\u00fctzung und Entspannung f\u00fcr jede Schlafposition.<\/p>\n<h2><strong>Hauptmerkmale:<\/strong><\/h2>\n<p><strong>Doppelseitiger Komfort:<\/strong><br \/>\n<strong>Seite A:<\/strong> Verf\u00fcgt \u00fcber luxuri\u00f6sen 3D-Bean-Velours f\u00fcr ein pl\u00fcschiges, komfortables Erlebnis.<br \/>\n<strong>Seite B:<\/strong> Enth\u00e4lt eine gewaschene K\u00fchlmatte, die eine glatte, buchsfreie Oberfl\u00e4che bietet, die k\u00fchl bleibt, ohne zu frieren.<\/p>\n<p><strong>Ergonomisches Design:<\/strong><br \/>\nUnterst\u00fctzt die nat\u00fcrliche Kr\u00fcmmung der Halswirbels\u00e4ule und sorgt f\u00fcr eine gesunde Nackenhaltung, egal ob Sie auf dem R\u00fccken oder auf der Seite schlafen, ohne Druck auf die Schultern auszu\u00fcben.<\/p>\n<p><strong>F\u00fcllung aus Memory-Schaum:<\/strong><br \/>\nGef\u00fcllt mit langsam zur\u00fcckprallendem Memory-Cotton, das sich Ihrem K\u00f6rper anpasst und null Druckunterst\u00fctzung bietet, um M\u00fcdigkeit und Angst zu beseitigen.<\/p>\n<p><strong>Druckentlastung:<\/strong><br \/>\nDie langsame R\u00fcckpralltechnologie und die dreidimensionale Druckschaumung des Soja-Veloursstoffs bieten hautfreundlichen Komfort und effektive Stressreduzierung.<\/p>\n<p><strong>Einfache Pflege:<\/strong><br \/>\nVerf\u00fcgt \u00fcber einen unabh\u00e4ngigen Innenbezug, der leicht zu zerlegen und zu waschen ist. Einfach den Rei\u00dfverschluss \u00f6ffnen, um den Bezug zu entfernen und die \u00e4u\u00dfere H\u00fclle zu reinigen.<\/p>\n<p><strong>Vielseitige Verwendung:<\/strong><br \/>\nPerfekt f\u00fcr verschiedene Szenarien, einschlie\u00dflich als Nickerchen-Kissen, Stuhlkissen oder Schlafkissen. In mehreren Stilen erh\u00e4ltlich, um Ihrem pers\u00f6nlichen Geschmack gerecht zu werden.<\/p>\n<p><strong>Ganzjahresnutzung:<\/strong><br \/>\nBeide Seiten des Kissens sind f\u00fcr ganzj\u00e4hrigen Komfort ausgelegt und passen sich saisonalen Ver\u00e4nderungen an, w\u00e4hrend sie den Support aufrechterhalten.<\/p>\n<p>Verbessern Sie Ihr Schlaferlebnis mit dem Kuschelkissen aus Memory-Schaum, das wissenschaftliche Schlafzonierung, Stressreduzierung und Wirbels\u00e4ulenschutz f\u00fcr einen ruhigen und erholsamen Schlaf bietet.<\/p>\n","protected":false},"excerpt":{"rendered":"<p>Erleben Sie gem\u00fctlichen Komfort mit dem Kuschelkissen aus Memory-Schaum in Katzenbauchform. Dieses doppelseitige Kissen verf\u00fcgt \u00fcber luxuri\u00f6sen 3D-Bean-Velours und eine K\u00fchlmatte f\u00fcr den ganzj\u00e4hrigen Einsatz. Sein ergonomisches Design unterst\u00fctzt die nat\u00fcrliche Kr\u00fcmmung von Nacken und Schultern, w\u00e4hrend die langsam zur\u00fcckprallende Memory-Schaum Druck und M\u00fcdigkeit lindert. Leicht zu waschen und vielseitig einsetzbar f\u00fcr Nickerchen, St\u00fchle oder Schlafen, kombiniert dieses Kissen ein niedliches Design mit funktionaler Unterst\u00fctzung.<\/p>\n","protected":false},"featured_media":11410,"comment_status":"open","ping_status":"closed","template":"","meta":{"site-sidebar-layout":"default","site-content-layout":"","ast-site-content-layout":"default","site-content-style":"default","site-sidebar-style":"default","ast-global-header-display":"","ast-banner-title-visibility":"","ast-main-header-display":"","ast-hfb-above-header-display":"","ast-hfb-below-header-display":"","ast-hfb-mobile-header-display":"","site-post-title":"","ast-breadcrumbs-content":"","ast-featured-img":"","footer-sml-layout":"","theme-transparent-header-meta":"default","adv-header-id-meta":"","stick-header-meta":"","header-above-stick-meta":"","header-main-stick-meta":"","header-below-stick-meta":"","astra-migrate-meta-layouts":"set","ast-page-background-enabled":"default","ast-page-background-meta":{"desktop":{"background-color":"var(--ast-global-color-4)","background-image":"","background-repeat":"repeat","background-position":"center center","background-size":"auto","background-attachment":"scroll","background-type":"","background-media":"","overlay-type":"","overlay-color":"","overlay-opacity":"","overlay-gradient":""},"tablet":{"background-color":"","background-image":"","background-repeat":"repeat","background-position":"center center","background-size":"auto","background-attachment":"scroll","background-type":"","background-media":"","overlay-type":"","overlay-color":"","overlay-opacity":"","overlay-gradient":""},"mobile":{"background-color":"","background-image":"","background-repeat":"repeat","background-position":"center center","background-size":"auto","background-attachment":"scroll","background-type":"","background-media":"","overlay-type":"","overlay-color":"","overlay-opacity":"","overlay-gradient":""}},"ast-content-background-meta":{"desktop":{"background-color":"var(--ast-global-color-5)","background-image":"","background-repeat":"repeat","background-position":"center center","background-size":"auto","background-attachment":"scroll","background-type":"","background-media":"","overlay-type":"","overlay-color":"","overlay-opacity":"","overlay-gradient":""},"tablet":{"background-color":"var(--ast-global-color-5)","background-image":"","background-repeat":"repeat","background-position":"center center","background-size":"auto","background-attachment":"scroll","background-type":"","background-media":"","overlay-type":"","overlay-color":"","overlay-opacity":"","overlay-gradient":""},"mobile":{"background-color":"var(--ast-global-color-5)","background-image":"","background-repeat":"repeat","background-position":"center center","background-size":"auto","background-attachment":"scroll","background-type":"","background-media":"","overlay-type":"","overlay-color":"","overlay-opacity":"","overlay-gradient":""}}},"product_brand":[],"product_cat":[205],"product_tag":[206,207],"class_list":{"0":"post-11949","1":"product","2":"type-product","3":"status-publish","4":"has-post-thumbnail","6":"product_cat-kissenkollektion","7":"product_tag-druckentlastung","8":"product_tag-kissen","9":"desktop-align-left","10":"tablet-align-left","11":"mobile-align-left","12":"ast-product-gallery-layout-horizontal-slider","13":"ast-product-gallery-with-no-image","14":"ast-product-single-variable","15":"ast-product-tabs-layout-horizontal","16":"ast-qv-on-image","18":"first","19":"instock","20":"shipping-taxable","21":"product-type-variable"},"aioseo_notices":[],"_links":{"self":[{"href":"https:\/\/www.aimycomfort.com\/store\/de\/wp-json\/wp\/v2\/product\/11949","targetHints":{"allow":["GET"]}}],"collection":[{"href":"https:\/\/www.aimycomfort.com\/store\/de\/wp-json\/wp\/v2\/product"}],"about":[{"href":"https:\/\/www.aimycomfort.com\/store\/de\/wp-json\/wp\/v2\/types\/product"}],"replies":[{"embeddable":true,"href":"https:\/\/www.aimycomfort.com\/store\/de\/wp-json\/wp\/v2\/comments?post=11949"}],"wp:featuredmedia":[{"embeddable":true,"href":"https:\/\/www.aimycomfort.com\/store\/de\/wp-json\/wp\/v2\/media\/11410"}],"wp:attachment":[{"href":"https:\/\/www.aimycomfort.com\/store\/de\/wp-json\/wp\/v2\/media?parent=11949"}],"wp:term":[{"taxonomy":"product_brand","embeddable":true,"href":"https:\/\/www.aimycomfort.com\/store\/de\/wp-json\/wp\/v2\/product_brand?post=11949"},{"taxonomy":"product_cat","embeddable":true,"href":"https:\/\/www.aimycomfort.com\/store\/de\/wp-json\/wp\/v2\/product_cat?post=11949"},{"taxonomy":"product_tag","embeddable":true,"href":"https:\/\/www.aimycomfort.com\/store\/de\/wp-json\/wp\/v2\/product_tag?post=11949"}],"curies":[{"name":"wp","href":"https:\/\/api.w.org\/{rel}","templated":true}]}}