{"id":11871,"date":"2024-10-22T09:36:20","date_gmt":"2024-10-22T09:36:20","guid":{"rendered":"https:\/\/www.aimycomfort.com\/store\/product\/winter-velvet-memory-foam-pillow\/"},"modified":"2024-10-25T06:38:54","modified_gmt":"2024-10-25T06:38:54","slug":"winter-velvet-memory-foam-pillow","status":"publish","type":"product","link":"https:\/\/www.aimycomfort.com\/store\/de\/produkt\/winter-velvet-memory-foam-pillow\/","title":{"rendered":"Winter-Velours-Memory-Schaumkissen"},"content":{"rendered":"<p><strong>Winter-Velours-Memory-Schaumkissen:<\/strong> Erleben Sie unvergleichlichen Komfort und Unterst\u00fctzung mit dem Winter-Velours-Memory-Schaumkissen, das entwickelt wurde, um Ihre Schlafqualit\u00e4t zu verbessern und Ihre Halswirbels\u00e4ule zu sch\u00fctzen. Dieses Kissen verf\u00fcgt \u00fcber einen weichen Memory-Cotton-Kern, der die beruhigende Ber\u00fchrung eines Katzenbauchs nachahmt und einen langsamen R\u00fcckpralleffekt bietet, um Druck abzubauen und M\u00fcdigkeit zu beseitigen.<\/p>\n<h2><strong>Hauptmerkmale:<\/strong><\/h2>\n<p><strong>Ergonomische Unterst\u00fctzung:<\/strong><br \/>\n<strong>Seitenschl\u00e4fer:<\/strong> F\u00fcllt die L\u00fccke zwischen Kopf und Hals und h\u00e4lt die Halswirbels\u00e4ule gerade.<br \/>\n<strong>Bauchschl\u00e4fer:<\/strong> Bietet weiche, atmungsaktive Unterst\u00fctzung.<br \/>\n<strong>R\u00fcckenschl\u00e4fer:<\/strong> Zentrale Rille und gebogene R\u00fcckseite sorgen f\u00fcr Stabilit\u00e4t und Komfort.<\/p>\n<p><strong>Premium-Materialien:<\/strong><br \/>\nHergestellt aus dickem Milchvelours, das beim Kontakt W\u00e4rme spendet und Feuchtigkeit ableitet, um Komfort die ganze Nacht zu gew\u00e4hrleisten. Der Kissenkern besteht aus hochwertigem Polyurethan und beh\u00e4lt in allen Jahreszeiten ein weiches, Q-elastisches Gef\u00fchl.<\/p>\n<p><strong>Wissenschaftliches Zonierungsdesign:<\/strong><br \/>\nBietet eine vollst\u00e4ndige und enge Passform f\u00fcr verschiedene K\u00f6rpertypen, sorgt daf\u00fcr, dass keine h\u00e4ngenden Schultern oder Nacken entstehen, und passt sich dem Kopfgewicht f\u00fcr vollst\u00e4ndige Entspannung an.<\/p>\n<p><strong>Exquisites Design:<\/strong><br \/>\nVerf\u00fcgt \u00fcber zarte Stickereien und einen versteckten Rei\u00dfverschluss f\u00fcr ein nahtloses Aussehen und einfache Pflege. Das Kissen ist leicht zu zerlegen und zu waschen.<\/p>\n<p>Das Winter-Velours-Memory-Schaumkissen ist nicht nur ein Kissen; es ist eine umfassende L\u00f6sung f\u00fcr alle, die Komfort, Unterst\u00fctzung und einen Hauch von Luxus in ihrer Schlafumgebung suchen. Egal, ob Sie ein Seiten-, R\u00fccken- oder Bauchschl\u00e4fer sind, dieses Kissen passt sich Ihren Bed\u00fcrfnissen an und sorgt f\u00fcr einen erholsamen und regenerierenden Schlaf.<\/p>\n","protected":false},"excerpt":{"rendered":"<p>Das Winter-Velours-Memory-Schaumkissen bietet luxuri\u00f6se Unterst\u00fctzung mit seinem weichen Memory-Cotton-Kern und ergonomischem Design, perfekt f\u00fcr alle Schlafpositionen. Hergestellt aus warmem, atmungsaktivem Milchvelours, sorgt es das ganze Jahr \u00fcber f\u00fcr Komfort und Druckentlastung. Mit exquisiten Stickereien und einem versteckten Rei\u00dfverschluss ist dieses Kissen sowohl stilvoll als auch pflegeleicht.<\/p>\n","protected":false},"featured_media":11487,"comment_status":"open","ping_status":"closed","template":"","meta":{"site-sidebar-layout":"default","site-content-layout":"","ast-site-content-layout":"default","site-content-style":"default","site-sidebar-style":"default","ast-global-header-display":"","ast-banner-title-visibility":"","ast-main-header-display":"","ast-hfb-above-header-display":"","ast-hfb-below-header-display":"","ast-hfb-mobile-header-display":"","site-post-title":"","ast-breadcrumbs-content":"","ast-featured-img":"","footer-sml-layout":"","theme-transparent-header-meta":"default","adv-header-id-meta":"","stick-header-meta":"","header-above-stick-meta":"","header-main-stick-meta":"","header-below-stick-meta":"","astra-migrate-meta-layouts":"set","ast-page-background-enabled":"default","ast-page-background-meta":{"desktop":{"background-color":"var(--ast-global-color-4)","background-image":"","background-repeat":"repeat","background-position":"center center","background-size":"auto","background-attachment":"scroll","background-type":"","background-media":"","overlay-type":"","overlay-color":"","overlay-opacity":"","overlay-gradient":""},"tablet":{"background-color":"","background-image":"","background-repeat":"repeat","background-position":"center center","background-size":"auto","background-attachment":"scroll","background-type":"","background-media":"","overlay-type":"","overlay-color":"","overlay-opacity":"","overlay-gradient":""},"mobile":{"background-color":"","background-image":"","background-repeat":"repeat","background-position":"center center","background-size":"auto","background-attachment":"scroll","background-type":"","background-media":"","overlay-type":"","overlay-color":"","overlay-opacity":"","overlay-gradient":""}},"ast-content-background-meta":{"desktop":{"background-color":"var(--ast-global-color-5)","background-image":"","background-repeat":"repeat","background-position":"center center","background-size":"auto","background-attachment":"scroll","background-type":"","background-media":"","overlay-type":"","overlay-color":"","overlay-opacity":"","overlay-gradient":""},"tablet":{"background-color":"var(--ast-global-color-5)","background-image":"","background-repeat":"repeat","background-position":"center center","background-size":"auto","background-attachment":"scroll","background-type":"","background-media":"","overlay-type":"","overlay-color":"","overlay-opacity":"","overlay-gradient":""},"mobile":{"background-color":"var(--ast-global-color-5)","background-image":"","background-repeat":"repeat","background-position":"center center","background-size":"auto","background-attachment":"scroll","background-type":"","background-media":"","overlay-type":"","overlay-color":"","overlay-opacity":"","overlay-gradient":""}}},"product_brand":[],"product_cat":[205],"product_tag":[591,207],"class_list":{"0":"post-11871","1":"product","2":"type-product","3":"status-publish","4":"has-post-thumbnail","6":"product_cat-kissenkollektion","7":"product_tag-ergonomicsupport-de","8":"product_tag-kissen","9":"desktop-align-left","10":"tablet-align-left","11":"mobile-align-left","12":"ast-product-gallery-layout-horizontal-slider","13":"ast-product-single-variable","14":"ast-product-tabs-layout-horizontal","15":"ast-qv-on-image","17":"first","18":"instock","19":"shipping-taxable","20":"purchasable","21":"product-type-variable"},"aioseo_notices":[],"_links":{"self":[{"href":"https:\/\/www.aimycomfort.com\/store\/de\/wp-json\/wp\/v2\/product\/11871","targetHints":{"allow":["GET"]}}],"collection":[{"href":"https:\/\/www.aimycomfort.com\/store\/de\/wp-json\/wp\/v2\/product"}],"about":[{"href":"https:\/\/www.aimycomfort.com\/store\/de\/wp-json\/wp\/v2\/types\/product"}],"replies":[{"embeddable":true,"href":"https:\/\/www.aimycomfort.com\/store\/de\/wp-json\/wp\/v2\/comments?post=11871"}],"wp:featuredmedia":[{"embeddable":true,"href":"https:\/\/www.aimycomfort.com\/store\/de\/wp-json\/wp\/v2\/media\/11487"}],"wp:attachment":[{"href":"https:\/\/www.aimycomfort.com\/store\/de\/wp-json\/wp\/v2\/media?parent=11871"}],"wp:term":[{"taxonomy":"product_brand","embeddable":true,"href":"https:\/\/www.aimycomfort.com\/store\/de\/wp-json\/wp\/v2\/product_brand?post=11871"},{"taxonomy":"product_cat","embeddable":true,"href":"https:\/\/www.aimycomfort.com\/store\/de\/wp-json\/wp\/v2\/product_cat?post=11871"},{"taxonomy":"product_tag","embeddable":true,"href":"https:\/\/www.aimycomfort.com\/store\/de\/wp-json\/wp\/v2\/product_tag?post=11871"}],"curies":[{"name":"wp","href":"https:\/\/api.w.org\/{rel}","templated":true}]}}