{"id":11657,"date":"2024-10-23T07:15:09","date_gmt":"2024-10-23T07:15:09","guid":{"rendered":"https:\/\/www.aimycomfort.com\/store\/product\/four-seasons-baby-neck-protection-memory-foam-pillow\/"},"modified":"2024-10-24T06:59:16","modified_gmt":"2024-10-24T06:59:16","slug":"vier-jahreszeiten-baby-nackenschutz-memory-schaum-kissen","status":"publish","type":"product","link":"https:\/\/www.aimycomfort.com\/store\/de\/produkt\/vier-jahreszeiten-baby-nackenschutz-memory-schaum-kissen\/","title":{"rendered":"Vier-Jahreszeiten Baby-Nackenschutz Memory-Schaum Kissen"},"content":{"rendered":"<p>Vier-Jahreszeiten Baby-Nackenkissen: F\u00fchren Sie Ihr Kind zum ultimativen Komfort und Halt mit dem Vier-Jahreszeiten Baby-Nackenkissen. Dieses niedliche, waschbare Kissen in Katzenform wurde entwickelt, um Kindern ein beruhigendes und unterst\u00fctzendes Schlaferlebnis zu bieten.<\/p>\n<h2><strong>Hauptmerkmale:<\/strong><\/h2>\n<ul>\n<li>\n<ul>\n<li><strong>Weiches und niedliches Design:<\/strong><br \/>\nDie bezaubernde Katzenform des Kissens ist sowohl weich als auch einladend und stellt eine entz\u00fcckende Erg\u00e4nzung f\u00fcr jedes Kinderzimmer dar.<\/li>\n<li><strong>3D-Bohnen-Massage-Granulate:<\/strong><br \/>\nDas Kissen enth\u00e4lt 3D-Bohnen-Massage-Granulate, die sich zu elliptischen Formen verbinden und eine sanfte Massage sowie ein mehrschichtiges taktiles Erlebnis f\u00fcr erh\u00f6hten Komfort bieten.<\/li>\n<li><strong>Druckfreier Memory-Schaum:<\/strong><br \/>\nDer Kissenkern ist mit druckfreier Memory-Baumwolle gef\u00fcllt und bietet ein wolken\u00e4hnliches Gef\u00fchl. Dieses Material ist weich, elastisch und bietet dreidimensionale Unterst\u00fctzung, wobei der Druck gleichm\u00e4\u00dfig verteilt wird, ohne einzusacken.<\/li>\n<li><strong>K\u00fchltechnologie:<\/strong><br \/>\nAngereichert mit fortschrittlicher K\u00fchlseide bleibt das Kissen k\u00fchl, aber nicht eisig, und bietet sofortige Erleichterung bei Sommerhitze und verbesserten Komfort.<\/li>\n<li><strong>Atmungsaktiv und zuverl\u00e4ssig:<\/strong><br \/>\nDer Kissenbezug ist k\u00fchl und atmungsaktiv und gew\u00e4hrleistet eine angenehme Schlafumgebung f\u00fcr Ihr Kind.<\/li>\n<\/ul>\n<\/li>\n<\/ul>\n<p>Das Vier-Jahreszeiten Baby-Nackenkissen ist die perfekte Kombination aus Komfort, Unterst\u00fctzung und verspieltem Design, damit Ihr Kind das ganze Jahr \u00fcber erholsamen und belebenden Schlaf genie\u00dfen kann.<\/p>\n<p>The Four Seasons Baby Neck Pillow is the perfect blend of comfort, support, and playful design, ensuring your child enjoys a restful and rejuvenating sleep all year round.<\/p>\n","protected":false},"excerpt":{"rendered":"<p>Das Vier-Jahreszeiten Baby-Nackenkissen ist die perfekte Kombination aus Komfort, Unterst\u00fctzung und spielerischem Design, die Ihrem Baby das ganze Jahr \u00fcber einen erholsamen und energiespendenden Schlaf garantiert.<\/p>\n","protected":false},"featured_media":11567,"comment_status":"open","ping_status":"closed","template":"","meta":{"site-sidebar-layout":"default","site-content-layout":"","ast-site-content-layout":"default","site-content-style":"default","site-sidebar-style":"default","ast-global-header-display":"","ast-banner-title-visibility":"","ast-main-header-display":"","ast-hfb-above-header-display":"","ast-hfb-below-header-display":"","ast-hfb-mobile-header-display":"","site-post-title":"","ast-breadcrumbs-content":"","ast-featured-img":"","footer-sml-layout":"","theme-transparent-header-meta":"default","adv-header-id-meta":"","stick-header-meta":"","header-above-stick-meta":"","header-main-stick-meta":"","header-below-stick-meta":"","astra-migrate-meta-layouts":"set","ast-page-background-enabled":"default","ast-page-background-meta":{"desktop":{"background-color":"var(--ast-global-color-4)","background-image":"","background-repeat":"repeat","background-position":"center center","background-size":"auto","background-attachment":"scroll","background-type":"","background-media":"","overlay-type":"","overlay-color":"","overlay-opacity":"","overlay-gradient":""},"tablet":{"background-color":"","background-image":"","background-repeat":"repeat","background-position":"center center","background-size":"auto","background-attachment":"scroll","background-type":"","background-media":"","overlay-type":"","overlay-color":"","overlay-opacity":"","overlay-gradient":""},"mobile":{"background-color":"","background-image":"","background-repeat":"repeat","background-position":"center center","background-size":"auto","background-attachment":"scroll","background-type":"","background-media":"","overlay-type":"","overlay-color":"","overlay-opacity":"","overlay-gradient":""}},"ast-content-background-meta":{"desktop":{"background-color":"var(--ast-global-color-5)","background-image":"","background-repeat":"repeat","background-position":"center center","background-size":"auto","background-attachment":"scroll","background-type":"","background-media":"","overlay-type":"","overlay-color":"","overlay-opacity":"","overlay-gradient":""},"tablet":{"background-color":"var(--ast-global-color-5)","background-image":"","background-repeat":"repeat","background-position":"center center","background-size":"auto","background-attachment":"scroll","background-type":"","background-media":"","overlay-type":"","overlay-color":"","overlay-opacity":"","overlay-gradient":""},"mobile":{"background-color":"var(--ast-global-color-5)","background-image":"","background-repeat":"repeat","background-position":"center center","background-size":"auto","background-attachment":"scroll","background-type":"","background-media":"","overlay-type":"","overlay-color":"","overlay-opacity":"","overlay-gradient":""}}},"product_brand":[],"product_cat":[205],"product_tag":[561,562,560],"class_list":{"0":"post-11657","1":"product","2":"type-product","3":"status-publish","4":"has-post-thumbnail","6":"product_cat-kissenkollektion","7":"product_tag-memory-foam-de","8":"product_tag-neck-protect-de","9":"product_tag-baby-pillow-de","10":"desktop-align-left","11":"tablet-align-left","12":"mobile-align-left","13":"ast-product-gallery-layout-horizontal-slider","14":"ast-product-single-variable","15":"ast-product-tabs-layout-horizontal","16":"ast-qv-on-image","18":"first","19":"instock","20":"shipping-taxable","21":"purchasable","22":"product-type-variable"},"aioseo_notices":[],"_links":{"self":[{"href":"https:\/\/www.aimycomfort.com\/store\/de\/wp-json\/wp\/v2\/product\/11657","targetHints":{"allow":["GET"]}}],"collection":[{"href":"https:\/\/www.aimycomfort.com\/store\/de\/wp-json\/wp\/v2\/product"}],"about":[{"href":"https:\/\/www.aimycomfort.com\/store\/de\/wp-json\/wp\/v2\/types\/product"}],"replies":[{"embeddable":true,"href":"https:\/\/www.aimycomfort.com\/store\/de\/wp-json\/wp\/v2\/comments?post=11657"}],"wp:featuredmedia":[{"embeddable":true,"href":"https:\/\/www.aimycomfort.com\/store\/de\/wp-json\/wp\/v2\/media\/11567"}],"wp:attachment":[{"href":"https:\/\/www.aimycomfort.com\/store\/de\/wp-json\/wp\/v2\/media?parent=11657"}],"wp:term":[{"taxonomy":"product_brand","embeddable":true,"href":"https:\/\/www.aimycomfort.com\/store\/de\/wp-json\/wp\/v2\/product_brand?post=11657"},{"taxonomy":"product_cat","embeddable":true,"href":"https:\/\/www.aimycomfort.com\/store\/de\/wp-json\/wp\/v2\/product_cat?post=11657"},{"taxonomy":"product_tag","embeddable":true,"href":"https:\/\/www.aimycomfort.com\/store\/de\/wp-json\/wp\/v2\/product_tag?post=11657"}],"curies":[{"name":"wp","href":"https:\/\/api.w.org\/{rel}","templated":true}]}}