{"id":11098,"date":"2024-10-14T09:33:09","date_gmt":"2024-10-14T09:33:09","guid":{"rendered":"https:\/\/www.aimycomfort.com\/store\/?post_type=product&#038;p=11098"},"modified":"2024-10-25T03:46:14","modified_gmt":"2024-10-25T03:46:14","slug":"atmungsaktives-memory-schaum-komfortkissen-copy","status":"publish","type":"product","link":"https:\/\/www.aimycomfort.com\/store\/de\/produkt\/atmungsaktives-memory-schaum-komfortkissen-copy\/","title":{"rendered":"Atmungsaktives Memory-Schaum-Komfortkissen (Copy)"},"content":{"rendered":"<p>Unser Atmungsaktives Memory-Schaum-Komfortkissen ist nicht nur ein Kissen \u2013 es ist eine Revolution im Sitzkomfort und in der Gesundheit. Ob Sie lange Stunden arbeiten, sich von einer Verletzung erholen oder einfach nur besseren t\u00e4glichen Komfort suchen, dieses Kissen stellt sicher, dass Sie immer unter optimalen Bedingungen sitzen.<\/p>\n<p>Vorteile:<\/p>\n<ul>\n<li>Lindert Schmerzen im unteren R\u00fccken, Stei\u00dfbein und H\u00fcfte<\/li>\n<li>Verbessert die Haltung und reduziert Sitzerm\u00fcdung<\/li>\n<li>Erh\u00f6ht den Komfort bei langen Sitzperioden<\/li>\n<li>Bietet Linderung bei H\u00e4morrhoiden und anderen sitzbedingten Beschwerden<\/li>\n<li>H\u00e4lt Sie mit \u00fcberlegener Atmungsaktivit\u00e4t k\u00fchl<\/li>\n<\/ul>\n<p>Warum unser Atmungsaktives Memory-Schaum-Komfortkissen w\u00e4hlen?<\/p>\n<ol>\n<li>Fortgeschrittene Materialien: Raumfahrttauglicher Memory-Schaum f\u00fcr unvergleichliche Unterst\u00fctzung<\/li>\n<li>Durchdachtes Design: Ergonomische Merkmale basierend auf der Mechanik des menschlichen K\u00f6rpers<\/li>\n<li>Vielseitige Verwendung: Geeignet f\u00fcr verschiedene Gesundheitsbedenken und Komfortbed\u00fcrfnisse<\/li>\n<li>\u00dcberlegene Atmungsaktivit\u00e4t: H\u00e4lt Sie den ganzen Tag k\u00fchl und komfortabel<\/li>\n<\/ol>\n","protected":false},"excerpt":{"rendered":"<p>Atmungsaktives Memory-Schaum-Komfortkissen: Sitzen Sie l\u00e4nger, bleiben Sie k\u00fchler<\/p>\n<p>Erleben Sie den Gipfel des Sitzkomforts mit unserem innovativen Atmungsaktiven Memory-Schaum-Komfortkissen. Entwickelt mit raumfahrttauglicher Technologie und ergonomischen Prinzipien, verwandelt dieses Kissen jeden Sitz in eine Oase des Komforts und der Unterst\u00fctzung, die es Ihnen erm\u00f6glicht, lange Perioden ohne Unbehagen, Schmerzen oder \u00dcberhitzung zu sitzen.<\/p>\n","protected":false},"featured_media":6553,"comment_status":"open","ping_status":"closed","template":"","meta":{"site-sidebar-layout":"default","site-content-layout":"","ast-site-content-layout":"default","site-content-style":"default","site-sidebar-style":"default","ast-global-header-display":"","ast-banner-title-visibility":"","ast-main-header-display":"","ast-hfb-above-header-display":"","ast-hfb-below-header-display":"","ast-hfb-mobile-header-display":"","site-post-title":"","ast-breadcrumbs-content":"","ast-featured-img":"","footer-sml-layout":"","theme-transparent-header-meta":"default","adv-header-id-meta":"","stick-header-meta":"","header-above-stick-meta":"","header-main-stick-meta":"","header-below-stick-meta":"","astra-migrate-meta-layouts":"set","ast-page-background-enabled":"default","ast-page-background-meta":{"desktop":{"background-color":"var(--ast-global-color-4)","background-image":"","background-repeat":"repeat","background-position":"center center","background-size":"auto","background-attachment":"scroll","background-type":"","background-media":"","overlay-type":"","overlay-color":"","overlay-opacity":"","overlay-gradient":""},"tablet":{"background-color":"","background-image":"","background-repeat":"repeat","background-position":"center center","background-size":"auto","background-attachment":"scroll","background-type":"","background-media":"","overlay-type":"","overlay-color":"","overlay-opacity":"","overlay-gradient":""},"mobile":{"background-color":"","background-image":"","background-repeat":"repeat","background-position":"center center","background-size":"auto","background-attachment":"scroll","background-type":"","background-media":"","overlay-type":"","overlay-color":"","overlay-opacity":"","overlay-gradient":""}},"ast-content-background-meta":{"desktop":{"background-color":"var(--ast-global-color-5)","background-image":"","background-repeat":"repeat","background-position":"center center","background-size":"auto","background-attachment":"scroll","background-type":"","background-media":"","overlay-type":"","overlay-color":"","overlay-opacity":"","overlay-gradient":""},"tablet":{"background-color":"var(--ast-global-color-5)","background-image":"","background-repeat":"repeat","background-position":"center center","background-size":"auto","background-attachment":"scroll","background-type":"","background-media":"","overlay-type":"","overlay-color":"","overlay-opacity":"","overlay-gradient":""},"mobile":{"background-color":"var(--ast-global-color-5)","background-image":"","background-repeat":"repeat","background-position":"center center","background-size":"auto","background-attachment":"scroll","background-type":"","background-media":"","overlay-type":"","overlay-color":"","overlay-opacity":"","overlay-gradient":""}}},"product_brand":[],"product_cat":[342],"product_tag":[206,343],"class_list":{"0":"post-11098","1":"product","2":"type-product","3":"status-publish","4":"has-post-thumbnail","6":"product_cat-kissen","7":"product_tag-druckentlastung","8":"product_tag-kissen-de","9":"desktop-align-left","10":"tablet-align-left","11":"mobile-align-left","12":"ast-product-gallery-layout-horizontal-slider","13":"ast-product-single-variable","14":"ast-product-tabs-layout-horizontal","15":"ast-qv-on-image","17":"first","18":"instock","19":"shipping-taxable","20":"purchasable","21":"product-type-variable"},"aioseo_notices":[],"_links":{"self":[{"href":"https:\/\/www.aimycomfort.com\/store\/de\/wp-json\/wp\/v2\/product\/11098","targetHints":{"allow":["GET"]}}],"collection":[{"href":"https:\/\/www.aimycomfort.com\/store\/de\/wp-json\/wp\/v2\/product"}],"about":[{"href":"https:\/\/www.aimycomfort.com\/store\/de\/wp-json\/wp\/v2\/types\/product"}],"replies":[{"embeddable":true,"href":"https:\/\/www.aimycomfort.com\/store\/de\/wp-json\/wp\/v2\/comments?post=11098"}],"wp:featuredmedia":[{"embeddable":true,"href":"https:\/\/www.aimycomfort.com\/store\/de\/wp-json\/wp\/v2\/media\/6553"}],"wp:attachment":[{"href":"https:\/\/www.aimycomfort.com\/store\/de\/wp-json\/wp\/v2\/media?parent=11098"}],"wp:term":[{"taxonomy":"product_brand","embeddable":true,"href":"https:\/\/www.aimycomfort.com\/store\/de\/wp-json\/wp\/v2\/product_brand?post=11098"},{"taxonomy":"product_cat","embeddable":true,"href":"https:\/\/www.aimycomfort.com\/store\/de\/wp-json\/wp\/v2\/product_cat?post=11098"},{"taxonomy":"product_tag","embeddable":true,"href":"https:\/\/www.aimycomfort.com\/store\/de\/wp-json\/wp\/v2\/product_tag?post=11098"}],"curies":[{"name":"wp","href":"https:\/\/api.w.org\/{rel}","templated":true}]}}